{"id":1293,"date":"2024-06-02T19:18:01","date_gmt":"2024-06-02T19:18:01","guid":{"rendered":"https:\/\/linen-vulture-703400.hostingersite.com\/?post_type=product&#038;p=1293"},"modified":"2026-03-08T11:08:29","modified_gmt":"2026-03-08T11:08:29","slug":"gamma-butyrolacton-kaufen","status":"publish","type":"product","link":"https:\/\/gbl-eshop.net\/zh\/product\/gamma-butyrolacton-kaufen\/","title":{"rendered":"\u8d2d\u4e70\u4f3d\u9a6c\u4e01\u5185\u916f"},"content":{"rendered":"<h2>GBL\uff08\u03b3-\u4e01\u5185\u916f\uff09\uff1a\u9002\u7528\u4e8e\u5404\u79cd\u5de5\u4e1a\u5e94\u7528\u7684\u4f18\u8d28\u6eb6\u5242<\/h2>\n<p><strong data-start=\"422\" data-end=\"510\">Gamma-Butyrolacton kaufen (GBL) \u2013 Hochreines L\u00f6sungsmittel f\u00fcr Industrie &amp; Forschung<\/strong><br data-start=\"510\" data-end=\"513\" \/>Gamma-Butyrolacton (GBL) ist ein <strong data-start=\"546\" data-end=\"595\">leistungsstarkes und hochreines L\u00f6sungsmittel<\/strong>, das in Deutschland 2025 besonders gefragt ist. Dank seiner <strong data-start=\"656\" data-end=\"689\">au\u00dfergew\u00f6hnlichen Wirksamkeit<\/strong> findet es breite Anwendung in der <strong data-start=\"724\" data-end=\"796\">chemischen Synthese von Arzneimitteln, Agrochemikalien und Polymeren<\/strong>. Ebenso \u00fcberzeugt GBL als <strong data-start=\"823\" data-end=\"908\">zuverl\u00e4ssiger Bestandteil in Reinigungsmitteln, Farbentfernern und Beschichtungen<\/strong>. Wer <strong data-start=\"914\" data-end=\"943\">\u8d2d\u4e70\u4f3d\u9a6c\u4e01\u5185\u916f<\/strong> m\u00f6chte, erh\u00e4lt eine <strong data-start=\"964\" data-end=\"1088\">vielseitige L\u00f6sung f\u00fcr industrielle Anforderungen \u2013 mit gepr\u00fcfter Qualit\u00e4t, sicherem Versand und attraktiven Konditionen<\/strong>.<\/p>\n<h3>\u4e3a\u4ec0\u4e48\u9009\u62e9 GBL\uff1f<\/h3>\n<p>&#8211;<\/p>\n<ul data-start=\"297\" data-end=\"875\">\n<li data-start=\"297\" data-end=\"497\">\n<p data-start=\"299\" data-end=\"497\"><strong data-start=\"299\" data-end=\"338\">Hervorragende L\u00f6sungseigenschaften:<\/strong> GBL \u00fcberzeugt durch seine F\u00e4higkeit, <strong data-start=\"376\" data-end=\"445\">polare und unpolare Substanzen gleicherma\u00dfen zuverl\u00e4ssig zu l\u00f6sen<\/strong> \u2013 ideal f\u00fcr vielf\u00e4ltige industrielle Anwendungen.<\/p>\n<\/li>\n<li data-start=\"498\" data-end=\"690\">\n<p data-start=\"500\" data-end=\"690\"><strong data-start=\"500\" data-end=\"527\">Zertifizierte Reinheit:<\/strong> \u6211\u4eec\u7684 <strong data-start=\"534\" data-end=\"567\">hochreines Gamma-Butyrolacton<\/strong> wird nach strengsten Industriestandards hergestellt und garantiert <strong data-start=\"635\" data-end=\"687\">maximale Qualit\u00e4t und Konsistenz in jeder Charge<\/strong>.<\/p>\n<\/li>\n<li data-start=\"691\" data-end=\"875\">\n<p data-start=\"693\" data-end=\"875\"><strong data-start=\"693\" data-end=\"721\">Maximale Vielseitigkeit:<\/strong> Ob <strong data-start=\"725\" data-end=\"779\">Pharmaindustrie, Chemie, Reinigung oder Elektronik<\/strong> \u2013 GBL ist ein <strong data-start=\"794\" data-end=\"827\">unverzichtbares L\u00f6sungsmittel<\/strong> f\u00fcr unterschiedlichste industrielle Prozesse.<\/p>\n<\/li>\n<\/ul>\n<p data-start=\"877\" data-end=\"1003\">\ud83d\udc49 Jetzt <strong data-start=\"886\" data-end=\"915\">\u8d2d\u4e70\u4f3d\u9a6c\u4e01\u5185\u916f<\/strong> und von gepr\u00fcfter Qualit\u00e4t, sicherem Versand und attraktiven Konditionen profitieren.<\/p>\n<h3>GBL \u7684\u5e94\u7528<\/h3>\n<p>1 **\u836f\u7269\uff1a** GBL \u662f\u5408\u6210\u591a\u79cd\u836f\u7269\u5316\u5408\u7269\u7684\u91cd\u8981\u4e2d\u95f4\u4f53\uff0c\u6709\u52a9\u4e8e\u836f\u7269\u7684\u9ad8\u6548\u751f\u4ea7\u3002<br \/>\n2 **\u519c\u7528\u5316\u5b66\u54c1\uff1a** \u5728\u751f\u4ea7\u6740\u866b\u5242\u548c\u9664\u8349\u5242\u65b9\u9762\u53d1\u6325\u7740\u91cd\u8981\u4f5c\u7528\uff0c\u5e76\u4e3a\u6709\u6548\u4fdd\u62a4\u4f5c\u7269\u63d0\u4f9b\u53ef\u9760\u7684\u89e3\u51b3\u65b9\u6848\u3002<br \/>\n3 **\u805a\u5408\u7269\u548c\u5851\u6599\uff1a** GBL \u5bf9\u9ad8\u6027\u80fd\u805a\u5408\u7269\u7684\u751f\u4ea7\u81f3\u5173\u91cd\u8981\uff0c\u6709\u52a9\u4e8e\u63d0\u9ad8\u5851\u6599\u4ea7\u54c1\u7684\u8010\u7528\u6027\u548c\u529f\u80fd\u6027\u3002<br \/>\n4. \u6e05\u6d17\u5242\uff1a** GBL \u5177\u6709\u5f88\u5f3a\u7684\u6eb6\u5242\u7279\u6027\uff0c\u56e0\u6b64\u5728\u5de5\u4e1a\u6e05\u6d17\u5242\u4e2d\u975e\u5e38\u6709\u6548\uff0c\u53ef\u786e\u4fdd\u5bf9\u5404\u79cd\u8868\u9762\u8fdb\u884c\u5f7b\u5e95\u6709\u6548\u7684\u6e05\u6d17\u3002<br \/>\n5 **\u9664\u6f06\u5242\u548c\u6d82\u6599\uff1a** GBL \u662f\u9664\u6f06\u5242\u548c\u6d82\u6599\u914d\u65b9\u4e2d\u4e0d\u53ef\u6216\u7f3a\u7684\u6210\u5206\uff0c\u5728\u8868\u9762\u5236\u5907\u548c\u6d82\u9970\u65b9\u9762\u5177\u6709\u51fa\u8272\u7684\u6548\u679c\u3002 <a href=\"https:\/\/gbl-eshop.net\/zh\/product\/gamma-butyrolacton-kaufen\/\">\u8d2d\u4e70\u4f3d\u9a6c\u4e01\u5185\u916f<\/a><\/p>\n<h3>\u8d28\u91cf\u548c\u5b89\u5168<\/h3>\n<p>\u6211\u4eec\u7684 GBL \u662f\u5728\u4e25\u683c\u7684\u8d28\u91cf\u63a7\u5236\u4e0b\u751f\u4ea7\u7684\uff0c\u4ee5\u786e\u4fdd\u5176\u7b26\u5408\u6240\u6709\u76d1\u7ba1\u6807\u51c6\u3002\u6211\u4eec\u975e\u5e38\u91cd\u89c6\u5b89\u5168\u6027\u548c\u5408\u89c4\u6027\uff0c\u63d0\u4f9b\u8be6\u7ec6\u7684\u5b89\u5168\u6570\u636e\u8868\uff08SDS\uff09\u548c\u9002\u5f53\u7684\u6807\u7b7e\uff0c\u4ee5\u786e\u4fdd\u5b89\u5168\u5904\u7406\u548c\u4f7f\u7528\u3002\u6211\u4eec\u5bf9\u8d28\u91cf\u7684\u627f\u8bfa\u53ef\u786e\u4fdd\u60a8\u6536\u5230\u7684\u4ea7\u54c1\u6ee1\u8db3\u60a8\u7684\u6700\u9ad8\u671f\u671b\u3002\u8d2d\u4e70\u4f3d\u9a6c\u4e01\u5185\u916f<\/p>\n<h3>\u4ece\u6211\u4eec\u8fd9\u91cc\u8d2d\u4e70 GBL \u7684\u4f18\u52bf (<span class=\"___SText_lyret-ko_\" data-ui-name=\"Link.Text\">\u8d2d\u4e70\u4f3d\u9a6c\u4e01\u5185\u916f\uff09<\/span><\/h3>\n<p>- \u5177\u6709\u7ade\u4e89\u529b\u7684\u4ef7\u683c\uff1a** \u6211\u4eec\u4ee5\u5177\u6709\u7ade\u4e89\u529b\u7684\u4ef7\u683c\u63d0\u4f9b GBL\uff0c\u540c\u65f6\u4e0d\u964d\u4f4e\u8d28\u91cf\uff0c\u8ba9\u60a8\u83b7\u5f97\u6700\u9ad8\u6027\u4ef7\u6bd4\u3002<br \/>\n- \u53ef\u9760\u7684\u4f9b\u5e94\u94fe\uff1a** \u6211\u4eec\u5f3a\u5927\u7684\u4f9b\u5e94\u94fe\u53ef\u786e\u4fdd\u53ca\u65f6\u4ea4\u4ed8\u548c\u7a33\u5b9a\u4f9b\u5e94 GBL\uff0c\u4ece\u800c\u6700\u5927\u9650\u5ea6\u5730\u51cf\u5c11\u60a8\u7684\u8fd0\u8425\u505c\u673a\u65f6\u95f4\u3002<br \/>\n- \u4e13\u5bb6\u652f\u6301\uff1a** \u6211\u4eec\u7ecf\u9a8c\u4e30\u5bcc\u7684\u56e2\u961f\u968f\u65f6\u51c6\u5907\u4e3a\u60a8\u63d0\u4f9b\u6280\u672f\u652f\u6301\uff0c\u56de\u7b54\u60a8\u5173\u4e8e GBL \u7684\u4efb\u4f55\u95ee\u9898\uff0c\u5e2e\u52a9\u60a8\u5145\u5206\u5229\u7528\u6211\u4eec\u7684\u4ea7\u54c1\u3002<\/p>\n<h3>\u6539\u8fdb\u5de5\u4e1a\u6d41\u7a0b<\/h3>\n<p>\u5bf9\u6211\u4eec\u9ad8\u8d28\u91cf\u7684\u6295\u8d44 <a href=\"https:\/\/en.wikipedia.org\/wiki\/Gamma-Butyrolactone\" target=\"_blank\" rel=\"noopener\">GBL<\/a> \u53ef\u4ee5\u5927\u5927\u63d0\u9ad8\u60a8\u7684\u5de5\u4e1a\u6d41\u7a0b\u7684\u6548\u7387\u548c\u6548\u76ca\u3002\u65e0\u8bba\u60a8\u4ece\u4e8b\u7684\u662f\u5236\u836f\u4e1a\u3001\u519c\u4e1a\u3001\u7535\u5b50\u4e1a\u8fd8\u662f\u5176\u4ed6\u884c\u4e1a\uff0c\u6211\u4eec\u7684 GBL \u90fd\u80fd\u4e3a\u60a8\u63d0\u4f9b\u6210\u529f\u6240\u9700\u7684\u53ef\u9760\u6027\u548c\u6027\u80fd\u3002<\/p>\n<h3>\u00a0\u8054\u7cfb\u6211\u4eec<\/h3>\n<p>\u4f7f\u7528\u6211\u4eec\u7684\u4f18\u8d28\u6eb6\u5242\u63d0\u9ad8\u60a8\u7684\u5de5\u4e1a\u80fd\u529b\u3002\u73b0\u5728\u5c31\u8054\u7cfb\u6211\u4eec\uff0c\u8fdb\u4e00\u6b65\u4e86\u89e3\u6211\u4eec\u63d0\u4f9b\u7684\u4ea7\u54c1\uff0c\u4e86\u89e3 GBL \u5982\u4f55\u4e3a\u60a8\u7684\u8fd0\u8425\u5e26\u6765\u76ca\u5904\u3002\u6211\u4eec\u7684 GBL \u53ef\u4e3a\u5404\u79cd\u5de5\u4e1a\u5e94\u7528\u63d0\u4f9b\u5353\u8d8a\u7684\u6027\u80fd\u3001\u7a33\u5b9a\u7684\u8d28\u91cf\u548c\u65e0\u4e0e\u4f26\u6bd4\u7684\u53ef\u9760\u6027\u3002\u8d2d\u4e70\u03b3-\u4e01\u5185\u916f<\/p>\n<p>\u9009\u62e9\u6211\u4eec\u7684 GBL\uff0c\u60a8\u5c31\u7b49\u4e8e\u5bf9\u4ea7\u54c1\u8fdb\u884c\u4e86\u6218\u7565\u6027\u6295\u8d44\uff0c\u8be5\u4ea7\u54c1\u53ef\u652f\u6301\u8d35\u516c\u53f8\u5728\u5404\u884c\u5404\u4e1a\u7684\u53d1\u5c55\u548c\u5353\u8d8a\u8fd0\u8425\u3002\u8d2d\u4e70\u03b3-\u4e01\u5185\u916f<\/p>\n<p>\u8d2d\u4e70<b><em>\u03b3-\u4e01\u5185\u916f<\/em><\/b> (<b><em>GBL<\/em><\/b>) 1.0 \u6beb\u514b\/\u6beb\u5347\u7684\u4e59\u8148\u53c2\u8003\u6807\u51c6\uff0c\u6765\u81ea\u300a\u4f3d\u9a6c--\u7f9f\u4e01\u9178\u53ca\u76f8\u5173\u5316\u5408\u7269\u53c2\u8003\u6750\u6599\u300b\u3002<\/p>\n<p>\u8d2d\u4e70 gbl\u3002\u6b22\u8fce\u6765\u5230 <b><em>GBL E <\/em><\/b>\u9996\u5148\u8d2d\u4e70 99.99% <b><em>\u8d2d\u4e70 GBL<\/em><\/b> \u6765\u81ea Gamma Butyrolactone \u7684 legal \u4ece\u5fb7\u56fd\u53d1\u8d27\u3002 <b><em>\u8d2d\u4e70 GBL<\/em><\/b> \u5fb7\u56fd<\/p>\n<p>\u6211\u4eec\u662f\u4ee5\u4e0b\u4ea7\u54c1\u7684\u8ba4\u8bc1\u4f9b\u5e94\u5546 <b><em>GBL \u4ea7\u54c1<\/em><\/b> \u7528\u4e8e\u6e05\u6d01\u548c\u8131\u8102\u7b49\u5de5\u4e1a\u5e94\u7528\u3002\u6211\u4eec\u7684\u6bcf\u4e00\u6279 <b><em>GBL<\/em><\/b> \u6839\u636e\u884c\u4e1a\u6807\u51c6\u8fdb\u884c\u6d4b\u8bd5<\/p>","protected":false},"excerpt":{"rendered":"<p>\u03b3-\u4e01\u5185\u916f\uff08GBL\uff09\u662f\u4e00\u79cd\u7528\u9014\u5e7f\u6cdb\u7684\u9ad8\u7eaf\u5ea6\u6eb6\u5242\uff0c\u662f\u5de5\u4e1a\u5e94\u7528\u3001\u6e05\u6d01\u5242\u548c\u5316\u5b66\u5408\u6210\u7684\u7406\u60f3\u9009\u62e9\u3002\u8d28\u91cf\u4e0a\u4e58\uff0c\u4ea4\u8d27\u5b89\u5168\u3002<\/p>","protected":false},"featured_media":1294,"comment_status":"open","ping_status":"closed","template":"","meta":{"ocean_post_layout":"","ocean_both_sidebars_style":"","ocean_both_sidebars_content_width":0,"ocean_both_sidebars_sidebars_width":0,"ocean_sidebar":"0","ocean_second_sidebar":"0","ocean_disable_margins":"enable","ocean_add_body_class":"","ocean_shortcode_before_top_bar":"","ocean_shortcode_after_top_bar":"","ocean_shortcode_before_header":"","ocean_shortcode_after_header":"","ocean_has_shortcode":"","ocean_shortcode_after_title":"","ocean_shortcode_before_footer_widgets":"","ocean_shortcode_after_footer_widgets":"","ocean_shortcode_before_footer_bottom":"","ocean_shortcode_after_footer_bottom":"","ocean_display_top_bar":"default","ocean_display_header":"default","ocean_header_style":"","ocean_center_header_left_menu":"0","ocean_custom_header_template":"0","ocean_custom_logo":0,"ocean_custom_retina_logo":0,"ocean_custom_logo_max_width":0,"ocean_custom_logo_tablet_max_width":0,"ocean_custom_logo_mobile_max_width":0,"ocean_custom_logo_max_height":0,"ocean_custom_logo_tablet_max_height":0,"ocean_custom_logo_mobile_max_height":0,"ocean_header_custom_menu":"0","ocean_menu_typo_font_family":"0","ocean_menu_typo_font_subset":"","ocean_menu_typo_font_size":0,"ocean_menu_typo_font_size_tablet":0,"ocean_menu_typo_font_size_mobile":0,"ocean_menu_typo_font_size_unit":"px","ocean_menu_typo_font_weight":"","ocean_menu_typo_font_weight_tablet":"","ocean_menu_typo_font_weight_mobile":"","ocean_menu_typo_transform":"","ocean_menu_typo_transform_tablet":"","ocean_menu_typo_transform_mobile":"","ocean_menu_typo_line_height":0,"ocean_menu_typo_line_height_tablet":0,"ocean_menu_typo_line_height_mobile":0,"ocean_menu_typo_line_height_unit":"","ocean_menu_typo_spacing":0,"ocean_menu_typo_spacing_tablet":0,"ocean_menu_typo_spacing_mobile":0,"ocean_menu_typo_spacing_unit":"","ocean_menu_link_color":"","ocean_menu_link_color_hover":"","ocean_menu_link_color_active":"","ocean_menu_link_background":"","ocean_menu_link_hover_background":"","ocean_menu_link_active_background":"","ocean_menu_social_links_bg":"","ocean_menu_social_hover_links_bg":"","ocean_menu_social_links_color":"","ocean_menu_social_hover_links_color":"","ocean_disable_title":"default","ocean_disable_heading":"default","ocean_post_title":"","ocean_post_subheading":"","ocean_post_title_style":"","ocean_post_title_background_color":"","ocean_post_title_background":0,"ocean_post_title_bg_image_position":"","ocean_post_title_bg_image_attachment":"","ocean_post_title_bg_image_repeat":"","ocean_post_title_bg_image_size":"","ocean_post_title_height":0,"ocean_post_title_bg_overlay":0.5,"ocean_post_title_bg_overlay_color":"","ocean_disable_breadcrumbs":"default","ocean_breadcrumbs_color":"","ocean_breadcrumbs_separator_color":"","ocean_breadcrumbs_links_color":"","ocean_breadcrumbs_links_hover_color":"","ocean_display_footer_widgets":"default","ocean_display_footer_bottom":"default","ocean_custom_footer_template":"0"},"product_brand":[],"product_cat":[62],"product_tag":[65,216,77,78],"class_list":{"0":"post-1293","1":"product","2":"type-product","3":"status-publish","4":"has-post-thumbnail","6":"product_cat-gblgamma-butyrolactone","7":"product_tag-gamma-butyrolacton-kaufen","8":"product_tag-gamma-butyrolacton-kaufen-2025","9":"product_tag-gamma-butyrolacton-reiniger","10":"product_tag-gbl-gamma-butyrolactone-99-99-reiniger-losungsmittel","12":"entry","13":"has-media","15":"first","16":"instock","17":"sale","18":"featured","19":"shipping-taxable","20":"purchasable","21":"product-type-variable","22":"has-rating","23":"has-product-nav","24":"col","25":"span_1_of_3","26":"owp-content-center","27":"owp-thumbs-layout-horizontal","28":"owp-btn-normal","29":"owp-tabs-layout-horizontal"},"jetpack_sharing_enabled":true,"_links":{"self":[{"href":"https:\/\/gbl-eshop.net\/zh\/wp-json\/wp\/v2\/product\/1293","targetHints":{"allow":["GET"]}}],"collection":[{"href":"https:\/\/gbl-eshop.net\/zh\/wp-json\/wp\/v2\/product"}],"about":[{"href":"https:\/\/gbl-eshop.net\/zh\/wp-json\/wp\/v2\/types\/product"}],"replies":[{"embeddable":true,"href":"https:\/\/gbl-eshop.net\/zh\/wp-json\/wp\/v2\/comments?post=1293"}],"wp:featuredmedia":[{"embeddable":true,"href":"https:\/\/gbl-eshop.net\/zh\/wp-json\/wp\/v2\/media\/1294"}],"wp:attachment":[{"href":"https:\/\/gbl-eshop.net\/zh\/wp-json\/wp\/v2\/media?parent=1293"}],"wp:term":[{"taxonomy":"product_brand","embeddable":true,"href":"https:\/\/gbl-eshop.net\/zh\/wp-json\/wp\/v2\/product_brand?post=1293"},{"taxonomy":"product_cat","embeddable":true,"href":"https:\/\/gbl-eshop.net\/zh\/wp-json\/wp\/v2\/product_cat?post=1293"},{"taxonomy":"product_tag","embeddable":true,"href":"https:\/\/gbl-eshop.net\/zh\/wp-json\/wp\/v2\/product_tag?post=1293"}],"curies":[{"name":"wp","href":"https:\/\/api.w.org\/{rel}","templated":true}]}}