{"id":2771,"date":"2026-01-29T09:46:17","date_gmt":"2026-01-29T09:46:17","guid":{"rendered":"https:\/\/gbl-eshop.net\/?page_id=2771"},"modified":"2026-01-29T09:46:21","modified_gmt":"2026-01-29T09:46:21","slug":"haftungsausschluss","status":"publish","type":"page","link":"https:\/\/gbl-eshop.net\/zh\/haftungsausschluss\/","title":{"rendered":"Haftungsausschluss"},"content":{"rendered":"<p>Die Informationen auf <strong>GBL Eshop<\/strong> (erreichbar unter <a rel=\"noreferrer noopener\" target=\"_blank\" href=\"https:\/\/gbl-eshop.net\/zh\/\">https:\/\/gbl-eshop.net\/<\/a>) dienen nur allgemeinen Informationszwecken. Durch die Nutzung dieser Website stimmen Sie diesem Haftungsausschluss vollst\u00e4ndig zu. Wenn Sie mit einem Teil dieses Haftungsausschlusses nicht einverstanden sind, d\u00fcrfen Sie unsere Website nicht nutzen.<\/p>\n\n\n\n<div id=\"ez-toc-container\" class=\"ez-toc-v2_0_82_2 counter-hierarchy ez-toc-counter ez-toc-grey ez-toc-container-direction\">\n<div class=\"ez-toc-title-container\">\n<p class=\"ez-toc-title\" style=\"cursor:inherit\">\u76ee\u5f55<\/p>\n<span class=\"ez-toc-title-toggle\"><a href=\"#\" class=\"ez-toc-pull-right ez-toc-btn ez-toc-btn-xs ez-toc-btn-default ez-toc-toggle\" aria-label=\"\u5207\u6362\u76ee\u5f55\"><span class=\"ez-toc-js-icon-con\"><span class=\"\"><span class=\"eztoc-hide\" style=\"display:none;\">\u5207\u6362<\/span><span class=\"ez-toc-icon-toggle-span\"><svg style=\"fill: #999;color:#999\" xmlns=\"http:\/\/www.w3.org\/2000\/svg\" class=\"list-377408\" width=\"20px\" height=\"20px\" viewbox=\"0 0 24 24\" fill=\"none\"><path d=\"M6 6H4v2h2V6zm14 0H8v2h12V6zM4 11h2v2H4v-2zm16 0H8v2h12v-2zM4 16h2v2H4v-2zm16 0H8v2h12v-2z\" fill=\"currentColor\"><\/path><\/svg><svg style=\"fill: #999;color:#999\" class=\"arrow-unsorted-368013\" xmlns=\"http:\/\/www.w3.org\/2000\/svg\" width=\"10px\" height=\"10px\" viewbox=\"0 0 24 24\" version=\"1.2\" baseprofile=\"tiny\"><path d=\"M18.2 9.3l-6.2-6.3-6.2 6.3c-.2.2-.3.4-.3.7s.1.5.3.7c.2.2.4.3.7.3h11c.3 0 .5-.1.7-.3.2-.2.3-.5.3-.7s-.1-.5-.3-.7zM5.8 14.7l6.2 6.3 6.2-6.3c.2-.2.3-.5.3-.7s-.1-.5-.3-.7c-.2-.2-.4-.3-.7-.3h-11c-.3 0-.5.1-.7.3-.2.2-.3.5-.3.7s.1.5.3.7z\"\/><\/svg><\/span><\/span><\/span><\/a><\/span><\/div>\n<nav><ul class='ez-toc-list ez-toc-list-level-1' ><li class='ez-toc-page-1 ez-toc-heading-level-3'><a class=\"ez-toc-link ez-toc-heading-1\" href=\"https:\/\/gbl-eshop.net\/zh\/haftungsausschluss\/#Allgemeiner_Haftungsausschluss\" >Allgemeiner Haftungsausschluss<\/a><\/li><li class='ez-toc-page-1 ez-toc-heading-level-3'><a class=\"ez-toc-link ez-toc-heading-2\" href=\"https:\/\/gbl-eshop.net\/zh\/haftungsausschluss\/#Haftungsausschluss_fur_professionelle_Beratung\" >Haftungsausschluss f\u00fcr professionelle Beratung<\/a><\/li><li class='ez-toc-page-1 ez-toc-heading-level-3'><a class=\"ez-toc-link ez-toc-heading-3\" href=\"https:\/\/gbl-eshop.net\/zh\/haftungsausschluss\/#Haftungsausschluss_fur_externe_Links\" >Haftungsausschluss f\u00fcr externe Links<\/a><\/li><li class='ez-toc-page-1 ez-toc-heading-level-3'><a class=\"ez-toc-link ez-toc-heading-4\" href=\"https:\/\/gbl-eshop.net\/zh\/haftungsausschluss\/#Fehler_und_Auslassungen\" >Fehler und Auslassungen<\/a><\/li><li class='ez-toc-page-1 ez-toc-heading-level-3'><a class=\"ez-toc-link ez-toc-heading-5\" href=\"https:\/\/gbl-eshop.net\/zh\/haftungsausschluss\/#Fair_Use_Haftungsausschluss\" >Fair Use Haftungsausschluss<\/a><\/li><li class='ez-toc-page-1 ez-toc-heading-level-3'><a class=\"ez-toc-link ez-toc-heading-6\" href=\"https:\/\/gbl-eshop.net\/zh\/haftungsausschluss\/#Haftungsausschluss_fur_EinnahmenErgebnisse\" >Haftungsausschluss f\u00fcr Einnahmen\/Ergebnisse<\/a><\/li><li class='ez-toc-page-1 ez-toc-heading-level-3'><a class=\"ez-toc-link ez-toc-heading-7\" href=\"https:\/\/gbl-eshop.net\/zh\/haftungsausschluss\/#Produkt-Dienstleistungs-Haftungsausschluss\" >Produkt-\/Dienstleistungs-Haftungsausschluss<\/a><\/li><li class='ez-toc-page-1 ez-toc-heading-level-3'><a class=\"ez-toc-link ez-toc-heading-8\" href=\"https:\/\/gbl-eshop.net\/zh\/haftungsausschluss\/#Haftungsbeschrankung\" >Haftungsbeschr\u00e4nkung<\/a><\/li><li class='ez-toc-page-1 ez-toc-heading-level-3'><a class=\"ez-toc-link ez-toc-heading-9\" href=\"https:\/\/gbl-eshop.net\/zh\/haftungsausschluss\/#Kontaktieren_Sie_uns\" >\u8054\u7cfb\u6211\u4eec<\/a><\/li><\/ul><\/nav><\/div>\n<h3 class=\"wp-block-heading\"><span class=\"ez-toc-section\" id=\"Allgemeiner_Haftungsausschluss\"><\/span>Allgemeiner Haftungsausschluss<span class=\"ez-toc-section-end\"><\/span><\/h3>\n\n\n\n<p>Die Inhalte auf dieser Website, einschlie\u00dflich Produktbeschreibungen, Preisen und Verf\u00fcgbarkeiten, werden regelm\u00e4\u00dfig aktualisiert; jedoch geben wir keine Gew\u00e4hrleistungen oder Zusicherungen hinsichtlich der Genauigkeit, Zuverl\u00e4ssigkeit oder Vollst\u00e4ndigkeit der bereitgestellten Informationen. <strong>GBL Eshop<\/strong> haftet nicht f\u00fcr Fehler oder Auslassungen in den Informationen oder f\u00fcr Verluste, Verletzungen oder Sch\u00e4den, die aus deren Anzeige oder Nutzung entstehen.<\/p>\n\n\n\n<h3 class=\"wp-block-heading\"><span class=\"ez-toc-section\" id=\"Haftungsausschluss_fur_professionelle_Beratung\"><\/span>Haftungsausschluss f\u00fcr professionelle Beratung<span class=\"ez-toc-section-end\"><\/span><\/h3>\n\n\n\n<p>Die Inhalte auf unserer Website k\u00f6nnen Informationen zu rechtlichen, medizinischen oder finanziellen Themen enthalten. Allerdings sind alle solchen Inhalte nur zu Informationszwecken gedacht und stellen keine professionelle Beratung dar. Sie sollten bei spezifischen Fragen oder Bedenken professionelle Beratung einholen, bevor Sie auf Informationen auf dieser Website reagieren. Die Verl\u00e4sslichkeit auf Informationen erfolgt ausschlie\u00dflich auf Ihr eigenes Risiko.<\/p>\n\n\n\n<h3 class=\"wp-block-heading\"><span class=\"ez-toc-section\" id=\"Haftungsausschluss_fur_externe_Links\"><\/span>Haftungsausschluss f\u00fcr externe Links<span class=\"ez-toc-section-end\"><\/span><\/h3>\n\n\n\n<p>Unsere Website kann Links zu Drittanbieter-Websites enthalten, die nicht im Besitz von <strong>GBL Eshop<\/strong> sind und nicht von uns kontrolliert werden. Wir haben keine Kontrolle \u00fcber, und \u00fcbernehmen keine Verantwortung f\u00fcr, die Inhalte, Datenschutzrichtlinien oder Praktiken von Drittanbieter-Websites. Wir empfehlen, die Nutzungsbedingungen und Datenschutzrichtlinien der von Ihnen besuchten Drittanbieter-Websites zu \u00fcberpr\u00fcfen.<\/p>\n\n\n\n<h3 class=\"wp-block-heading\"><span class=\"ez-toc-section\" id=\"Fehler_und_Auslassungen\"><\/span>Fehler und Auslassungen<span class=\"ez-toc-section-end\"><\/span><\/h3>\n\n\n\n<p>W\u00e4hrend wir uns bem\u00fchen, aktuelle und genaue Informationen bereitzustellen, erkennen wir an, dass Fehler oder Auslassungen auftreten k\u00f6nnen. Wir behalten uns das Recht vor, Ungenauigkeiten jederzeit ohne vorherige Ank\u00fcndigung zu korrigieren.<\/p>\n\n\n\n<h3 class=\"wp-block-heading\"><span class=\"ez-toc-section\" id=\"Fair_Use_Haftungsausschluss\"><\/span>Fair Use Haftungsausschluss<span class=\"ez-toc-section-end\"><\/span><\/h3>\n\n\n\n<p>Etwaige urheberrechtlich gesch\u00fctzte Materialien, die auf dieser Seite erscheinen, werden im Einklang mit dem Fair Use verwendet. Wenn Sie glauben, dass wir Ihr urheberrechtlich gesch\u00fctztes Werk unbeaufsichtigt nutzen, kontaktieren Sie uns bitte.<\/p>\n\n\n\n<h3 class=\"wp-block-heading\"><span class=\"ez-toc-section\" id=\"Haftungsausschluss_fur_EinnahmenErgebnisse\"><\/span>Haftungsausschluss f\u00fcr Einnahmen\/Ergebnisse<span class=\"ez-toc-section-end\"><\/span><\/h3>\n\n\n\n<p>Jede auf unserer Website angegebene Einnahme oder jedes Ergebnis ist nicht garantiert und kann erheblich von Nutzer zu Nutzer variieren. Die erreichten Ergebnisse h\u00e4ngen von verschiedenen Faktoren ab, einschlie\u00dflich pers\u00f6nlicher Anstrengung, F\u00e4higkeiten und Marktbedingungen.<\/p>\n\n\n\n<h3 class=\"wp-block-heading\"><span class=\"ez-toc-section\" id=\"Produkt-Dienstleistungs-Haftungsausschluss\"><\/span>Produkt-\/Dienstleistungs-Haftungsausschluss<span class=\"ez-toc-section-end\"><\/span><\/h3>\n\n\n\n<p>Die von <strong>GBL Eshop<\/strong> angebotenen Produkte und Dienstleistungen werden &#8220;wie sie sind&#8221; ohne jegliche Gew\u00e4hrleistungen, weder ausdr\u00fccklich noch stillschweigend, bereitgestellt. Wir garantieren nicht, dass unsere Produkte Ihre Erwartungen erf\u00fcllen oder dass sie jederzeit verf\u00fcgbar sind.<\/p>\n\n\n\n<h3 class=\"wp-block-heading\"><span class=\"ez-toc-section\" id=\"Haftungsbeschrankung\"><\/span>Haftungsbeschr\u00e4nkung<span class=\"ez-toc-section-end\"><\/span><\/h3>\n\n\n\n<p>Im maximal gesetzlich zul\u00e4ssigen Umfang haftet <strong>GBL Eshop<\/strong> nicht f\u00fcr direkte, indirekte, beil\u00e4ufige, spezielle, Folgesch\u00e4den oder Strafsch\u00e4den, die aus der Nutzung oder der Unf\u00e4higkeit zur Nutzung unserer Website oder der darin enthaltenen Inhalte entstehen. Diese Einschr\u00e4nkung gilt f\u00fcr alle Anspr\u00fcche, einschlie\u00dflich solcher, die aus Fehlern, Auslassungen, Unterbrechungen oder Verz\u00f6gerungen bei der \u00dcbertragung resultieren.<\/p>\n\n\n\n<h3 class=\"wp-block-heading\"><span class=\"ez-toc-section\" id=\"Kontaktieren_Sie_uns\"><\/span>\u8054\u7cfb\u6211\u4eec<span class=\"ez-toc-section-end\"><\/span><\/h3>\n\n\n\n<p>Wenn Sie Fragen zu diesem Haftungsausschluss oder zu anderen Angelegenheiten im Zusammenhang mit unserer Website haben, kontaktieren Sie uns bitte unter <a rel=\"noreferrer noopener\" target=\"_blank\" href=\"mailto:gbleshop@protonmail.com\">gbleshop@protonmail.com<\/a>.<\/p>","protected":false},"excerpt":{"rendered":"<p>Die Informationen auf GBL Eshop (erreichbar unter https:\/\/gbl-eshop.net\/) dienen nur allgemeinen Informationszwecken. Durch die Nutzung dieser Website stimmen Sie diesem Haftungsausschluss vollst\u00e4ndig zu. Wenn Sie mit einem Teil dieses Haftungsausschlusses nicht einverstanden sind, d\u00fcrfen Sie unsere Website nicht nutzen. Allgemeiner Haftungsausschluss Die Inhalte auf dieser Website, einschlie\u00dflich Produktbeschreibungen, Preisen und Verf\u00fcgbarkeiten, werden regelm\u00e4\u00dfig aktualisiert; jedoch [&hellip;]<\/p>\n","protected":false},"author":1,"featured_media":0,"parent":0,"menu_order":0,"comment_status":"closed","ping_status":"closed","template":"","meta":{"ocean_post_layout":"","ocean_both_sidebars_style":"","ocean_both_sidebars_content_width":0,"ocean_both_sidebars_sidebars_width":0,"ocean_sidebar":"","ocean_second_sidebar":"","ocean_disable_margins":"enable","ocean_add_body_class":"","ocean_shortcode_before_top_bar":"","ocean_shortcode_after_top_bar":"","ocean_shortcode_before_header":"","ocean_shortcode_after_header":"","ocean_has_shortcode":"","ocean_shortcode_after_title":"","ocean_shortcode_before_footer_widgets":"","ocean_shortcode_after_footer_widgets":"","ocean_shortcode_before_footer_bottom":"","ocean_shortcode_after_footer_bottom":"","ocean_display_top_bar":"default","ocean_display_header":"default","ocean_header_style":"","ocean_center_header_left_menu":"","ocean_custom_header_template":"","ocean_custom_logo":0,"ocean_custom_retina_logo":0,"ocean_custom_logo_max_width":0,"ocean_custom_logo_tablet_max_width":0,"ocean_custom_logo_mobile_max_width":0,"ocean_custom_logo_max_height":0,"ocean_custom_logo_tablet_max_height":0,"ocean_custom_logo_mobile_max_height":0,"ocean_header_custom_menu":"","ocean_menu_typo_font_family":"","ocean_menu_typo_font_subset":"","ocean_menu_typo_font_size":0,"ocean_menu_typo_font_size_tablet":0,"ocean_menu_typo_font_size_mobile":0,"ocean_menu_typo_font_size_unit":"px","ocean_menu_typo_font_weight":"","ocean_menu_typo_font_weight_tablet":"","ocean_menu_typo_font_weight_mobile":"","ocean_menu_typo_transform":"","ocean_menu_typo_transform_tablet":"","ocean_menu_typo_transform_mobile":"","ocean_menu_typo_line_height":0,"ocean_menu_typo_line_height_tablet":0,"ocean_menu_typo_line_height_mobile":0,"ocean_menu_typo_line_height_unit":"","ocean_menu_typo_spacing":0,"ocean_menu_typo_spacing_tablet":0,"ocean_menu_typo_spacing_mobile":0,"ocean_menu_typo_spacing_unit":"","ocean_menu_link_color":"","ocean_menu_link_color_hover":"","ocean_menu_link_color_active":"","ocean_menu_link_background":"","ocean_menu_link_hover_background":"","ocean_menu_link_active_background":"","ocean_menu_social_links_bg":"","ocean_menu_social_hover_links_bg":"","ocean_menu_social_links_color":"","ocean_menu_social_hover_links_color":"","ocean_disable_title":"default","ocean_disable_heading":"default","ocean_post_title":"","ocean_post_subheading":"","ocean_post_title_style":"","ocean_post_title_background_color":"","ocean_post_title_background":0,"ocean_post_title_bg_image_position":"","ocean_post_title_bg_image_attachment":"","ocean_post_title_bg_image_repeat":"","ocean_post_title_bg_image_size":"","ocean_post_title_height":0,"ocean_post_title_bg_overlay":0.5,"ocean_post_title_bg_overlay_color":"","ocean_disable_breadcrumbs":"default","ocean_breadcrumbs_color":"","ocean_breadcrumbs_separator_color":"","ocean_breadcrumbs_links_color":"","ocean_breadcrumbs_links_hover_color":"","ocean_display_footer_widgets":"default","ocean_display_footer_bottom":"default","ocean_custom_footer_template":"","footnotes":""},"class_list":["post-2771","page","type-page","status-publish","hentry","entry","owp-thumbs-layout-horizontal","owp-btn-normal","owp-tabs-layout-horizontal","has-no-thumbnails","has-product-nav"],"jetpack_sharing_enabled":true,"_links":{"self":[{"href":"https:\/\/gbl-eshop.net\/zh\/wp-json\/wp\/v2\/pages\/2771","targetHints":{"allow":["GET"]}}],"collection":[{"href":"https:\/\/gbl-eshop.net\/zh\/wp-json\/wp\/v2\/pages"}],"about":[{"href":"https:\/\/gbl-eshop.net\/zh\/wp-json\/wp\/v2\/types\/page"}],"author":[{"embeddable":true,"href":"https:\/\/gbl-eshop.net\/zh\/wp-json\/wp\/v2\/users\/1"}],"replies":[{"embeddable":true,"href":"https:\/\/gbl-eshop.net\/zh\/wp-json\/wp\/v2\/comments?post=2771"}],"version-history":[{"count":1,"href":"https:\/\/gbl-eshop.net\/zh\/wp-json\/wp\/v2\/pages\/2771\/revisions"}],"predecessor-version":[{"id":2772,"href":"https:\/\/gbl-eshop.net\/zh\/wp-json\/wp\/v2\/pages\/2771\/revisions\/2772"}],"wp:attachment":[{"href":"https:\/\/gbl-eshop.net\/zh\/wp-json\/wp\/v2\/media?parent=2771"}],"curies":[{"name":"wp","href":"https:\/\/api.w.org\/{rel}","templated":true}]}}