{"id":1272,"date":"2024-06-02T16:00:11","date_gmt":"2024-06-02T16:00:11","guid":{"rendered":"https:\/\/linen-vulture-703400.hostingersite.com\/?page_id=1272"},"modified":"2024-06-02T16:00:12","modified_gmt":"2024-06-02T16:00:12","slug":"faqs","status":"publish","type":"page","link":"https:\/\/gbl-eshop.net\/zh\/faqs\/","title":{"rendered":"\u5e38\u89c1\u95ee\u9898"},"content":{"rendered":"<div id=\"ez-toc-container\" class=\"ez-toc-v2_0_82_2 counter-hierarchy ez-toc-counter ez-toc-grey ez-toc-container-direction\">\n<div class=\"ez-toc-title-container\">\n<p class=\"ez-toc-title\" style=\"cursor:inherit\">\u76ee\u5f55<\/p>\n<span class=\"ez-toc-title-toggle\"><a href=\"#\" class=\"ez-toc-pull-right ez-toc-btn ez-toc-btn-xs ez-toc-btn-default ez-toc-toggle\" aria-label=\"\u5207\u6362\u76ee\u5f55\"><span class=\"ez-toc-js-icon-con\"><span class=\"\"><span class=\"eztoc-hide\" style=\"display:none;\">\u5207\u6362<\/span><span class=\"ez-toc-icon-toggle-span\"><svg style=\"fill: #999;color:#999\" xmlns=\"http:\/\/www.w3.org\/2000\/svg\" class=\"list-377408\" width=\"20px\" height=\"20px\" viewbox=\"0 0 24 24\" fill=\"none\"><path d=\"M6 6H4v2h2V6zm14 0H8v2h12V6zM4 11h2v2H4v-2zm16 0H8v2h12v-2zM4 16h2v2H4v-2zm16 0H8v2h12v-2z\" fill=\"currentColor\"><\/path><\/svg><svg style=\"fill: #999;color:#999\" class=\"arrow-unsorted-368013\" xmlns=\"http:\/\/www.w3.org\/2000\/svg\" width=\"10px\" height=\"10px\" viewbox=\"0 0 24 24\" version=\"1.2\" baseprofile=\"tiny\"><path d=\"M18.2 9.3l-6.2-6.3-6.2 6.3c-.2.2-.3.4-.3.7s.1.5.3.7c.2.2.4.3.7.3h11c.3 0 .5-.1.7-.3.2-.2.3-.5.3-.7s-.1-.5-.3-.7zM5.8 14.7l6.2 6.3 6.2-6.3c.2-.2.3-.5.3-.7s-.1-.5-.3-.7c-.2-.2-.4-.3-.7-.3h-11c-.3 0-.5.1-.7.3-.2.2-.3.5-.3.7s.1.5.3.7z\"\/><\/svg><\/span><\/span><\/span><\/a><\/span><\/div>\n<nav><ul class='ez-toc-list ez-toc-list-level-1' ><li class='ez-toc-page-1 ez-toc-heading-level-1'><a class=\"ez-toc-link ez-toc-heading-1\" href=\"https:\/\/gbl-eshop.net\/zh\/faqs\/#FAQs_zu_GBL_und_GHB\" >\u5173\u4e8e GBL \u548c GHB \u7684\u5e38\u89c1\u95ee\u9898<\/a><ul class='ez-toc-list-level-2' ><li class='ez-toc-heading-level-2'><a class=\"ez-toc-link ez-toc-heading-2\" href=\"https:\/\/gbl-eshop.net\/zh\/faqs\/#FAQs_zu_GBL\" >\u5173\u4e8e GBL \u7684\u5e38\u89c1\u95ee\u9898\uff1a<\/a><ul class='ez-toc-list-level-3' ><li class='ez-toc-heading-level-3'><a class=\"ez-toc-link ez-toc-heading-3\" href=\"https:\/\/gbl-eshop.net\/zh\/faqs\/#1_Was_ist_GBL\" >1. \u4ec0\u4e48\u662f GBL\uff1f<\/a><\/li><li class='ez-toc-page-1 ez-toc-heading-level-3'><a class=\"ez-toc-link ez-toc-heading-4\" href=\"https:\/\/gbl-eshop.net\/zh\/faqs\/#2_Ist_GBL_dasselbe_wie_GHB\" >2. GBL \u4e0e GHB \u662f\u5426\u76f8\u540c\uff1f<\/a><\/li><li class='ez-toc-page-1 ez-toc-heading-level-3'><a class=\"ez-toc-link ez-toc-heading-5\" href=\"https:\/\/gbl-eshop.net\/zh\/faqs\/#3_Wie_wird_GBL_im_Freizeitgebrauch_verwendet\" >\u95f2\u6687\u65f6\u95f4\u5982\u4f55\u4f7f\u7528 GBL\uff1f<\/a><\/li><li class='ez-toc-page-1 ez-toc-heading-level-3'><a class=\"ez-toc-link ez-toc-heading-6\" href=\"https:\/\/gbl-eshop.net\/zh\/faqs\/#4_Welche_Risiken_sind_mit_dem_Gebrauch_von_GBL_verbunden\" >4 \u4f7f\u7528 GBL \u6709\u54ea\u4e9b\u98ce\u9669\uff1f<\/a><\/li><li class='ez-toc-page-1 ez-toc-heading-level-3'><a class=\"ez-toc-link ez-toc-heading-7\" href=\"https:\/\/gbl-eshop.net\/zh\/faqs\/#5_Ist_GBL_legal\" >5. GBL \u662f\u5426\u5408\u6cd5\uff1f<\/a><\/li><\/ul><\/li><li class='ez-toc-page-1 ez-toc-heading-level-2'><a class=\"ez-toc-link ez-toc-heading-8\" href=\"https:\/\/gbl-eshop.net\/zh\/faqs\/#FAQs_zu_GHB\" >\u5173\u4e8e\u4f3d\u9a6c--\u7f9f\u4e01\u9178\u7684\u5e38\u89c1\u95ee\u9898\uff1a<\/a><ul class='ez-toc-list-level-3' ><li class='ez-toc-heading-level-3'><a class=\"ez-toc-link ez-toc-heading-9\" href=\"https:\/\/gbl-eshop.net\/zh\/faqs\/#1_Was_ist_GHB\" >1. \u4ec0\u4e48\u662f GHB\uff1f<\/a><\/li><li class='ez-toc-page-1 ez-toc-heading-level-3'><a class=\"ez-toc-link ez-toc-heading-10\" href=\"https:\/\/gbl-eshop.net\/zh\/faqs\/#2_Wie_unterscheidet_sich_GHB_von_GBL\" >2. GHB \u4e0e GBL \u6709\u4f55\u4e0d\u540c\uff1f<\/a><\/li><li class='ez-toc-page-1 ez-toc-heading-level-3'><a class=\"ez-toc-link ez-toc-heading-11\" href=\"https:\/\/gbl-eshop.net\/zh\/faqs\/#3_Welche_Effekte_hat_der_Gebrauch_von_GHB\" >3. \u4f7f\u7528 GHB \u4f1a\u4ea7\u751f\u4ec0\u4e48\u5f71\u54cd\uff1f<\/a><\/li><li class='ez-toc-page-1 ez-toc-heading-level-3'><a class=\"ez-toc-link ez-toc-heading-12\" href=\"https:\/\/gbl-eshop.net\/zh\/faqs\/#4_Welche_Risiken_sind_mit_dem_Gebrauch_von_GHB_verbunden\" >4 \u4f7f\u7528\u4f3d\u9a6c--\u7f9f\u4e01\u9178\u6709\u4ec0\u4e48\u98ce\u9669\uff1f<\/a><\/li><li class='ez-toc-page-1 ez-toc-heading-level-3'><a class=\"ez-toc-link ez-toc-heading-13\" href=\"https:\/\/gbl-eshop.net\/zh\/faqs\/#5_Ist_GHB_legal\" >5. GHB \u662f\u5426\u5408\u6cd5\uff1f<\/a><\/li><\/ul><\/li><\/ul><\/li><\/ul><\/nav><\/div>\n<h1 class=\"wp-block-heading\"><span class=\"ez-toc-section\" id=\"FAQs_zu_GBL_und_GHB\"><\/span> \u5173\u4e8e GBL \u548c GHB \u7684\u5e38\u89c1\u95ee\u9898 <span class=\"ez-toc-section-end\"><\/span><\/h1>\n\n\n\n<h2 class=\"wp-block-heading\"><span class=\"ez-toc-section\" id=\"FAQs_zu_GBL\"><\/span>\u5173\u4e8e GBL \u7684\u5e38\u89c1\u95ee\u9898\uff1a<span class=\"ez-toc-section-end\"><\/span><\/h2>\n\n\n\n<h3 class=\"wp-block-heading\"><span class=\"ez-toc-section\" id=\"1_Was_ist_GBL\"><\/span><strong>1. \u4ec0\u4e48\u662f GBL\uff1f<\/strong><span class=\"ez-toc-section-end\"><\/span><\/h3>\n\n\n\n<ul class=\"wp-block-list\">\n<li>GBL \u6216\u03b3-\u4e01\u5185\u916f\u662f\u4e00\u79cd\u7528\u4e8e\u591a\u79cd\u5de5\u4e1a\u7528\u9014\u7684\u5316\u5408\u7269\uff0c\u5305\u62ec\u7528\u4f5c\u6eb6\u5242\u3001\u6e05\u6d01\u5242\u548c\u751f\u4ea7\u67d0\u4e9b\u5851\u6599\u548c\u836f\u54c1\u7684\u524d\u4f53\u3002<\/li>\n<\/ul>\n\n\n\n<h3 class=\"wp-block-heading\"><span class=\"ez-toc-section\" id=\"2_Ist_GBL_dasselbe_wie_GHB\"><\/span><strong>2. GBL \u4e0e GHB \u662f\u5426\u76f8\u540c\uff1f<\/strong><span class=\"ez-toc-section-end\"><\/span><\/h3>\n\n\n\n<ul class=\"wp-block-list\">\n<li>GBL \u6444\u5165\u4eba\u4f53\u540e\u4f1a\u8f6c\u5316\u4e3a GHB\uff08\u03b3-\u7f9f\u4e01\u9178\uff09\u3002\u8fd9\u4e24\u79cd\u7269\u8d28\u90fd\u662f\u4e2d\u67a2\u795e\u7ecf\u7cfb\u7edf\u6291\u5236\u5242\uff0c\u5177\u6709\u7c7b\u4f3c\u7684\u6548\u679c\uff0c\u4f46 GHB \u7684\u6548\u679c\u901a\u5e38\u66f4\u5f3a\u3002<\/li>\n<\/ul>\n\n\n\n<h3 class=\"wp-block-heading\"><span class=\"ez-toc-section\" id=\"3_Wie_wird_GBL_im_Freizeitgebrauch_verwendet\"><\/span><strong>\u95f2\u6687\u65f6\u95f4\u5982\u4f55\u4f7f\u7528 GBL\uff1f<\/strong><span class=\"ez-toc-section-end\"><\/span><\/h3>\n\n\n\n<ul class=\"wp-block-list\">\n<li>\u7531\u4e8e GBL \u5177\u6709\u5174\u594b\u548c\u9547\u9759\u4f5c\u7528\uff0c\u4e00\u4e9b\u4eba\u5c06\u5176\u4f5c\u4e3a\u4e00\u79cd\u5a31\u4e50\u6027\u836f\u7269\u6ee5\u7528\u3002\u4eba\u4eec\u901a\u5e38\u53e3\u670d\u7eaf\u7684\u6216\u7a00\u91ca\u5728\u996e\u6599\u4e2d\u7684 GBL\u3002\u7136\u800c\uff0c\u7531\u4e8e\u5176\u836f\u6548\u96be\u4ee5\u9884\u6d4b\uff0c\u670d\u7528\u8fc7\u91cf\u7684\u53ef\u80fd\u6027\u5f88\u5927\uff0c\u56e0\u6b64\u8fd9\u79cd\u505a\u6cd5\u6781\u5176\u5371\u9669\u3002<\/li>\n<\/ul>\n\n\n\n<h3 class=\"wp-block-heading\"><span class=\"ez-toc-section\" id=\"4_Welche_Risiken_sind_mit_dem_Gebrauch_von_GBL_verbunden\"><\/span><strong>4 \u4f7f\u7528 GBL \u6709\u54ea\u4e9b\u98ce\u9669\uff1f<\/strong><span class=\"ez-toc-section-end\"><\/span><\/h3>\n\n\n\n<figure class=\"wp-block-table\"><table><thead><tr><th>\u98ce\u9669<\/th><th>\u8be6\u60c5<\/th><\/tr><\/thead><tbody><tr><td>\u6210\u763e<\/td><td>\u5982\u679c\u7ecf\u5e38\u4f7f\u7528\uff0cGBL \u4f1a\u4f7f\u4eba\u9ad8\u5ea6\u4e0a\u763e\u5e76\u4ea7\u751f\u4f9d\u8d56\u6027\u3002<\/td><\/tr><tr><td>\u7528\u836f\u8fc7\u91cf<\/td><td>\u8fc7\u91cf\u670d\u7528 GBL \u4f1a\u5bfc\u81f4\u547c\u5438\u6291\u5236\u3001\u660f\u8ff7\u751a\u81f3\u6b7b\u4ea1\u3002<\/td><\/tr><tr><td>\u5065\u5eb7\u5e76\u53d1\u75c7<\/td><td>\u957f\u671f\u670d\u7528 GBL \u53ef\u5bfc\u81f4\u5404\u79cd\u5065\u5eb7\u95ee\u9898\uff0c\u5305\u62ec\u809d\u635f\u4f24\u548c\u8ba4\u77e5\u969c\u788d\u3002<\/td><\/tr><\/tbody><\/table><\/figure>\n\n\n\n<h3 class=\"wp-block-heading\"><span class=\"ez-toc-section\" id=\"5_Ist_GBL_legal\"><\/span><strong>5. GBL \u662f\u5426\u5408\u6cd5\uff1f<\/strong><span class=\"ez-toc-section-end\"><\/span><\/h3>\n\n\n\n<ul class=\"wp-block-list\">\n<li>\u5728\u8bb8\u591a\u56fd\u5bb6\uff0c\u7531\u4e8e GBL \u6709\u53ef\u80fd\u88ab\u6ee5\u7528\u548c\u4ea7\u751f\u4f9d\u8d56\u6027\uff0c\u56e0\u6b64\u88ab\u5f52\u7c7b\u4e3a\u53d7\u7ba1\u5236\u7269\u8d28\u3002\u5b83\u5728\u4e16\u754c\u5404\u5730\u7684\u6cd5\u5f8b\u5730\u4f4d\u5404\u4e0d\u76f8\u540c\uff0c\u4f46\u901a\u5e38\u90fd\u53d7\u5230\u7ba1\u5236\u6216\u7981\u6b62\u3002<\/li>\n<\/ul>\n\n\n\n<h2 class=\"wp-block-heading\"><span class=\"ez-toc-section\" id=\"FAQs_zu_GHB\"><\/span>\u5173\u4e8e\u4f3d\u9a6c--\u7f9f\u4e01\u9178\u7684\u5e38\u89c1\u95ee\u9898\uff1a<span class=\"ez-toc-section-end\"><\/span><\/h2>\n\n\n\n<h3 class=\"wp-block-heading\"><span class=\"ez-toc-section\" id=\"1_Was_ist_GHB\"><\/span><strong>1. \u4ec0\u4e48\u662f GHB\uff1f<\/strong><span class=\"ez-toc-section-end\"><\/span><\/h3>\n\n\n\n<ul class=\"wp-block-list\">\n<li>GHB\uff0c\u5373\u03b3-\u7f9f\u4e01\u9178\uff0c\u662f\u4e00\u79cd\u4e2d\u67a2\u795e\u7ecf\u7cfb\u7edf\u6291\u5236\u5242\uff0c\u6709\u65f6\u88ab\u7528\u4f5c\u5a31\u4e50\u6027\u836f\u7269\uff0c\u5177\u6709\u5174\u594b\u548c\u9547\u9759\u4f5c\u7528\u3002<\/li>\n<\/ul>\n\n\n\n<h3 class=\"wp-block-heading\"><span class=\"ez-toc-section\" id=\"2_Wie_unterscheidet_sich_GHB_von_GBL\"><\/span><strong>2. GHB \u4e0e GBL \u6709\u4f55\u4e0d\u540c\uff1f<\/strong><span class=\"ez-toc-section-end\"><\/span><\/h3>\n\n\n\n<ul class=\"wp-block-list\">\n<li>GHB \u7684\u5316\u5b66\u6210\u5206\u4e0e GBL \u76f8\u4f3c\uff0c\u4f46\u901a\u5e38\u4ee5\u6db2\u4f53\u5f62\u5f0f\u5b58\u5728\u3002\u5b83\u8d77\u6548\u66f4\u5feb\uff0c\u901a\u5e38\u6bd4 GBL \u66f4\u5f3a\u3002<\/li>\n<\/ul>\n\n\n\n<h3 class=\"wp-block-heading\"><span class=\"ez-toc-section\" id=\"3_Welche_Effekte_hat_der_Gebrauch_von_GHB\"><\/span><strong>3. \u4f7f\u7528 GHB \u4f1a\u4ea7\u751f\u4ec0\u4e48\u5f71\u54cd\uff1f<\/strong><span class=\"ez-toc-section-end\"><\/span><\/h3>\n\n\n\n<figure class=\"wp-block-table\"><table><thead><tr><th>\u6548\u679c<\/th><th>\u8be6\u60c5<\/th><\/tr><\/thead><tbody><tr><td>\u5174\u594b\u548c\u653e\u677e<\/td><td>\u4f3d\u9a6c--\u7f9f\u4e01\u9178\u53ef\u4ea7\u751f\u5174\u594b\u3001\u653e\u677e\u548c\u793e\u4ea4\u80fd\u529b\u589e\u5f3a\u7684\u611f\u89c9\u3002<\/td><\/tr><tr><td>\u9547\u9759<\/td><td>\u5b83\u5177\u6709\u9547\u9759\u4f5c\u7528\uff0c\u901a\u5e38\u4f1a\u5bfc\u81f4\u75b2\u5026\u548c\u55dc\u7761\u3002<\/td><\/tr><tr><td>\u8bb0\u5fc6\u529b\u51cf\u9000<\/td><td>\u4f7f\u7528\u4f3d\u9a6c--\u7f9f\u4e01\u9178\u4f1a\u5bfc\u81f4\u5931\u5fc6\uff0c\u4f7f\u4eba\u96be\u4ee5\u8bb0\u4f4f\u4e8b\u4ef6\u3002<\/td><\/tr><\/tbody><\/table><\/figure>\n\n\n\n<h3 class=\"wp-block-heading\"><span class=\"ez-toc-section\" id=\"4_Welche_Risiken_sind_mit_dem_Gebrauch_von_GHB_verbunden\"><\/span><strong>4 \u4f7f\u7528\u4f3d\u9a6c--\u7f9f\u4e01\u9178\u6709\u4ec0\u4e48\u98ce\u9669\uff1f<\/strong><span class=\"ez-toc-section-end\"><\/span><\/h3>\n\n\n\n<figure class=\"wp-block-table\"><table><thead><tr><th>\u98ce\u9669<\/th><th>\u8be6\u60c5<\/th><\/tr><\/thead><tbody><tr><td>\u547c\u5438\u6291\u5236<\/td><td>\u4f3d\u9a6c--\u7f9f\u4e01\u9178\u4f1a\u635f\u5bb3\u547c\u5438\u529f\u80fd\uff0c\u5bfc\u81f4\u547c\u5438\u53d8\u6d45\u6216\u660f\u8ff7\u3002<\/td><\/tr><tr><td>\u7528\u836f\u8fc7\u91cf<\/td><td>\u8fc7\u91cf\u670d\u7528\u4f3d\u9a6c--\u7f9f\u4e01\u9178\u4f1a\u5bfc\u81f4\u4e25\u91cd\u7684\u547c\u5438\u6291\u5236\u548c\u6b7b\u4ea1\u3002<\/td><\/tr><tr><td>\u6210\u763e<\/td><td>\u7ecf\u5e38\u4f7f\u7528\u4f3d\u9a6c--\u7f9f\u4e01\u9178\u4f1a\u5bfc\u81f4\u4f9d\u8d56\u548c\u6210\u763e\u3002<\/td><\/tr><\/tbody><\/table><\/figure>\n\n\n\n<h3 class=\"wp-block-heading\"><span class=\"ez-toc-section\" id=\"5_Ist_GHB_legal\"><\/span><strong>5. GHB \u662f\u5426\u5408\u6cd5\uff1f<\/strong><span class=\"ez-toc-section-end\"><\/span><\/h3>\n\n\n\n<ul class=\"wp-block-list\">\n<li>\u4e0e GBL \u4e00\u6837\uff0c\u4f3d\u9a6c--\u7f9f\u4e01\u9178\u4e5f\u56e0\u5176\u53ef\u80fd\u88ab\u6ee5\u7528\u548c\u4ea7\u751f\u4f9d\u8d56\u6027\u800c\u7ecf\u5e38\u53d7\u5230\u7ba1\u5236\u6216\u7981\u7528\u3002\u5728\u8bb8\u591a\u56fd\u5bb6\uff0c\u5b83\u88ab\u5f52\u7c7b\u4e3a\u53d7\u7ba1\u5236\u7269\u8d28\u3002<\/li>\n<\/ul>\n\n\n\n<p>\u8fd9\u4e9b\u5e38\u89c1\u95ee\u9898\u5168\u9762\u6982\u8ff0\u4e86 GBL \u548c GHB\uff0c\u5305\u62ec\u5b83\u4eec\u7684\u4f5c\u7528\u3001\u98ce\u9669\u548c\u6cd5\u5f8b\u5730\u4f4d\u3002\u9700\u8981\u6ce8\u610f\u7684\u662f\uff0c\u8fd9\u4e24\u79cd\u7269\u8d28\u90fd\u53ef\u80fd\u5177\u6709\u5371\u9669\u6027\uff0c\u53ea\u6709\u5728\u533b\u7597\u4e13\u4e1a\u4eba\u5458\u7684\u6307\u5bfc\u4e0b\uff0c\u51fa\u4e8e\u5408\u6cd5\u533b\u7597\u76ee\u7684\u5f00\u5177\u5904\u65b9\u65f6\u624d\u53ef\u4f7f\u7528\u3002<\/p>","protected":false},"excerpt":{"rendered":"<p>FAQs zu GBL und GHB FAQs zu GBL: 1. Was ist GBL? 2. Ist GBL dasselbe wie GHB? 3. Wie wird GBL im Freizeitgebrauch verwendet? 4. Welche Risiken sind mit dem Gebrauch von GBL verbunden? Risiken Details Sucht GBL kann stark s\u00fcchtig machen und bei regelm\u00e4\u00dfiger Anwendung zu Abh\u00e4ngigkeit f\u00fchren. \u00dcberdosierung Eine \u00dcberdosierung von GBL [&hellip;]<\/p>\n","protected":false},"author":1,"featured_media":0,"parent":0,"menu_order":0,"comment_status":"closed","ping_status":"closed","template":"","meta":{"ocean_post_layout":"","ocean_both_sidebars_style":"","ocean_both_sidebars_content_width":0,"ocean_both_sidebars_sidebars_width":0,"ocean_sidebar":"","ocean_second_sidebar":"","ocean_disable_margins":"enable","ocean_add_body_class":"","ocean_shortcode_before_top_bar":"","ocean_shortcode_after_top_bar":"","ocean_shortcode_before_header":"","ocean_shortcode_after_header":"","ocean_has_shortcode":"","ocean_shortcode_after_title":"","ocean_shortcode_before_footer_widgets":"","ocean_shortcode_after_footer_widgets":"","ocean_shortcode_before_footer_bottom":"","ocean_shortcode_after_footer_bottom":"","ocean_display_top_bar":"default","ocean_display_header":"default","ocean_header_style":"","ocean_center_header_left_menu":"","ocean_custom_header_template":"","ocean_custom_logo":0,"ocean_custom_retina_logo":0,"ocean_custom_logo_max_width":0,"ocean_custom_logo_tablet_max_width":0,"ocean_custom_logo_mobile_max_width":0,"ocean_custom_logo_max_height":0,"ocean_custom_logo_tablet_max_height":0,"ocean_custom_logo_mobile_max_height":0,"ocean_header_custom_menu":"","ocean_menu_typo_font_family":"","ocean_menu_typo_font_subset":"","ocean_menu_typo_font_size":0,"ocean_menu_typo_font_size_tablet":0,"ocean_menu_typo_font_size_mobile":0,"ocean_menu_typo_font_size_unit":"px","ocean_menu_typo_font_weight":"","ocean_menu_typo_font_weight_tablet":"","ocean_menu_typo_font_weight_mobile":"","ocean_menu_typo_transform":"","ocean_menu_typo_transform_tablet":"","ocean_menu_typo_transform_mobile":"","ocean_menu_typo_line_height":0,"ocean_menu_typo_line_height_tablet":0,"ocean_menu_typo_line_height_mobile":0,"ocean_menu_typo_line_height_unit":"","ocean_menu_typo_spacing":0,"ocean_menu_typo_spacing_tablet":0,"ocean_menu_typo_spacing_mobile":0,"ocean_menu_typo_spacing_unit":"","ocean_menu_link_color":"","ocean_menu_link_color_hover":"","ocean_menu_link_color_active":"","ocean_menu_link_background":"","ocean_menu_link_hover_background":"","ocean_menu_link_active_background":"","ocean_menu_social_links_bg":"","ocean_menu_social_hover_links_bg":"","ocean_menu_social_links_color":"","ocean_menu_social_hover_links_color":"","ocean_disable_title":"default","ocean_disable_heading":"default","ocean_post_title":"","ocean_post_subheading":"","ocean_post_title_style":"","ocean_post_title_background_color":"","ocean_post_title_background":0,"ocean_post_title_bg_image_position":"","ocean_post_title_bg_image_attachment":"","ocean_post_title_bg_image_repeat":"","ocean_post_title_bg_image_size":"","ocean_post_title_height":0,"ocean_post_title_bg_overlay":0.5,"ocean_post_title_bg_overlay_color":"","ocean_disable_breadcrumbs":"default","ocean_breadcrumbs_color":"","ocean_breadcrumbs_separator_color":"","ocean_breadcrumbs_links_color":"","ocean_breadcrumbs_links_hover_color":"","ocean_display_footer_widgets":"default","ocean_display_footer_bottom":"default","ocean_custom_footer_template":"","footnotes":""},"class_list":["post-1272","page","type-page","status-publish","hentry","entry","owp-thumbs-layout-horizontal","owp-btn-normal","owp-tabs-layout-horizontal","has-no-thumbnails","has-product-nav"],"jetpack_sharing_enabled":true,"_links":{"self":[{"href":"https:\/\/gbl-eshop.net\/zh\/wp-json\/wp\/v2\/pages\/1272","targetHints":{"allow":["GET"]}}],"collection":[{"href":"https:\/\/gbl-eshop.net\/zh\/wp-json\/wp\/v2\/pages"}],"about":[{"href":"https:\/\/gbl-eshop.net\/zh\/wp-json\/wp\/v2\/types\/page"}],"author":[{"embeddable":true,"href":"https:\/\/gbl-eshop.net\/zh\/wp-json\/wp\/v2\/users\/1"}],"replies":[{"embeddable":true,"href":"https:\/\/gbl-eshop.net\/zh\/wp-json\/wp\/v2\/comments?post=1272"}],"version-history":[{"count":2,"href":"https:\/\/gbl-eshop.net\/zh\/wp-json\/wp\/v2\/pages\/1272\/revisions"}],"predecessor-version":[{"id":1274,"href":"https:\/\/gbl-eshop.net\/zh\/wp-json\/wp\/v2\/pages\/1272\/revisions\/1274"}],"wp:attachment":[{"href":"https:\/\/gbl-eshop.net\/zh\/wp-json\/wp\/v2\/media?parent=1272"}],"curies":[{"name":"wp","href":"https:\/\/api.w.org\/{rel}","templated":true}]}}