{"id":1264,"date":"2024-06-02T15:00:18","date_gmt":"2024-06-02T15:00:18","guid":{"rendered":"https:\/\/linen-vulture-703400.hostingersite.com\/?page_id=1264"},"modified":"2025-09-16T03:55:50","modified_gmt":"2025-09-16T03:55:50","slug":"schutz-gbl-und-ghb","status":"publish","type":"page","link":"https:\/\/gbl-eshop.net\/zh\/schutz-gbl-und-ghb\/","title":{"rendered":"\u4fdd\u62a4"},"content":{"rendered":"<div id=\"ez-toc-container\" class=\"ez-toc-v2_0_82_2 counter-hierarchy ez-toc-counter ez-toc-grey ez-toc-container-direction\">\n<div class=\"ez-toc-title-container\">\n<p class=\"ez-toc-title\" style=\"cursor:inherit\">\u76ee\u5f55<\/p>\n<span class=\"ez-toc-title-toggle\"><a href=\"#\" class=\"ez-toc-pull-right ez-toc-btn ez-toc-btn-xs ez-toc-btn-default ez-toc-toggle\" aria-label=\"\u5207\u6362\u76ee\u5f55\"><span class=\"ez-toc-js-icon-con\"><span class=\"\"><span class=\"eztoc-hide\" style=\"display:none;\">\u5207\u6362<\/span><span class=\"ez-toc-icon-toggle-span\"><svg style=\"fill: #999;color:#999\" xmlns=\"http:\/\/www.w3.org\/2000\/svg\" class=\"list-377408\" width=\"20px\" height=\"20px\" viewbox=\"0 0 24 24\" fill=\"none\"><path d=\"M6 6H4v2h2V6zm14 0H8v2h12V6zM4 11h2v2H4v-2zm16 0H8v2h12v-2zM4 16h2v2H4v-2zm16 0H8v2h12v-2z\" fill=\"currentColor\"><\/path><\/svg><svg style=\"fill: #999;color:#999\" class=\"arrow-unsorted-368013\" xmlns=\"http:\/\/www.w3.org\/2000\/svg\" width=\"10px\" height=\"10px\" viewbox=\"0 0 24 24\" version=\"1.2\" baseprofile=\"tiny\"><path d=\"M18.2 9.3l-6.2-6.3-6.2 6.3c-.2.2-.3.4-.3.7s.1.5.3.7c.2.2.4.3.7.3h11c.3 0 .5-.1.7-.3.2-.2.3-.5.3-.7s-.1-.5-.3-.7zM5.8 14.7l6.2 6.3 6.2-6.3c.2-.2.3-.5.3-.7s-.1-.5-.3-.7c-.2-.2-.4-.3-.7-.3h-11c-.3 0-.5.1-.7.3-.2.2-.3.5-.3.7s.1.5.3.7z\"\/><\/svg><\/span><\/span><\/span><\/a><\/span><\/div>\n<nav><ul class='ez-toc-list ez-toc-list-level-1' ><li class='ez-toc-page-1 ez-toc-heading-level-2'><a class=\"ez-toc-link ez-toc-heading-1\" href=\"https:\/\/gbl-eshop.net\/zh\/schutz-gbl-und-ghb\/#Sicherheits-_und_Sicherheitsleitfaden_fur_GBL_Gamma-Butyrolacton_und_GHB_Gamma-Hydroxybutyrat\" >GBL\uff08\u03b3-\u4e01\u5185\u916f\uff09\u548c GHB\uff08\u03b3-\u7f9f\u4e01\u9178\uff09\u7684\u5b89\u5168\u548c\u5b89\u5168\u6307\u5357<\/a><ul class='ez-toc-list-level-3' ><li class='ez-toc-heading-level-3'><a class=\"ez-toc-link ez-toc-heading-2\" href=\"https:\/\/gbl-eshop.net\/zh\/schutz-gbl-und-ghb\/#Ubersicht\" >\u6982\u8ff0<\/a><\/li><li class='ez-toc-page-1 ez-toc-heading-level-3'><a class=\"ez-toc-link ez-toc-heading-3\" href=\"https:\/\/gbl-eshop.net\/zh\/schutz-gbl-und-ghb\/#Eigenschaften_und_Wirkungen\" >\u7279\u6027\u548c\u5f71\u54cd<\/a><\/li><li class='ez-toc-page-1 ez-toc-heading-level-3'><a class=\"ez-toc-link ez-toc-heading-4\" href=\"https:\/\/gbl-eshop.net\/zh\/schutz-gbl-und-ghb\/#Rechtlicher_Status\" >\u6cd5\u5f8b\u5730\u4f4d<\/a><\/li><li class='ez-toc-page-1 ez-toc-heading-level-3'><a class=\"ez-toc-link ez-toc-heading-5\" href=\"https:\/\/gbl-eshop.net\/zh\/schutz-gbl-und-ghb\/#Sicherheitsrichtlinien\" >\u5b89\u5168\u51c6\u5219<\/a><ul class='ez-toc-list-level-4' ><li class='ez-toc-heading-level-4'><a class=\"ez-toc-link ez-toc-heading-6\" href=\"https:\/\/gbl-eshop.net\/zh\/schutz-gbl-und-ghb\/#Dosierung\" >\u7528\u91cf<\/a><\/li><li class='ez-toc-page-1 ez-toc-heading-level-4'><a class=\"ez-toc-link ez-toc-heading-7\" href=\"https:\/\/gbl-eshop.net\/zh\/schutz-gbl-und-ghb\/#Risiken_einer_Uberdosierung\" >\u7528\u836f\u8fc7\u91cf\u7684\u98ce\u9669<\/a><ul class='ez-toc-list-level-6' ><li class='ez-toc-heading-level-6'><ul class='ez-toc-list-level-6' ><li class='ez-toc-heading-level-6'><a class=\"ez-toc-link ez-toc-heading-8\" href=\"https:\/\/gbl-eshop.net\/zh\/schutz-gbl-und-ghb\/#Uberdosierungssymptome_umfassen\" >\u8fc7\u91cf\u75c7\u72b6\u5305\u62ec<\/a><\/li><li class='ez-toc-page-1 ez-toc-heading-level-6'><a class=\"ez-toc-link ez-toc-heading-9\" href=\"https:\/\/gbl-eshop.net\/zh\/schutz-gbl-und-ghb\/#Erste_Hilfe_bei_Uberdosierung\" >\u7528\u836f\u8fc7\u91cf\u65f6\u7684\u6025\u6551\u63aa\u65bd\uff1a<\/a><\/li><\/ul><\/li><\/ul><\/li><\/ul><\/li><li class='ez-toc-page-1 ez-toc-heading-level-3'><a class=\"ez-toc-link ez-toc-heading-10\" href=\"https:\/\/gbl-eshop.net\/zh\/schutz-gbl-und-ghb\/#Kombination_mit_anderen_Substanzen\" >\u4e0e\u5176\u4ed6\u7269\u8d28\u6df7\u5408\u4f7f\u7528<\/a><\/li><li class='ez-toc-page-1 ez-toc-heading-level-3'><a class=\"ez-toc-link ez-toc-heading-11\" href=\"https:\/\/gbl-eshop.net\/zh\/schutz-gbl-und-ghb\/#Schadensminderungsstrategien\" >\u635f\u5931\u6700\u5c0f\u5316\u6218\u7565<\/a><\/li><li class='ez-toc-page-1 ez-toc-heading-level-3'><a class=\"ez-toc-link ez-toc-heading-12\" href=\"https:\/\/gbl-eshop.net\/zh\/schutz-gbl-und-ghb\/#Lagerung_und_Handhabung\" >\u50a8\u5b58\u548c\u5904\u7406<\/a><\/li><li class='ez-toc-page-1 ez-toc-heading-level-3'><a class=\"ez-toc-link ez-toc-heading-13\" href=\"https:\/\/gbl-eshop.net\/zh\/schutz-gbl-und-ghb\/#Sicherheitsbedenken\" >\u5b89\u5168\u95ee\u9898<\/a><\/li><li class='ez-toc-page-1 ez-toc-heading-level-3'><a class=\"ez-toc-link ez-toc-heading-14\" href=\"https:\/\/gbl-eshop.net\/zh\/schutz-gbl-und-ghb\/#Medizinische_und_Psychologische_Uberlegungen\" >\u533b\u7597\u548c\u5fc3\u7406\u65b9\u9762\u7684\u8003\u8651<\/a><\/li><li class='ez-toc-page-1 ez-toc-heading-level-3'><a class=\"ez-toc-link ez-toc-heading-15\" href=\"https:\/\/gbl-eshop.net\/zh\/schutz-gbl-und-ghb\/#Visuelle_Hilfsmittel\" >\u76f4\u89c2\u6559\u5177<\/a><ul class='ez-toc-list-level-4' ><li class='ez-toc-heading-level-4'><a class=\"ez-toc-link ez-toc-heading-16\" href=\"https:\/\/gbl-eshop.net\/zh\/schutz-gbl-und-ghb\/#Diagramm_der_stabilen_Seitenlage\" >\u7a33\u5b9a\u4fa7\u5367\u4f4d\u793a\u610f\u56fe<\/a><\/li><li class='ez-toc-page-1 ez-toc-heading-level-4'><a class=\"ez-toc-link ez-toc-heading-17\" href=\"https:\/\/gbl-eshop.net\/zh\/schutz-gbl-und-ghb\/#Beispiel_fur_Dosismessung\" >\u5242\u91cf\u6d4b\u91cf\u793a\u4f8b<\/a><\/li><\/ul><\/li><li class='ez-toc-page-1 ez-toc-heading-level-3'><a class=\"ez-toc-link ez-toc-heading-18\" href=\"https:\/\/gbl-eshop.net\/zh\/schutz-gbl-und-ghb\/#Fazit\" >\u7ed3\u8bba<\/a><\/li><\/ul><\/li><\/ul><\/nav><\/div>\n<h2 class=\"wp-block-heading\"><span class=\"ez-toc-section\" id=\"Sicherheits-_und_Sicherheitsleitfaden_fur_GBL_Gamma-Butyrolacton_und_GHB_Gamma-Hydroxybutyrat\"><\/span><strong>GBL\uff08\u03b3-\u4e01\u5185\u916f\uff09\u548c GHB\uff08\u03b3-\u7f9f\u4e01\u9178\uff09\u7684\u5b89\u5168\u548c\u5b89\u5168\u6307\u5357<\/strong><span class=\"ez-toc-section-end\"><\/span><\/h2>\n\n\n\n<h3 class=\"wp-block-heading\"><span class=\"ez-toc-section\" id=\"Ubersicht\"><\/span>\u6982\u8ff0<span class=\"ez-toc-section-end\"><\/span><\/h3>\n\n\n<div class=\"wp-block-image\">\n<figure class=\"aligncenter size-full\"><img fetchpriority=\"high\" decoding=\"async\" width=\"480\" height=\"480\" src=\"https:\/\/gbl-eshop.net\/wp-content\/uploads\/2024\/06\/77713561_n.jpg\" alt=\"\" class=\"wp-image-1269\" srcset=\"https:\/\/gbl-eshop.net\/wp-content\/uploads\/2024\/06\/77713561_n.jpg 480w, https:\/\/gbl-eshop.net\/wp-content\/uploads\/2024\/06\/77713561_n-100x100.jpg 100w, https:\/\/gbl-eshop.net\/wp-content\/uploads\/2024\/06\/77713561_n-300x300.jpg 300w, https:\/\/gbl-eshop.net\/wp-content\/uploads\/2024\/06\/77713561_n-150x150.jpg 150w\" sizes=\"(max-width: 480px) 100vw, 480px\" \/><\/figure>\n<\/div>\n\n\n<p><strong>GBL\uff08\u03b3-\u4e01\u5185\u916f\uff09<\/strong> \u548c <strong>GHB\uff08\u03b3-\u7f9f\u57fa\u4e01\u9178\u76d0\uff09<\/strong> \u8fd9\u4e24\u79cd\u7269\u8d28\u90fd\u6709\u5408\u6cd5\u7684\u5de5\u4e1a\u548c\u533b\u7597\u7528\u9014\uff0c\u4f46\u4e5f\u7528\u4e8e\u5a31\u4e50\u3002\u8fd9\u4e24\u79cd\u7269\u8d28\u4e00\u65e6\u88ab\u6ee5\u7528\u90fd\u4f1a\u5e26\u6765\u5371\u9669\uff0c\u6709\u53ef\u80fd\u4ea7\u751f\u4f9d\u8d56\u6027\u3001\u7528\u836f\u8fc7\u91cf\u548c\u6cd5\u5f8b\u540e\u679c\u3002<\/p>\n\n\n\n<h3 class=\"wp-block-heading\"><span class=\"ez-toc-section\" id=\"Eigenschaften_und_Wirkungen\"><\/span>\u7279\u6027\u548c\u5f71\u54cd<span class=\"ez-toc-section-end\"><\/span><\/h3>\n\n\n\n<figure class=\"wp-block-table\"><table><thead><tr><th>\u7279\u70b9<\/th><th>GBL<\/th><th>\u4f3d\u9a6c--\u7f9f\u4e01\u9178<\/th><\/tr><\/thead><tbody><tr><td>\u5316\u5b66\u5f0f<\/td><td>C\u2084H\u2086O\u2082<\/td><td>C\u2084H\u2088O\u2083<\/td><\/tr><tr><td>\u9891\u7e41\u5e94\u7528<\/td><td>\u6eb6\u5242\u3001\u6e05\u6d17\u5242\u3001\u524d\u9a71\u4f53<\/td><td>\u533b\u7597\u7528\u9014\uff08\u55dc\u7761\u75c7\u3001\u9ebb\u9189\uff09\u3001\u4f11\u95f2<\/td><\/tr><tr><td>\u5f00\u59cb\u4f5c\u7528<\/td><td>10-60 \u5206\u949f<\/td><td>15-30 \u5206\u949f<\/td><\/tr><tr><td>\u6548\u679c\u6301\u7eed\u65f6\u95f4<\/td><td>1.5-4 \u5c0f\u65f6<\/td><td>1.5-4 \u5c0f\u65f6<\/td><\/tr><tr><td>\u6548\u679c<\/td><td>\u5174\u594b\u3001\u653e\u677e\u3001\u55dc\u7761<\/td><td>\u5174\u594b\u3001\u653e\u677e\u3001\u55dc\u7761<\/td><\/tr><\/tbody><\/table><\/figure>\n\n\n\n<h3 class=\"wp-block-heading\"><span class=\"ez-toc-section\" id=\"Rechtlicher_Status\"><\/span>\u6cd5\u5f8b\u5730\u4f4d<span class=\"ez-toc-section-end\"><\/span><\/h3>\n\n\n\n<figure class=\"wp-block-table\"><table><thead><tr><th>\u56fd\u5bb6\/\u5730\u533a<\/th><th>GBL<\/th><th>\u4f3d\u9a6c--\u7f9f\u4e01\u9178<\/th><\/tr><\/thead><tbody><tr><td>\u7f8e\u56fd<\/td><td>\u4e0d\u5c5e\u4e8e\u8054\u90a6\u673a\u5bc6\uff0c\u4f46\u53d7\u7c7b\u4f3c\u6cd5\u5f8b\u63a7\u5236<\/td><td>\u6e05\u5355 I\uff08\u975e\u533b\u7597\u7528\u9014\uff09\uff0c\u6e05\u5355 III\uff08Xyrem\uff09<\/td><\/tr><tr><td>\u6b27\u6d32\u8054\u76df<\/td><td>\u5728\u8bb8\u591a\u56fd\u5bb6\u53d7\u5230\u7ba1\u5236<\/td><td>\u53d7\u7ba1\u5236\u7269\u8d28<\/td><\/tr><tr><td>\u6fb3\u5927\u5229\u4e9a<\/td><td>\u6709\u63a7\u5236\u7684\u521d\u6b65\u9636\u6bb5<\/td><td>\u6e05\u5355 I<\/td><\/tr><tr><td>\u52a0\u62ff\u5927<\/td><td>\u53d7\u63a7<\/td><td>\u53d7\u63a7<\/td><\/tr><\/tbody><\/table><\/figure>\n\n\n\n<h3 class=\"wp-block-heading\"><span class=\"ez-toc-section\" id=\"Sicherheitsrichtlinien\"><\/span>\u5b89\u5168\u51c6\u5219<span class=\"ez-toc-section-end\"><\/span><\/h3>\n\n\n\n<h4 class=\"wp-block-heading\"><span class=\"ez-toc-section\" id=\"Dosierung\"><\/span>\u7528\u91cf<span class=\"ez-toc-section-end\"><\/span><\/h4>\n\n\n\n<ul class=\"wp-block-list\">\n<li><strong>GBL<\/strong>\u5178\u578b\u7684\u5a31\u4e50\u5242\u91cf\u4ece 0.5 \u6beb\u5347\u5230 2.5 \u6beb\u5347\u4e0d\u7b49\u3002\u66f4\u5927\u5242\u91cf\u4f1a\u589e\u52a0\u51fa\u73b0\u4e25\u91cd\u526f\u4f5c\u7528\u7684\u98ce\u9669\u3002<\/li>\n\n\n\n<li><strong>\u4f3d\u9a6c--\u7f9f\u4e01\u9178<\/strong>\u4e00\u822c\u5242\u91cf\u5728 0.5 \u514b\u5230 3 \u514b\u4e4b\u95f4\u3002\u7531\u4e8e\u5a31\u4e50\u5242\u91cf\u548c\u8fc7\u91cf\u5242\u91cf\u4e4b\u95f4\u7684\u5dee\u522b\u5f88\u5c0f\uff0c\u56e0\u6b64\u8fc7\u91cf\u5438\u98df\u7684\u98ce\u9669\u5f88\u9ad8\u3002<\/li>\n<\/ul>\n\n\n\n<p><strong>\u8bf7\u6ce8\u610f\uff1a<\/strong> \u4e2a\u4eba\u7684\u8010\u53d7\u6027\u5dee\u522b\u5f88\u5927\u3002\u5728\u8bc4\u4f30\u8010\u53d7\u6027\u65f6\uff0c\u4e00\u5b9a\u8981\u4ece\u6700\u4f4e\u5242\u91cf\u5f00\u59cb\u3002<\/p>\n\n\n\n<h4 class=\"wp-block-heading\"><span class=\"ez-toc-section\" id=\"Risiken_einer_Uberdosierung\"><\/span>\u7528\u836f\u8fc7\u91cf\u7684\u98ce\u9669<span class=\"ez-toc-section-end\"><\/span><\/h4>\n\n\n\n<h6 class=\"wp-block-heading\"><span class=\"ez-toc-section\" id=\"Uberdosierungssymptome_umfassen\"><\/span>\u8fc7\u91cf\u75c7\u72b6\u5305\u62ec<span class=\"ez-toc-section-end\"><\/span><\/h6>\n\n\n\n<ul class=\"wp-block-list\">\n<li>\u65e0\u610f\u8bc6<\/li>\n\n\n\n<li>\u62bd\u7b4b<\/li>\n\n\n\n<li>\u547c\u5438\u7f13\u6162\u6216\u4e0d\u89c4\u5219<\/li>\n\n\n\n<li>\u5455\u5410<\/li>\n\n\n\n<li>\u5931\u53bb\u534f\u8c03<\/li>\n<\/ul>\n\n\n\n<h6 class=\"wp-block-heading\"><span class=\"ez-toc-section\" id=\"Erste_Hilfe_bei_Uberdosierung\"><\/span><strong>\u7528\u836f\u8fc7\u91cf\u65f6\u7684\u6025\u6551\u63aa\u65bd\uff1a<\/strong><span class=\"ez-toc-section-end\"><\/span><\/h6>\n\n\n\n<ol class=\"wp-block-list\">\n<li><strong>\u7acb\u5373\u62e8\u6253\u6025\u6551\u7535\u8bdd\u3002<\/strong><\/li>\n\n\n\n<li><strong>\u5c06\u60a3\u8005\u7f6e\u4e8e\u6062\u590d\u59ff\u52bf<\/strong>\u4ee5\u9632\u7a92\u606f\u3002<\/li>\n\n\n\n<li><strong>\u76d1\u6d4b\u547c\u5438<\/strong> \u5e76\u505a\u597d\u5fc5\u8981\u65f6\u8fdb\u884c\u5fc3\u80ba\u590d\u82cf\u7684\u51c6\u5907\u3002<\/li>\n\n\n\n<li><strong>\u4e0d\u8981\u8ba9\u5f53\u4e8b\u4eba\u5355\u72ec\u5f85\u7740<\/strong>\u76f4\u5230\u6551\u63f4\u4eba\u5458\u5230\u6765\u3002<\/li>\n<\/ol>\n\n\n\n<h3 class=\"wp-block-heading\"><span class=\"ez-toc-section\" id=\"Kombination_mit_anderen_Substanzen\"><\/span>\u4e0e\u5176\u4ed6\u7269\u8d28\u6df7\u5408\u4f7f\u7528<span class=\"ez-toc-section-end\"><\/span><\/h3>\n\n\n\n<ul class=\"wp-block-list\">\n<li><strong>\u9152\u7cbe<\/strong>\u589e\u52a0\u7528\u836f\u8fc7\u91cf\u548c\u6b7b\u4ea1\u7684\u98ce\u9669\u3002<\/li>\n\n\n\n<li><strong>\u82ef\u5e76\u4e8c\u6c2e\u6742\u5353<\/strong>\u8fd8\u4f1a\u589e\u52a0\u4e25\u91cd\u547c\u5438\u6291\u5236\u548c\u6b7b\u4ea1\u7684\u98ce\u9669\u3002<\/li>\n\n\n\n<li><strong>\u5174\u594b\u5242\uff08\u5982\u53ef\u5361\u56e0\u3001\u5b89\u975e\u4ed6\u660e\uff09<\/strong>\u53ef\u63a9\u76d6\u6291\u5236\u4f5c\u7528\uff0c\u5bfc\u81f4\u610f\u5916\u7528\u836f\u8fc7\u91cf\u3002<\/li>\n<\/ul>\n\n\n\n<h3 class=\"wp-block-heading\"><span class=\"ez-toc-section\" id=\"Schadensminderungsstrategien\"><\/span>\u635f\u5931\u6700\u5c0f\u5316\u6218\u7565<span class=\"ez-toc-section-end\"><\/span><\/h3>\n\n\n\n<ol class=\"wp-block-list\">\n<li><strong>\u8bf7\u52ff\u5355\u72ec\u4f7f\u7528\u3002<\/strong> \u4e00\u5b9a\u8981\u6709\u4e00\u4e2a\u6e05\u9192\u7684\u4eba\u5728\u573a\u3002<\/li>\n\n\n\n<li><strong>\u4e0d\u4e0e\u5176\u4ed6\u6291\u5236\u5242\u4e00\u8d77\u4f7f\u7528<\/strong> \u5982\u9152\u7cbe\u6216\u82ef\u4e8c\u6c2e\u5353\u3002<\/li>\n\n\n\n<li><strong>\u51c6\u786e\u6d4b\u91cf\u7f50\u5b50<\/strong> \u7528\u6ce8\u5c04\u5668\u6216\u5438\u7ba1\u3002<\/li>\n\n\n\n<li><strong>\u4ece\u5c0f\u5242\u91cf\u5f00\u59cb<\/strong>\u4ee5\u8bc4\u4f30\u8eab\u4f53\u7684\u53cd\u5e94\u3002<\/li>\n\n\n\n<li><strong>\u4fdd\u6301\u6c34\u5206<\/strong>\u4f46\u8981\u907f\u514d\u5728\u77ed\u65f6\u95f4\u5185\u5927\u91cf\u996e\u6c34\u3002<\/li>\n\n\n\n<li><strong>\u4fdd\u5b58\u7d27\u6025\u8054\u7cfb\u4eba\u548c\u4fe1\u606f<\/strong> \u51c6\u5907\u597d\u4e86<\/li>\n<\/ol>\n\n\n\n<h3 class=\"wp-block-heading\"><span class=\"ez-toc-section\" id=\"Lagerung_und_Handhabung\"><\/span>\u50a8\u5b58\u548c\u5904\u7406<span class=\"ez-toc-section-end\"><\/span><\/h3>\n\n\n\n<ul class=\"wp-block-list\">\n<li><strong>\u5b58\u653e\u5728\u9634\u51c9\u5e72\u71e5\u5904<\/strong>\u8fdc\u79bb\u9633\u5149\u76f4\u5c04\u3002<\/li>\n\n\n\n<li><strong>\u653e\u5728\u513f\u7ae5\u548c\u5ba0\u7269\u63a5\u89e6\u4e0d\u5230\u7684\u5730\u65b9\u3002<\/strong><\/li>\n\n\n\n<li><strong>\u7ed9\u5bb9\u5668\u8d34\u4e0a\u6807\u7b7e<\/strong>\u4ee5\u907f\u514d\u8bef\u6536\u3002<\/li>\n\n\n\n<li><strong>\u4f7f\u7528\u5408\u9002\u7684\u9632\u62a4\u8bbe\u5907<\/strong> (\u7531\u4e8e GBL \u5177\u6709\u6eb6\u5242\u7279\u6027\uff0c\u56e0\u6b64\u5728\u5904\u7406 GBL \u65f6\u5fc5\u987b\u6234\u624b\u5957\u548c\u5b89\u5168\u62a4\u76ee\u955c\u3002<\/li>\n<\/ul>\n\n\n\n<h3 class=\"wp-block-heading\"><span class=\"ez-toc-section\" id=\"Sicherheitsbedenken\"><\/span>\u5b89\u5168\u95ee\u9898<span class=\"ez-toc-section-end\"><\/span><\/h3>\n\n\n\n<ol class=\"wp-block-list\">\n<li><strong>\u5b89\u5168\u5b58\u50a8<\/strong>\u786e\u4fdd\u5c06 GBL \u548c GHB \u5b58\u653e\u5728\u4e0a\u9501\u7684\u5730\u65b9\u3002<\/li>\n\n\n\n<li><strong>\u76d1\u6d4b\u4f7f\u7528\u60c5\u51b5<\/strong>\u8ddf\u8e2a\u6570\u91cf\uff0c\u68c0\u6d4b\u672a\u7ecf\u6388\u6743\u7684\u4f7f\u7528\u3002<\/li>\n\n\n\n<li><strong>\u9075\u5b88\u6cd5\u5f8b\u6cd5\u89c4<\/strong>\u8bf7\u9075\u5b88\u5f53\u5730\u6709\u5173\u8d2d\u4e70\u3001\u50a8\u5b58\u548c\u4f7f\u7528\u8fd9\u4e9b\u7269\u8d28\u7684\u89c4\u5b9a\u3002<\/li>\n<\/ol>\n\n\n\n<h3 class=\"wp-block-heading\"><span class=\"ez-toc-section\" id=\"Medizinische_und_Psychologische_Uberlegungen\"><\/span>\u533b\u7597\u548c\u5fc3\u7406\u65b9\u9762\u7684\u8003\u8651<span class=\"ez-toc-section-end\"><\/span><\/h3>\n\n\n\n<ul class=\"wp-block-list\">\n<li><strong>\u4f9d\u8d56\u6027\u548c\u6212\u65ad<\/strong>\u8fd9\u4e24\u79cd\u7269\u8d28\u90fd\u4f1a\u8ba9\u4eba\u4e0a\u763e\u3002\u6212\u65ad\u75c7\u72b6\u5305\u62ec\u7126\u8651\u3001\u98a4\u6296\u3001\u5931\u7720\uff0c\u4e25\u91cd\u65f6\u8fd8\u4f1a\u62bd\u6410\u3002<\/li>\n\n\n\n<li><strong>\u5bfb\u6c42\u4e13\u4e1a\u5e2e\u52a9<\/strong>\u5982\u679c\u60a8\u6216\u60a8\u8ba4\u8bc6\u7684\u4eba\u6b63\u5728\u4e0e\u6bd2\u763e\u4f5c\u6597\u4e89\uff0c\u8bf7\u5bfb\u6c42\u533b\u7597\u548c\u5fc3\u7406\u5e2e\u52a9\u3002<\/li>\n<\/ul>\n\n\n\n<h3 class=\"wp-block-heading\"><span class=\"ez-toc-section\" id=\"Visuelle_Hilfsmittel\"><\/span>\u76f4\u89c2\u6559\u5177<span class=\"ez-toc-section-end\"><\/span><\/h3>\n\n\n\n<h4 class=\"wp-block-heading\"><span class=\"ez-toc-section\" id=\"Diagramm_der_stabilen_Seitenlage\"><\/span>\u7a33\u5b9a\u4fa7\u5367\u4f4d\u793a\u610f\u56fe<span class=\"ez-toc-section-end\"><\/span><\/h4>\n\n\n\n<figure class=\"wp-block-image\"><img decoding=\"async\" src=\"https:\/\/www.stjohn.org.nz\/assets\/First-Aid\/Recovery-position.jpg\" alt=\"Stabile Seitenlage\"\/><\/figure>\n\n\n\n<h4 class=\"wp-block-heading\"><span class=\"ez-toc-section\" id=\"Beispiel_fur_Dosismessung\"><\/span>\u5242\u91cf\u6d4b\u91cf\u793a\u4f8b<span class=\"ez-toc-section-end\"><\/span><\/h4>\n\n\n\n<figure class=\"wp-block-image\"><img decoding=\"async\" src=\"https:\/\/images-na.ssl-images-amazon.com\/images\/I\/61UogXBMy-L._AC_SL1500_.jpg\" alt=\"Dosismessung\"\/><\/figure>\n\n\n\n<h3 class=\"wp-block-heading\"><span class=\"ez-toc-section\" id=\"Fazit\"><\/span>\u7ed3\u8bba<span class=\"ez-toc-section-end\"><\/span><\/h3>\n\n\n\n<p>\u5982\u679c\u6ee5\u7528 GBL \u548c GHB\uff0c\u53ef\u80fd\u4f1a\u9020\u6210\u5371\u9669\u3002\u4e86\u89e3\u5176\u7279\u6027\u3001\u98ce\u9669\u548c\u5b89\u5168\u63aa\u65bd\u5bf9\u4e8e\u907f\u514d\u4f24\u5bb3\u81f3\u5173\u91cd\u8981\u3002\u59cb\u7ec8\u9075\u5faa\u51cf\u5c11\u4f24\u5bb3\u7684\u505a\u6cd5\u548c\u6cd5\u5f8b\u8981\u6c42\u3002<\/p>\n\n\n\n<p>\u5982\u9700\u4e86\u89e3\u66f4\u591a\u4fe1\u606f\uff0c\u8bf7\u54a8\u8be2\u533b\u7597\u4fdd\u5065\u4e13\u4e1a\u4eba\u58eb\u4ee5\u53ca\u6709\u5173\u836f\u7269\u4f7f\u7528\u548c\u51cf\u4f4e\u5371\u5bb3\u7684\u6743\u5a01\u8d44\u6599\u3002<\/p>","protected":false},"excerpt":{"rendered":"<p>Sicherheits- und Sicherheitsleitfaden f\u00fcr GBL (Gamma-Butyrolacton) und GHB (Gamma-Hydroxybutyrat) \u00dcbersicht GBL (Gamma-Butyrolacton) und GHB (Gamma-Hydroxybutyrat) sind Substanzen, die legitime industrielle und medizinische Anwendungen haben, aber auch aus Freizeitgr\u00fcnden verwendet werden. Beide Substanzen k\u00f6nnen gef\u00e4hrlich sein, wenn sie missbraucht werden, und haben ein Potenzial f\u00fcr Abh\u00e4ngigkeit, \u00dcberdosierung und rechtliche Konsequenzen. Eigenschaften und Wirkungen Eigenschaft GBL GHB [&hellip;]<\/p>\n","protected":false},"author":1,"featured_media":0,"parent":0,"menu_order":0,"comment_status":"closed","ping_status":"closed","template":"","meta":{"ocean_post_layout":"","ocean_both_sidebars_style":"","ocean_both_sidebars_content_width":0,"ocean_both_sidebars_sidebars_width":0,"ocean_sidebar":"","ocean_second_sidebar":"","ocean_disable_margins":"enable","ocean_add_body_class":"","ocean_shortcode_before_top_bar":"","ocean_shortcode_after_top_bar":"","ocean_shortcode_before_header":"","ocean_shortcode_after_header":"","ocean_has_shortcode":"","ocean_shortcode_after_title":"","ocean_shortcode_before_footer_widgets":"","ocean_shortcode_after_footer_widgets":"","ocean_shortcode_before_footer_bottom":"","ocean_shortcode_after_footer_bottom":"","ocean_display_top_bar":"default","ocean_display_header":"default","ocean_header_style":"","ocean_center_header_left_menu":"","ocean_custom_header_template":"","ocean_custom_logo":0,"ocean_custom_retina_logo":0,"ocean_custom_logo_max_width":0,"ocean_custom_logo_tablet_max_width":0,"ocean_custom_logo_mobile_max_width":0,"ocean_custom_logo_max_height":0,"ocean_custom_logo_tablet_max_height":0,"ocean_custom_logo_mobile_max_height":0,"ocean_header_custom_menu":"","ocean_menu_typo_font_family":"","ocean_menu_typo_font_subset":"","ocean_menu_typo_font_size":0,"ocean_menu_typo_font_size_tablet":0,"ocean_menu_typo_font_size_mobile":0,"ocean_menu_typo_font_size_unit":"px","ocean_menu_typo_font_weight":"","ocean_menu_typo_font_weight_tablet":"","ocean_menu_typo_font_weight_mobile":"","ocean_menu_typo_transform":"","ocean_menu_typo_transform_tablet":"","ocean_menu_typo_transform_mobile":"","ocean_menu_typo_line_height":0,"ocean_menu_typo_line_height_tablet":0,"ocean_menu_typo_line_height_mobile":0,"ocean_menu_typo_line_height_unit":"","ocean_menu_typo_spacing":0,"ocean_menu_typo_spacing_tablet":0,"ocean_menu_typo_spacing_mobile":0,"ocean_menu_typo_spacing_unit":"","ocean_menu_link_color":"","ocean_menu_link_color_hover":"","ocean_menu_link_color_active":"","ocean_menu_link_background":"","ocean_menu_link_hover_background":"","ocean_menu_link_active_background":"","ocean_menu_social_links_bg":"","ocean_menu_social_hover_links_bg":"","ocean_menu_social_links_color":"","ocean_menu_social_hover_links_color":"","ocean_disable_title":"default","ocean_disable_heading":"default","ocean_post_title":"","ocean_post_subheading":"","ocean_post_title_style":"","ocean_post_title_background_color":"","ocean_post_title_background":0,"ocean_post_title_bg_image_position":"","ocean_post_title_bg_image_attachment":"","ocean_post_title_bg_image_repeat":"","ocean_post_title_bg_image_size":"","ocean_post_title_height":0,"ocean_post_title_bg_overlay":0.5,"ocean_post_title_bg_overlay_color":"","ocean_disable_breadcrumbs":"default","ocean_breadcrumbs_color":"","ocean_breadcrumbs_separator_color":"","ocean_breadcrumbs_links_color":"","ocean_breadcrumbs_links_hover_color":"","ocean_display_footer_widgets":"default","ocean_display_footer_bottom":"default","ocean_custom_footer_template":"","footnotes":""},"class_list":["post-1264","page","type-page","status-publish","hentry","entry","owp-thumbs-layout-horizontal","owp-btn-normal","owp-tabs-layout-horizontal","has-no-thumbnails","has-product-nav"],"jetpack_sharing_enabled":true,"_links":{"self":[{"href":"https:\/\/gbl-eshop.net\/zh\/wp-json\/wp\/v2\/pages\/1264","targetHints":{"allow":["GET"]}}],"collection":[{"href":"https:\/\/gbl-eshop.net\/zh\/wp-json\/wp\/v2\/pages"}],"about":[{"href":"https:\/\/gbl-eshop.net\/zh\/wp-json\/wp\/v2\/types\/page"}],"author":[{"embeddable":true,"href":"https:\/\/gbl-eshop.net\/zh\/wp-json\/wp\/v2\/users\/1"}],"replies":[{"embeddable":true,"href":"https:\/\/gbl-eshop.net\/zh\/wp-json\/wp\/v2\/comments?post=1264"}],"version-history":[{"count":4,"href":"https:\/\/gbl-eshop.net\/zh\/wp-json\/wp\/v2\/pages\/1264\/revisions"}],"predecessor-version":[{"id":2636,"href":"https:\/\/gbl-eshop.net\/zh\/wp-json\/wp\/v2\/pages\/1264\/revisions\/2636"}],"wp:attachment":[{"href":"https:\/\/gbl-eshop.net\/zh\/wp-json\/wp\/v2\/media?parent=1264"}],"curies":[{"name":"wp","href":"https:\/\/api.w.org\/{rel}","templated":true}]}}