{"id":1035,"date":"2016-04-07T14:29:04","date_gmt":"2016-04-07T14:29:04","guid":{"rendered":"https:\/\/oceanwp.org\/store\/shop\/"},"modified":"2026-01-13T10:13:45","modified_gmt":"2026-01-13T10:13:45","slug":"shop-2","status":"publish","type":"page","link":"https:\/\/gbl-eshop.net\/zh\/shop-2\/","title":{"rendered":"\u5546\u5e97"},"content":{"rendered":"<p>\u6b22\u8fce\u8bbf\u95ee\u6211\u4eec\u7684\u4f3d\u9a6c\u4e01\u5185\u916f\uff08GBL\uff09\u548c\u4f3d\u9a6c\u7f9f\u4e01\u9178\uff08GHB\uff09\u4ea7\u54c1\u7684\u4e3b\u8981\u6765\u6e90\u3002\u6211\u4eec\u5f88\u8363\u5e78\u80fd\u4ece\u503c\u5f97\u4fe1\u8d56\u7684\u4f9b\u5e94\u5546\u90a3\u91cc\u63d0\u4f9b\u9ad8\u54c1\u8d28\u7684\u5316\u5408\u7269\uff0c\u786e\u4fdd\u6bcf\u6b21\u8d2d\u4e70\u7684\u7eaf\u5ea6\u548c\u6709\u6548\u6027\u3002<\/p>\n\n\n\n<p>Unser umfangreiches Sortiment umfasst <a href=\"https:\/\/gbl-eshop.net\/zh\/\">GBL- und GHB-<\/a>Formulierungen, die auf verschiedene industrielle, pharmazeutische und Forschungsanforderungen zugeschnitten sind. Ganz gleich, ob Sie L\u00f6sungsmittel f\u00fcr die chemische Synthese, Reinigungsmittel f\u00fcr industrielle Anwendungen oder pharmazeutische Verbindungen f\u00fcr Forschungszwecke suchen, bei uns werden Sie f\u00fcndig.<\/p>\n\n\n\n<p>\u5728\u6211\u4eec\u7684\u4e1a\u52a1\u4e2d\uff0c\u5ba2\u6237\u6ee1\u610f\u5ea6\u662f\u6211\u4eec\u7684\u9996\u8981\u4efb\u52a1\u3002\u6211\u4eec\u63d0\u4f9b\u5168\u9762\u7684\u4ea7\u54c1\u4fe1\u606f\uff0c\u5305\u62ec\u5b89\u5168\u6570\u636e\u8868\u548c\u4f7f\u7528\u6307\u5357\uff0c\u5e2e\u52a9\u60a8\u505a\u51fa\u660e\u667a\u7684\u8d2d\u4e70\u51b3\u5b9a\u3002\u6b64\u5916\uff0c\u6211\u4eec\u8fd8\u6709\u4e13\u95e8\u7684\u5ba2\u6237\u670d\u52a1\u56e2\u961f\u4e3a\u60a8\u7b54\u7591\u89e3\u60d1\uff0c\u534f\u52a9\u60a8\u5b8c\u6210\u8d2d\u4e70\u3002<\/p>\n\n\n\n<p>\u8bf7\u76f8\u4fe1\u6211\u4eec\u7684 GBL \u548c GHB \u4ea7\u54c1\u7684\u53ef\u9760\u6027\u548c\u8d28\u91cf\u3002\u8bf7\u653e\u5fc3\u8d2d\u4e70\uff0c\u5e76\u53d1\u73b0\u8d28\u91cf\u80fd\u4e3a\u60a8\u7684\u9879\u76ee\u548c\u5de5\u827a\u5e26\u6765\u7684\u4e0d\u540c\u3002<\/p>\n\n\n\n<p><\/p>","protected":false},"excerpt":{"rendered":"<p>Willkommen bei unserer ersten Adresse f\u00fcr Gamma-Butyrolacton (GBL) und Gamma-Hydroxybutyrat (GHB) Produkte. Wir sind stolz darauf, qualitativ hochwertige Verbindungen von vertrauensw\u00fcrdigen Lieferanten anbieten zu k\u00f6nnen, die Reinheit und Wirksamkeit bei jedem Kauf gew\u00e4hrleisten. Unser umfangreiches Sortiment umfasst GBL- und GHB-Formulierungen, die auf verschiedene industrielle, pharmazeutische und Forschungsanforderungen zugeschnitten sind. Ganz gleich, ob Sie L\u00f6sungsmittel f\u00fcr [&hellip;]<\/p>\n","protected":false},"author":1,"featured_media":0,"parent":0,"menu_order":0,"comment_status":"closed","ping_status":"closed","template":"","meta":{"ocean_post_layout":"","ocean_both_sidebars_style":"","ocean_both_sidebars_content_width":0,"ocean_both_sidebars_sidebars_width":0,"ocean_sidebar":"","ocean_second_sidebar":"","ocean_disable_margins":"enable","ocean_add_body_class":"","ocean_shortcode_before_top_bar":"","ocean_shortcode_after_top_bar":"","ocean_shortcode_before_header":"","ocean_shortcode_after_header":"","ocean_has_shortcode":"","ocean_shortcode_after_title":"","ocean_shortcode_before_footer_widgets":"","ocean_shortcode_after_footer_widgets":"","ocean_shortcode_before_footer_bottom":"","ocean_shortcode_after_footer_bottom":"","ocean_display_top_bar":"default","ocean_display_header":"default","ocean_header_style":"","ocean_center_header_left_menu":"","ocean_custom_header_template":"","ocean_custom_logo":0,"ocean_custom_retina_logo":0,"ocean_custom_logo_max_width":0,"ocean_custom_logo_tablet_max_width":0,"ocean_custom_logo_mobile_max_width":0,"ocean_custom_logo_max_height":0,"ocean_custom_logo_tablet_max_height":0,"ocean_custom_logo_mobile_max_height":0,"ocean_header_custom_menu":"","ocean_menu_typo_font_family":"","ocean_menu_typo_font_subset":"","ocean_menu_typo_font_size":0,"ocean_menu_typo_font_size_tablet":0,"ocean_menu_typo_font_size_mobile":0,"ocean_menu_typo_font_size_unit":"px","ocean_menu_typo_font_weight":"","ocean_menu_typo_font_weight_tablet":"","ocean_menu_typo_font_weight_mobile":"","ocean_menu_typo_transform":"","ocean_menu_typo_transform_tablet":"","ocean_menu_typo_transform_mobile":"","ocean_menu_typo_line_height":0,"ocean_menu_typo_line_height_tablet":0,"ocean_menu_typo_line_height_mobile":0,"ocean_menu_typo_line_height_unit":"","ocean_menu_typo_spacing":0,"ocean_menu_typo_spacing_tablet":0,"ocean_menu_typo_spacing_mobile":0,"ocean_menu_typo_spacing_unit":"","ocean_menu_link_color":"","ocean_menu_link_color_hover":"","ocean_menu_link_color_active":"","ocean_menu_link_background":"","ocean_menu_link_hover_background":"","ocean_menu_link_active_background":"","ocean_menu_social_links_bg":"","ocean_menu_social_hover_links_bg":"","ocean_menu_social_links_color":"","ocean_menu_social_hover_links_color":"","ocean_disable_title":"default","ocean_disable_heading":"default","ocean_post_title":"","ocean_post_subheading":"","ocean_post_title_style":"","ocean_post_title_background_color":"","ocean_post_title_background":0,"ocean_post_title_bg_image_position":"","ocean_post_title_bg_image_attachment":"","ocean_post_title_bg_image_repeat":"","ocean_post_title_bg_image_size":"","ocean_post_title_height":0,"ocean_post_title_bg_overlay":0.5,"ocean_post_title_bg_overlay_color":"","ocean_disable_breadcrumbs":"default","ocean_breadcrumbs_color":"","ocean_breadcrumbs_separator_color":"","ocean_breadcrumbs_links_color":"","ocean_breadcrumbs_links_hover_color":"","ocean_display_footer_widgets":"default","ocean_display_footer_bottom":"default","ocean_custom_footer_template":"","footnotes":""},"class_list":["post-1035","page","type-page","status-publish","hentry","entry","owp-thumbs-layout-horizontal","owp-btn-normal","owp-tabs-layout-horizontal","has-no-thumbnails","has-product-nav"],"jetpack_sharing_enabled":true,"_links":{"self":[{"href":"https:\/\/gbl-eshop.net\/zh\/wp-json\/wp\/v2\/pages\/1035","targetHints":{"allow":["GET"]}}],"collection":[{"href":"https:\/\/gbl-eshop.net\/zh\/wp-json\/wp\/v2\/pages"}],"about":[{"href":"https:\/\/gbl-eshop.net\/zh\/wp-json\/wp\/v2\/types\/page"}],"author":[{"embeddable":true,"href":"https:\/\/gbl-eshop.net\/zh\/wp-json\/wp\/v2\/users\/1"}],"replies":[{"embeddable":true,"href":"https:\/\/gbl-eshop.net\/zh\/wp-json\/wp\/v2\/comments?post=1035"}],"version-history":[{"count":4,"href":"https:\/\/gbl-eshop.net\/zh\/wp-json\/wp\/v2\/pages\/1035\/revisions"}],"predecessor-version":[{"id":2666,"href":"https:\/\/gbl-eshop.net\/zh\/wp-json\/wp\/v2\/pages\/1035\/revisions\/2666"}],"wp:attachment":[{"href":"https:\/\/gbl-eshop.net\/zh\/wp-json\/wp\/v2\/media?parent=1035"}],"curies":[{"name":"wp","href":"https:\/\/api.w.org\/{rel}","templated":true}]}}