{"id":1293,"date":"2024-06-02T19:18:01","date_gmt":"2024-06-02T19:18:01","guid":{"rendered":"https:\/\/linen-vulture-703400.hostingersite.com\/?post_type=product&#038;p=1293"},"modified":"2026-03-08T11:08:29","modified_gmt":"2026-03-08T11:08:29","slug":"gamma-butyrolacton-kaufen","status":"publish","type":"product","link":"https:\/\/gbl-eshop.net\/pt\/product\/gamma-butyrolacton-kaufen\/","title":{"rendered":"Comprar gama-butirolactona"},"content":{"rendered":"<h2>GBL (gama-butirolactona): Solvente de qualidade superior para uma vasta gama de aplica\u00e7\u00f5es industriais<\/h2>\n<p><strong data-start=\"422\" data-end=\"510\">Gamma-Butyrolacton kaufen (GBL) \u2013 Hochreines L\u00f6sungsmittel f\u00fcr Industrie &amp; Forschung<\/strong><br data-start=\"510\" data-end=\"513\" \/>Gamma-Butyrolacton (GBL) ist ein <strong data-start=\"546\" data-end=\"595\">leistungsstarkes und hochreines L\u00f6sungsmittel<\/strong>, das in Deutschland 2025 besonders gefragt ist. Dank seiner <strong data-start=\"656\" data-end=\"689\">au\u00dfergew\u00f6hnlichen Wirksamkeit<\/strong> findet es breite Anwendung in der <strong data-start=\"724\" data-end=\"796\">chemischen Synthese von Arzneimitteln, Agrochemikalien und Polymeren<\/strong>. Ebenso \u00fcberzeugt GBL als <strong data-start=\"823\" data-end=\"908\">zuverl\u00e4ssiger Bestandteil in Reinigungsmitteln, Farbentfernern und Beschichtungen<\/strong>. Wer <strong data-start=\"914\" data-end=\"943\">Comprar gama-butirolactona<\/strong> m\u00f6chte, erh\u00e4lt eine <strong data-start=\"964\" data-end=\"1088\">vielseitige L\u00f6sung f\u00fcr industrielle Anforderungen \u2013 mit gepr\u00fcfter Qualit\u00e4t, sicherem Versand und attraktiven Konditionen<\/strong>.<\/p>\n<h3>Porqu\u00ea escolher a GBL?<\/h3>\n<p>&#8211;<\/p>\n<ul data-start=\"297\" data-end=\"875\">\n<li data-start=\"297\" data-end=\"497\">\n<p data-start=\"299\" data-end=\"497\"><strong data-start=\"299\" data-end=\"338\">Hervorragende L\u00f6sungseigenschaften:<\/strong> GBL \u00fcberzeugt durch seine F\u00e4higkeit, <strong data-start=\"376\" data-end=\"445\">polare und unpolare Substanzen gleicherma\u00dfen zuverl\u00e4ssig zu l\u00f6sen<\/strong> \u2013 ideal f\u00fcr vielf\u00e4ltige industrielle Anwendungen.<\/p>\n<\/li>\n<li data-start=\"498\" data-end=\"690\">\n<p data-start=\"500\" data-end=\"690\"><strong data-start=\"500\" data-end=\"527\">Zertifizierte Reinheit:<\/strong> O nosso <strong data-start=\"534\" data-end=\"567\">hochreines Gamma-Butyrolacton<\/strong> wird nach strengsten Industriestandards hergestellt und garantiert <strong data-start=\"635\" data-end=\"687\">maximale Qualit\u00e4t und Konsistenz in jeder Charge<\/strong>.<\/p>\n<\/li>\n<li data-start=\"691\" data-end=\"875\">\n<p data-start=\"693\" data-end=\"875\"><strong data-start=\"693\" data-end=\"721\">Maximale Vielseitigkeit:<\/strong> Ob <strong data-start=\"725\" data-end=\"779\">Pharmaindustrie, Chemie, Reinigung oder Elektronik<\/strong> \u2013 GBL ist ein <strong data-start=\"794\" data-end=\"827\">unverzichtbares L\u00f6sungsmittel<\/strong> f\u00fcr unterschiedlichste industrielle Prozesse.<\/p>\n<\/li>\n<\/ul>\n<p data-start=\"877\" data-end=\"1003\">\ud83d\udc49 Jetzt <strong data-start=\"886\" data-end=\"915\">Comprar gama-butirolactona<\/strong> und von gepr\u00fcfter Qualit\u00e4t, sicherem Versand und attraktiven Konditionen profitieren.<\/p>\n<h3>Aplica\u00e7\u00f5es da GBL<\/h3>\n<p>1 **Farmac\u00eauticos:** A GBL \u00e9 um intermedi\u00e1rio importante na s\u00edntese de numerosos compostos farmac\u00eauticos e contribui para a produ\u00e7\u00e3o eficaz de medicamentos.<br \/>\n2 **Agroqu\u00edmicos:** Desempenha um papel importante na produ\u00e7\u00e3o de pesticidas e herbicidas e oferece solu\u00e7\u00f5es fi\u00e1veis para uma prote\u00e7\u00e3o eficaz das culturas.<br \/>\n3 **Pol\u00edmeros e pl\u00e1sticos:** A GBL \u00e9 crucial para a produ\u00e7\u00e3o de pol\u00edmeros de alto desempenho e contribui para o aumento da durabilidade e funcionalidade dos produtos pl\u00e1sticos.<br \/>\n4. Agentes de limpeza:** As suas fortes propriedades de solvente tornam a GBL altamente eficaz em agentes de limpeza industrial e garantem uma limpeza completa e eficiente em v\u00e1rias superf\u00edcies.<br \/>\n5 **Removedores de tintas e revestimentos:** A GBL \u00e9 um componente integral na formula\u00e7\u00e3o de removedores de tintas e revestimentos e proporciona excelentes resultados na prepara\u00e7\u00e3o e acabamento de superf\u00edcies. <a href=\"https:\/\/gbl-eshop.net\/pt\/product\/gamma-butyrolacton-kaufen\/\">Comprar gama-butirolactona<\/a><\/p>\n<h3>Qualidade e seguran\u00e7a<\/h3>\n<p>A nossa GBL \u00e9 fabricada sob rigorosos controlos de qualidade para garantir que cumpre todas as normas regulamentares. Damos grande \u00eanfase \u00e0 seguran\u00e7a e \u00e0 conformidade, fornecendo fichas de dados de seguran\u00e7a (SDS) detalhadas e rotulagem adequada para garantir um manuseamento e utiliza\u00e7\u00e3o seguros. O nosso compromisso com a qualidade garante que recebe um produto que satisfaz as suas mais elevadas expectativas. Comprar gama-butirolactona<\/p>\n<h3>Vantagens de comprar GBL connosco (<span class=\"___SText_lyret-ko_\" data-ui-name=\"Link.Text\">comprar gama-butirolactona)<\/span><\/h3>\n<p>- Pre\u00e7os competitivos:** Oferecemos GBL a pre\u00e7os competitivos sem comprometer a qualidade, para que obtenha a melhor rela\u00e7\u00e3o qualidade\/pre\u00e7o.<br \/>\n- Cadeia de fornecimento fi\u00e1vel:** A nossa cadeia de fornecimento robusta assegura a entrega atempada e a disponibilidade consistente de GBL para minimizar o tempo de inatividade nas suas opera\u00e7\u00f5es.<br \/>\n- Apoio especializado:** A nossa equipa experiente est\u00e1 pronta para fornecer apoio t\u00e9cnico e responder a quaisquer perguntas que possa ter sobre a GBL para o ajudar a tirar o m\u00e1ximo partido do nosso produto.<\/p>\n<h3>Melhoria dos processos industriais<\/h3>\n<p>O investimento na nossa alta qualidade <a href=\"https:\/\/en.wikipedia.org\/wiki\/Gamma-Butyrolactone\" target=\"_blank\" rel=\"noopener\">GBL<\/a> pode melhorar significativamente a efici\u00eancia e a efic\u00e1cia dos seus processos industriais. Quer esteja na ind\u00fastria farmac\u00eautica, na agricultura, na eletr\u00f3nica ou em qualquer outro sector, a nossa GBL oferece a fiabilidade e o desempenho de que necessita para ser bem sucedido.<\/p>\n<h3>\u00a0Entre em contacto connosco<\/h3>\n<p>Melhore as suas capacidades industriais com o nosso solvente de qualidade superior. Contacte-nos hoje para saber mais sobre a nossa oferta de produtos e descobrir como a GBL pode beneficiar a sua opera\u00e7\u00e3o. Com a nossa GBL, est\u00e1 a escolher um produto que oferece um desempenho excecional, qualidade consistente e fiabilidade inigual\u00e1vel para uma variedade de aplica\u00e7\u00f5es industriais. Comprar gama-butirolactona<\/p>\n<p>Ao escolher a nossa GBL, est\u00e1 a fazer um investimento estrat\u00e9gico num produto que apoia o crescimento e a excel\u00eancia operacional da sua empresa em v\u00e1rias ind\u00fastrias. Comprar gama-butirolactona<\/p>\n<p>Comprar<b><em>Gama-butirolactona<\/em><\/b> (<b><em>GBL<\/em><\/b>) 1,0 mg\/ml em padr\u00f5es de refer\u00eancia de acetonitrilo de Reference Materials for GHB and Related Compounds.<\/p>\n<p>comprar gbl. Bem-vindo ao <b><em>GBL E <\/em><\/b>Comprar pureza primeiro 99.99% <b><em>Comprar GBL<\/em><\/b> legal de Gamma Butyrolactone Enviado da Alemanha. <b><em>Comprar GBL<\/em><\/b> Alemanha<\/p>\n<p>Somos fornecedores certificados de <b><em>Produtos GBL<\/em><\/b> para aplica\u00e7\u00f5es industriais como a limpeza e o desengorduramento. Cada lote dos nossos <b><em>GBLs<\/em><\/b> \u00e9 testado de acordo com as normas da ind\u00fastria<\/p>","protected":false},"excerpt":{"rendered":"<p>A gama-butirolactona (GBL) \u00e9 um solvente vers\u00e1til e de elevada pureza, ideal para aplica\u00e7\u00f5es industriais, agentes de limpeza e s\u00ednteses qu\u00edmicas. A mais alta qualidade e entrega segura.<\/p>","protected":false},"featured_media":1294,"comment_status":"open","ping_status":"closed","template":"","meta":{"ocean_post_layout":"","ocean_both_sidebars_style":"","ocean_both_sidebars_content_width":0,"ocean_both_sidebars_sidebars_width":0,"ocean_sidebar":"0","ocean_second_sidebar":"0","ocean_disable_margins":"enable","ocean_add_body_class":"","ocean_shortcode_before_top_bar":"","ocean_shortcode_after_top_bar":"","ocean_shortcode_before_header":"","ocean_shortcode_after_header":"","ocean_has_shortcode":"","ocean_shortcode_after_title":"","ocean_shortcode_before_footer_widgets":"","ocean_shortcode_after_footer_widgets":"","ocean_shortcode_before_footer_bottom":"","ocean_shortcode_after_footer_bottom":"","ocean_display_top_bar":"default","ocean_display_header":"default","ocean_header_style":"","ocean_center_header_left_menu":"0","ocean_custom_header_template":"0","ocean_custom_logo":0,"ocean_custom_retina_logo":0,"ocean_custom_logo_max_width":0,"ocean_custom_logo_tablet_max_width":0,"ocean_custom_logo_mobile_max_width":0,"ocean_custom_logo_max_height":0,"ocean_custom_logo_tablet_max_height":0,"ocean_custom_logo_mobile_max_height":0,"ocean_header_custom_menu":"0","ocean_menu_typo_font_family":"0","ocean_menu_typo_font_subset":"","ocean_menu_typo_font_size":0,"ocean_menu_typo_font_size_tablet":0,"ocean_menu_typo_font_size_mobile":0,"ocean_menu_typo_font_size_unit":"px","ocean_menu_typo_font_weight":"","ocean_menu_typo_font_weight_tablet":"","ocean_menu_typo_font_weight_mobile":"","ocean_menu_typo_transform":"","ocean_menu_typo_transform_tablet":"","ocean_menu_typo_transform_mobile":"","ocean_menu_typo_line_height":0,"ocean_menu_typo_line_height_tablet":0,"ocean_menu_typo_line_height_mobile":0,"ocean_menu_typo_line_height_unit":"","ocean_menu_typo_spacing":0,"ocean_menu_typo_spacing_tablet":0,"ocean_menu_typo_spacing_mobile":0,"ocean_menu_typo_spacing_unit":"","ocean_menu_link_color":"","ocean_menu_link_color_hover":"","ocean_menu_link_color_active":"","ocean_menu_link_background":"","ocean_menu_link_hover_background":"","ocean_menu_link_active_background":"","ocean_menu_social_links_bg":"","ocean_menu_social_hover_links_bg":"","ocean_menu_social_links_color":"","ocean_menu_social_hover_links_color":"","ocean_disable_title":"default","ocean_disable_heading":"default","ocean_post_title":"","ocean_post_subheading":"","ocean_post_title_style":"","ocean_post_title_background_color":"","ocean_post_title_background":0,"ocean_post_title_bg_image_position":"","ocean_post_title_bg_image_attachment":"","ocean_post_title_bg_image_repeat":"","ocean_post_title_bg_image_size":"","ocean_post_title_height":0,"ocean_post_title_bg_overlay":0.5,"ocean_post_title_bg_overlay_color":"","ocean_disable_breadcrumbs":"default","ocean_breadcrumbs_color":"","ocean_breadcrumbs_separator_color":"","ocean_breadcrumbs_links_color":"","ocean_breadcrumbs_links_hover_color":"","ocean_display_footer_widgets":"default","ocean_display_footer_bottom":"default","ocean_custom_footer_template":"0"},"product_brand":[],"product_cat":[62],"product_tag":[65,216,77,78],"class_list":{"0":"post-1293","1":"product","2":"type-product","3":"status-publish","4":"has-post-thumbnail","6":"product_cat-gblgamma-butyrolactone","7":"product_tag-gamma-butyrolacton-kaufen","8":"product_tag-gamma-butyrolacton-kaufen-2025","9":"product_tag-gamma-butyrolacton-reiniger","10":"product_tag-gbl-gamma-butyrolactone-99-99-reiniger-losungsmittel","12":"entry","13":"has-media","15":"first","16":"instock","17":"sale","18":"featured","19":"shipping-taxable","20":"purchasable","21":"product-type-variable","22":"has-rating","23":"has-product-nav","24":"col","25":"span_1_of_3","26":"owp-content-center","27":"owp-thumbs-layout-horizontal","28":"owp-btn-normal","29":"owp-tabs-layout-horizontal"},"jetpack_sharing_enabled":true,"_links":{"self":[{"href":"https:\/\/gbl-eshop.net\/pt\/wp-json\/wp\/v2\/product\/1293","targetHints":{"allow":["GET"]}}],"collection":[{"href":"https:\/\/gbl-eshop.net\/pt\/wp-json\/wp\/v2\/product"}],"about":[{"href":"https:\/\/gbl-eshop.net\/pt\/wp-json\/wp\/v2\/types\/product"}],"replies":[{"embeddable":true,"href":"https:\/\/gbl-eshop.net\/pt\/wp-json\/wp\/v2\/comments?post=1293"}],"wp:featuredmedia":[{"embeddable":true,"href":"https:\/\/gbl-eshop.net\/pt\/wp-json\/wp\/v2\/media\/1294"}],"wp:attachment":[{"href":"https:\/\/gbl-eshop.net\/pt\/wp-json\/wp\/v2\/media?parent=1293"}],"wp:term":[{"taxonomy":"product_brand","embeddable":true,"href":"https:\/\/gbl-eshop.net\/pt\/wp-json\/wp\/v2\/product_brand?post=1293"},{"taxonomy":"product_cat","embeddable":true,"href":"https:\/\/gbl-eshop.net\/pt\/wp-json\/wp\/v2\/product_cat?post=1293"},{"taxonomy":"product_tag","embeddable":true,"href":"https:\/\/gbl-eshop.net\/pt\/wp-json\/wp\/v2\/product_tag?post=1293"}],"curies":[{"name":"wp","href":"https:\/\/api.w.org\/{rel}","templated":true}]}}