{"id":1272,"date":"2024-06-02T16:00:11","date_gmt":"2024-06-02T16:00:11","guid":{"rendered":"https:\/\/linen-vulture-703400.hostingersite.com\/?page_id=1272"},"modified":"2024-06-02T16:00:12","modified_gmt":"2024-06-02T16:00:12","slug":"faqs","status":"publish","type":"page","link":"https:\/\/gbl-eshop.net\/pt\/faqs\/","title":{"rendered":"Perguntas frequentes"},"content":{"rendered":"<div id=\"ez-toc-container\" class=\"ez-toc-v2_0_82_2 counter-hierarchy ez-toc-counter ez-toc-grey ez-toc-container-direction\">\n<div class=\"ez-toc-title-container\">\n<p class=\"ez-toc-title\" style=\"cursor:inherit\">\u00cdndice<\/p>\n<span class=\"ez-toc-title-toggle\"><a href=\"#\" class=\"ez-toc-pull-right ez-toc-btn ez-toc-btn-xs ez-toc-btn-default ez-toc-toggle\" aria-label=\"Alternar o \u00edndice\"><span class=\"ez-toc-js-icon-con\"><span class=\"\"><span class=\"eztoc-hide\" style=\"display:none;\">Alternar<\/span><span class=\"ez-toc-icon-toggle-span\"><svg style=\"fill: #999;color:#999\" xmlns=\"http:\/\/www.w3.org\/2000\/svg\" class=\"list-377408\" width=\"20px\" height=\"20px\" viewbox=\"0 0 24 24\" fill=\"none\"><path d=\"M6 6H4v2h2V6zm14 0H8v2h12V6zM4 11h2v2H4v-2zm16 0H8v2h12v-2zM4 16h2v2H4v-2zm16 0H8v2h12v-2z\" fill=\"currentColor\"><\/path><\/svg><svg style=\"fill: #999;color:#999\" class=\"arrow-unsorted-368013\" xmlns=\"http:\/\/www.w3.org\/2000\/svg\" width=\"10px\" height=\"10px\" viewbox=\"0 0 24 24\" version=\"1.2\" baseprofile=\"tiny\"><path d=\"M18.2 9.3l-6.2-6.3-6.2 6.3c-.2.2-.3.4-.3.7s.1.5.3.7c.2.2.4.3.7.3h11c.3 0 .5-.1.7-.3.2-.2.3-.5.3-.7s-.1-.5-.3-.7zM5.8 14.7l6.2 6.3 6.2-6.3c.2-.2.3-.5.3-.7s-.1-.5-.3-.7c-.2-.2-.4-.3-.7-.3h-11c-.3 0-.5.1-.7.3-.2.2-.3.5-.3.7s.1.5.3.7z\"\/><\/svg><\/span><\/span><\/span><\/a><\/span><\/div>\n<nav><ul class='ez-toc-list ez-toc-list-level-1' ><li class='ez-toc-page-1 ez-toc-heading-level-1'><a class=\"ez-toc-link ez-toc-heading-1\" href=\"https:\/\/gbl-eshop.net\/pt\/faqs\/#FAQs_zu_GBL_und_GHB\" >Perguntas frequentes sobre GBL e GHB<\/a><ul class='ez-toc-list-level-2' ><li class='ez-toc-heading-level-2'><a class=\"ez-toc-link ez-toc-heading-2\" href=\"https:\/\/gbl-eshop.net\/pt\/faqs\/#FAQs_zu_GBL\" >Perguntas frequentes sobre a GBL:<\/a><ul class='ez-toc-list-level-3' ><li class='ez-toc-heading-level-3'><a class=\"ez-toc-link ez-toc-heading-3\" href=\"https:\/\/gbl-eshop.net\/pt\/faqs\/#1_Was_ist_GBL\" >1. o que \u00e9 a GBL?<\/a><\/li><li class='ez-toc-page-1 ez-toc-heading-level-3'><a class=\"ez-toc-link ez-toc-heading-4\" href=\"https:\/\/gbl-eshop.net\/pt\/faqs\/#2_Ist_GBL_dasselbe_wie_GHB\" >2. a GBL \u00e9 o mesmo que GHB?<\/a><\/li><li class='ez-toc-page-1 ez-toc-heading-level-3'><a class=\"ez-toc-link ez-toc-heading-5\" href=\"https:\/\/gbl-eshop.net\/pt\/faqs\/#3_Wie_wird_GBL_im_Freizeitgebrauch_verwendet\" >3. Como \u00e9 que a GBL \u00e9 utilizada nos tempos livres?<\/a><\/li><li class='ez-toc-page-1 ez-toc-heading-level-3'><a class=\"ez-toc-link ez-toc-heading-6\" href=\"https:\/\/gbl-eshop.net\/pt\/faqs\/#4_Welche_Risiken_sind_mit_dem_Gebrauch_von_GBL_verbunden\" >4 Quais s\u00e3o os riscos associados ao consumo de GBL?<\/a><\/li><li class='ez-toc-page-1 ez-toc-heading-level-3'><a class=\"ez-toc-link ez-toc-heading-7\" href=\"https:\/\/gbl-eshop.net\/pt\/faqs\/#5_Ist_GBL_legal\" >5. a GBL \u00e9 legal?<\/a><\/li><\/ul><\/li><li class='ez-toc-page-1 ez-toc-heading-level-2'><a class=\"ez-toc-link ez-toc-heading-8\" href=\"https:\/\/gbl-eshop.net\/pt\/faqs\/#FAQs_zu_GHB\" >Perguntas frequentes sobre o GHB:<\/a><ul class='ez-toc-list-level-3' ><li class='ez-toc-heading-level-3'><a class=\"ez-toc-link ez-toc-heading-9\" href=\"https:\/\/gbl-eshop.net\/pt\/faqs\/#1_Was_ist_GHB\" >1. o que \u00e9 o GHB?<\/a><\/li><li class='ez-toc-page-1 ez-toc-heading-level-3'><a class=\"ez-toc-link ez-toc-heading-10\" href=\"https:\/\/gbl-eshop.net\/pt\/faqs\/#2_Wie_unterscheidet_sich_GHB_von_GBL\" >2. Em que \u00e9 que o GHB difere da GBL?<\/a><\/li><li class='ez-toc-page-1 ez-toc-heading-level-3'><a class=\"ez-toc-link ez-toc-heading-11\" href=\"https:\/\/gbl-eshop.net\/pt\/faqs\/#3_Welche_Effekte_hat_der_Gebrauch_von_GHB\" >3. Quais s\u00e3o os efeitos da utiliza\u00e7\u00e3o de GHB?<\/a><\/li><li class='ez-toc-page-1 ez-toc-heading-level-3'><a class=\"ez-toc-link ez-toc-heading-12\" href=\"https:\/\/gbl-eshop.net\/pt\/faqs\/#4_Welche_Risiken_sind_mit_dem_Gebrauch_von_GHB_verbunden\" >4 Quais s\u00e3o os riscos associados \u00e0 utiliza\u00e7\u00e3o de GHB?<\/a><\/li><li class='ez-toc-page-1 ez-toc-heading-level-3'><a class=\"ez-toc-link ez-toc-heading-13\" href=\"https:\/\/gbl-eshop.net\/pt\/faqs\/#5_Ist_GHB_legal\" >5. o GHB \u00e9 legal?<\/a><\/li><\/ul><\/li><\/ul><\/li><\/ul><\/nav><\/div>\n<h1 class=\"wp-block-heading\"><span class=\"ez-toc-section\" id=\"FAQs_zu_GBL_und_GHB\"><\/span> Perguntas frequentes sobre GBL e GHB <span class=\"ez-toc-section-end\"><\/span><\/h1>\n\n\n\n<h2 class=\"wp-block-heading\"><span class=\"ez-toc-section\" id=\"FAQs_zu_GBL\"><\/span>Perguntas frequentes sobre a GBL:<span class=\"ez-toc-section-end\"><\/span><\/h2>\n\n\n\n<h3 class=\"wp-block-heading\"><span class=\"ez-toc-section\" id=\"1_Was_ist_GBL\"><\/span><strong>1. o que \u00e9 a GBL?<\/strong><span class=\"ez-toc-section-end\"><\/span><\/h3>\n\n\n\n<ul class=\"wp-block-list\">\n<li>A GBL, ou gama-butirolactona, \u00e9 um composto qu\u00edmico utilizado em v\u00e1rias aplica\u00e7\u00f5es industriais, incluindo como solvente, agente de limpeza e precursor na produ\u00e7\u00e3o de alguns pl\u00e1sticos e produtos farmac\u00eauticos.<\/li>\n<\/ul>\n\n\n\n<h3 class=\"wp-block-heading\"><span class=\"ez-toc-section\" id=\"2_Ist_GBL_dasselbe_wie_GHB\"><\/span><strong>2. a GBL \u00e9 o mesmo que GHB?<\/strong><span class=\"ez-toc-section-end\"><\/span><\/h3>\n\n\n\n<ul class=\"wp-block-list\">\n<li>Ap\u00f3s a ingest\u00e3o, a GBL \u00e9 convertida em GHB (gama-hidroxibutirato) no organismo. Ambas as subst\u00e2ncias s\u00e3o depressoras do sistema nervoso central e t\u00eam efeitos semelhantes, embora o GHB tenha geralmente um efeito mais forte.<\/li>\n<\/ul>\n\n\n\n<h3 class=\"wp-block-heading\"><span class=\"ez-toc-section\" id=\"3_Wie_wird_GBL_im_Freizeitgebrauch_verwendet\"><\/span><strong>3. Como \u00e9 que a GBL \u00e9 utilizada nos tempos livres?<\/strong><span class=\"ez-toc-section-end\"><\/span><\/h3>\n\n\n\n<ul class=\"wp-block-list\">\n<li>Algumas pessoas abusam da GBL como droga recreativa devido aos seus efeitos euf\u00f3ricos e sedativos. \u00c9 frequentemente tomada por via oral, quer na sua forma pura, quer dilu\u00edda numa bebida. No entanto, \u00e9 extremamente perigosa devido \u00e0 sua pot\u00eancia imprevis\u00edvel e \u00e0 possibilidade de overdose.<\/li>\n<\/ul>\n\n\n\n<h3 class=\"wp-block-heading\"><span class=\"ez-toc-section\" id=\"4_Welche_Risiken_sind_mit_dem_Gebrauch_von_GBL_verbunden\"><\/span><strong>4 Quais s\u00e3o os riscos associados ao consumo de GBL?<\/strong><span class=\"ez-toc-section-end\"><\/span><\/h3>\n\n\n\n<figure class=\"wp-block-table\"><table><thead><tr><th>Riscos<\/th><th>pormenores<\/th><\/tr><\/thead><tbody><tr><td>Depend\u00eancia<\/td><td>A GBL pode ser altamente viciante e levar \u00e0 depend\u00eancia se usada regularmente.<\/td><\/tr><tr><td>Sobredosagem<\/td><td>Uma overdose de GBL pode levar \u00e0 depress\u00e3o respirat\u00f3ria, coma e at\u00e9 \u00e0 morte.<\/td><\/tr><tr><td>Complica\u00e7\u00f5es de sa\u00fade<\/td><td>O consumo prolongado de GBL pode provocar v\u00e1rios problemas de sa\u00fade, incluindo les\u00f5es hep\u00e1ticas e perturba\u00e7\u00f5es cognitivas.<\/td><\/tr><\/tbody><\/table><\/figure>\n\n\n\n<h3 class=\"wp-block-heading\"><span class=\"ez-toc-section\" id=\"5_Ist_GBL_legal\"><\/span><strong>5. a GBL \u00e9 legal?<\/strong><span class=\"ez-toc-section-end\"><\/span><\/h3>\n\n\n\n<ul class=\"wp-block-list\">\n<li>Em muitos pa\u00edses, a GBL \u00e9 classificada como uma subst\u00e2ncia controlada devido ao seu potencial de abuso e depend\u00eancia. O seu estatuto legal varia em todo o mundo, mas \u00e9 frequentemente regulamentado ou proibido.<\/li>\n<\/ul>\n\n\n\n<h2 class=\"wp-block-heading\"><span class=\"ez-toc-section\" id=\"FAQs_zu_GHB\"><\/span>Perguntas frequentes sobre o GHB:<span class=\"ez-toc-section-end\"><\/span><\/h2>\n\n\n\n<h3 class=\"wp-block-heading\"><span class=\"ez-toc-section\" id=\"1_Was_ist_GHB\"><\/span><strong>1. o que \u00e9 o GHB?<\/strong><span class=\"ez-toc-section-end\"><\/span><\/h3>\n\n\n\n<ul class=\"wp-block-list\">\n<li>O GHB, ou gama-hidroxibutirato, \u00e9 um depressor do sistema nervoso central que \u00e9 por vezes utilizado como droga recreativa pelos seus efeitos euf\u00f3ricos e sedativos.<\/li>\n<\/ul>\n\n\n\n<h3 class=\"wp-block-heading\"><span class=\"ez-toc-section\" id=\"2_Wie_unterscheidet_sich_GHB_von_GBL\"><\/span><strong>2. Em que \u00e9 que o GHB difere da GBL?<\/strong><span class=\"ez-toc-section-end\"><\/span><\/h3>\n\n\n\n<ul class=\"wp-block-list\">\n<li>O GHB \u00e9 quimicamente semelhante \u00e0 GBL, mas encontra-se geralmente na forma l\u00edquida. Tem um in\u00edcio de a\u00e7\u00e3o mais r\u00e1pido e \u00e9 geralmente mais forte do que a GBL.<\/li>\n<\/ul>\n\n\n\n<h3 class=\"wp-block-heading\"><span class=\"ez-toc-section\" id=\"3_Welche_Effekte_hat_der_Gebrauch_von_GHB\"><\/span><strong>3. Quais s\u00e3o os efeitos da utiliza\u00e7\u00e3o de GHB?<\/strong><span class=\"ez-toc-section-end\"><\/span><\/h3>\n\n\n\n<figure class=\"wp-block-table\"><table><thead><tr><th>Efeitos<\/th><th>pormenores<\/th><\/tr><\/thead><tbody><tr><td>Euforia e relaxamento<\/td><td>O GHB pode produzir uma sensa\u00e7\u00e3o de euforia, relaxamento e aumento da sociabilidade.<\/td><\/tr><tr><td>Seda\u00e7\u00e3o<\/td><td>Tem efeitos sedativos que provocam frequentemente cansa\u00e7o e sonol\u00eancia.<\/td><\/tr><tr><td>Perda de mem\u00f3ria<\/td><td>O uso de GHB pode causar perda de mem\u00f3ria, dificultando a recorda\u00e7\u00e3o de acontecimentos.<\/td><\/tr><\/tbody><\/table><\/figure>\n\n\n\n<h3 class=\"wp-block-heading\"><span class=\"ez-toc-section\" id=\"4_Welche_Risiken_sind_mit_dem_Gebrauch_von_GHB_verbunden\"><\/span><strong>4 Quais s\u00e3o os riscos associados \u00e0 utiliza\u00e7\u00e3o de GHB?<\/strong><span class=\"ez-toc-section-end\"><\/span><\/h3>\n\n\n\n<figure class=\"wp-block-table\"><table><thead><tr><th>Riscos<\/th><th>pormenores<\/th><\/tr><\/thead><tbody><tr><td>Depress\u00e3o respirat\u00f3ria<\/td><td>O GHB pode afetar a fun\u00e7\u00e3o respirat\u00f3ria, o que pode levar a uma respira\u00e7\u00e3o superficial ou ao coma.<\/td><\/tr><tr><td>Sobredosagem<\/td><td>Uma overdose de GHB pode levar a uma depress\u00e3o respirat\u00f3ria grave e \u00e0 morte.<\/td><\/tr><tr><td>Depend\u00eancia<\/td><td>O uso regular de GHB pode levar \u00e0 depend\u00eancia e ao v\u00edcio.<\/td><\/tr><\/tbody><\/table><\/figure>\n\n\n\n<h3 class=\"wp-block-heading\"><span class=\"ez-toc-section\" id=\"5_Ist_GHB_legal\"><\/span><strong>5. o GHB \u00e9 legal?<\/strong><span class=\"ez-toc-section-end\"><\/span><\/h3>\n\n\n\n<ul class=\"wp-block-list\">\n<li>Tal como a GBL, o GHB \u00e9 frequentemente regulamentado ou proibido devido ao seu potencial de abuso e depend\u00eancia. \u00c9 classificado como subst\u00e2ncia controlada em muitos pa\u00edses.<\/li>\n<\/ul>\n\n\n\n<p>Estas FAQs fornecem uma vis\u00e3o global da GBL e do GHB, incluindo os seus efeitos, riscos e estatuto legal. \u00c9 importante notar que ambas as subst\u00e2ncias podem ser perigosas e s\u00f3 devem ser utilizadas sob a orienta\u00e7\u00e3o de um profissional de sa\u00fade quando prescritas para fins m\u00e9dicos leg\u00edtimos.<\/p>","protected":false},"excerpt":{"rendered":"<p>FAQs zu GBL und GHB FAQs zu GBL: 1. Was ist GBL? 2. Ist GBL dasselbe wie GHB? 3. Wie wird GBL im Freizeitgebrauch verwendet? 4. Welche Risiken sind mit dem Gebrauch von GBL verbunden? Risiken Details Sucht GBL kann stark s\u00fcchtig machen und bei regelm\u00e4\u00dfiger Anwendung zu Abh\u00e4ngigkeit f\u00fchren. \u00dcberdosierung Eine \u00dcberdosierung von GBL [&hellip;]<\/p>\n","protected":false},"author":1,"featured_media":0,"parent":0,"menu_order":0,"comment_status":"closed","ping_status":"closed","template":"","meta":{"ocean_post_layout":"","ocean_both_sidebars_style":"","ocean_both_sidebars_content_width":0,"ocean_both_sidebars_sidebars_width":0,"ocean_sidebar":"","ocean_second_sidebar":"","ocean_disable_margins":"enable","ocean_add_body_class":"","ocean_shortcode_before_top_bar":"","ocean_shortcode_after_top_bar":"","ocean_shortcode_before_header":"","ocean_shortcode_after_header":"","ocean_has_shortcode":"","ocean_shortcode_after_title":"","ocean_shortcode_before_footer_widgets":"","ocean_shortcode_after_footer_widgets":"","ocean_shortcode_before_footer_bottom":"","ocean_shortcode_after_footer_bottom":"","ocean_display_top_bar":"default","ocean_display_header":"default","ocean_header_style":"","ocean_center_header_left_menu":"","ocean_custom_header_template":"","ocean_custom_logo":0,"ocean_custom_retina_logo":0,"ocean_custom_logo_max_width":0,"ocean_custom_logo_tablet_max_width":0,"ocean_custom_logo_mobile_max_width":0,"ocean_custom_logo_max_height":0,"ocean_custom_logo_tablet_max_height":0,"ocean_custom_logo_mobile_max_height":0,"ocean_header_custom_menu":"","ocean_menu_typo_font_family":"","ocean_menu_typo_font_subset":"","ocean_menu_typo_font_size":0,"ocean_menu_typo_font_size_tablet":0,"ocean_menu_typo_font_size_mobile":0,"ocean_menu_typo_font_size_unit":"px","ocean_menu_typo_font_weight":"","ocean_menu_typo_font_weight_tablet":"","ocean_menu_typo_font_weight_mobile":"","ocean_menu_typo_transform":"","ocean_menu_typo_transform_tablet":"","ocean_menu_typo_transform_mobile":"","ocean_menu_typo_line_height":0,"ocean_menu_typo_line_height_tablet":0,"ocean_menu_typo_line_height_mobile":0,"ocean_menu_typo_line_height_unit":"","ocean_menu_typo_spacing":0,"ocean_menu_typo_spacing_tablet":0,"ocean_menu_typo_spacing_mobile":0,"ocean_menu_typo_spacing_unit":"","ocean_menu_link_color":"","ocean_menu_link_color_hover":"","ocean_menu_link_color_active":"","ocean_menu_link_background":"","ocean_menu_link_hover_background":"","ocean_menu_link_active_background":"","ocean_menu_social_links_bg":"","ocean_menu_social_hover_links_bg":"","ocean_menu_social_links_color":"","ocean_menu_social_hover_links_color":"","ocean_disable_title":"default","ocean_disable_heading":"default","ocean_post_title":"","ocean_post_subheading":"","ocean_post_title_style":"","ocean_post_title_background_color":"","ocean_post_title_background":0,"ocean_post_title_bg_image_position":"","ocean_post_title_bg_image_attachment":"","ocean_post_title_bg_image_repeat":"","ocean_post_title_bg_image_size":"","ocean_post_title_height":0,"ocean_post_title_bg_overlay":0.5,"ocean_post_title_bg_overlay_color":"","ocean_disable_breadcrumbs":"default","ocean_breadcrumbs_color":"","ocean_breadcrumbs_separator_color":"","ocean_breadcrumbs_links_color":"","ocean_breadcrumbs_links_hover_color":"","ocean_display_footer_widgets":"default","ocean_display_footer_bottom":"default","ocean_custom_footer_template":"","footnotes":""},"class_list":["post-1272","page","type-page","status-publish","hentry","entry","owp-thumbs-layout-horizontal","owp-btn-normal","owp-tabs-layout-horizontal","has-no-thumbnails","has-product-nav"],"jetpack_sharing_enabled":true,"_links":{"self":[{"href":"https:\/\/gbl-eshop.net\/pt\/wp-json\/wp\/v2\/pages\/1272","targetHints":{"allow":["GET"]}}],"collection":[{"href":"https:\/\/gbl-eshop.net\/pt\/wp-json\/wp\/v2\/pages"}],"about":[{"href":"https:\/\/gbl-eshop.net\/pt\/wp-json\/wp\/v2\/types\/page"}],"author":[{"embeddable":true,"href":"https:\/\/gbl-eshop.net\/pt\/wp-json\/wp\/v2\/users\/1"}],"replies":[{"embeddable":true,"href":"https:\/\/gbl-eshop.net\/pt\/wp-json\/wp\/v2\/comments?post=1272"}],"version-history":[{"count":2,"href":"https:\/\/gbl-eshop.net\/pt\/wp-json\/wp\/v2\/pages\/1272\/revisions"}],"predecessor-version":[{"id":1274,"href":"https:\/\/gbl-eshop.net\/pt\/wp-json\/wp\/v2\/pages\/1272\/revisions\/1274"}],"wp:attachment":[{"href":"https:\/\/gbl-eshop.net\/pt\/wp-json\/wp\/v2\/media?parent=1272"}],"curies":[{"name":"wp","href":"https:\/\/api.w.org\/{rel}","templated":true}]}}