{"id":1264,"date":"2024-06-02T15:00:18","date_gmt":"2024-06-02T15:00:18","guid":{"rendered":"https:\/\/linen-vulture-703400.hostingersite.com\/?page_id=1264"},"modified":"2025-09-16T03:55:50","modified_gmt":"2025-09-16T03:55:50","slug":"schutz-gbl-und-ghb","status":"publish","type":"page","link":"https:\/\/gbl-eshop.net\/pt\/schutz-gbl-und-ghb\/","title":{"rendered":"Prote\u00e7\u00e3o"},"content":{"rendered":"<div id=\"ez-toc-container\" class=\"ez-toc-v2_0_82_2 counter-hierarchy ez-toc-counter ez-toc-grey ez-toc-container-direction\">\n<div class=\"ez-toc-title-container\">\n<p class=\"ez-toc-title\" style=\"cursor:inherit\">\u00cdndice<\/p>\n<span class=\"ez-toc-title-toggle\"><a href=\"#\" class=\"ez-toc-pull-right ez-toc-btn ez-toc-btn-xs ez-toc-btn-default ez-toc-toggle\" aria-label=\"Alternar o \u00edndice\"><span class=\"ez-toc-js-icon-con\"><span class=\"\"><span class=\"eztoc-hide\" style=\"display:none;\">Alternar<\/span><span class=\"ez-toc-icon-toggle-span\"><svg style=\"fill: #999;color:#999\" xmlns=\"http:\/\/www.w3.org\/2000\/svg\" class=\"list-377408\" width=\"20px\" height=\"20px\" viewbox=\"0 0 24 24\" fill=\"none\"><path d=\"M6 6H4v2h2V6zm14 0H8v2h12V6zM4 11h2v2H4v-2zm16 0H8v2h12v-2zM4 16h2v2H4v-2zm16 0H8v2h12v-2z\" fill=\"currentColor\"><\/path><\/svg><svg style=\"fill: #999;color:#999\" class=\"arrow-unsorted-368013\" xmlns=\"http:\/\/www.w3.org\/2000\/svg\" width=\"10px\" height=\"10px\" viewbox=\"0 0 24 24\" version=\"1.2\" baseprofile=\"tiny\"><path d=\"M18.2 9.3l-6.2-6.3-6.2 6.3c-.2.2-.3.4-.3.7s.1.5.3.7c.2.2.4.3.7.3h11c.3 0 .5-.1.7-.3.2-.2.3-.5.3-.7s-.1-.5-.3-.7zM5.8 14.7l6.2 6.3 6.2-6.3c.2-.2.3-.5.3-.7s-.1-.5-.3-.7c-.2-.2-.4-.3-.7-.3h-11c-.3 0-.5.1-.7.3-.2.2-.3.5-.3.7s.1.5.3.7z\"\/><\/svg><\/span><\/span><\/span><\/a><\/span><\/div>\n<nav><ul class='ez-toc-list ez-toc-list-level-1' ><li class='ez-toc-page-1 ez-toc-heading-level-2'><a class=\"ez-toc-link ez-toc-heading-1\" href=\"https:\/\/gbl-eshop.net\/pt\/schutz-gbl-und-ghb\/#Sicherheits-_und_Sicherheitsleitfaden_fur_GBL_Gamma-Butyrolacton_und_GHB_Gamma-Hydroxybutyrat\" >Guia de seguran\u00e7a e prote\u00e7\u00e3o para a GBL (gama-butirolactona) e o GHB (gama-hidroxibutirato)<\/a><ul class='ez-toc-list-level-3' ><li class='ez-toc-heading-level-3'><a class=\"ez-toc-link ez-toc-heading-2\" href=\"https:\/\/gbl-eshop.net\/pt\/schutz-gbl-und-ghb\/#Ubersicht\" >Vis\u00e3o geral<\/a><\/li><li class='ez-toc-page-1 ez-toc-heading-level-3'><a class=\"ez-toc-link ez-toc-heading-3\" href=\"https:\/\/gbl-eshop.net\/pt\/schutz-gbl-und-ghb\/#Eigenschaften_und_Wirkungen\" >Propriedades e efeitos<\/a><\/li><li class='ez-toc-page-1 ez-toc-heading-level-3'><a class=\"ez-toc-link ez-toc-heading-4\" href=\"https:\/\/gbl-eshop.net\/pt\/schutz-gbl-und-ghb\/#Rechtlicher_Status\" >Estatuto jur\u00eddico<\/a><\/li><li class='ez-toc-page-1 ez-toc-heading-level-3'><a class=\"ez-toc-link ez-toc-heading-5\" href=\"https:\/\/gbl-eshop.net\/pt\/schutz-gbl-und-ghb\/#Sicherheitsrichtlinien\" >Orienta\u00e7\u00f5es de seguran\u00e7a<\/a><ul class='ez-toc-list-level-4' ><li class='ez-toc-heading-level-4'><a class=\"ez-toc-link ez-toc-heading-6\" href=\"https:\/\/gbl-eshop.net\/pt\/schutz-gbl-und-ghb\/#Dosierung\" >Dosagem<\/a><\/li><li class='ez-toc-page-1 ez-toc-heading-level-4'><a class=\"ez-toc-link ez-toc-heading-7\" href=\"https:\/\/gbl-eshop.net\/pt\/schutz-gbl-und-ghb\/#Risiken_einer_Uberdosierung\" >Riscos de uma overdose<\/a><ul class='ez-toc-list-level-6' ><li class='ez-toc-heading-level-6'><ul class='ez-toc-list-level-6' ><li class='ez-toc-heading-level-6'><a class=\"ez-toc-link ez-toc-heading-8\" href=\"https:\/\/gbl-eshop.net\/pt\/schutz-gbl-und-ghb\/#Uberdosierungssymptome_umfassen\" >Os sintomas de sobredosagem incluem:<\/a><\/li><li class='ez-toc-page-1 ez-toc-heading-level-6'><a class=\"ez-toc-link ez-toc-heading-9\" href=\"https:\/\/gbl-eshop.net\/pt\/schutz-gbl-und-ghb\/#Erste_Hilfe_bei_Uberdosierung\" >Primeiros socorros em caso de sobredosagem:<\/a><\/li><\/ul><\/li><\/ul><\/li><\/ul><\/li><li class='ez-toc-page-1 ez-toc-heading-level-3'><a class=\"ez-toc-link ez-toc-heading-10\" href=\"https:\/\/gbl-eshop.net\/pt\/schutz-gbl-und-ghb\/#Kombination_mit_anderen_Substanzen\" >Combina\u00e7\u00e3o com outras subst\u00e2ncias<\/a><\/li><li class='ez-toc-page-1 ez-toc-heading-level-3'><a class=\"ez-toc-link ez-toc-heading-11\" href=\"https:\/\/gbl-eshop.net\/pt\/schutz-gbl-und-ghb\/#Schadensminderungsstrategien\" >Estrat\u00e9gias de minimiza\u00e7\u00e3o de perdas<\/a><\/li><li class='ez-toc-page-1 ez-toc-heading-level-3'><a class=\"ez-toc-link ez-toc-heading-12\" href=\"https:\/\/gbl-eshop.net\/pt\/schutz-gbl-und-ghb\/#Lagerung_und_Handhabung\" >Armazenamento e manuseamento<\/a><\/li><li class='ez-toc-page-1 ez-toc-heading-level-3'><a class=\"ez-toc-link ez-toc-heading-13\" href=\"https:\/\/gbl-eshop.net\/pt\/schutz-gbl-und-ghb\/#Sicherheitsbedenken\" >Preocupa\u00e7\u00f5es de seguran\u00e7a<\/a><\/li><li class='ez-toc-page-1 ez-toc-heading-level-3'><a class=\"ez-toc-link ez-toc-heading-14\" href=\"https:\/\/gbl-eshop.net\/pt\/schutz-gbl-und-ghb\/#Medizinische_und_Psychologische_Uberlegungen\" >Considera\u00e7\u00f5es m\u00e9dicas e psicol\u00f3gicas<\/a><\/li><li class='ez-toc-page-1 ez-toc-heading-level-3'><a class=\"ez-toc-link ez-toc-heading-15\" href=\"https:\/\/gbl-eshop.net\/pt\/schutz-gbl-und-ghb\/#Visuelle_Hilfsmittel\" >Aux\u00edlios visuais<\/a><ul class='ez-toc-list-level-4' ><li class='ez-toc-heading-level-4'><a class=\"ez-toc-link ez-toc-heading-16\" href=\"https:\/\/gbl-eshop.net\/pt\/schutz-gbl-und-ghb\/#Diagramm_der_stabilen_Seitenlage\" >Diagrama da posi\u00e7\u00e3o lateral est\u00e1vel<\/a><\/li><li class='ez-toc-page-1 ez-toc-heading-level-4'><a class=\"ez-toc-link ez-toc-heading-17\" href=\"https:\/\/gbl-eshop.net\/pt\/schutz-gbl-und-ghb\/#Beispiel_fur_Dosismessung\" >Exemplo de medi\u00e7\u00e3o da dose<\/a><\/li><\/ul><\/li><li class='ez-toc-page-1 ez-toc-heading-level-3'><a class=\"ez-toc-link ez-toc-heading-18\" href=\"https:\/\/gbl-eshop.net\/pt\/schutz-gbl-und-ghb\/#Fazit\" >Conclus\u00e3o<\/a><\/li><\/ul><\/li><\/ul><\/nav><\/div>\n<h2 class=\"wp-block-heading\"><span class=\"ez-toc-section\" id=\"Sicherheits-_und_Sicherheitsleitfaden_fur_GBL_Gamma-Butyrolacton_und_GHB_Gamma-Hydroxybutyrat\"><\/span><strong>Guia de seguran\u00e7a e prote\u00e7\u00e3o para a GBL (gama-butirolactona) e o GHB (gama-hidroxibutirato)<\/strong><span class=\"ez-toc-section-end\"><\/span><\/h2>\n\n\n\n<h3 class=\"wp-block-heading\"><span class=\"ez-toc-section\" id=\"Ubersicht\"><\/span>Vis\u00e3o geral<span class=\"ez-toc-section-end\"><\/span><\/h3>\n\n\n<div class=\"wp-block-image\">\n<figure class=\"aligncenter size-full\"><img fetchpriority=\"high\" decoding=\"async\" width=\"480\" height=\"480\" src=\"https:\/\/gbl-eshop.net\/wp-content\/uploads\/2024\/06\/77713561_n.jpg\" alt=\"\" class=\"wp-image-1269\" srcset=\"https:\/\/gbl-eshop.net\/wp-content\/uploads\/2024\/06\/77713561_n.jpg 480w, https:\/\/gbl-eshop.net\/wp-content\/uploads\/2024\/06\/77713561_n-100x100.jpg 100w, https:\/\/gbl-eshop.net\/wp-content\/uploads\/2024\/06\/77713561_n-300x300.jpg 300w, https:\/\/gbl-eshop.net\/wp-content\/uploads\/2024\/06\/77713561_n-150x150.jpg 150w\" sizes=\"(max-width: 480px) 100vw, 480px\" \/><\/figure>\n<\/div>\n\n\n<p><strong>GBL (gama-butirolactona)<\/strong> e <strong>GHB (gama-hidroxibutirato)<\/strong> s\u00e3o subst\u00e2ncias que t\u00eam utiliza\u00e7\u00f5es industriais e m\u00e9dicas leg\u00edtimas, mas que tamb\u00e9m s\u00e3o utilizadas para fins recreativos. Ambas as subst\u00e2ncias podem ser perigosas se forem utilizadas de forma abusiva e t\u00eam um potencial de depend\u00eancia, overdose e consequ\u00eancias legais.<\/p>\n\n\n\n<h3 class=\"wp-block-heading\"><span class=\"ez-toc-section\" id=\"Eigenschaften_und_Wirkungen\"><\/span>Propriedades e efeitos<span class=\"ez-toc-section-end\"><\/span><\/h3>\n\n\n\n<figure class=\"wp-block-table\"><table><thead><tr><th>Carater\u00edstica<\/th><th>GBL<\/th><th>GHB<\/th><\/tr><\/thead><tbody><tr><td>F\u00f3rmula qu\u00edmica<\/td><td>C\u2084H\u2086O\u2082<\/td><td>C\u2084H\u2088O\u2083<\/td><\/tr><tr><td>Aplica\u00e7\u00f5es frequentes<\/td><td>Solvente, agente de limpeza, precursor<\/td><td>Utiliza\u00e7\u00e3o m\u00e9dica (narcolepsia, anestesia), lazer<\/td><\/tr><tr><td>In\u00edcio da a\u00e7\u00e3o<\/td><td>10-60 minutos<\/td><td>15-30 minutos<\/td><\/tr><tr><td>Dura\u00e7\u00e3o do efeito<\/td><td>1,5-4 horas<\/td><td>1,5-4 horas<\/td><\/tr><tr><td>Efeitos<\/td><td>Euforia, relaxamento, sonol\u00eancia<\/td><td>Euforia, relaxamento, sonol\u00eancia<\/td><\/tr><\/tbody><\/table><\/figure>\n\n\n\n<h3 class=\"wp-block-heading\"><span class=\"ez-toc-section\" id=\"Rechtlicher_Status\"><\/span>Estatuto jur\u00eddico<span class=\"ez-toc-section-end\"><\/span><\/h3>\n\n\n\n<figure class=\"wp-block-table\"><table><thead><tr><th>Pa\u00eds\/Regi\u00e3o<\/th><th>GBL<\/th><th>GHB<\/th><\/tr><\/thead><tbody><tr><td>Estados Unidos<\/td><td>N\u00e3o classificado a n\u00edvel federal, mas controlado por leis an\u00e1logas<\/td><td>Lista I (uso n\u00e3o m\u00e9dico), Lista III (Xyrem)<\/td><\/tr><tr><td>Uni\u00e3o Europeia<\/td><td>Controlado em muitos pa\u00edses<\/td><td>Subst\u00e2ncia controlada<\/td><\/tr><tr><td>Austr\u00e1lia<\/td><td>Fase preliminar controlada<\/td><td>Lista I<\/td><\/tr><tr><td>Canad\u00e1<\/td><td>Controlado<\/td><td>Controlado<\/td><\/tr><\/tbody><\/table><\/figure>\n\n\n\n<h3 class=\"wp-block-heading\"><span class=\"ez-toc-section\" id=\"Sicherheitsrichtlinien\"><\/span>Orienta\u00e7\u00f5es de seguran\u00e7a<span class=\"ez-toc-section-end\"><\/span><\/h3>\n\n\n\n<h4 class=\"wp-block-heading\"><span class=\"ez-toc-section\" id=\"Dosierung\"><\/span>Dosagem<span class=\"ez-toc-section-end\"><\/span><\/h4>\n\n\n\n<ul class=\"wp-block-list\">\n<li><strong>GBL<\/strong>As doses recreativas t\u00edpicas variam entre 0,5 e 2,5 ml. Doses mais elevadas aumentam o risco de efeitos secund\u00e1rios graves.<\/li>\n\n\n\n<li><strong>GHB<\/strong>As doses t\u00edpicas variam entre 0,5 e 3 gramas. O risco de overdose \u00e9 elevado devido \u00e0 pequena diferen\u00e7a entre uma dose recreativa e uma overdose.<\/li>\n<\/ul>\n\n\n\n<p><strong>Nota:<\/strong> A toler\u00e2ncia individual varia muito. Come\u00e7ar sempre com a dose mais baixa poss\u00edvel para avaliar a toler\u00e2ncia.<\/p>\n\n\n\n<h4 class=\"wp-block-heading\"><span class=\"ez-toc-section\" id=\"Risiken_einer_Uberdosierung\"><\/span>Riscos de uma overdose<span class=\"ez-toc-section-end\"><\/span><\/h4>\n\n\n\n<h6 class=\"wp-block-heading\"><span class=\"ez-toc-section\" id=\"Uberdosierungssymptome_umfassen\"><\/span>Os sintomas de sobredosagem incluem:<span class=\"ez-toc-section-end\"><\/span><\/h6>\n\n\n\n<ul class=\"wp-block-list\">\n<li>Inconsci\u00eancia<\/li>\n\n\n\n<li>C\u00e3ibras<\/li>\n\n\n\n<li>Respira\u00e7\u00e3o lenta ou irregular<\/li>\n\n\n\n<li>V\u00f3mitos<\/li>\n\n\n\n<li>Perda de coordena\u00e7\u00e3o<\/li>\n<\/ul>\n\n\n\n<h6 class=\"wp-block-heading\"><span class=\"ez-toc-section\" id=\"Erste_Hilfe_bei_Uberdosierung\"><\/span><strong>Primeiros socorros em caso de sobredosagem:<\/strong><span class=\"ez-toc-section-end\"><\/span><\/h6>\n\n\n\n<ol class=\"wp-block-list\">\n<li><strong>Chamar imediatamente os servi\u00e7os de emerg\u00eancia.<\/strong><\/li>\n\n\n\n<li><strong>Colocar a pessoa na posi\u00e7\u00e3o de recupera\u00e7\u00e3o<\/strong>para evitar a asfixia.<\/li>\n\n\n\n<li><strong>Monitorizar a respira\u00e7\u00e3o<\/strong> e estar preparado para efetuar reanima\u00e7\u00e3o cardiopulmonar, se necess\u00e1rio.<\/li>\n\n\n\n<li><strong>N\u00e3o deixar a pessoa sozinha<\/strong>at\u00e9 que a ajuda chegue.<\/li>\n<\/ol>\n\n\n\n<h3 class=\"wp-block-heading\"><span class=\"ez-toc-section\" id=\"Kombination_mit_anderen_Substanzen\"><\/span>Combina\u00e7\u00e3o com outras subst\u00e2ncias<span class=\"ez-toc-section-end\"><\/span><\/h3>\n\n\n\n<ul class=\"wp-block-list\">\n<li><strong>\u00c1lcool<\/strong>Aumenta o risco de overdose e morte.<\/li>\n\n\n\n<li><strong>Benzodiazepinas<\/strong>Tamb\u00e9m aumenta o risco de depress\u00e3o respirat\u00f3ria grave e morte.<\/li>\n\n\n\n<li><strong>Estimulantes (por exemplo, coca\u00edna, anfetaminas)<\/strong>Pode mascarar os efeitos depressivos, o que pode levar a uma sobredosagem inesperada.<\/li>\n<\/ul>\n\n\n\n<h3 class=\"wp-block-heading\"><span class=\"ez-toc-section\" id=\"Schadensminderungsstrategien\"><\/span>Estrat\u00e9gias de minimiza\u00e7\u00e3o de perdas<span class=\"ez-toc-section-end\"><\/span><\/h3>\n\n\n\n<ol class=\"wp-block-list\">\n<li><strong>N\u00e3o utilizar sozinho.<\/strong> Ter sempre uma pessoa s\u00f3bria presente.<\/li>\n\n\n\n<li><strong>N\u00e3o com outros depressores<\/strong> como o \u00e1lcool ou as benzodiazepinas.<\/li>\n\n\n\n<li><strong>Medir as latas com precis\u00e3o<\/strong> com uma seringa ou pipeta.<\/li>\n\n\n\n<li><strong>Comece com uma dose baixa<\/strong>para avaliar a rea\u00e7\u00e3o do seu corpo.<\/li>\n\n\n\n<li><strong>Manter-se hidratado<\/strong>mas evite beber grandes quantidades de \u00e1gua num curto espa\u00e7o de tempo.<\/li>\n\n\n\n<li><strong>Manter contactos e informa\u00e7\u00f5es de emerg\u00eancia<\/strong> pronto.<\/li>\n<\/ol>\n\n\n\n<h3 class=\"wp-block-heading\"><span class=\"ez-toc-section\" id=\"Lagerung_und_Handhabung\"><\/span>Armazenamento e manuseamento<span class=\"ez-toc-section-end\"><\/span><\/h3>\n\n\n\n<ul class=\"wp-block-list\">\n<li><strong>Conservar num local fresco e seco<\/strong>longe da luz solar direta.<\/li>\n\n\n\n<li><strong>Manter fora do alcance das crian\u00e7as e dos animais dom\u00e9sticos.<\/strong><\/li>\n\n\n\n<li><strong>Rotular claramente os contentores<\/strong>para evitar receitas acidentais.<\/li>\n\n\n\n<li><strong>Utilizar equipamento de prote\u00e7\u00e3o adequado<\/strong> (luvas, \u00f3culos de prote\u00e7\u00e3o) ao manusear GBL devido \u00e0s suas propriedades de solvente.<\/li>\n<\/ul>\n\n\n\n<h3 class=\"wp-block-heading\"><span class=\"ez-toc-section\" id=\"Sicherheitsbedenken\"><\/span>Preocupa\u00e7\u00f5es de seguran\u00e7a<span class=\"ez-toc-section-end\"><\/span><\/h3>\n\n\n\n<ol class=\"wp-block-list\">\n<li><strong>Armazenamento seguro<\/strong>Assegurar que a GBL e o GHB s\u00e3o armazenados numa \u00e1rea fechada \u00e0 chave.<\/li>\n\n\n\n<li><strong>Controlo da utiliza\u00e7\u00e3o<\/strong>Rastrear quantidades para detetar utiliza\u00e7\u00f5es n\u00e3o autorizadas.<\/li>\n\n\n\n<li><strong>Conformidade com os regulamentos legais<\/strong>Respeitar os regulamentos locais relativos \u00e0 aquisi\u00e7\u00e3o, armazenamento e utiliza\u00e7\u00e3o destas subst\u00e2ncias.<\/li>\n<\/ol>\n\n\n\n<h3 class=\"wp-block-heading\"><span class=\"ez-toc-section\" id=\"Medizinische_und_Psychologische_Uberlegungen\"><\/span>Considera\u00e7\u00f5es m\u00e9dicas e psicol\u00f3gicas<span class=\"ez-toc-section-end\"><\/span><\/h3>\n\n\n\n<ul class=\"wp-block-list\">\n<li><strong>Depend\u00eancia e abstin\u00eancia<\/strong>Ambas as subst\u00e2ncias podem causar depend\u00eancia. Os sintomas de abstin\u00eancia podem incluir ansiedade, tremores, ins\u00f3nias e, em casos graves, convuls\u00f5es.<\/li>\n\n\n\n<li><strong>Procurar ajuda profissional<\/strong>Se voc\u00ea ou algu\u00e9m que conhece est\u00e1 a lutar contra a depend\u00eancia, procure ajuda m\u00e9dica e psicol\u00f3gica.<\/li>\n<\/ul>\n\n\n\n<h3 class=\"wp-block-heading\"><span class=\"ez-toc-section\" id=\"Visuelle_Hilfsmittel\"><\/span>Aux\u00edlios visuais<span class=\"ez-toc-section-end\"><\/span><\/h3>\n\n\n\n<h4 class=\"wp-block-heading\"><span class=\"ez-toc-section\" id=\"Diagramm_der_stabilen_Seitenlage\"><\/span>Diagrama da posi\u00e7\u00e3o lateral est\u00e1vel<span class=\"ez-toc-section-end\"><\/span><\/h4>\n\n\n\n<figure class=\"wp-block-image\"><img decoding=\"async\" src=\"https:\/\/www.stjohn.org.nz\/assets\/First-Aid\/Recovery-position.jpg\" alt=\"Stabile Seitenlage\"\/><\/figure>\n\n\n\n<h4 class=\"wp-block-heading\"><span class=\"ez-toc-section\" id=\"Beispiel_fur_Dosismessung\"><\/span>Exemplo de medi\u00e7\u00e3o da dose<span class=\"ez-toc-section-end\"><\/span><\/h4>\n\n\n\n<figure class=\"wp-block-image\"><img decoding=\"async\" src=\"https:\/\/images-na.ssl-images-amazon.com\/images\/I\/61UogXBMy-L._AC_SL1500_.jpg\" alt=\"Dosismessung\"\/><\/figure>\n\n\n\n<h3 class=\"wp-block-heading\"><span class=\"ez-toc-section\" id=\"Fazit\"><\/span>Conclus\u00e3o<span class=\"ez-toc-section-end\"><\/span><\/h3>\n\n\n\n<p>A GBL e o GHB podem ser perigosos se forem utilizados incorretamente. Compreender as propriedades, os riscos e as medidas de seguran\u00e7a \u00e9 crucial para evitar danos. Siga sempre as pr\u00e1ticas de redu\u00e7\u00e3o de danos e os requisitos legais.<\/p>\n\n\n\n<p>Para mais informa\u00e7\u00f5es, consultar os profissionais de sa\u00fade e fontes autorizadas sobre o consumo de subst\u00e2ncias e a redu\u00e7\u00e3o de danos.<\/p>","protected":false},"excerpt":{"rendered":"<p>Sicherheits- und Sicherheitsleitfaden f\u00fcr GBL (Gamma-Butyrolacton) und GHB (Gamma-Hydroxybutyrat) \u00dcbersicht GBL (Gamma-Butyrolacton) und GHB (Gamma-Hydroxybutyrat) sind Substanzen, die legitime industrielle und medizinische Anwendungen haben, aber auch aus Freizeitgr\u00fcnden verwendet werden. Beide Substanzen k\u00f6nnen gef\u00e4hrlich sein, wenn sie missbraucht werden, und haben ein Potenzial f\u00fcr Abh\u00e4ngigkeit, \u00dcberdosierung und rechtliche Konsequenzen. Eigenschaften und Wirkungen Eigenschaft GBL GHB [&hellip;]<\/p>\n","protected":false},"author":1,"featured_media":0,"parent":0,"menu_order":0,"comment_status":"closed","ping_status":"closed","template":"","meta":{"ocean_post_layout":"","ocean_both_sidebars_style":"","ocean_both_sidebars_content_width":0,"ocean_both_sidebars_sidebars_width":0,"ocean_sidebar":"","ocean_second_sidebar":"","ocean_disable_margins":"enable","ocean_add_body_class":"","ocean_shortcode_before_top_bar":"","ocean_shortcode_after_top_bar":"","ocean_shortcode_before_header":"","ocean_shortcode_after_header":"","ocean_has_shortcode":"","ocean_shortcode_after_title":"","ocean_shortcode_before_footer_widgets":"","ocean_shortcode_after_footer_widgets":"","ocean_shortcode_before_footer_bottom":"","ocean_shortcode_after_footer_bottom":"","ocean_display_top_bar":"default","ocean_display_header":"default","ocean_header_style":"","ocean_center_header_left_menu":"","ocean_custom_header_template":"","ocean_custom_logo":0,"ocean_custom_retina_logo":0,"ocean_custom_logo_max_width":0,"ocean_custom_logo_tablet_max_width":0,"ocean_custom_logo_mobile_max_width":0,"ocean_custom_logo_max_height":0,"ocean_custom_logo_tablet_max_height":0,"ocean_custom_logo_mobile_max_height":0,"ocean_header_custom_menu":"","ocean_menu_typo_font_family":"","ocean_menu_typo_font_subset":"","ocean_menu_typo_font_size":0,"ocean_menu_typo_font_size_tablet":0,"ocean_menu_typo_font_size_mobile":0,"ocean_menu_typo_font_size_unit":"px","ocean_menu_typo_font_weight":"","ocean_menu_typo_font_weight_tablet":"","ocean_menu_typo_font_weight_mobile":"","ocean_menu_typo_transform":"","ocean_menu_typo_transform_tablet":"","ocean_menu_typo_transform_mobile":"","ocean_menu_typo_line_height":0,"ocean_menu_typo_line_height_tablet":0,"ocean_menu_typo_line_height_mobile":0,"ocean_menu_typo_line_height_unit":"","ocean_menu_typo_spacing":0,"ocean_menu_typo_spacing_tablet":0,"ocean_menu_typo_spacing_mobile":0,"ocean_menu_typo_spacing_unit":"","ocean_menu_link_color":"","ocean_menu_link_color_hover":"","ocean_menu_link_color_active":"","ocean_menu_link_background":"","ocean_menu_link_hover_background":"","ocean_menu_link_active_background":"","ocean_menu_social_links_bg":"","ocean_menu_social_hover_links_bg":"","ocean_menu_social_links_color":"","ocean_menu_social_hover_links_color":"","ocean_disable_title":"default","ocean_disable_heading":"default","ocean_post_title":"","ocean_post_subheading":"","ocean_post_title_style":"","ocean_post_title_background_color":"","ocean_post_title_background":0,"ocean_post_title_bg_image_position":"","ocean_post_title_bg_image_attachment":"","ocean_post_title_bg_image_repeat":"","ocean_post_title_bg_image_size":"","ocean_post_title_height":0,"ocean_post_title_bg_overlay":0.5,"ocean_post_title_bg_overlay_color":"","ocean_disable_breadcrumbs":"default","ocean_breadcrumbs_color":"","ocean_breadcrumbs_separator_color":"","ocean_breadcrumbs_links_color":"","ocean_breadcrumbs_links_hover_color":"","ocean_display_footer_widgets":"default","ocean_display_footer_bottom":"default","ocean_custom_footer_template":"","footnotes":""},"class_list":["post-1264","page","type-page","status-publish","hentry","entry","owp-thumbs-layout-horizontal","owp-btn-normal","owp-tabs-layout-horizontal","has-no-thumbnails","has-product-nav"],"jetpack_sharing_enabled":true,"_links":{"self":[{"href":"https:\/\/gbl-eshop.net\/pt\/wp-json\/wp\/v2\/pages\/1264","targetHints":{"allow":["GET"]}}],"collection":[{"href":"https:\/\/gbl-eshop.net\/pt\/wp-json\/wp\/v2\/pages"}],"about":[{"href":"https:\/\/gbl-eshop.net\/pt\/wp-json\/wp\/v2\/types\/page"}],"author":[{"embeddable":true,"href":"https:\/\/gbl-eshop.net\/pt\/wp-json\/wp\/v2\/users\/1"}],"replies":[{"embeddable":true,"href":"https:\/\/gbl-eshop.net\/pt\/wp-json\/wp\/v2\/comments?post=1264"}],"version-history":[{"count":4,"href":"https:\/\/gbl-eshop.net\/pt\/wp-json\/wp\/v2\/pages\/1264\/revisions"}],"predecessor-version":[{"id":2636,"href":"https:\/\/gbl-eshop.net\/pt\/wp-json\/wp\/v2\/pages\/1264\/revisions\/2636"}],"wp:attachment":[{"href":"https:\/\/gbl-eshop.net\/pt\/wp-json\/wp\/v2\/media?parent=1264"}],"curies":[{"name":"wp","href":"https:\/\/api.w.org\/{rel}","templated":true}]}}