{"id":1260,"date":"2024-06-02T14:40:59","date_gmt":"2024-06-02T14:40:59","guid":{"rendered":"https:\/\/linen-vulture-703400.hostingersite.com\/?page_id=1260"},"modified":"2024-06-02T14:41:01","modified_gmt":"2024-06-02T14:41:01","slug":"anwendungen","status":"publish","type":"page","link":"https:\/\/gbl-eshop.net\/pt\/anwendungen\/","title":{"rendered":"Aplica\u00e7\u00f5es"},"content":{"rendered":"<p>Com certeza! Aqui est\u00e1 a descri\u00e7\u00e3o pormenorizada dos objectivos de aplica\u00e7\u00e3o da GBL e do GHB traduzida para alem\u00e3o:<\/p>\n\n\n\n<hr class=\"wp-block-separator has-alpha-channel-opacity\"\/>\n\n\n\n<div id=\"ez-toc-container\" class=\"ez-toc-v2_0_82_2 counter-hierarchy ez-toc-counter ez-toc-grey ez-toc-container-direction\">\n<div class=\"ez-toc-title-container\">\n<p class=\"ez-toc-title\" style=\"cursor:inherit\">\u00cdndice<\/p>\n<span class=\"ez-toc-title-toggle\"><a href=\"#\" class=\"ez-toc-pull-right ez-toc-btn ez-toc-btn-xs ez-toc-btn-default ez-toc-toggle\" aria-label=\"Alternar o \u00edndice\"><span class=\"ez-toc-js-icon-con\"><span class=\"\"><span class=\"eztoc-hide\" style=\"display:none;\">Alternar<\/span><span class=\"ez-toc-icon-toggle-span\"><svg style=\"fill: #999;color:#999\" xmlns=\"http:\/\/www.w3.org\/2000\/svg\" class=\"list-377408\" width=\"20px\" height=\"20px\" viewbox=\"0 0 24 24\" fill=\"none\"><path d=\"M6 6H4v2h2V6zm14 0H8v2h12V6zM4 11h2v2H4v-2zm16 0H8v2h12v-2zM4 16h2v2H4v-2zm16 0H8v2h12v-2z\" fill=\"currentColor\"><\/path><\/svg><svg style=\"fill: #999;color:#999\" class=\"arrow-unsorted-368013\" xmlns=\"http:\/\/www.w3.org\/2000\/svg\" width=\"10px\" height=\"10px\" viewbox=\"0 0 24 24\" version=\"1.2\" baseprofile=\"tiny\"><path d=\"M18.2 9.3l-6.2-6.3-6.2 6.3c-.2.2-.3.4-.3.7s.1.5.3.7c.2.2.4.3.7.3h11c.3 0 .5-.1.7-.3.2-.2.3-.5.3-.7s-.1-.5-.3-.7zM5.8 14.7l6.2 6.3 6.2-6.3c.2-.2.3-.5.3-.7s-.1-.5-.3-.7c-.2-.2-.4-.3-.7-.3h-11c-.3 0-.5.1-.7.3-.2.2-.3.5-.3.7s.1.5.3.7z\"\/><\/svg><\/span><\/span><\/span><\/a><\/span><\/div>\n<nav><ul class='ez-toc-list ez-toc-list-level-1' ><li class='ez-toc-page-1 ez-toc-heading-level-2'><a class=\"ez-toc-link ez-toc-heading-1\" href=\"https:\/\/gbl-eshop.net\/pt\/anwendungen\/#Vollstandiger_Anwendungszweck_von_GBL_und_GHB\" >Objetivo da aplica\u00e7\u00e3o completa da GBL e do GHB<\/a><ul class='ez-toc-list-level-3' ><li class='ez-toc-heading-level-3'><a class=\"ez-toc-link ez-toc-heading-2\" href=\"https:\/\/gbl-eshop.net\/pt\/anwendungen\/#Gamma-Butyrolacton_GBL\" >Gama-butirolactona (GBL)<\/a><ul class='ez-toc-list-level-4' ><li class='ez-toc-heading-level-4'><a class=\"ez-toc-link ez-toc-heading-3\" href=\"https:\/\/gbl-eshop.net\/pt\/anwendungen\/#Anwendungen_von_GBL\" >Aplica\u00e7\u00f5es da GBL:<\/a><\/li><li class='ez-toc-page-1 ez-toc-heading-level-4'><a class=\"ez-toc-link ez-toc-heading-4\" href=\"https:\/\/gbl-eshop.net\/pt\/anwendungen\/#Sicherheit_und_Handhabung\" >Seguran\u00e7a e manuseamento:<\/a><\/li><\/ul><\/li><li class='ez-toc-page-1 ez-toc-heading-level-3'><a class=\"ez-toc-link ez-toc-heading-5\" href=\"https:\/\/gbl-eshop.net\/pt\/anwendungen\/#Gamma-Hydroxybutyrat_GHB\" >Gama-hidroxibutirato (GHB)<\/a><ul class='ez-toc-list-level-4' ><li class='ez-toc-heading-level-4'><a class=\"ez-toc-link ez-toc-heading-6\" href=\"https:\/\/gbl-eshop.net\/pt\/anwendungen\/#Anwendungen_von_GHB\" >Aplica\u00e7\u00f5es do GHB:<\/a><\/li><li class='ez-toc-page-1 ez-toc-heading-level-4'><a class=\"ez-toc-link ez-toc-heading-7\" href=\"https:\/\/gbl-eshop.net\/pt\/anwendungen\/#Sicherheit_und_Handhabung-2\" >Seguran\u00e7a e manuseamento:<\/a><\/li><\/ul><\/li><li class='ez-toc-page-1 ez-toc-heading-level-3'><a class=\"ez-toc-link ez-toc-heading-8\" href=\"https:\/\/gbl-eshop.net\/pt\/anwendungen\/#Vergleich_und_Kontext\" >Compara\u00e7\u00e3o e contexto<\/a><\/li><li class='ez-toc-page-1 ez-toc-heading-level-3'><a class=\"ez-toc-link ez-toc-heading-9\" href=\"https:\/\/gbl-eshop.net\/pt\/anwendungen\/#Zusammenfassung\" >Resumo<\/a><\/li><\/ul><\/li><\/ul><\/nav><\/div>\n<h2 class=\"wp-block-heading\"><span class=\"ez-toc-section\" id=\"Vollstandiger_Anwendungszweck_von_GBL_und_GHB\"><\/span>Objetivo da aplica\u00e7\u00e3o completa da GBL e do GHB<span class=\"ez-toc-section-end\"><\/span><\/h2>\n\n\n\n<h3 class=\"wp-block-heading\"><span class=\"ez-toc-section\" id=\"Gamma-Butyrolacton_GBL\"><\/span>Gama-butirolactona (GBL)<span class=\"ez-toc-section-end\"><\/span><\/h3>\n\n\n\n<p><strong>Gama-butirolactona (GBL)<\/strong> \u00e9 um produto qu\u00edmico vers\u00e1til com v\u00e1rias aplica\u00e7\u00f5es industriais e comerciais. \u00c9 um l\u00edquido incolor, higrosc\u00f3pico, com um ligeiro odor carater\u00edstico.<\/p>\n\n\n\n<h4 class=\"wp-block-heading\"><span class=\"ez-toc-section\" id=\"Anwendungen_von_GBL\"><\/span><strong>Aplica\u00e7\u00f5es da GBL:<\/strong><span class=\"ez-toc-section-end\"><\/span><\/h4>\n\n\n\n<ol class=\"wp-block-list\">\n<li><strong>Solvente industrial:<\/strong><\/li>\n<\/ol>\n\n\n\n<ul class=\"wp-block-list\">\n<li>A GBL \u00e9 frequentemente utilizada como solvente industrial devido \u00e0 sua capacidade de dissolver uma vasta gama de subst\u00e2ncias.<\/li>\n\n\n\n<li>As aplica\u00e7\u00f5es incluem a produ\u00e7\u00e3o de tintas, revestimentos e adesivos.<\/li>\n<\/ul>\n\n\n\n<ol class=\"wp-block-list\">\n<li><strong>Intermedi\u00e1rio qu\u00edmico:<\/strong><\/li>\n<\/ol>\n\n\n\n<ul class=\"wp-block-list\">\n<li>A GBL serve de precursor na s\u00edntese de outros produtos qu\u00edmicos, como o 1,4-butanodiol (BDO) e as pirrolidonas.<\/li>\n\n\n\n<li>Utilizado na produ\u00e7\u00e3o de produtos farmac\u00eauticos e agroqu\u00edmicos.<\/li>\n<\/ul>\n\n\n\n<ol class=\"wp-block-list\">\n<li><strong>Agentes de limpeza:<\/strong><\/li>\n<\/ol>\n\n\n\n<ul class=\"wp-block-list\">\n<li>Utilizado em produtos de limpeza especiais, especialmente para dispositivos electr\u00f3nicos e \u00f3pticos.<\/li>\n\n\n\n<li>Eficaz na remo\u00e7\u00e3o de tinta, tinta e graffiti.<\/li>\n<\/ul>\n\n\n\n<ol class=\"wp-block-list\">\n<li><strong>Eletr\u00f3lito em baterias:<\/strong><\/li>\n<\/ol>\n\n\n\n<ul class=\"wp-block-list\">\n<li>Utilizado na formula\u00e7\u00e3o de solu\u00e7\u00f5es electrol\u00edticas para algumas baterias de i\u00f5es de l\u00edtio.<\/li>\n<\/ul>\n\n\n\n<ol class=\"wp-block-list\">\n<li><strong>Produ\u00e7\u00e3o de pol\u00edmeros:<\/strong><\/li>\n<\/ol>\n\n\n\n<ul class=\"wp-block-list\">\n<li>Actividades de produ\u00e7\u00e3o de pol\u00edmeros como o poli\u00e9ster e o poliuretano.<\/li>\n<\/ul>\n\n\n\n<h4 class=\"wp-block-heading\"><span class=\"ez-toc-section\" id=\"Sicherheit_und_Handhabung\"><\/span><strong>Seguran\u00e7a e manuseamento:<\/strong><span class=\"ez-toc-section-end\"><\/span><\/h4>\n\n\n\n<ul class=\"wp-block-list\">\n<li>A GBL \u00e9 uma subst\u00e2ncia controlada em muitos pa\u00edses devido ao seu potencial para a produ\u00e7\u00e3o ilegal de GHB.<\/li>\n\n\n\n<li>Deve ser manuseado com cuidado, utilizando equipamento de prote\u00e7\u00e3o individual (EPI) adequado e em \u00e1reas bem ventiladas.<\/li>\n<\/ul>\n\n\n\n<figure class=\"wp-block-table\"><table><thead><tr><th><strong>Aplica\u00e7\u00e3o<\/strong><\/th><th><strong>pormenores<\/strong><\/th><\/tr><\/thead><tbody><tr><td>Solvente industrial<\/td><td>Utilizado em tintas, revestimentos e adesivos<\/td><\/tr><tr><td>Intermedi\u00e1rio qu\u00edmico<\/td><td>Precursor do 1,4-butanodiol (BDO), produtos farmac\u00eauticos e agroqu\u00edmicos<\/td><\/tr><tr><td>Agentes de limpeza<\/td><td>Eficaz para limpar dispositivos electr\u00f3nicos e \u00f3pticos, remover graffiti<\/td><\/tr><tr><td>Eletr\u00f3lito<\/td><td>Utilizado em solu\u00e7\u00f5es electrol\u00edticas para baterias de i\u00f5es de l\u00edtio<\/td><\/tr><tr><td>Produ\u00e7\u00e3o de pol\u00edmeros<\/td><td>Produ\u00e7\u00e3o de poli\u00e9ster e poliuretano<\/td><\/tr><\/tbody><\/table><\/figure>\n\n\n\n<h3 class=\"wp-block-heading\"><span class=\"ez-toc-section\" id=\"Gamma-Hydroxybutyrat_GHB\"><\/span>Gama-hidroxibutirato (GHB)<span class=\"ez-toc-section-end\"><\/span><\/h3>\n\n\n\n<p><strong>Gama-hidroxibutirato (GHB)<\/strong> \u00e9 uma subst\u00e2ncia natural e um produto qu\u00edmico sint\u00e9tico utilizado para fins medicinais e recreativos. \u00c9 um depressor do SNC.<\/p>\n\n\n\n<h4 class=\"wp-block-heading\"><span class=\"ez-toc-section\" id=\"Anwendungen_von_GHB\"><\/span><strong>Aplica\u00e7\u00f5es do GHB:<\/strong><span class=\"ez-toc-section-end\"><\/span><\/h4>\n\n\n\n<ol class=\"wp-block-list\">\n<li><strong>Utiliza\u00e7\u00e3o m\u00e9dica:<\/strong><\/li>\n<\/ol>\n\n\n\n<ul class=\"wp-block-list\">\n<li>Aprovado para o tratamento da narcolepsia, em particular para o tratamento da cataplexia (fraqueza muscular s\u00fabita).<\/li>\n\n\n\n<li>Utilizado como anest\u00e9sico em alguns casos, mas atualmente com menos frequ\u00eancia.<\/li>\n<\/ul>\n\n\n\n<ol class=\"wp-block-list\">\n<li><strong>Utiliza\u00e7\u00e3o recreativa:<\/strong><\/li>\n<\/ol>\n\n\n\n<ul class=\"wp-block-list\">\n<li>Conhecida pelos seus efeitos euf\u00f3ricos e sedativos.<\/li>\n\n\n\n<li>Utilizada ilegalmente como \"droga de festa\" ou \"droga de viola\u00e7\u00e3o\".<\/li>\n<\/ul>\n\n\n\n<ol class=\"wp-block-list\">\n<li><strong>Investiga\u00e7\u00e3o:<\/strong><\/li>\n<\/ol>\n\n\n\n<ul class=\"wp-block-list\">\n<li>Est\u00e1 a ser investigado quanto aos seus efeitos sobre o sono, condi\u00e7\u00f5es neurol\u00f3gicas e potenciais aplica\u00e7\u00f5es terap\u00eauticas.<\/li>\n<\/ul>\n\n\n\n<h4 class=\"wp-block-heading\"><span class=\"ez-toc-section\" id=\"Sicherheit_und_Handhabung-2\"><\/span><strong>Seguran\u00e7a e manuseamento:<\/strong><span class=\"ez-toc-section-end\"><\/span><\/h4>\n\n\n\n<ul class=\"wp-block-list\">\n<li>O GHB tem um elevado potencial de abuso e depend\u00eancia.<\/li>\n\n\n\n<li>\u00c9 estritamente regulamentada em muitos pa\u00edses e classificada como uma subst\u00e2ncia controlada.<\/li>\n\n\n\n<li>A dosagem correta e a supervis\u00e3o m\u00e9dica s\u00e3o cruciais para evitar a sobredosagem e os efeitos secund\u00e1rios.<\/li>\n<\/ul>\n\n\n\n<figure class=\"wp-block-table\"><table><thead><tr><th><strong>Aplica\u00e7\u00e3o<\/strong><\/th><th><strong>pormenores<\/strong><\/th><\/tr><\/thead><tbody><tr><td>Utiliza\u00e7\u00e3o m\u00e9dica<\/td><td>Tratamento da narcolepsia, gest\u00e3o da cataplexia, utiliza\u00e7\u00e3o ocasional de anestesia<\/td><\/tr><tr><td>Utiliza\u00e7\u00e3o recreativa<\/td><td>Conhecida pelos seus efeitos euf\u00f3ricos e sedativos, \u00e9 utilizada ilegalmente como \"droga de festa\"<\/td><\/tr><tr><td>Investiga\u00e7\u00e3o<\/td><td>Investigado para dist\u00farbios do sono, condi\u00e7\u00f5es neurol\u00f3gicas, potenciais aplica\u00e7\u00f5es terap\u00eauticas<\/td><\/tr><\/tbody><\/table><\/figure>\n\n\n\n<h3 class=\"wp-block-heading\"><span class=\"ez-toc-section\" id=\"Vergleich_und_Kontext\"><\/span>Compara\u00e7\u00e3o e contexto<span class=\"ez-toc-section-end\"><\/span><\/h3>\n\n\n\n<figure class=\"wp-block-table\"><table><thead><tr><th><strong>Aspeto<\/strong><\/th><th><strong>GBL<\/strong><\/th><th><strong>GHB<\/strong><\/th><\/tr><\/thead><tbody><tr><td><strong>F\u00f3rmula qu\u00edmica<\/strong><\/td><td>C4H6O2<\/td><td>C4H8O3<\/td><\/tr><tr><td><strong>Apar\u00eancia<\/strong><\/td><td>L\u00edquido incolor<\/td><td>L\u00edquido incolor<\/td><\/tr><tr><td><strong>Principais aplica\u00e7\u00f5es<\/strong><\/td><td>Solvente industrial, produto qu\u00edmico interm\u00e9dio<\/td><td>Tratamento m\u00e9dico da narcolepsia, drogas recreativas<\/td><\/tr><tr><td><strong>Regulamento<\/strong><\/td><td>Controlada devido \u00e0 potencial produ\u00e7\u00e3o de GHB<\/td><td>Estritamente regulamentado devido ao elevado potencial de abuso<\/td><\/tr><tr><td><strong>Preocupa\u00e7\u00f5es de seguran\u00e7a<\/strong><\/td><td>Requer EPI, ventila\u00e7\u00e3o<\/td><td>Risco de sobredosagem, depend\u00eancia, requer supervis\u00e3o m\u00e9dica<\/td><\/tr><tr><td><strong>Outras aplica\u00e7\u00f5es<\/strong><\/td><td>Agentes de limpeza, eletr\u00f3lito de bateria, pol\u00edmeros<\/td><td>Objectivos de investiga\u00e7\u00e3o<\/td><\/tr><\/tbody><\/table><\/figure>\n\n\n\n<h3 class=\"wp-block-heading\"><span class=\"ez-toc-section\" id=\"Zusammenfassung\"><\/span>Resumo<span class=\"ez-toc-section-end\"><\/span><\/h3>\n\n\n\n<p>Tanto a GBL como o GHB t\u00eam aplica\u00e7\u00f5es significativas e diversas em v\u00e1rios sectores. A GBL \u00e9 utilizada principalmente em contextos industriais e de fabrico, enquanto o GHB \u00e9 utilizado principalmente para fins m\u00e9dicos, com preocupa\u00e7\u00f5es significativas sobre o seu potencial de abuso. O manuseamento adequado e o cumprimento das diretrizes regulamentares s\u00e3o essenciais para ambas as subst\u00e2ncias, de modo a garantir a seguran\u00e7a e a conformidade.<\/p>\n\n\n\n<hr class=\"wp-block-separator has-alpha-channel-opacity\"\/>\n\n\n\n<p><\/p>","protected":false},"excerpt":{"rendered":"<p>Certainly! Here is the detailed description of the full application purposes of GBL and GHB translated into German: Vollst\u00e4ndiger Anwendungszweck von GBL und GHB Gamma-Butyrolacton (GBL) Gamma-Butyrolacton (GBL) ist eine vielseitige Chemikalie mit verschiedenen industriellen und kommerziellen Anwendungen. Es ist eine farblose, hygroskopische Fl\u00fcssigkeit mit einem schwachen charakteristischen Geruch. Anwendungen von GBL: Sicherheit und Handhabung: [&hellip;]<\/p>\n","protected":false},"author":1,"featured_media":0,"parent":0,"menu_order":0,"comment_status":"closed","ping_status":"closed","template":"","meta":{"ocean_post_layout":"","ocean_both_sidebars_style":"","ocean_both_sidebars_content_width":0,"ocean_both_sidebars_sidebars_width":0,"ocean_sidebar":"","ocean_second_sidebar":"","ocean_disable_margins":"enable","ocean_add_body_class":"","ocean_shortcode_before_top_bar":"","ocean_shortcode_after_top_bar":"","ocean_shortcode_before_header":"","ocean_shortcode_after_header":"","ocean_has_shortcode":"","ocean_shortcode_after_title":"","ocean_shortcode_before_footer_widgets":"","ocean_shortcode_after_footer_widgets":"","ocean_shortcode_before_footer_bottom":"","ocean_shortcode_after_footer_bottom":"","ocean_display_top_bar":"default","ocean_display_header":"default","ocean_header_style":"","ocean_center_header_left_menu":"","ocean_custom_header_template":"","ocean_custom_logo":0,"ocean_custom_retina_logo":0,"ocean_custom_logo_max_width":0,"ocean_custom_logo_tablet_max_width":0,"ocean_custom_logo_mobile_max_width":0,"ocean_custom_logo_max_height":0,"ocean_custom_logo_tablet_max_height":0,"ocean_custom_logo_mobile_max_height":0,"ocean_header_custom_menu":"","ocean_menu_typo_font_family":"","ocean_menu_typo_font_subset":"","ocean_menu_typo_font_size":0,"ocean_menu_typo_font_size_tablet":0,"ocean_menu_typo_font_size_mobile":0,"ocean_menu_typo_font_size_unit":"px","ocean_menu_typo_font_weight":"","ocean_menu_typo_font_weight_tablet":"","ocean_menu_typo_font_weight_mobile":"","ocean_menu_typo_transform":"","ocean_menu_typo_transform_tablet":"","ocean_menu_typo_transform_mobile":"","ocean_menu_typo_line_height":0,"ocean_menu_typo_line_height_tablet":0,"ocean_menu_typo_line_height_mobile":0,"ocean_menu_typo_line_height_unit":"","ocean_menu_typo_spacing":0,"ocean_menu_typo_spacing_tablet":0,"ocean_menu_typo_spacing_mobile":0,"ocean_menu_typo_spacing_unit":"","ocean_menu_link_color":"","ocean_menu_link_color_hover":"","ocean_menu_link_color_active":"","ocean_menu_link_background":"","ocean_menu_link_hover_background":"","ocean_menu_link_active_background":"","ocean_menu_social_links_bg":"","ocean_menu_social_hover_links_bg":"","ocean_menu_social_links_color":"","ocean_menu_social_hover_links_color":"","ocean_disable_title":"default","ocean_disable_heading":"default","ocean_post_title":"","ocean_post_subheading":"","ocean_post_title_style":"","ocean_post_title_background_color":"","ocean_post_title_background":0,"ocean_post_title_bg_image_position":"","ocean_post_title_bg_image_attachment":"","ocean_post_title_bg_image_repeat":"","ocean_post_title_bg_image_size":"","ocean_post_title_height":0,"ocean_post_title_bg_overlay":0.5,"ocean_post_title_bg_overlay_color":"","ocean_disable_breadcrumbs":"default","ocean_breadcrumbs_color":"","ocean_breadcrumbs_separator_color":"","ocean_breadcrumbs_links_color":"","ocean_breadcrumbs_links_hover_color":"","ocean_display_footer_widgets":"default","ocean_display_footer_bottom":"default","ocean_custom_footer_template":"","footnotes":""},"class_list":["post-1260","page","type-page","status-publish","hentry","entry","owp-thumbs-layout-horizontal","owp-btn-normal","owp-tabs-layout-horizontal","has-no-thumbnails","has-product-nav"],"jetpack_sharing_enabled":true,"_links":{"self":[{"href":"https:\/\/gbl-eshop.net\/pt\/wp-json\/wp\/v2\/pages\/1260","targetHints":{"allow":["GET"]}}],"collection":[{"href":"https:\/\/gbl-eshop.net\/pt\/wp-json\/wp\/v2\/pages"}],"about":[{"href":"https:\/\/gbl-eshop.net\/pt\/wp-json\/wp\/v2\/types\/page"}],"author":[{"embeddable":true,"href":"https:\/\/gbl-eshop.net\/pt\/wp-json\/wp\/v2\/users\/1"}],"replies":[{"embeddable":true,"href":"https:\/\/gbl-eshop.net\/pt\/wp-json\/wp\/v2\/comments?post=1260"}],"version-history":[{"count":2,"href":"https:\/\/gbl-eshop.net\/pt\/wp-json\/wp\/v2\/pages\/1260\/revisions"}],"predecessor-version":[{"id":1262,"href":"https:\/\/gbl-eshop.net\/pt\/wp-json\/wp\/v2\/pages\/1260\/revisions\/1262"}],"wp:attachment":[{"href":"https:\/\/gbl-eshop.net\/pt\/wp-json\/wp\/v2\/media?parent=1260"}],"curies":[{"name":"wp","href":"https:\/\/api.w.org\/{rel}","templated":true}]}}