{"id":1264,"date":"2024-06-02T15:00:18","date_gmt":"2024-06-02T15:00:18","guid":{"rendered":"https:\/\/linen-vulture-703400.hostingersite.com\/?page_id=1264"},"modified":"2025-09-16T03:55:50","modified_gmt":"2025-09-16T03:55:50","slug":"schutz-gbl-und-ghb","status":"publish","type":"page","link":"https:\/\/gbl-eshop.net\/nl\/schutz-gbl-und-ghb\/","title":{"rendered":"Bescherming"},"content":{"rendered":"<div id=\"ez-toc-container\" class=\"ez-toc-v2_0_82_2 counter-hierarchy ez-toc-counter ez-toc-grey ez-toc-container-direction\">\n<div class=\"ez-toc-title-container\">\n<p class=\"ez-toc-title\" style=\"cursor:inherit\">Inhoudsopgave<\/p>\n<span class=\"ez-toc-title-toggle\"><a href=\"#\" class=\"ez-toc-pull-right ez-toc-btn ez-toc-btn-xs ez-toc-btn-default ez-toc-toggle\" aria-label=\"Toggle tabel met inhoud\"><span class=\"ez-toc-js-icon-con\"><span class=\"\"><span class=\"eztoc-hide\" style=\"display:none;\">Schakel<\/span><span class=\"ez-toc-icon-toggle-span\"><svg style=\"fill: #999;color:#999\" xmlns=\"http:\/\/www.w3.org\/2000\/svg\" class=\"list-377408\" width=\"20px\" height=\"20px\" viewbox=\"0 0 24 24\" fill=\"none\"><path d=\"M6 6H4v2h2V6zm14 0H8v2h12V6zM4 11h2v2H4v-2zm16 0H8v2h12v-2zM4 16h2v2H4v-2zm16 0H8v2h12v-2z\" fill=\"currentColor\"><\/path><\/svg><svg style=\"fill: #999;color:#999\" class=\"arrow-unsorted-368013\" xmlns=\"http:\/\/www.w3.org\/2000\/svg\" width=\"10px\" height=\"10px\" viewbox=\"0 0 24 24\" version=\"1.2\" baseprofile=\"tiny\"><path d=\"M18.2 9.3l-6.2-6.3-6.2 6.3c-.2.2-.3.4-.3.7s.1.5.3.7c.2.2.4.3.7.3h11c.3 0 .5-.1.7-.3.2-.2.3-.5.3-.7s-.1-.5-.3-.7zM5.8 14.7l6.2 6.3 6.2-6.3c.2-.2.3-.5.3-.7s-.1-.5-.3-.7c-.2-.2-.4-.3-.7-.3h-11c-.3 0-.5.1-.7.3-.2.2-.3.5-.3.7s.1.5.3.7z\"\/><\/svg><\/span><\/span><\/span><\/a><\/span><\/div>\n<nav><ul class='ez-toc-list ez-toc-list-level-1' ><li class='ez-toc-page-1 ez-toc-heading-level-2'><a class=\"ez-toc-link ez-toc-heading-1\" href=\"https:\/\/gbl-eshop.net\/nl\/schutz-gbl-und-ghb\/#Sicherheits-_und_Sicherheitsleitfaden_fur_GBL_Gamma-Butyrolacton_und_GHB_Gamma-Hydroxybutyrat\" >Veiligheidsgids voor GBL (gamma-butyrolacton) en GHB (gamma-hydroxybutyraat)<\/a><ul class='ez-toc-list-level-3' ><li class='ez-toc-heading-level-3'><a class=\"ez-toc-link ez-toc-heading-2\" href=\"https:\/\/gbl-eshop.net\/nl\/schutz-gbl-und-ghb\/#Ubersicht\" >Overzicht<\/a><\/li><li class='ez-toc-page-1 ez-toc-heading-level-3'><a class=\"ez-toc-link ez-toc-heading-3\" href=\"https:\/\/gbl-eshop.net\/nl\/schutz-gbl-und-ghb\/#Eigenschaften_und_Wirkungen\" >Eigenschappen en effecten<\/a><\/li><li class='ez-toc-page-1 ez-toc-heading-level-3'><a class=\"ez-toc-link ez-toc-heading-4\" href=\"https:\/\/gbl-eshop.net\/nl\/schutz-gbl-und-ghb\/#Rechtlicher_Status\" >Juridische status<\/a><\/li><li class='ez-toc-page-1 ez-toc-heading-level-3'><a class=\"ez-toc-link ez-toc-heading-5\" href=\"https:\/\/gbl-eshop.net\/nl\/schutz-gbl-und-ghb\/#Sicherheitsrichtlinien\" >Richtlijnen voor beveiliging<\/a><ul class='ez-toc-list-level-4' ><li class='ez-toc-heading-level-4'><a class=\"ez-toc-link ez-toc-heading-6\" href=\"https:\/\/gbl-eshop.net\/nl\/schutz-gbl-und-ghb\/#Dosierung\" >Dosering<\/a><\/li><li class='ez-toc-page-1 ez-toc-heading-level-4'><a class=\"ez-toc-link ez-toc-heading-7\" href=\"https:\/\/gbl-eshop.net\/nl\/schutz-gbl-und-ghb\/#Risiken_einer_Uberdosierung\" >Risico's van een overdosis<\/a><ul class='ez-toc-list-level-6' ><li class='ez-toc-heading-level-6'><ul class='ez-toc-list-level-6' ><li class='ez-toc-heading-level-6'><a class=\"ez-toc-link ez-toc-heading-8\" href=\"https:\/\/gbl-eshop.net\/nl\/schutz-gbl-und-ghb\/#Uberdosierungssymptome_umfassen\" >Overdoseringsverschijnselen zijn onder andere:<\/a><\/li><li class='ez-toc-page-1 ez-toc-heading-level-6'><a class=\"ez-toc-link ez-toc-heading-9\" href=\"https:\/\/gbl-eshop.net\/nl\/schutz-gbl-und-ghb\/#Erste_Hilfe_bei_Uberdosierung\" >Eerste hulp bij overdosering:<\/a><\/li><\/ul><\/li><\/ul><\/li><\/ul><\/li><li class='ez-toc-page-1 ez-toc-heading-level-3'><a class=\"ez-toc-link ez-toc-heading-10\" href=\"https:\/\/gbl-eshop.net\/nl\/schutz-gbl-und-ghb\/#Kombination_mit_anderen_Substanzen\" >Combinatie met andere stoffen<\/a><\/li><li class='ez-toc-page-1 ez-toc-heading-level-3'><a class=\"ez-toc-link ez-toc-heading-11\" href=\"https:\/\/gbl-eshop.net\/nl\/schutz-gbl-und-ghb\/#Schadensminderungsstrategien\" >Strategie\u00ebn om verliezen te beperken<\/a><\/li><li class='ez-toc-page-1 ez-toc-heading-level-3'><a class=\"ez-toc-link ez-toc-heading-12\" href=\"https:\/\/gbl-eshop.net\/nl\/schutz-gbl-und-ghb\/#Lagerung_und_Handhabung\" >Opslag en verwerking<\/a><\/li><li class='ez-toc-page-1 ez-toc-heading-level-3'><a class=\"ez-toc-link ez-toc-heading-13\" href=\"https:\/\/gbl-eshop.net\/nl\/schutz-gbl-und-ghb\/#Sicherheitsbedenken\" >Bezorgdheid over veiligheid<\/a><\/li><li class='ez-toc-page-1 ez-toc-heading-level-3'><a class=\"ez-toc-link ez-toc-heading-14\" href=\"https:\/\/gbl-eshop.net\/nl\/schutz-gbl-und-ghb\/#Medizinische_und_Psychologische_Uberlegungen\" >Medische en psychologische overwegingen<\/a><\/li><li class='ez-toc-page-1 ez-toc-heading-level-3'><a class=\"ez-toc-link ez-toc-heading-15\" href=\"https:\/\/gbl-eshop.net\/nl\/schutz-gbl-und-ghb\/#Visuelle_Hilfsmittel\" >Visuele hulpmiddelen<\/a><ul class='ez-toc-list-level-4' ><li class='ez-toc-heading-level-4'><a class=\"ez-toc-link ez-toc-heading-16\" href=\"https:\/\/gbl-eshop.net\/nl\/schutz-gbl-und-ghb\/#Diagramm_der_stabilen_Seitenlage\" >Diagram van de stabiele laterale positie<\/a><\/li><li class='ez-toc-page-1 ez-toc-heading-level-4'><a class=\"ez-toc-link ez-toc-heading-17\" href=\"https:\/\/gbl-eshop.net\/nl\/schutz-gbl-und-ghb\/#Beispiel_fur_Dosismessung\" >Voorbeeld van dosismeting<\/a><\/li><\/ul><\/li><li class='ez-toc-page-1 ez-toc-heading-level-3'><a class=\"ez-toc-link ez-toc-heading-18\" href=\"https:\/\/gbl-eshop.net\/nl\/schutz-gbl-und-ghb\/#Fazit\" >Conclusie<\/a><\/li><\/ul><\/li><\/ul><\/nav><\/div>\n<h2 class=\"wp-block-heading\"><span class=\"ez-toc-section\" id=\"Sicherheits-_und_Sicherheitsleitfaden_fur_GBL_Gamma-Butyrolacton_und_GHB_Gamma-Hydroxybutyrat\"><\/span><strong>Veiligheidsgids voor GBL (gamma-butyrolacton) en GHB (gamma-hydroxybutyraat)<\/strong><span class=\"ez-toc-section-end\"><\/span><\/h2>\n\n\n\n<h3 class=\"wp-block-heading\"><span class=\"ez-toc-section\" id=\"Ubersicht\"><\/span>Overzicht<span class=\"ez-toc-section-end\"><\/span><\/h3>\n\n\n<div class=\"wp-block-image\">\n<figure class=\"aligncenter size-full\"><img fetchpriority=\"high\" decoding=\"async\" width=\"480\" height=\"480\" src=\"https:\/\/gbl-eshop.net\/wp-content\/uploads\/2024\/06\/77713561_n.jpg\" alt=\"\" class=\"wp-image-1269\" srcset=\"https:\/\/gbl-eshop.net\/wp-content\/uploads\/2024\/06\/77713561_n.jpg 480w, https:\/\/gbl-eshop.net\/wp-content\/uploads\/2024\/06\/77713561_n-100x100.jpg 100w, https:\/\/gbl-eshop.net\/wp-content\/uploads\/2024\/06\/77713561_n-300x300.jpg 300w, https:\/\/gbl-eshop.net\/wp-content\/uploads\/2024\/06\/77713561_n-150x150.jpg 150w\" sizes=\"(max-width: 480px) 100vw, 480px\" \/><\/figure>\n<\/div>\n\n\n<p><strong>GBL (gamma-butyrolacton)<\/strong> en <strong>GHB (gamma-hydroxybutyraat)<\/strong> zijn stoffen die legitiem industrieel en medisch gebruikt worden, maar ook recreatief. Beide stoffen kunnen gevaarlijk zijn als ze worden misbruikt en kunnen leiden tot verslaving, overdosering en juridische gevolgen.<\/p>\n\n\n\n<h3 class=\"wp-block-heading\"><span class=\"ez-toc-section\" id=\"Eigenschaften_und_Wirkungen\"><\/span>Eigenschappen en effecten<span class=\"ez-toc-section-end\"><\/span><\/h3>\n\n\n\n<figure class=\"wp-block-table\"><table><thead><tr><th>Functie<\/th><th>GBL<\/th><th>GHB<\/th><\/tr><\/thead><tbody><tr><td>Chemische formule<\/td><td>C\u2084H\u2086O\u2082<\/td><td>C\u2084H\u2088O\u2083<\/td><\/tr><tr><td>Frequente toepassingen<\/td><td>Oplosmiddel, reinigingsmiddel, precursor<\/td><td>Medisch gebruik (narcolepsie, anesthesie), vrije tijd<\/td><\/tr><tr><td>Begin van actie<\/td><td>10-60 minuten<\/td><td>15-30 minuten<\/td><\/tr><tr><td>Duur van het effect<\/td><td>1,5-4 uur<\/td><td>1,5-4 uur<\/td><\/tr><tr><td>Effecten<\/td><td>Euforie, ontspanning, slaperigheid<\/td><td>Euforie, ontspanning, slaperigheid<\/td><\/tr><\/tbody><\/table><\/figure>\n\n\n\n<h3 class=\"wp-block-heading\"><span class=\"ez-toc-section\" id=\"Rechtlicher_Status\"><\/span>Juridische status<span class=\"ez-toc-section-end\"><\/span><\/h3>\n\n\n\n<figure class=\"wp-block-table\"><table><thead><tr><th>Land\/regio<\/th><th>GBL<\/th><th>GHB<\/th><\/tr><\/thead><tbody><tr><td>Verenigde Staten<\/td><td>Niet federaal geclassificeerd, maar gecontroleerd door analoge wetten<\/td><td>Lijst I (niet-medisch gebruik), Lijst III (Xyrem)<\/td><\/tr><tr><td>Europese Unie<\/td><td>Gecontroleerd in veel landen<\/td><td>Gereguleerde stof<\/td><\/tr><tr><td>Australi\u00eb<\/td><td>Gecontroleerde voorbereidende fase<\/td><td>Lijst I<\/td><\/tr><tr><td>Canada<\/td><td>Gecontroleerd<\/td><td>Gecontroleerd<\/td><\/tr><\/tbody><\/table><\/figure>\n\n\n\n<h3 class=\"wp-block-heading\"><span class=\"ez-toc-section\" id=\"Sicherheitsrichtlinien\"><\/span>Richtlijnen voor beveiliging<span class=\"ez-toc-section-end\"><\/span><\/h3>\n\n\n\n<h4 class=\"wp-block-heading\"><span class=\"ez-toc-section\" id=\"Dosierung\"><\/span>Dosering<span class=\"ez-toc-section-end\"><\/span><\/h4>\n\n\n\n<ul class=\"wp-block-list\">\n<li><strong>GBL<\/strong>Normale recreatieve doses vari\u00ebren van 0,5 tot 2,5 ml. Hogere doses verhogen het risico op ernstige bijwerkingen.<\/li>\n\n\n\n<li><strong>GHB<\/strong>Typische doses vari\u00ebren van 0,5 tot 3 gram. Het risico op overdosering is hoog door het kleine verschil tussen een recreatieve dosis en een overdosis.<\/li>\n<\/ul>\n\n\n\n<p><strong>Opmerking:<\/strong> De individuele tolerantie varieert sterk. Begin altijd met de laagst mogelijke dosis om de tolerantie te beoordelen.<\/p>\n\n\n\n<h4 class=\"wp-block-heading\"><span class=\"ez-toc-section\" id=\"Risiken_einer_Uberdosierung\"><\/span>Risico's van een overdosis<span class=\"ez-toc-section-end\"><\/span><\/h4>\n\n\n\n<h6 class=\"wp-block-heading\"><span class=\"ez-toc-section\" id=\"Uberdosierungssymptome_umfassen\"><\/span>Overdoseringsverschijnselen zijn onder andere:<span class=\"ez-toc-section-end\"><\/span><\/h6>\n\n\n\n<ul class=\"wp-block-list\">\n<li>Onbewustzijn<\/li>\n\n\n\n<li>Krampen<\/li>\n\n\n\n<li>Langzame of onregelmatige ademhaling<\/li>\n\n\n\n<li>Braken<\/li>\n\n\n\n<li>Verlies van co\u00f6rdinatie<\/li>\n<\/ul>\n\n\n\n<h6 class=\"wp-block-heading\"><span class=\"ez-toc-section\" id=\"Erste_Hilfe_bei_Uberdosierung\"><\/span><strong>Eerste hulp bij overdosering:<\/strong><span class=\"ez-toc-section-end\"><\/span><\/h6>\n\n\n\n<ol class=\"wp-block-list\">\n<li><strong>Bel onmiddellijk de hulpdiensten.<\/strong><\/li>\n\n\n\n<li><strong>Plaats de persoon in de herstelpositie<\/strong>om verstikking te voorkomen.<\/li>\n\n\n\n<li><strong>Controleer je ademhaling<\/strong> en bereid zijn om indien nodig cardiopulmonale reanimatie uit te voeren.<\/li>\n\n\n\n<li><strong>Laat de persoon niet alleen<\/strong>totdat er hulp komt.<\/li>\n<\/ol>\n\n\n\n<h3 class=\"wp-block-heading\"><span class=\"ez-toc-section\" id=\"Kombination_mit_anderen_Substanzen\"><\/span>Combinatie met andere stoffen<span class=\"ez-toc-section-end\"><\/span><\/h3>\n\n\n\n<ul class=\"wp-block-list\">\n<li><strong>Alcohol<\/strong>Verhoogt het risico op overdosis en overlijden.<\/li>\n\n\n\n<li><strong>Benzodiazepinen<\/strong>Verhoogt ook het risico op ernstige ademhalingsdepressie en overlijden.<\/li>\n\n\n\n<li><strong>Stimulerende middelen (bijv. coca\u00efne, amfetaminen)<\/strong>Kan de depressieve effecten maskeren, wat kan leiden tot een onverwachte overdosis.<\/li>\n<\/ul>\n\n\n\n<h3 class=\"wp-block-heading\"><span class=\"ez-toc-section\" id=\"Schadensminderungsstrategien\"><\/span>Strategie\u00ebn om verliezen te beperken<span class=\"ez-toc-section-end\"><\/span><\/h3>\n\n\n\n<ol class=\"wp-block-list\">\n<li><strong>Niet alleen gebruiken.<\/strong> Zorg dat er altijd een nuchter persoon aanwezig is.<\/li>\n\n\n\n<li><strong>Niet met andere depressiva<\/strong> zoals alcohol of benzodiazepinen.<\/li>\n\n\n\n<li><strong>Meet de blikken nauwkeurig<\/strong> met een spuit of pipet.<\/li>\n\n\n\n<li><strong>Begin met een lage dosis<\/strong>om de reactie van je lichaam te beoordelen.<\/li>\n\n\n\n<li><strong>Gehydrateerd blijven<\/strong>maar vermijd het drinken van grote hoeveelheden water in korte tijd.<\/li>\n\n\n\n<li><strong>Bewaar contactpersonen en informatie voor noodgevallen<\/strong> klaar.<\/li>\n<\/ol>\n\n\n\n<h3 class=\"wp-block-heading\"><span class=\"ez-toc-section\" id=\"Lagerung_und_Handhabung\"><\/span>Opslag en verwerking<span class=\"ez-toc-section-end\"><\/span><\/h3>\n\n\n\n<ul class=\"wp-block-list\">\n<li><strong>Koel en droog bewaren<\/strong>uit de buurt van direct zonlicht.<\/li>\n\n\n\n<li><strong>Buiten bereik van kinderen en huisdieren bewaren.<\/strong><\/li>\n\n\n\n<li><strong>Verpakkingen duidelijk labelen<\/strong>om onbedoelde ontvangsten te voorkomen.<\/li>\n\n\n\n<li><strong>Gebruik geschikte beschermingsmiddelen<\/strong> (handschoenen, veiligheidsbril) bij het hanteren van GBL vanwege de oplosbaarheid.<\/li>\n<\/ul>\n\n\n\n<h3 class=\"wp-block-heading\"><span class=\"ez-toc-section\" id=\"Sicherheitsbedenken\"><\/span>Bezorgdheid over veiligheid<span class=\"ez-toc-section-end\"><\/span><\/h3>\n\n\n\n<ol class=\"wp-block-list\">\n<li><strong>Veilig opbergen<\/strong>Zorg ervoor dat GBL en GHB worden opgeslagen in een afgesloten ruimte.<\/li>\n\n\n\n<li><strong>Gebruik controleren<\/strong>Volg hoeveelheden om ongeoorloofd gebruik op te sporen.<\/li>\n\n\n\n<li><strong>Naleving van wettelijke voorschriften<\/strong>Neem de plaatselijke voorschriften voor de aankoop, de opslag en het gebruik van deze stoffen in acht.<\/li>\n<\/ol>\n\n\n\n<h3 class=\"wp-block-heading\"><span class=\"ez-toc-section\" id=\"Medizinische_und_Psychologische_Uberlegungen\"><\/span>Medische en psychologische overwegingen<span class=\"ez-toc-section-end\"><\/span><\/h3>\n\n\n\n<ul class=\"wp-block-list\">\n<li><strong>Afhankelijkheid en ontwenning<\/strong>Beide stoffen kunnen verslavend zijn. Ontwenningsverschijnselen kunnen bestaan uit angst, trillen, slapeloosheid en, in ernstige gevallen, convulsies.<\/li>\n\n\n\n<li><strong>Zoek professionele hulp<\/strong>Als jij of iemand die je kent worstelt met verslaving, zoek dan medische en psychologische hulp.<\/li>\n<\/ul>\n\n\n\n<h3 class=\"wp-block-heading\"><span class=\"ez-toc-section\" id=\"Visuelle_Hilfsmittel\"><\/span>Visuele hulpmiddelen<span class=\"ez-toc-section-end\"><\/span><\/h3>\n\n\n\n<h4 class=\"wp-block-heading\"><span class=\"ez-toc-section\" id=\"Diagramm_der_stabilen_Seitenlage\"><\/span>Diagram van de stabiele laterale positie<span class=\"ez-toc-section-end\"><\/span><\/h4>\n\n\n\n<figure class=\"wp-block-image\"><img decoding=\"async\" src=\"https:\/\/www.stjohn.org.nz\/assets\/First-Aid\/Recovery-position.jpg\" alt=\"Stabile Seitenlage\"\/><\/figure>\n\n\n\n<h4 class=\"wp-block-heading\"><span class=\"ez-toc-section\" id=\"Beispiel_fur_Dosismessung\"><\/span>Voorbeeld van dosismeting<span class=\"ez-toc-section-end\"><\/span><\/h4>\n\n\n\n<figure class=\"wp-block-image\"><img decoding=\"async\" src=\"https:\/\/images-na.ssl-images-amazon.com\/images\/I\/61UogXBMy-L._AC_SL1500_.jpg\" alt=\"Dosismessung\"\/><\/figure>\n\n\n\n<h3 class=\"wp-block-heading\"><span class=\"ez-toc-section\" id=\"Fazit\"><\/span>Conclusie<span class=\"ez-toc-section-end\"><\/span><\/h3>\n\n\n\n<p>GBL en GHB kunnen gevaarlijk zijn als ze verkeerd worden gebruikt. Het begrijpen van de eigenschappen, risico's en veiligheidsmaatregelen is cruciaal om schade te voorkomen. Volg altijd schadebeperkende praktijken en wettelijke vereisten.<\/p>\n\n\n\n<p>Raadpleeg voor meer informatie professionals in de gezondheidszorg en gezaghebbende bronnen over middelengebruik en schadebeperking.<\/p>","protected":false},"excerpt":{"rendered":"<p>Sicherheits- und Sicherheitsleitfaden f\u00fcr GBL (Gamma-Butyrolacton) und GHB (Gamma-Hydroxybutyrat) \u00dcbersicht GBL (Gamma-Butyrolacton) und GHB (Gamma-Hydroxybutyrat) sind Substanzen, die legitime industrielle und medizinische Anwendungen haben, aber auch aus Freizeitgr\u00fcnden verwendet werden. Beide Substanzen k\u00f6nnen gef\u00e4hrlich sein, wenn sie missbraucht werden, und haben ein Potenzial f\u00fcr Abh\u00e4ngigkeit, \u00dcberdosierung und rechtliche Konsequenzen. Eigenschaften und Wirkungen Eigenschaft GBL GHB [&hellip;]<\/p>\n","protected":false},"author":1,"featured_media":0,"parent":0,"menu_order":0,"comment_status":"closed","ping_status":"closed","template":"","meta":{"ocean_post_layout":"","ocean_both_sidebars_style":"","ocean_both_sidebars_content_width":0,"ocean_both_sidebars_sidebars_width":0,"ocean_sidebar":"","ocean_second_sidebar":"","ocean_disable_margins":"enable","ocean_add_body_class":"","ocean_shortcode_before_top_bar":"","ocean_shortcode_after_top_bar":"","ocean_shortcode_before_header":"","ocean_shortcode_after_header":"","ocean_has_shortcode":"","ocean_shortcode_after_title":"","ocean_shortcode_before_footer_widgets":"","ocean_shortcode_after_footer_widgets":"","ocean_shortcode_before_footer_bottom":"","ocean_shortcode_after_footer_bottom":"","ocean_display_top_bar":"default","ocean_display_header":"default","ocean_header_style":"","ocean_center_header_left_menu":"","ocean_custom_header_template":"","ocean_custom_logo":0,"ocean_custom_retina_logo":0,"ocean_custom_logo_max_width":0,"ocean_custom_logo_tablet_max_width":0,"ocean_custom_logo_mobile_max_width":0,"ocean_custom_logo_max_height":0,"ocean_custom_logo_tablet_max_height":0,"ocean_custom_logo_mobile_max_height":0,"ocean_header_custom_menu":"","ocean_menu_typo_font_family":"","ocean_menu_typo_font_subset":"","ocean_menu_typo_font_size":0,"ocean_menu_typo_font_size_tablet":0,"ocean_menu_typo_font_size_mobile":0,"ocean_menu_typo_font_size_unit":"px","ocean_menu_typo_font_weight":"","ocean_menu_typo_font_weight_tablet":"","ocean_menu_typo_font_weight_mobile":"","ocean_menu_typo_transform":"","ocean_menu_typo_transform_tablet":"","ocean_menu_typo_transform_mobile":"","ocean_menu_typo_line_height":0,"ocean_menu_typo_line_height_tablet":0,"ocean_menu_typo_line_height_mobile":0,"ocean_menu_typo_line_height_unit":"","ocean_menu_typo_spacing":0,"ocean_menu_typo_spacing_tablet":0,"ocean_menu_typo_spacing_mobile":0,"ocean_menu_typo_spacing_unit":"","ocean_menu_link_color":"","ocean_menu_link_color_hover":"","ocean_menu_link_color_active":"","ocean_menu_link_background":"","ocean_menu_link_hover_background":"","ocean_menu_link_active_background":"","ocean_menu_social_links_bg":"","ocean_menu_social_hover_links_bg":"","ocean_menu_social_links_color":"","ocean_menu_social_hover_links_color":"","ocean_disable_title":"default","ocean_disable_heading":"default","ocean_post_title":"","ocean_post_subheading":"","ocean_post_title_style":"","ocean_post_title_background_color":"","ocean_post_title_background":0,"ocean_post_title_bg_image_position":"","ocean_post_title_bg_image_attachment":"","ocean_post_title_bg_image_repeat":"","ocean_post_title_bg_image_size":"","ocean_post_title_height":0,"ocean_post_title_bg_overlay":0.5,"ocean_post_title_bg_overlay_color":"","ocean_disable_breadcrumbs":"default","ocean_breadcrumbs_color":"","ocean_breadcrumbs_separator_color":"","ocean_breadcrumbs_links_color":"","ocean_breadcrumbs_links_hover_color":"","ocean_display_footer_widgets":"default","ocean_display_footer_bottom":"default","ocean_custom_footer_template":"","footnotes":""},"class_list":["post-1264","page","type-page","status-publish","hentry","entry","owp-thumbs-layout-horizontal","owp-btn-normal","owp-tabs-layout-horizontal","has-no-thumbnails","has-product-nav"],"jetpack_sharing_enabled":true,"_links":{"self":[{"href":"https:\/\/gbl-eshop.net\/nl\/wp-json\/wp\/v2\/pages\/1264","targetHints":{"allow":["GET"]}}],"collection":[{"href":"https:\/\/gbl-eshop.net\/nl\/wp-json\/wp\/v2\/pages"}],"about":[{"href":"https:\/\/gbl-eshop.net\/nl\/wp-json\/wp\/v2\/types\/page"}],"author":[{"embeddable":true,"href":"https:\/\/gbl-eshop.net\/nl\/wp-json\/wp\/v2\/users\/1"}],"replies":[{"embeddable":true,"href":"https:\/\/gbl-eshop.net\/nl\/wp-json\/wp\/v2\/comments?post=1264"}],"version-history":[{"count":4,"href":"https:\/\/gbl-eshop.net\/nl\/wp-json\/wp\/v2\/pages\/1264\/revisions"}],"predecessor-version":[{"id":2636,"href":"https:\/\/gbl-eshop.net\/nl\/wp-json\/wp\/v2\/pages\/1264\/revisions\/2636"}],"wp:attachment":[{"href":"https:\/\/gbl-eshop.net\/nl\/wp-json\/wp\/v2\/media?parent=1264"}],"curies":[{"name":"wp","href":"https:\/\/api.w.org\/{rel}","templated":true}]}}