{"id":1495,"date":"2024-07-09T21:44:32","date_gmt":"2024-07-09T21:44:32","guid":{"rendered":"https:\/\/linen-vulture-703400.hostingersite.com\/?post_type=product&#038;p=1495"},"modified":"2026-03-08T11:01:20","modified_gmt":"2026-03-08T11:01:20","slug":"14-butandiol-kaufen","status":"publish","type":"product","link":"https:\/\/gbl-eshop.net\/ja\/product\/14-butandiol-kaufen\/","title":{"rendered":"14 \u30d6\u30bf\u30f3\u30b8\u30aa\u30fc\u30eb\u3092\u8cb7\u3046"},"content":{"rendered":"<h1>\u00a01,4-\u30d6\u30bf\u30f3\u30b8\u30aa\u30fc\u30eb\u306e\u8cfc\u5165 - \u7dcf\u5408\u30ac\u30a4\u30c9<\/h1>\n<h2>\u00a01,4-\u30d6\u30bf\u30f3\u30b8\u30aa\u30fc\u30eb\u3068\u306f\uff1f<\/h2>\n<h3>\u5b9a\u7fa9\u3068\u5316\u5b66\u7684\u6027\u8cea<\/h3>\n<p>14 \u30d6\u30bf\u30f3\u30b8\u30aa\u30fc\u30eb\u3092\u8cfc\u5165\u3059\u308b\u3002 <a href=\"https:\/\/www.youtube.com\/watch?v=K9e8RazUrYM\" target=\"_blank\" rel=\"noopener\">\u5316\u5b66\u5f0f C4H10O2<\/a>.\u7121\u8272\u3001\u7c98\u6027\u3001\u6c34\u6eb6\u6027\u3001\u5438\u6e7f\u6027\u306e\u6db2\u4f53\u3067\u3001\u591a\u304f\u306e\u5de5\u696d\u7528\u9014\u306b\u4f7f\u7528\u3055\u308c\u3066\u3044\u308b\u3002\u5316\u5b66\u69cb\u9020\u306f\u3001\u6c34\u9178\u57fa\u304c\u7d50\u5408\u3057\u305f4\u500b\u306e\u70ad\u7d20\u539f\u5b50\u306e\u9396\u304b\u3089\u306a\u308b\u3002<\/p>\n<h3>\u7528\u9014<\/h3>\n<p>1,4-\u30d6\u30bf\u30f3\u30b8\u30aa\u30fc\u30eb\u306f\u69d8\u3005\u306a\u7523\u696d\u3067\u4f7f\u7528\u3055\u308c\u3066\u3044\u308b\uff1a<\/p>\n<p>- \u5de5\u696d\u7528\u9014\uff1a\u30dd\u30ea\u30de\u30fc\u3084\u6eb6\u5264\u306e\u88fd\u9020\u306b\u4f7f\u7528\u3055\u308c\u308b\u3002<br \/>\n- \u5316\u5b66\u5de5\u696d\u3067\u306e\u5229\u7528\uff1a\u91cd\u8981\u306a\u6eb6\u5a92\u3067\u3042\u308b\u30c6\u30c8\u30e9\u30d2\u30c9\u30ed\u30d5\u30e9\u30f3\uff08THF\uff09\u88fd\u9020\u306e\u51fa\u767a\u539f\u6599\u3068\u306a\u308b\u3002<br \/>\n- \u30d7\u30e9\u30b9\u30c1\u30c3\u30af\u88fd\u9020\u306b\u304a\u3051\u308b\u5f79\u5272\uff1a1,4-\u30d6\u30bf\u30f3\u30b8\u30aa\u30fc\u30eb\u306f\u3001\u71b1\u53ef\u5851\u6027\u30dd\u30ea\u30de\u30fc\u3067\u3042\u308b\u30dd\u30ea\u30d6\u30c1\u30ec\u30f3\u30c6\u30ec\u30d5\u30bf\u30ec\u30fc\u30c8\uff08PBT\uff09\u88fd\u9020\u306e\u524d\u99c6\u4f53\u3067\u3042\u308b\u3002 <a href=\"https:\/\/gbl-eshop.net\/ja\/product\/14-butandiol-kaufen\/\">1,4\u30d6\u30bf\u30f3\u30b8\u30aa\u30fc\u30eb\u3092\u8cfc\u5165\u3059\u308b<\/a><\/p>\n<p>&#8212;<\/p>\n<h2><a href=\"https:\/\/gbl-eshop.net\/ja\/butandiol-kaufen\/\">\u00a0\u30c9\u30a4\u30c4\u30671,4-\u30d6\u30bf\u30f3\u30b8\u30aa\u30fc\u30eb\u3092\u8cfc\u5165\u3059\u308b<\/a><\/h2>\n<h3>1,4-\u30d6\u30bf\u30f3\u30b8\u30aa\u30fc\u30eb\u306f\u3069\u3053\u3067\u8cb7\u3048\u308b\u306e\u304b\uff1f<\/h3>\n<p>\u30c9\u30a4\u30c4\u3067\u306f <a href=\"https:\/\/gbl-eshop.net\/ja\/butandiol-kaufen-2\/\">1,4-\u30d6\u30bf\u30f3\u30b8\u30aa\u30fc\u30eb<\/a> \u5730\u5143\u306e\u5c02\u9580\u5e97\u3067\u3082\u30aa\u30f3\u30e9\u30a4\u30f3\u30b7\u30e7\u30c3\u30d7\u3067\u3082\u3002\u4fe1\u983c\u3067\u304d\u308b\u5c0f\u58f2\u696d\u8005\u306f\u9ad8\u54c1\u8cea\u306e\u88fd\u54c1\u3092\u63d0\u4f9b\u3057\u3001\u6cd5\u7684\u898f\u5236\u306e\u9075\u5b88\u3092\u4fdd\u8a3c\u3059\u308b\u3002<\/p>\n<h2>1,4-\u30d6\u30bf\u30f3\u30b8\u30aa\u30fc\u30eb \u4fa1\u683c\u3068\u5165\u624b\u53ef\u80fd\u6027<\/h2>\n<p>| \u30b5\u30d7\u30e9\u30a4\u30e4\u30fc\uff5c1\u30ea\u30c3\u30c8\u30eb\u3042\u305f\u308a\u306e\u4fa1\u683c\uff08\u20ac\uff09\uff5c\u5728\u5eab\u72b6\u6cc1\uff5c\u8ca9\u58f2\u4fa1\u683c<br \/>\n|&#8212;&#8212;&#8212;&#8212;&#8212;&#8212;&#8211;|&#8212;&#8212;&#8212;&#8212;&#8212;&#8212;&#8212;|&#8212;&#8212;&#8212;&#8212;&#8212;|<br \/>\n| ChemieShop24 | 50 | \u5728\u5eab\u3042\u308a<br \/>\n| \u7523\u696d\u5316\u5b66\uff5c48\uff5c\u5728\u5eab\u3042\u308a<br \/>\n| \u30aa\u30f3\u30e9\u30a4\u30f3\u30b1\u30e0\uff5c52\uff5c\u5728\u5eab\u3042\u308a<\/p>\n<h3>\u30aa\u30f3\u30e9\u30a4\u30f3\u8cfc\u5165\u3068\u6587\u623f\u5177\u8cfc\u5165<\/h3>\n<p>1,4-\u30d6\u30bf\u30f3\u30b8\u30aa\u30fc\u30eb\u3092\u30aa\u30f3\u30e9\u30a4\u30f3\u3067\u8cfc\u5165\u3059\u308b\u3068\u3001\u54c1\u63c3\u3048\u304c\u8c4a\u5bcc\u3067\u4fa1\u683c\u304c\u5b89\u3044\u3053\u3068\u304c\u591a\u3044\u306a\u3069\u3001\u591a\u304f\u306e\u5229\u70b9\u304c\u3042\u308b\u3002\u305f\u3060\u3057\u3001\u4fe1\u983c\u3067\u304d\u308b\u60c5\u5831\u6e90\u304b\u3089\u8cfc\u5165\u3059\u308b\u3088\u3046\u3001\u5b89\u5168\u4e0a\u306e\u6ce8\u610f\u304c\u5fc5\u8981\u3067\u3042\u308b\u3002<\/p>\n<p>&nbsp;<\/p>\n<h2>1,4-\u30d6\u30bf\u30f3\u30b8\u30aa\u30fc\u30eb\u306e\u5b89\u5168\u6027\u3068\u4fdd\u7ba1\u306b\u3064\u3044\u3066<\/h2>\n<h3>\u6b63\u3057\u3044\u4fdd\u7ba1<\/h3>\n<p>1,4-\u30d6\u30bf\u30f3\u30b8\u30aa\u30fc\u30eb\u306f\u5bc6\u6813\u3057\u305f\u5bb9\u5668\u306b\u5165\u308c\u3001\u6dbc\u3057\u304f\u4e7e\u71e5\u3057\u305f\u74b0\u5883\u3067\u4fdd\u7ba1\u3059\u308b\u3053\u3068\u3002\u88fd\u54c1\u306e\u54c1\u8cea\u3068\u5b89\u5b9a\u6027\u3092\u78ba\u4fdd\u3059\u308b\u305f\u3081\u3001\u76f4\u5c04\u65e5\u5149\u3084\u9ad8\u6e29\u306f\u907f\u3051\u308b\u3079\u304d\u3067\u3042\u308b\u3002<\/p>\n<h3>\u5b89\u5168\u4e0a\u306e\u6ce8\u610f<\/h3>\n<p>1,4-\u30d6\u30bf\u30f3\u30b8\u30aa\u30fc\u30eb\u3092\u53d6\u308a\u6271\u3046\u969b\u306b\u306f\u3001\u4e00\u5b9a\u306e\u4fdd\u8b77\u63aa\u7f6e\u3092\u9075\u5b88\u3057\u306a\u3051\u308c\u3070\u306a\u3089\u306a\u3044\uff1a<\/p>\n<p>- \u4fdd\u8b77\u624b\u888b\u3068\u5b89\u5168\u30b4\u30fc\u30b0\u30eb\u3092\u7740\u7528\u3059\u308b\u3053\u3068\u3002<br \/>\n- \u4f5c\u696d\u5834\u306e\u63db\u6c17\u3092\u5341\u5206\u306b\u884c\u3063\u3066\u304f\u3060\u3055\u3044\u3002<br \/>\n- \u76ae\u819a\u306b\u4ed8\u7740\u3057\u305f\u5834\u5408\u306f\u3001\u76f4\u3061\u306b\u591a\u91cf\u306e\u6c34\u3067\u6d17\u3044\u6d41\u3057\u3066\u304f\u3060\u3055\u3044\u3002<\/p>\n<p>&nbsp;<\/p>\n<h2>\u00a01,4-\u30d6\u30bf\u30f3\u30b8\u30aa\u30fc\u30eb\u306e\u6cd5\u7684\u5074\u9762<\/h2>\n<h3>\u30c9\u30a4\u30c4\u306b\u304a\u3051\u308b\u5408\u6cd5\u6027<\/h3>\n<p>\u30c9\u30a4\u30c4\u3067\u306f\u30011,4-\u30d6\u30bf\u30f3\u30b8\u30aa\u30fc\u30eb\u306e\u8cfc\u5165\u304a\u3088\u3073\u6240\u6709\u306f\u3001\u7279\u5b9a\u306e\u6cd5\u7684\u898f\u5236\u306e\u5bfe\u8c61\u3068\u306a\u308a\u307e\u3059\u3002\u6cd5\u7684\u306a\u5f71\u97ff\u3092\u907f\u3051\u308b\u305f\u3081\u306b\u306f\u3001\u73fe\u884c\u306e\u898f\u5236\u306b\u3064\u3044\u3066\u3054\u81ea\u8eab\u3067\u78ba\u8a8d\u3059\u308b\u3053\u3068\u304c\u91cd\u8981\u3067\u3059\u3002<\/p>\n<h3>\u8f38\u51fa\u5165<\/h3>\n<p>1,4-\u30d6\u30bf\u30f3\u30b8\u30aa\u30fc\u30eb\u306e\u8f38\u51fa\u5165\u306b\u306f\u53b3\u3057\u3044\u898f\u5236\u304c\u9069\u7528\u3055\u308c\u308b\u3002\u4f01\u696d\u306f\u6cd5\u7684\u554f\u984c\u3092\u56de\u907f\u3059\u308b\u305f\u3081\u3001\u95a2\u9023\u6cd5\u898f\u3092\u78ba\u5b9f\u306b\u9075\u5b88\u3057\u306a\u3051\u308c\u3070\u306a\u3089\u306a\u3044\u3002<\/p>\n<p>&nbsp;<\/p>\n<h2>1,4-\u30d6\u30bf\u30f3\u30b8\u30aa\u30fc\u30eb: \u3088\u304f\u3042\u308b\u8cea\u554f<\/h2>\n<p>\u30c9\u30a4\u30c4\u30671,4-\u30d6\u30bf\u30f3\u30b8\u30aa\u30fc\u30eb\u3092\u8cfc\u5165\u3059\u308b\u3053\u3068\u306f\u5408\u6cd5\u3067\u3059\u304b\uff1f<\/p>\n<p>\u306f\u3044\u30011,4-\u30d6\u30bf\u30f3\u30b8\u30aa\u30fc\u30eb\u306e\u8cfc\u5165\u306f\u3001\u9069\u7528\u3055\u308c\u308b\u6cd5\u7684\u898f\u5236\u3092\u9075\u5b88\u3059\u308b\u9650\u308a\u3001\u30c9\u30a4\u30c4\u3067\u306f\u5408\u6cd5\u3067\u3059\u3002<\/p>\n<p>1,4-\u30d6\u30bf\u30f3\u30b8\u30aa\u30fc\u30eb\u3092\u53d6\u308a\u6271\u3046\u969b\u306b\u306f\u3001\u3069\u306e\u3088\u3046\u306a\u5b89\u5168\u4e0a\u306e\u6ce8\u610f\u304c\u5fc5\u8981\u3067\u3059\u304b\uff1f<\/p>\n<p>\u76ae\u819a\u3078\u306e\u63a5\u89e6\u3084\u84b8\u6c17\u306e\u5438\u5165\u3092\u907f\u3051\u308b\u305f\u3081\u3001\u4fdd\u8b77\u624b\u888b\u3068\u30b4\u30fc\u30b0\u30eb\u3092\u7740\u7528\u3057\u3001\u5341\u5206\u306a\u63db\u6c17\u3092\u78ba\u4fdd\u3059\u308b\u3053\u3068\u304c\u91cd\u8981\u3067\u3042\u308b\u3002<\/p>\n<p>1,4-\u30d6\u30bf\u30f3\u30b8\u30aa\u30fc\u30eb\u306f\u30aa\u30f3\u30e9\u30a4\u30f3\u3067\u8cfc\u5165\u3067\u304d\u307e\u3059\u304b\uff1f<\/p>\n<p>1,4-\u30d6\u30bf\u30f3\u30b8\u30aa\u30fc\u30eb\u3092\u6271\u3063\u3066\u3044\u308b\u30aa\u30f3\u30e9\u30a4\u30f3\u5c0f\u58f2\u696d\u8005\u306f\u3044\u304f\u3064\u304b\u3042\u308a\u307e\u3059\u3002\u4fe1\u983c\u3067\u304d\u308b\u696d\u8005\u304b\u3089\u306e\u307f\u8cfc\u5165\u3059\u308b\u3088\u3046\u306b\u3057\u3066\u304f\u3060\u3055\u3044\u3002<\/p>\n<h2>\u7d50\u8ad6<\/h2>\n<p>1,4-\u30d6\u30bf\u30f3\u30b8\u30aa\u30fc\u30eb\u306e\u8cfc\u5165\u306f\u3001\u30aa\u30f3\u30e9\u30a4\u30f3\u3067\u3082\u5e02\u8ca9\u3067\u3082\u53ef\u80fd\u3067\u3042\u308b\u3002\u6cd5\u7684\u8981\u4ef6\u3068\u5b89\u5168\u4e0a\u306e\u6ce8\u610f\u4e8b\u9805\u3092\u78ba\u8a8d\u3059\u308b\u3053\u3068\u304c\u91cd\u8981\u3067\u3059\u3002\u4fe1\u983c\u3067\u304d\u308b\u60c5\u5831\u6e90\u3092\u5229\u7528\u3057\u3001\u4fa1\u683c\u3092\u6bd4\u8f03\u3057\u3066\u6700\u826f\u306e\u53d6\u5f15\u3092\u898b\u3064\u3051\u307e\u3057\u3087\u3046\u3002<\/p>\n<h2>\u3088\u304f\u3042\u308b\u3054\u8cea\u554f<\/h2>\n<p>1. 1,4-\u30d6\u30bf\u30f3\u30b8\u30aa\u30fc\u30eb\u3068\u306f\u4f55\u304b\uff1f<br \/>\n1,4-\u30d6\u30bf\u30f3\u30b8\u30aa\u30fc\u30eb\u306f\u3001\u5316\u5b66\u5de5\u696d\u306b\u304a\u3044\u3066\u6eb6\u5264\u3068\u3057\u3066\u3001\u307e\u305f\u30d7\u30e9\u30b9\u30c1\u30c3\u30af\u3084\u30a8\u30e9\u30b9\u30c8\u30de\u30fc\u306e\u88fd\u9020\u306b\u4f7f\u7528\u3055\u308c\u308b\u6709\u6a5f\u5316\u5408\u7269\u3067\u3042\u308b\u3002\u30dd\u30ea\u30a6\u30ec\u30bf\u30f3\u3084\u30dd\u30ea\u30a8\u30b9\u30c6\u30eb\u6a39\u8102\u306e\u4e2d\u9593\u4f53\u3068\u3057\u3066\u3082\u4f7f\u7528\u3055\u308c\u308b\u3002<\/p>\n<p>2. 1,4-\u30d6\u30bf\u30f3\u30b8\u30aa\u30fc\u30eb\u306e\u8cfc\u5165\u306f\u5408\u6cd5\u304b\uff1f<br \/>\n1,4-\u30d6\u30bf\u30f3\u30b8\u30aa\u30fc\u30eb\u306f\u3001GHB\u306a\u3069\u306e\u9055\u6cd5\u85ac\u7269\u306e\u524d\u99c6\u7269\u8cea\u3068\u3057\u3066\u4f7f\u7528\u3055\u308c\u308b\u53ef\u80fd\u6027\u304c\u3042\u308b\u305f\u3081\u3001\u591a\u304f\u306e\u56fd\u3067\u8cfc\u5165\u3084\u6240\u6301\u304c\u898f\u5236\u3055\u308c\u3066\u3044\u307e\u3059\u3002\u3057\u305f\u304c\u3063\u3066\u3001\u8cfc\u5165\u3059\u308b\u524d\u306b\u3001\u3042\u306a\u305f\u306e\u56fd\u3067\u9069\u7528\u3055\u308c\u308b\u6cd5\u5f8b\u3084\u898f\u5236\u306b\u3064\u3044\u3066\u8abf\u3079\u3066\u304f\u3060\u3055\u3044\u3002<\/p>\n<p>3. 1,4-\u30d6\u30bf\u30f3\u30b8\u30aa\u30fc\u30eb\u306f\u3069\u3053\u3067\u8cfc\u5165\u3067\u304d\u307e\u3059\u304b\uff1f<br \/>\n1,4-\u30d6\u30bf\u30f3\u30b8\u30aa\u30fc\u30eb\u306f\u3001\u69d8\u3005\u306a\u30aa\u30f3\u30e9\u30a4\u30f3\u5c0f\u58f2\u696d\u8005\u3084\u5316\u5b66\u4f1a\u793e\u304b\u3089\u8cfc\u5165\u3059\u308b\u3053\u3068\u304c\u3067\u304d\u308b\u3002\u8a55\u5224\u306e\u826f\u3044\u696d\u8005\u304b\u3089\u8cfc\u5165\u3057\u3001\u305d\u306e\u8ca9\u58f2\u304c\u3042\u306a\u305f\u306e\u56fd\u3067\u5408\u6cd5\u3067\u3042\u308b\u3053\u3068\u3092\u78ba\u8a8d\u3057\u3066\u304f\u3060\u3055\u3044\u3002<\/p>\n<p>4. 1,4-\u30d6\u30bf\u30f3\u30b8\u30aa\u30fc\u30eb\u3092\u53d6\u308a\u6271\u3046\u969b\u306b\u306f\u3001\u3069\u306e\u3088\u3046\u306a\u5b89\u5168\u6ce8\u610f\u3092\u6255\u3046\u5fc5\u8981\u304c\u3042\u308a\u307e\u3059\u304b\uff1f<br \/>\n1,4-\u30d6\u30bf\u30f3\u30b8\u30aa\u30fc\u30eb\u3092\u53d6\u308a\u6271\u3046\u969b\u306f\u3001\u624b\u888b\u3084\u5b89\u5168\u30b4\u30fc\u30b0\u30eb\u306a\u3069\u306e\u9069\u5207\u306a\u4fdd\u8b77\u5177\u3092\u7740\u7528\u3059\u308b\u3053\u3068\u3002\u63db\u6c17\u306e\u826f\u3044\u5834\u6240\u3067\u4f5c\u696d\u3057\u3001\u76ae\u819a\u3084\u76ee\u306b\u89e6\u308c\u305f\u308a\u3001\u84b8\u6c17\u3092\u5438\u3044\u8fbc\u3093\u3060\u308a\u3057\u306a\u3044\u3088\u3046\u306b\u3057\u3066\u304f\u3060\u3055\u3044\u3002<\/p>\n<p>5. 1,4-\u30d6\u30bf\u30f3\u30b8\u30aa\u30fc\u30eb\u306f\u5bb6\u5ead\u3067\u5b89\u5168\u306b\u4f7f\u7528\u3067\u304d\u307e\u3059\u304b\uff1f<br \/>\n1,4-\u30d6\u30bf\u30f3\u30b8\u30aa\u30fc\u30eb\u306f\u6709\u6bd2\u3067\u3042\u308a\u3001\u7279\u5225\u306a\u53d6\u308a\u6271\u3044\u304a\u3088\u3073\u4fdd\u7ba1\u4e0a\u306e\u6ce8\u610f\u304c\u5fc5\u8981\u3067\u3042\u308b\u305f\u3081\u3001\u5bb6\u5ead\u3067\u306e\u4f7f\u7528\u306f\u63a8\u5968\u3055\u308c\u306a\u3044\u30021,4-\u30d6\u30bf\u30f3\u30b8\u30aa\u30fc\u30eb\u306f\u3001\u7ba1\u7406\u3055\u308c\u305f\u74b0\u5883\u3067\u3001\u8a13\u7df4\u3092\u53d7\u3051\u305f\u4eba\u3060\u3051\u304c\u4f7f\u7528\u3059\u308b\u5fc5\u8981\u304c\u3042\u308a\u307e\u3059\u3002<\/p>\n<p>6. 1,4-\u30d6\u30bf\u30f3\u30b8\u30aa\u30fc\u30eb\u306e\u7528\u9014\u306f\uff1f<br \/>\n1,4-\u30d6\u30bf\u30f3\u30b8\u30aa\u30fc\u30eb\u306f\u4e3b\u306b\u5316\u5b66\u5de5\u696d\u3067\u30d7\u30e9\u30b9\u30c1\u30c3\u30af\u3001\u30dd\u30ea\u30a6\u30ec\u30bf\u30f3\u3001\u30dd\u30ea\u30a8\u30b9\u30c6\u30eb\u6a39\u8102\u306e\u88fd\u9020\u306b\u4f7f\u7528\u3055\u308c\u308b\u3002\u307e\u305f\u3001\u6eb6\u5264\u3084\u69d8\u3005\u306a\u5316\u5b66\u53cd\u5fdc\u306e\u4e2d\u9593\u4f53\u3068\u3057\u3066\u3082\u4f7f\u7528\u3055\u308c\u308b\u3002<\/p>\n<p>7. 1,4-\u30d6\u30bf\u30f3\u30b8\u30aa\u30fc\u30eb\u306b\u4ee3\u308f\u308b\u3082\u306e\u306f\u3042\u308b\u304b\uff1f<br \/>\n\u306f\u3044\u30011,4-\u30d6\u30bf\u30f3\u30b8\u30aa\u30fc\u30eb\u306e\u4ee3\u66ff\u54c1\u306f\u3001\u7279\u5b9a\u306e\u7528\u9014\u306b\u5fdc\u3058\u3066\u3044\u304f\u3064\u304b\u3042\u308a\u307e\u3059\u3002\u3053\u308c\u3089\u306b\u306f\u3001\u898f\u5236\u304c\u7de9\u3084\u304b\u3067\u53d6\u308a\u6271\u3044\u304c\u3088\u308a\u5b89\u5168\u306a\u4ed6\u306e\u6eb6\u5264\u3084\u5316\u5b66\u4e2d\u9593\u4f53\u304c\u542b\u307e\u308c\u307e\u3059\u3002<\/p>\n<p>8. 1,4-\u30d6\u30bf\u30f3\u30b8\u30aa\u30fc\u30eb\u3092\u3053\u307c\u3057\u3066\u3057\u307e\u3063\u305f\u5834\u5408\u3001\u3069\u3046\u3059\u308c\u3070\u3088\u3044\u3067\u3059\u304b\uff1f<br \/>\n1,4-\u30d6\u30bf\u30f3\u30b8\u30aa\u30fc\u30eb\u3092\u3053\u307c\u3057\u305f\u5834\u5408\u3001\u76f4\u3061\u306b\u305d\u306e\u5834\u6240\u3092\u63db\u6c17\u3057\u3001\u7802\u3084\u73ea\u85fb\u571f\u306a\u3069\u306e\u5438\u53ce\u6750\u3067\u8986\u3044\u307e\u3059\u3002\u4fdd\u8b77\u5177\u3092\u7740\u7528\u3057\u3001\u5730\u57df\u306e\u898f\u5247\u306b\u5f93\u3063\u3066\u5ec3\u68c4\u3059\u308b\u3002<\/p>\n<p>9.1,4-\u30d6\u30bf\u30f3\u30b8\u30aa\u30fc\u30eb\u306f\u9ebb\u85ac\u3068\u3057\u3066\u4e71\u7528\u3055\u308c\u308b\u304b\uff1f<br \/>\n\u305d\u3046\u30011,4-\u30d6\u30bf\u30f3\u30b8\u30aa\u30fc\u30eb\u306f\u3001\u93ae\u9759\u4f5c\u7528\u3068\u9676\u9154\u4f5c\u7528\u3092\u6301\u3064\u85ac\u7269\u3067\u3042\u308bGHB\u306e\u5408\u6210\u524d\u99c6\u4f53\u3068\u3057\u3066\u4e71\u7528\u3055\u308c\u308b\u53ef\u80fd\u6027\u304c\u3042\u308b\u30021,4-\u30d6\u30bf\u30f3\u30b8\u30aa\u30fc\u30eb\u306e\u4e71\u7528\u306f\u9055\u6cd5\u3067\u3042\u308a\u3001\u6df1\u523b\u306a\u5065\u5eb7\u88ab\u5bb3\u3092\u3082\u305f\u3089\u3059\u53ef\u80fd\u6027\u304c\u3042\u308b\u3002<\/p>\n<p>10. 1,4-\u30d6\u30bf\u30f3\u30b8\u30aa\u30fc\u30eb\u306e\u5b89\u5168\u306a\u4fdd\u7ba1\u65b9\u6cd5\u306f\uff1f<br \/>\n1,4-\u30d6\u30bf\u30f3\u30b8\u30aa\u30fc\u30eb\u306f\u3001\u6dbc\u3057\u304f\u4e7e\u71e5\u3057\u305f\u63db\u6c17\u306e\u826f\u3044\u5834\u6240\u3067\u5bc6\u6813\u3057\u3066\u4fdd\u7ba1\u3059\u308b\u3002\u767a\u706b\u6e90\u3084\u8a31\u53ef\u306e\u306a\u3044\u7acb\u3061\u5165\u308a\u304b\u3089\u9060\u3056\u3051\u3066\u304f\u3060\u3055\u3044\u3002<\/p>","protected":false},"excerpt":{"rendered":"<p>\u00a01,4-Butandiol kaufen \u2013 Ein umfassender Leitfaden \u00a0Was ist 1,4-Butandiol? Definition und chemische Eigenschaften 14 butandiol kaufen ist eine organische Verbindung mit der chemischen Formel C4H10O2. Es handelt sich um ein farbloses, viskoses, wasserl\u00f6sliches und hygroskopisches Liquid, das in vielen industriellen Anwendungen genutzt wird. Die chemische Struktur besteht aus einer Kette von vier Kohlenstoffatomen, an die Hydroxylgruppen gebunden sind. Verwendung und Anwendungen 1,4-Butandiol findet in verschiedenen Industrien Anwendung: &#8211; Industrielle Anwendungen: Es wird in der Herstellung von Polymeren und L\u00f6sungsmitteln verwendet. &#8211; Nutzung in der Chemieindustrie: Es dient als Ausgangsmaterial f\u00fcr die Produktion von Tetrahydrofuran (THF), einem wichtigen L\u00f6sungsmittel. &#8211; Rolle in der Kunststoffherstellung: 1,4-Butandiol ist ein Vorl\u00e4ufer f\u00fcr die Produktion [&hellip;]<\/p>\n","protected":false},"featured_media":1500,"comment_status":"open","ping_status":"closed","template":"","meta":{"ocean_post_layout":"","ocean_both_sidebars_style":"","ocean_both_sidebars_content_width":0,"ocean_both_sidebars_sidebars_width":0,"ocean_sidebar":"0","ocean_second_sidebar":"0","ocean_disable_margins":"enable","ocean_add_body_class":"","ocean_shortcode_before_top_bar":"","ocean_shortcode_after_top_bar":"","ocean_shortcode_before_header":"","ocean_shortcode_after_header":"","ocean_has_shortcode":"","ocean_shortcode_after_title":"","ocean_shortcode_before_footer_widgets":"","ocean_shortcode_after_footer_widgets":"","ocean_shortcode_before_footer_bottom":"","ocean_shortcode_after_footer_bottom":"","ocean_display_top_bar":"default","ocean_display_header":"default","ocean_header_style":"","ocean_center_header_left_menu":"0","ocean_custom_header_template":"0","ocean_custom_logo":0,"ocean_custom_retina_logo":0,"ocean_custom_logo_max_width":0,"ocean_custom_logo_tablet_max_width":0,"ocean_custom_logo_mobile_max_width":0,"ocean_custom_logo_max_height":0,"ocean_custom_logo_tablet_max_height":0,"ocean_custom_logo_mobile_max_height":0,"ocean_header_custom_menu":"0","ocean_menu_typo_font_family":"0","ocean_menu_typo_font_subset":"","ocean_menu_typo_font_size":0,"ocean_menu_typo_font_size_tablet":0,"ocean_menu_typo_font_size_mobile":0,"ocean_menu_typo_font_size_unit":"px","ocean_menu_typo_font_weight":"","ocean_menu_typo_font_weight_tablet":"","ocean_menu_typo_font_weight_mobile":"","ocean_menu_typo_transform":"","ocean_menu_typo_transform_tablet":"","ocean_menu_typo_transform_mobile":"","ocean_menu_typo_line_height":0,"ocean_menu_typo_line_height_tablet":0,"ocean_menu_typo_line_height_mobile":0,"ocean_menu_typo_line_height_unit":"","ocean_menu_typo_spacing":0,"ocean_menu_typo_spacing_tablet":0,"ocean_menu_typo_spacing_mobile":0,"ocean_menu_typo_spacing_unit":"","ocean_menu_link_color":"","ocean_menu_link_color_hover":"","ocean_menu_link_color_active":"","ocean_menu_link_background":"","ocean_menu_link_hover_background":"","ocean_menu_link_active_background":"","ocean_menu_social_links_bg":"","ocean_menu_social_hover_links_bg":"","ocean_menu_social_links_color":"","ocean_menu_social_hover_links_color":"","ocean_disable_title":"default","ocean_disable_heading":"default","ocean_post_title":"","ocean_post_subheading":"","ocean_post_title_style":"","ocean_post_title_background_color":"","ocean_post_title_background":0,"ocean_post_title_bg_image_position":"","ocean_post_title_bg_image_attachment":"","ocean_post_title_bg_image_repeat":"","ocean_post_title_bg_image_size":"","ocean_post_title_height":0,"ocean_post_title_bg_overlay":0.5,"ocean_post_title_bg_overlay_color":"","ocean_disable_breadcrumbs":"default","ocean_breadcrumbs_color":"","ocean_breadcrumbs_separator_color":"","ocean_breadcrumbs_links_color":"","ocean_breadcrumbs_links_hover_color":"","ocean_display_footer_widgets":"default","ocean_display_footer_bottom":"default","ocean_custom_footer_template":"0"},"product_brand":[],"product_cat":[137,15],"product_tag":[139,138],"class_list":{"0":"post-1495","1":"product","2":"type-product","3":"status-publish","4":"has-post-thumbnail","6":"product_cat-butandiol","7":"product_cat-uncategorized","8":"product_tag-14-butandiol","9":"product_tag-14-butandiol-kaufen","11":"entry","12":"has-media","14":"first","15":"instock","16":"sale","17":"shipping-taxable","18":"purchasable","19":"product-type-variable","20":"has-rating","21":"has-product-nav","22":"col","23":"span_1_of_3","24":"owp-content-center","25":"owp-thumbs-layout-horizontal","26":"owp-btn-normal","27":"owp-tabs-layout-horizontal"},"jetpack_sharing_enabled":true,"_links":{"self":[{"href":"https:\/\/gbl-eshop.net\/ja\/wp-json\/wp\/v2\/product\/1495","targetHints":{"allow":["GET"]}}],"collection":[{"href":"https:\/\/gbl-eshop.net\/ja\/wp-json\/wp\/v2\/product"}],"about":[{"href":"https:\/\/gbl-eshop.net\/ja\/wp-json\/wp\/v2\/types\/product"}],"replies":[{"embeddable":true,"href":"https:\/\/gbl-eshop.net\/ja\/wp-json\/wp\/v2\/comments?post=1495"}],"wp:featuredmedia":[{"embeddable":true,"href":"https:\/\/gbl-eshop.net\/ja\/wp-json\/wp\/v2\/media\/1500"}],"wp:attachment":[{"href":"https:\/\/gbl-eshop.net\/ja\/wp-json\/wp\/v2\/media?parent=1495"}],"wp:term":[{"taxonomy":"product_brand","embeddable":true,"href":"https:\/\/gbl-eshop.net\/ja\/wp-json\/wp\/v2\/product_brand?post=1495"},{"taxonomy":"product_cat","embeddable":true,"href":"https:\/\/gbl-eshop.net\/ja\/wp-json\/wp\/v2\/product_cat?post=1495"},{"taxonomy":"product_tag","embeddable":true,"href":"https:\/\/gbl-eshop.net\/ja\/wp-json\/wp\/v2\/product_tag?post=1495"}],"curies":[{"name":"wp","href":"https:\/\/api.w.org\/{rel}","templated":true}]}}