{"id":1293,"date":"2024-06-02T19:18:01","date_gmt":"2024-06-02T19:18:01","guid":{"rendered":"https:\/\/linen-vulture-703400.hostingersite.com\/?post_type=product&#038;p=1293"},"modified":"2026-03-08T11:08:29","modified_gmt":"2026-03-08T11:08:29","slug":"gamma-butyrolacton-kaufen","status":"publish","type":"product","link":"https:\/\/gbl-eshop.net\/ja\/product\/gamma-butyrolacton-kaufen\/","title":{"rendered":"\u03b3-\u30d6\u30c1\u30ed\u30e9\u30af\u30c8\u30f3\u3092\u8cfc\u5165\u3059\u308b"},"content":{"rendered":"<h2>GBL\uff08\u30ac\u30f3\u30de\u30d6\u30c1\u30ed\u30e9\u30af\u30c8\u30f3\uff09\uff1a\u5e45\u5e83\u3044\u7523\u696d\u7528\u9014\u306e\u30d7\u30ec\u30df\u30a2\u30e0\u6eb6\u5264<\/h2>\n<p><strong data-start=\"422\" data-end=\"510\">Gamma-Butyrolacton kaufen (GBL) \u2013 Hochreines L\u00f6sungsmittel f\u00fcr Industrie &amp; Forschung<\/strong><br data-start=\"510\" data-end=\"513\" \/>Gamma-Butyrolacton (GBL) ist ein <strong data-start=\"546\" data-end=\"595\">leistungsstarkes und hochreines L\u00f6sungsmittel<\/strong>, das in Deutschland 2025 besonders gefragt ist. Dank seiner <strong data-start=\"656\" data-end=\"689\">au\u00dfergew\u00f6hnlichen Wirksamkeit<\/strong> findet es breite Anwendung in der <strong data-start=\"724\" data-end=\"796\">chemischen Synthese von Arzneimitteln, Agrochemikalien und Polymeren<\/strong>. Ebenso \u00fcberzeugt GBL als <strong data-start=\"823\" data-end=\"908\">zuverl\u00e4ssiger Bestandteil in Reinigungsmitteln, Farbentfernern und Beschichtungen<\/strong>. Wer <strong data-start=\"914\" data-end=\"943\">\u03b3-\u30d6\u30c1\u30ed\u30e9\u30af\u30c8\u30f3\u3092\u8cfc\u5165\u3059\u308b<\/strong> m\u00f6chte, erh\u00e4lt eine <strong data-start=\"964\" data-end=\"1088\">vielseitige L\u00f6sung f\u00fcr industrielle Anforderungen \u2013 mit gepr\u00fcfter Qualit\u00e4t, sicherem Versand und attraktiven Konditionen<\/strong>.<\/p>\n<h3>GBL\u3092\u9078\u3076\u7406\u7531<\/h3>\n<p>&#8211;<\/p>\n<ul data-start=\"297\" data-end=\"875\">\n<li data-start=\"297\" data-end=\"497\">\n<p data-start=\"299\" data-end=\"497\"><strong data-start=\"299\" data-end=\"338\">Hervorragende L\u00f6sungseigenschaften:<\/strong> GBL \u00fcberzeugt durch seine F\u00e4higkeit, <strong data-start=\"376\" data-end=\"445\">polare und unpolare Substanzen gleicherma\u00dfen zuverl\u00e4ssig zu l\u00f6sen<\/strong> \u2013 ideal f\u00fcr vielf\u00e4ltige industrielle Anwendungen.<\/p>\n<\/li>\n<li data-start=\"498\" data-end=\"690\">\n<p data-start=\"500\" data-end=\"690\"><strong data-start=\"500\" data-end=\"527\">Zertifizierte Reinheit:<\/strong> \u79c1\u305f\u3061\u306e <strong data-start=\"534\" data-end=\"567\">hochreines Gamma-Butyrolacton<\/strong> wird nach strengsten Industriestandards hergestellt und garantiert <strong data-start=\"635\" data-end=\"687\">maximale Qualit\u00e4t und Konsistenz in jeder Charge<\/strong>.<\/p>\n<\/li>\n<li data-start=\"691\" data-end=\"875\">\n<p data-start=\"693\" data-end=\"875\"><strong data-start=\"693\" data-end=\"721\">Maximale Vielseitigkeit:<\/strong> Ob <strong data-start=\"725\" data-end=\"779\">Pharmaindustrie, Chemie, Reinigung oder Elektronik<\/strong> \u2013 GBL ist ein <strong data-start=\"794\" data-end=\"827\">unverzichtbares L\u00f6sungsmittel<\/strong> f\u00fcr unterschiedlichste industrielle Prozesse.<\/p>\n<\/li>\n<\/ul>\n<p data-start=\"877\" data-end=\"1003\">\ud83d\udc49 Jetzt <strong data-start=\"886\" data-end=\"915\">\u03b3-\u30d6\u30c1\u30ed\u30e9\u30af\u30c8\u30f3\u3092\u8cfc\u5165\u3059\u308b<\/strong> und von gepr\u00fcfter Qualit\u00e4t, sicherem Versand und attraktiven Konditionen profitieren.<\/p>\n<h3>GBL\u306e\u7528\u9014<\/h3>\n<p>1 **\u533b\u85ac\u54c1\uff1a** GBL\u306f\u591a\u304f\u306e\u533b\u85ac\u5316\u5408\u7269\u306e\u5408\u6210\u306b\u304a\u3044\u3066\u91cd\u8981\u306a\u4e2d\u9593\u4f53\u3068\u3057\u3066\u6a5f\u80fd\u3057\u3001\u533b\u85ac\u54c1\u306e\u52b9\u7387\u7684\u306a\u751f\u7523\u306b\u8ca2\u732e\u3057\u3066\u3044\u308b\u3002<br \/>\n2 **\u8fb2\u85ac:** \u8fb2\u85ac\u3068\u9664\u8349\u5264\u306e\u751f\u7523\u306b\u304a\u3044\u3066\u91cd\u8981\u306a\u5f79\u5272\u3092\u679c\u305f\u3057\u3001\u52b9\u679c\u7684\u306a\u4f5c\u7269\u4fdd\u8b77\u306e\u305f\u3081\u306e\u4fe1\u983c\u3067\u304d\u308b\u30bd\u30ea\u30e5\u30fc\u30b7\u30e7\u30f3\u3092\u63d0\u4f9b\u3057\u3066\u3044\u308b\u3002<br \/>\n3 **\u30dd\u30ea\u30de\u30fc\u3068\u30d7\u30e9\u30b9\u30c1\u30c3\u30af\uff1a** GBL\u306f\u9ad8\u6027\u80fd\u30dd\u30ea\u30de\u30fc\u306e\u88fd\u9020\u306b\u4e0d\u53ef\u6b20\u3067\u3042\u308a\u3001\u30d7\u30e9\u30b9\u30c1\u30c3\u30af\u88fd\u54c1\u306e\u8010\u4e45\u6027\u3068\u6a5f\u80fd\u6027\u306e\u5411\u4e0a\u306b\u5bc4\u4e0e\u3057\u3066\u3044\u308b\u3002<br \/>\n4. \u6d17\u6d44\u5264:** \u305d\u306e\u5f37\u3044\u6eb6\u5264\u7279\u6027\u306b\u3088\u308a\u3001GBL\u306f\u5de5\u696d\u7528\u6d17\u6d44\u5264\u306b\u975e\u5e38\u306b\u52b9\u679c\u7684\u3067\u3001\u69d8\u3005\u306a\u8868\u9762\u306e\u5fb9\u5e95\u7684\u304b\u3064\u52b9\u7387\u7684\u306a\u6d17\u6d44\u3092\u4fdd\u8a3c\u3057\u307e\u3059\u3002<br \/>\n5 **\u30da\u30a4\u30f3\u30c8\u30ea\u30e0\u30fc\u30d0\u30fc\u3068\u30b3\u30fc\u30c6\u30a3\u30f3\u30b0:** GBL\u306f\u30da\u30a4\u30f3\u30c8\u30ea\u30e0\u30fc\u30d0\u30fc\u3068\u30b3\u30fc\u30c6\u30a3\u30f3\u30b0\u306e\u914d\u5408\u306b\u4e0d\u53ef\u6b20\u306a\u6210\u5206\u3067\u3001\u8868\u9762\u51e6\u7406\u3068\u4ed5\u4e0a\u3052\u306b\u512a\u308c\u305f\u7d50\u679c\u3092\u3082\u305f\u3089\u3057\u307e\u3059\u3002 <a href=\"https:\/\/gbl-eshop.net\/ja\/product\/gamma-butyrolacton-kaufen\/\">\u30ac\u30f3\u30de\u30d6\u30c1\u30ed\u30e9\u30af\u30c8\u30f3\u3092\u8cfc\u5165\u3059\u308b<\/a><\/p>\n<h3>\u54c1\u8cea\u3068\u5b89\u5168\u6027<\/h3>\n<p>\u5f53\u793e\u306eGBL\u306f\u53b3\u683c\u306a\u54c1\u8cea\u7ba1\u7406\u306e\u3082\u3068\u88fd\u9020\u3055\u308c\u3001\u3059\u3079\u3066\u306e\u898f\u5236\u57fa\u6e96\u3092\u6e80\u305f\u3057\u3066\u3044\u307e\u3059\u3002\u5b89\u5168\u306a\u53d6\u308a\u6271\u3044\u3068\u4f7f\u7528\u3092\u4fdd\u8a3c\u3059\u308b\u305f\u3081\u306b\u3001\u8a73\u7d30\u306a\u5b89\u5168\u30c7\u30fc\u30bf\u30b7\u30fc\u30c8\uff08SDS\uff09\u3068\u9069\u5207\u306a\u30e9\u30d9\u30eb\u3092\u63d0\u4f9b\u3059\u308b\u3053\u3068\u3067\u3001\u5b89\u5168\u6027\u3068\u30b3\u30f3\u30d7\u30e9\u30a4\u30a2\u30f3\u30b9\u3092\u91cd\u8996\u3057\u3066\u3044\u307e\u3059\u3002\u5f53\u793e\u306e\u54c1\u8cea\u3078\u306e\u3053\u3060\u308f\u308a\u306b\u3088\u308a\u3001\u304a\u5ba2\u69d8\u306e\u9ad8\u3044\u671f\u5f85\u306b\u5fdc\u3048\u308b\u88fd\u54c1\u3092\u304a\u5c4a\u3051\u3057\u307e\u3059\u3002\u30ac\u30f3\u30de\u30d6\u30c1\u30ed\u30e9\u30af\u30c8\u30f3\u3092\u8cfc\u5165\u3059\u308b<\/p>\n<h3>\u5f53\u793e\u304b\u3089GBL\u3092\u8cfc\u5165\u3059\u308b\u30e1\u30ea\u30c3\u30c8<span class=\"___SText_lyret-ko_\" data-ui-name=\"Link.Text\">\u03b3-\u30d6\u30c1\u30ed\u30e9\u30af\u30c8\u30f3\u3092\u8cb7\u3046)<\/span><\/h3>\n<p>- \u7af6\u4e89\u4fa1\u683c: ** \u79c1\u9054\u306f\u8cea\u3092\u59a5\u5354\u3057\u306a\u3044\u3067\u7af6\u4e89\u4fa1\u683c\u3067GBL\u3092\u63d0\u4f9b\u3059\u308b\u3001\u5f93\u3063\u3066\u304a\u91d1\u306e\u305f\u3081\u306e\u6700\u3082\u3088\u3044\u4fa1\u5024\u3092\u5f97\u308b\u3002<br \/>\n- \u4fe1\u983c\u6027\u306e\u9ad8\u3044\u30b5\u30d7\u30e9\u30a4\u30c1\u30a7\u30fc\u30f3:** \u5f53\u793e\u306e\u5f37\u56fa\u306a\u30b5\u30d7\u30e9\u30a4\u30c1\u30a7\u30fc\u30f3\u306f\u3001GBL\u306e\u30bf\u30a4\u30e0\u30ea\u30fc\u306a\u7d0d\u5165\u3068\u5b89\u5b9a\u3057\u305f\u4f9b\u7d66\u3092\u4fdd\u8a3c\u3057\u3001\u304a\u5ba2\u69d8\u306e\u30aa\u30da\u30ec\u30fc\u30b7\u30e7\u30f3\u306b\u304a\u3051\u308b\u30c0\u30a6\u30f3\u30bf\u30a4\u30e0\u3092\u6700\u5c0f\u9650\u306b\u6291\u3048\u307e\u3059\u3002<br \/>\n- \u5c02\u9580\u5bb6\u306b\u3088\u308b\u30b5\u30dd\u30fc\u30c8:** \u5f53\u793e\u306e\u7d4c\u9a13\u8c4a\u5bcc\u306a\u30c1\u30fc\u30e0\u304c\u6280\u8853\u30b5\u30dd\u30fc\u30c8\u3092\u63d0\u4f9b\u3057\u3001GBL\u306b\u95a2\u3059\u308b\u3042\u3089\u3086\u308b\u8cea\u554f\u306b\u304a\u7b54\u3048\u3057\u3066\u3001\u304a\u5ba2\u69d8\u304c\u5f53\u793e\u306e\u88fd\u54c1\u3092\u6700\u5927\u9650\u306b\u6d3b\u7528\u3067\u304d\u308b\u3088\u3046\u304a\u624b\u4f1d\u3044\u3044\u305f\u3057\u307e\u3059\u3002<\/p>\n<h3>\u5de5\u696d\u30d7\u30ed\u30bb\u30b9\u306e\u6539\u5584<\/h3>\n<p>\u9ad8\u54c1\u8cea\u3078\u306e\u6295\u8cc7 <a href=\"https:\/\/en.wikipedia.org\/wiki\/Gamma-Butyrolactone\" target=\"_blank\" rel=\"noopener\">\u30ae\u30ac\u30d0\u30a4\u30c8<\/a> \u306f\u3001\u7523\u696d\u30d7\u30ed\u30bb\u30b9\u306e\u52b9\u7387\u3068\u52b9\u679c\u3092\u5927\u5e45\u306b\u6539\u5584\u3059\u308b\u3053\u3068\u304c\u3067\u304d\u307e\u3059\u3002\u88fd\u85ac\u7523\u696d\u3001\u8fb2\u696d\u3001\u30a8\u30ec\u30af\u30c8\u30ed\u30cb\u30af\u30b9\u3001\u305d\u306e\u4ed6\u3069\u306e\u5206\u91ce\u306b\u304a\u3044\u3066\u3082\u3001\u5f53\u793e\u306eGBL\u306f\u6210\u529f\u306b\u5fc5\u8981\u306a\u4fe1\u983c\u6027\u3068\u6027\u80fd\u3092\u63d0\u4f9b\u3057\u307e\u3059\u3002<\/p>\n<h3>\u00a0\u304a\u554f\u3044\u5408\u308f\u305b<\/h3>\n<p>GBL\u306e\u9ad8\u54c1\u8cea\u6eb6\u5264\u3067\u3001\u8cb4\u793e\u306e\u5de5\u696d\u80fd\u529b\u3092\u5411\u4e0a\u3055\u305b\u307e\u3057\u3087\u3046\u3002GBL\u304c\u304a\u5ba2\u69d8\u306e\u30aa\u30da\u30ec\u30fc\u30b7\u30e7\u30f3\u306b\u3069\u306e\u3088\u3046\u306a\u30e1\u30ea\u30c3\u30c8\u3092\u3082\u305f\u3089\u3059\u304b\u3001\u88fd\u54c1\u306b\u3064\u3044\u3066\u8a73\u3057\u304f\u304a\u77e5\u308a\u306b\u306a\u308a\u305f\u3044\u65b9\u306f\u3001\u4eca\u3059\u3050\u5f0a\u793e\u307e\u3067\u3054\u9023\u7d61\u304f\u3060\u3055\u3044\u3002\u5f53\u793e\u306eGBL\u306f\u3001\u69d8\u3005\u306a\u7523\u696d\u7528\u9014\u306b\u5353\u8d8a\u3057\u305f\u30d1\u30d5\u30a9\u30fc\u30de\u30f3\u30b9\u3001\u4e00\u8cab\u3057\u305f\u54c1\u8cea\u3001\u6bd4\u985e\u306e\u306a\u3044\u4fe1\u983c\u6027\u3092\u63d0\u4f9b\u3059\u308b\u88fd\u54c1\u3067\u3059\u3002\u30ac\u30f3\u30de\u30d6\u30c1\u30ed\u30e9\u30af\u30c8\u30f3\u3092\u8cfc\u5165\u3059\u308b<\/p>\n<p>\u5f0a\u793e\u306eGBL\u3092\u304a\u9078\u3073\u3044\u305f\u3060\u304f\u3053\u3068\u306f\u3001\u69d8\u3005\u306a\u7523\u696d\u306b\u304a\u3044\u3066\u4f01\u696d\u306e\u6210\u9577\u3068\u5353\u8d8a\u3057\u305f\u30aa\u30da\u30ec\u30fc\u30b7\u30e7\u30f3\u3092\u30b5\u30dd\u30fc\u30c8\u3059\u308b\u88fd\u54c1\u3078\u306e\u6226\u7565\u7684\u306a\u6295\u8cc7\u3068\u306a\u308a\u307e\u3059\u3002\u30ac\u30f3\u30de\u30d6\u30c1\u30ed\u30e9\u30af\u30c8\u30f3\u306e\u8cfc\u5165<\/p>\n<p>\u8cfc\u5165<b><em>\u03b3-\u30d6\u30c1\u30ed\u30e9\u30af\u30c8\u30f3<\/em><\/b> (<b><em>\u30ae\u30ac\u30d0\u30a4\u30c8<\/em><\/b>mg\/ml \u306e\u30a2\u30bb\u30c8\u30cb\u30c8\u30ea\u30eb\u6a19\u6e96\u7269\u8cea\u3002<\/p>\n<p>gbl\u3092\u8cb7\u3046\u3002\u3088\u3046\u3053\u305d <b><em>GBL E <\/em><\/b>\u30b7\u30e7\u30c3\u30d7\u7d14\u5ea6\u7b2c\u4e00 99.99% <b><em>GBL\u3092\u8cfc\u5165\u3059\u308b<\/em><\/b> \u30ac\u30f3\u30de\u30fb\u30d6\u30c1\u30ed\u30e9\u30af\u30c8\u30f3\u304b\u3089\u5408\u6cd5 \u30c9\u30a4\u30c4\u304b\u3089\u51fa\u8377\u3002 <b><em>GBL\u3092\u8cfc\u5165\u3059\u308b<\/em><\/b> \u30c9\u30a4\u30c4<\/p>\n<p>\u79c1\u305f\u3061\u306f\u3001\u4ee5\u4e0b\u306e\u8a8d\u5b9a\u30b5\u30d7\u30e9\u30a4\u30e4\u30fc\u3067\u3059\u3002 <b><em>GBL\u88fd\u54c1<\/em><\/b> \u6d17\u6d44\u3084\u8131\u8102\u306a\u3069\u306e\u5de5\u696d\u7528\u9014\u306b\u3002\u5f53\u793e\u306e <b><em>GBL<\/em><\/b> \u696d\u754c\u6a19\u6e96\u306b\u5f93\u3063\u3066\u30c6\u30b9\u30c8\u3055\u308c\u3066\u3044\u308b<\/p>","protected":false},"excerpt":{"rendered":"<p>\u03b3-\u30d6\u30c1\u30ed\u30e9\u30af\u30c8\u30f3(GBL)\u306f\u6c4e\u7528\u6027\u306e\u9ad8\u3044\u9ad8\u7d14\u5ea6\u6eb6\u5264\u3067\u3001\u5de5\u696d\u7528\u9014\u3001\u6d17\u6d44\u5264\u3001\u5316\u5b66\u5408\u6210\u306b\u6700\u9069\u3067\u3059\u3002\u6700\u9ad8\u306e\u54c1\u8cea\u3068\u5b89\u5168\u306a\u30c7\u30ea\u30d0\u30ea\u30fc\u3002<\/p>","protected":false},"featured_media":1294,"comment_status":"open","ping_status":"closed","template":"","meta":{"ocean_post_layout":"","ocean_both_sidebars_style":"","ocean_both_sidebars_content_width":0,"ocean_both_sidebars_sidebars_width":0,"ocean_sidebar":"0","ocean_second_sidebar":"0","ocean_disable_margins":"enable","ocean_add_body_class":"","ocean_shortcode_before_top_bar":"","ocean_shortcode_after_top_bar":"","ocean_shortcode_before_header":"","ocean_shortcode_after_header":"","ocean_has_shortcode":"","ocean_shortcode_after_title":"","ocean_shortcode_before_footer_widgets":"","ocean_shortcode_after_footer_widgets":"","ocean_shortcode_before_footer_bottom":"","ocean_shortcode_after_footer_bottom":"","ocean_display_top_bar":"default","ocean_display_header":"default","ocean_header_style":"","ocean_center_header_left_menu":"0","ocean_custom_header_template":"0","ocean_custom_logo":0,"ocean_custom_retina_logo":0,"ocean_custom_logo_max_width":0,"ocean_custom_logo_tablet_max_width":0,"ocean_custom_logo_mobile_max_width":0,"ocean_custom_logo_max_height":0,"ocean_custom_logo_tablet_max_height":0,"ocean_custom_logo_mobile_max_height":0,"ocean_header_custom_menu":"0","ocean_menu_typo_font_family":"0","ocean_menu_typo_font_subset":"","ocean_menu_typo_font_size":0,"ocean_menu_typo_font_size_tablet":0,"ocean_menu_typo_font_size_mobile":0,"ocean_menu_typo_font_size_unit":"px","ocean_menu_typo_font_weight":"","ocean_menu_typo_font_weight_tablet":"","ocean_menu_typo_font_weight_mobile":"","ocean_menu_typo_transform":"","ocean_menu_typo_transform_tablet":"","ocean_menu_typo_transform_mobile":"","ocean_menu_typo_line_height":0,"ocean_menu_typo_line_height_tablet":0,"ocean_menu_typo_line_height_mobile":0,"ocean_menu_typo_line_height_unit":"","ocean_menu_typo_spacing":0,"ocean_menu_typo_spacing_tablet":0,"ocean_menu_typo_spacing_mobile":0,"ocean_menu_typo_spacing_unit":"","ocean_menu_link_color":"","ocean_menu_link_color_hover":"","ocean_menu_link_color_active":"","ocean_menu_link_background":"","ocean_menu_link_hover_background":"","ocean_menu_link_active_background":"","ocean_menu_social_links_bg":"","ocean_menu_social_hover_links_bg":"","ocean_menu_social_links_color":"","ocean_menu_social_hover_links_color":"","ocean_disable_title":"default","ocean_disable_heading":"default","ocean_post_title":"","ocean_post_subheading":"","ocean_post_title_style":"","ocean_post_title_background_color":"","ocean_post_title_background":0,"ocean_post_title_bg_image_position":"","ocean_post_title_bg_image_attachment":"","ocean_post_title_bg_image_repeat":"","ocean_post_title_bg_image_size":"","ocean_post_title_height":0,"ocean_post_title_bg_overlay":0.5,"ocean_post_title_bg_overlay_color":"","ocean_disable_breadcrumbs":"default","ocean_breadcrumbs_color":"","ocean_breadcrumbs_separator_color":"","ocean_breadcrumbs_links_color":"","ocean_breadcrumbs_links_hover_color":"","ocean_display_footer_widgets":"default","ocean_display_footer_bottom":"default","ocean_custom_footer_template":"0"},"product_brand":[],"product_cat":[62],"product_tag":[65,216,77,78],"class_list":{"0":"post-1293","1":"product","2":"type-product","3":"status-publish","4":"has-post-thumbnail","6":"product_cat-gblgamma-butyrolactone","7":"product_tag-gamma-butyrolacton-kaufen","8":"product_tag-gamma-butyrolacton-kaufen-2025","9":"product_tag-gamma-butyrolacton-reiniger","10":"product_tag-gbl-gamma-butyrolactone-99-99-reiniger-losungsmittel","12":"entry","13":"has-media","15":"first","16":"instock","17":"sale","18":"featured","19":"shipping-taxable","20":"purchasable","21":"product-type-variable","22":"has-rating","23":"has-product-nav","24":"col","25":"span_1_of_3","26":"owp-content-center","27":"owp-thumbs-layout-horizontal","28":"owp-btn-normal","29":"owp-tabs-layout-horizontal"},"jetpack_sharing_enabled":true,"_links":{"self":[{"href":"https:\/\/gbl-eshop.net\/ja\/wp-json\/wp\/v2\/product\/1293","targetHints":{"allow":["GET"]}}],"collection":[{"href":"https:\/\/gbl-eshop.net\/ja\/wp-json\/wp\/v2\/product"}],"about":[{"href":"https:\/\/gbl-eshop.net\/ja\/wp-json\/wp\/v2\/types\/product"}],"replies":[{"embeddable":true,"href":"https:\/\/gbl-eshop.net\/ja\/wp-json\/wp\/v2\/comments?post=1293"}],"wp:featuredmedia":[{"embeddable":true,"href":"https:\/\/gbl-eshop.net\/ja\/wp-json\/wp\/v2\/media\/1294"}],"wp:attachment":[{"href":"https:\/\/gbl-eshop.net\/ja\/wp-json\/wp\/v2\/media?parent=1293"}],"wp:term":[{"taxonomy":"product_brand","embeddable":true,"href":"https:\/\/gbl-eshop.net\/ja\/wp-json\/wp\/v2\/product_brand?post=1293"},{"taxonomy":"product_cat","embeddable":true,"href":"https:\/\/gbl-eshop.net\/ja\/wp-json\/wp\/v2\/product_cat?post=1293"},{"taxonomy":"product_tag","embeddable":true,"href":"https:\/\/gbl-eshop.net\/ja\/wp-json\/wp\/v2\/product_tag?post=1293"}],"curies":[{"name":"wp","href":"https:\/\/api.w.org\/{rel}","templated":true}]}}