{"id":1272,"date":"2024-06-02T16:00:11","date_gmt":"2024-06-02T16:00:11","guid":{"rendered":"https:\/\/linen-vulture-703400.hostingersite.com\/?page_id=1272"},"modified":"2024-06-02T16:00:12","modified_gmt":"2024-06-02T16:00:12","slug":"faqs","status":"publish","type":"page","link":"https:\/\/gbl-eshop.net\/ja\/faqs\/","title":{"rendered":"\u3088\u304f\u3042\u308b\u3054\u8cea\u554f"},"content":{"rendered":"<div id=\"ez-toc-container\" class=\"ez-toc-v2_0_82_2 counter-hierarchy ez-toc-counter ez-toc-grey ez-toc-container-direction\">\n<div class=\"ez-toc-title-container\">\n<p class=\"ez-toc-title\" style=\"cursor:inherit\">\u76ee\u6b21<\/p>\n<span class=\"ez-toc-title-toggle\"><a href=\"#\" class=\"ez-toc-pull-right ez-toc-btn ez-toc-btn-xs ez-toc-btn-default ez-toc-toggle\" aria-label=\"\u30c8\u30b0\u30eb\u76ee\u6b21\"><span class=\"ez-toc-js-icon-con\"><span class=\"\"><span class=\"eztoc-hide\" style=\"display:none;\">\u30c8\u30b0\u30eb<\/span><span class=\"ez-toc-icon-toggle-span\"><svg style=\"fill: #999;color:#999\" xmlns=\"http:\/\/www.w3.org\/2000\/svg\" class=\"list-377408\" width=\"20px\" height=\"20px\" viewbox=\"0 0 24 24\" fill=\"none\"><path d=\"M6 6H4v2h2V6zm14 0H8v2h12V6zM4 11h2v2H4v-2zm16 0H8v2h12v-2zM4 16h2v2H4v-2zm16 0H8v2h12v-2z\" fill=\"currentColor\"><\/path><\/svg><svg style=\"fill: #999;color:#999\" class=\"arrow-unsorted-368013\" xmlns=\"http:\/\/www.w3.org\/2000\/svg\" width=\"10px\" height=\"10px\" viewbox=\"0 0 24 24\" version=\"1.2\" baseprofile=\"tiny\"><path d=\"M18.2 9.3l-6.2-6.3-6.2 6.3c-.2.2-.3.4-.3.7s.1.5.3.7c.2.2.4.3.7.3h11c.3 0 .5-.1.7-.3.2-.2.3-.5.3-.7s-.1-.5-.3-.7zM5.8 14.7l6.2 6.3 6.2-6.3c.2-.2.3-.5.3-.7s-.1-.5-.3-.7c-.2-.2-.4-.3-.7-.3h-11c-.3 0-.5.1-.7.3-.2.2-.3.5-.3.7s.1.5.3.7z\"\/><\/svg><\/span><\/span><\/span><\/a><\/span><\/div>\n<nav><ul class='ez-toc-list ez-toc-list-level-1' ><li class='ez-toc-page-1 ez-toc-heading-level-1'><a class=\"ez-toc-link ez-toc-heading-1\" href=\"https:\/\/gbl-eshop.net\/ja\/faqs\/#FAQs_zu_GBL_und_GHB\" >GBL\u3068GHB\u306b\u95a2\u3059\u308bFAQ<\/a><ul class='ez-toc-list-level-2' ><li class='ez-toc-heading-level-2'><a class=\"ez-toc-link ez-toc-heading-2\" href=\"https:\/\/gbl-eshop.net\/ja\/faqs\/#FAQs_zu_GBL\" >GBL\u306b\u95a2\u3059\u308bFAQ\uff1a<\/a><ul class='ez-toc-list-level-3' ><li class='ez-toc-heading-level-3'><a class=\"ez-toc-link ez-toc-heading-3\" href=\"https:\/\/gbl-eshop.net\/ja\/faqs\/#1_Was_ist_GBL\" >1. GBL\u3068\u306f\u4f55\u304b\uff1f<\/a><\/li><li class='ez-toc-page-1 ez-toc-heading-level-3'><a class=\"ez-toc-link ez-toc-heading-4\" href=\"https:\/\/gbl-eshop.net\/ja\/faqs\/#2_Ist_GBL_dasselbe_wie_GHB\" >2. GBL\u306fGHB\u3068\u540c\u3058\u304b\uff1f<\/a><\/li><li class='ez-toc-page-1 ez-toc-heading-level-3'><a class=\"ez-toc-link ez-toc-heading-5\" href=\"https:\/\/gbl-eshop.net\/ja\/faqs\/#3_Wie_wird_GBL_im_Freizeitgebrauch_verwendet\" >3. GBL\u306f\u4f59\u6687\u306b\u3069\u306e\u3088\u3046\u306b\u4f7f\u308f\u308c\u3066\u3044\u308b\u304b\uff1f<\/a><\/li><li class='ez-toc-page-1 ez-toc-heading-level-3'><a class=\"ez-toc-link ez-toc-heading-6\" href=\"https:\/\/gbl-eshop.net\/ja\/faqs\/#4_Welche_Risiken_sind_mit_dem_Gebrauch_von_GBL_verbunden\" >4 GBL\u306e\u4f7f\u7528\u306b\u4f34\u3046\u30ea\u30b9\u30af\u3068\u306f\uff1f<\/a><\/li><li class='ez-toc-page-1 ez-toc-heading-level-3'><a class=\"ez-toc-link ez-toc-heading-7\" href=\"https:\/\/gbl-eshop.net\/ja\/faqs\/#5_Ist_GBL_legal\" >5. GBL\u306f\u5408\u6cd5\u304b\uff1f<\/a><\/li><\/ul><\/li><li class='ez-toc-page-1 ez-toc-heading-level-2'><a class=\"ez-toc-link ez-toc-heading-8\" href=\"https:\/\/gbl-eshop.net\/ja\/faqs\/#FAQs_zu_GHB\" >GHB\u306b\u95a2\u3059\u308bFAQ\uff1a<\/a><ul class='ez-toc-list-level-3' ><li class='ez-toc-heading-level-3'><a class=\"ez-toc-link ez-toc-heading-9\" href=\"https:\/\/gbl-eshop.net\/ja\/faqs\/#1_Was_ist_GHB\" >1. GHB\u3068\u306f\u4f55\u304b\uff1f<\/a><\/li><li class='ez-toc-page-1 ez-toc-heading-level-3'><a class=\"ez-toc-link ez-toc-heading-10\" href=\"https:\/\/gbl-eshop.net\/ja\/faqs\/#2_Wie_unterscheidet_sich_GHB_von_GBL\" >2. GHB\u306fGBL\u3068\u3069\u3046\u9055\u3046\u306e\u304b\uff1f<\/a><\/li><li class='ez-toc-page-1 ez-toc-heading-level-3'><a class=\"ez-toc-link ez-toc-heading-11\" href=\"https:\/\/gbl-eshop.net\/ja\/faqs\/#3_Welche_Effekte_hat_der_Gebrauch_von_GHB\" >3. GHB\u306e\u4f7f\u7528\u306f\u3069\u306e\u3088\u3046\u306a\u5f71\u97ff\u3092\u53ca\u307c\u3059\u306e\u304b\uff1f<\/a><\/li><li class='ez-toc-page-1 ez-toc-heading-level-3'><a class=\"ez-toc-link ez-toc-heading-12\" href=\"https:\/\/gbl-eshop.net\/ja\/faqs\/#4_Welche_Risiken_sind_mit_dem_Gebrauch_von_GHB_verbunden\" >4 GHB\u306e\u4f7f\u7528\u306b\u4f34\u3046\u30ea\u30b9\u30af\u306f\uff1f<\/a><\/li><li class='ez-toc-page-1 ez-toc-heading-level-3'><a class=\"ez-toc-link ez-toc-heading-13\" href=\"https:\/\/gbl-eshop.net\/ja\/faqs\/#5_Ist_GHB_legal\" >5. GHB\u306f\u5408\u6cd5\u304b\uff1f<\/a><\/li><\/ul><\/li><\/ul><\/li><\/ul><\/nav><\/div>\n<h1 class=\"wp-block-heading\"><span class=\"ez-toc-section\" id=\"FAQs_zu_GBL_und_GHB\"><\/span> GBL\u3068GHB\u306b\u95a2\u3059\u308bFAQ <span class=\"ez-toc-section-end\"><\/span><\/h1>\n\n\n\n<h2 class=\"wp-block-heading\"><span class=\"ez-toc-section\" id=\"FAQs_zu_GBL\"><\/span>GBL\u306b\u95a2\u3059\u308bFAQ\uff1a<span class=\"ez-toc-section-end\"><\/span><\/h2>\n\n\n\n<h3 class=\"wp-block-heading\"><span class=\"ez-toc-section\" id=\"1_Was_ist_GBL\"><\/span><strong>1. GBL\u3068\u306f\u4f55\u304b\uff1f<\/strong><span class=\"ez-toc-section-end\"><\/span><\/h3>\n\n\n\n<ul class=\"wp-block-list\">\n<li>GBL\uff08\u30ac\u30f3\u30de-\u30d6\u30c1\u30ed\u30e9\u30af\u30c8\u30f3\uff09\u306f\u3001\u6eb6\u5264\u3001\u6d17\u6d44\u5264\u3001\u4e00\u90e8\u306e\u30d7\u30e9\u30b9\u30c1\u30c3\u30af\u3084\u533b\u85ac\u54c1\u306e\u88fd\u9020\u306b\u304a\u3051\u308b\u524d\u99c6\u4f53\u306a\u3069\u3001\u3055\u307e\u3056\u307e\u306a\u7523\u696d\u7528\u9014\u306b\u4f7f\u7528\u3055\u308c\u308b\u5316\u5408\u7269\u3067\u3042\u308b\u3002<\/li>\n<\/ul>\n\n\n\n<h3 class=\"wp-block-heading\"><span class=\"ez-toc-section\" id=\"2_Ist_GBL_dasselbe_wie_GHB\"><\/span><strong>2. GBL\u306fGHB\u3068\u540c\u3058\u304b\uff1f<\/strong><span class=\"ez-toc-section-end\"><\/span><\/h3>\n\n\n\n<ul class=\"wp-block-list\">\n<li>GBL\u306f\u6442\u53d6\u5f8c\u3001\u4f53\u5185\u3067GHB\uff08\u03b3-\u30d2\u30c9\u30ed\u30ad\u30b7\u916a\u9178\uff09\u306b\u5909\u63db\u3055\u308c\u308b\u3002\u3069\u3061\u3089\u306e\u7269\u8cea\u3082\u4e2d\u67a2\u795e\u7d4c\u6291\u5236\u5264\u3067\u3042\u308a\u3001\u4f3c\u305f\u3088\u3046\u306a\u4f5c\u7528\u3092\u6301\u3064\u304c\u3001\u4e00\u822c\u7684\u306b\u306fGHB\u306e\u65b9\u304c\u3088\u308a\u5f37\u3044\u4f5c\u7528\u3092\u6301\u3064\u3002<\/li>\n<\/ul>\n\n\n\n<h3 class=\"wp-block-heading\"><span class=\"ez-toc-section\" id=\"3_Wie_wird_GBL_im_Freizeitgebrauch_verwendet\"><\/span><strong>3. GBL\u306f\u4f59\u6687\u306b\u3069\u306e\u3088\u3046\u306b\u4f7f\u308f\u308c\u3066\u3044\u308b\u304b\uff1f<\/strong><span class=\"ez-toc-section-end\"><\/span><\/h3>\n\n\n\n<ul class=\"wp-block-list\">\n<li>\u591a\u5e78\u611f\u3084\u93ae\u9759\u4f5c\u7528\u304c\u3042\u308b\u305f\u3081\u3001\u30ec\u30af\u30ea\u30a8\u30fc\u30b7\u30e7 \u30f3\u30fb\u30c9\u30e9\u30c3\u30b0\u3068\u3057\u3066GBL\u3092\u4e71\u7528\u3059\u308b\u4eba\u3082\u3044\u308b\u3002GBL\u306f\u3057\u3070\u3057\u3070\u7d4c\u53e3\u6442\u53d6\u3055\u308c\u3001\u7d14\u7c8b\u306a\u5f62\u3067\u3001\u3042\u308b\u3044\u306f\u5e0c\u91c8\u3057\u3066\u98f2\u307f\u7269\u306b\u5165\u308c\u3089\u308c\u308b\u3002\u3057\u304b\u3057\u3001GBL\u306e\u52b9\u80fd\u306f\u4e88\u6e2c\u4e0d\u53ef\u80fd\u3067\u3042\u308a\u3001\u904e\u5270\u6442\u53d6\u306e\u53ef\u80fd\u6027\u3082\u3042\u308b\u305f\u3081\u3001\u975e\u5e38\u306b\u5371\u967a\u3067\u3042\u308b\u3002<\/li>\n<\/ul>\n\n\n\n<h3 class=\"wp-block-heading\"><span class=\"ez-toc-section\" id=\"4_Welche_Risiken_sind_mit_dem_Gebrauch_von_GBL_verbunden\"><\/span><strong>4 GBL\u306e\u4f7f\u7528\u306b\u4f34\u3046\u30ea\u30b9\u30af\u3068\u306f\uff1f<\/strong><span class=\"ez-toc-section-end\"><\/span><\/h3>\n\n\n\n<figure class=\"wp-block-table\"><table><thead><tr><th>\u30ea\u30b9\u30af<\/th><th>\u8a73\u7d30<\/th><\/tr><\/thead><tbody><tr><td>\u4e2d\u6bd2<\/td><td>GBL\u306f\u4e2d\u6bd2\u6027\u304c\u9ad8\u304f\u3001\u5e38\u7528\u3059\u308b\u3068\u4f9d\u5b58\u75c7\u306b\u306a\u308b\u53ef\u80fd\u6027\u304c\u3042\u308b\u3002<\/td><\/tr><tr><td>\u904e\u5270\u6295\u4e0e<\/td><td>GBL\u306e\u904e\u5270\u6442\u53d6\u306f\u547c\u5438\u6291\u5236\u3001\u660f\u7761\u3092\u5f15\u304d\u8d77\u3053\u3057\u3001\u6b7b\u306b\u81f3\u308b\u3053\u3068\u3055\u3048\u3042\u308b\u3002<\/td><\/tr><tr><td>\u5065\u5eb7\u5408\u4f75\u75c7<\/td><td>GBL\u306e\u9577\u671f\u4f7f\u7528\u306f\u3001\u809d\u969c\u5bb3\u3084\u8a8d\u77e5\u6a5f\u80fd\u969c\u5bb3\u306a\u3069\u3001\u3055\u307e\u3056\u307e\u306a\u5065\u5eb7\u554f\u984c\u3092\u5f15\u304d\u8d77\u3053\u3059\u53ef\u80fd\u6027\u304c\u3042\u308b\u3002<\/td><\/tr><\/tbody><\/table><\/figure>\n\n\n\n<h3 class=\"wp-block-heading\"><span class=\"ez-toc-section\" id=\"5_Ist_GBL_legal\"><\/span><strong>5. GBL\u306f\u5408\u6cd5\u304b\uff1f<\/strong><span class=\"ez-toc-section-end\"><\/span><\/h3>\n\n\n\n<ul class=\"wp-block-list\">\n<li>GBL\u306f\u4e71\u7528\u3084\u4f9d\u5b58\u306e\u53ef\u80fd\u6027\u304c\u3042\u308b\u305f\u3081\u3001\u591a\u304f\u306e\u56fd\u3067\u898f\u5236\u85ac\u7269\u306b\u5206\u985e\u3055\u308c\u3066\u3044\u308b\u3002\u305d\u306e\u6cd5\u7684\u5730\u4f4d\u306f\u4e16\u754c\u5404\u5730\u3067\u7570\u306a\u308b\u304c\u3001\u898f\u5236\u307e\u305f\u306f\u7981\u6b62\u3055\u308c\u3066\u3044\u308b\u3053\u3068\u304c\u591a\u3044\u3002<\/li>\n<\/ul>\n\n\n\n<h2 class=\"wp-block-heading\"><span class=\"ez-toc-section\" id=\"FAQs_zu_GHB\"><\/span>GHB\u306b\u95a2\u3059\u308bFAQ\uff1a<span class=\"ez-toc-section-end\"><\/span><\/h2>\n\n\n\n<h3 class=\"wp-block-heading\"><span class=\"ez-toc-section\" id=\"1_Was_ist_GHB\"><\/span><strong>1. GHB\u3068\u306f\u4f55\u304b\uff1f<\/strong><span class=\"ez-toc-section-end\"><\/span><\/h3>\n\n\n\n<ul class=\"wp-block-list\">\n<li>GHB\uff08\u30ac\u30f3\u30de-\u30d2\u30c9\u30ed\u30ad\u30b7\u916a\u9178\u5869\uff09\u306f\u4e2d\u67a2\u795e\u7d4c\u6291\u5236\u5264\u3067\u3001\u591a\u5e78\u611f\u3084\u93ae\u9759\u4f5c\u7528\u304c\u3042\u308b\u305f\u3081\u3001\u5a2f\u697d\u85ac\u3068\u3057\u3066\u4f7f\u7528\u3055\u308c\u308b\u3053\u3068\u3082\u3042\u308b\u3002<\/li>\n<\/ul>\n\n\n\n<h3 class=\"wp-block-heading\"><span class=\"ez-toc-section\" id=\"2_Wie_unterscheidet_sich_GHB_von_GBL\"><\/span><strong>2. GHB\u306fGBL\u3068\u3069\u3046\u9055\u3046\u306e\u304b\uff1f<\/strong><span class=\"ez-toc-section-end\"><\/span><\/h3>\n\n\n\n<ul class=\"wp-block-list\">\n<li>GHB\u306f\u5316\u5b66\u7684\u306b\u306fGBL\u306b\u4f3c\u3066\u3044\u308b\u304c\u3001\u901a\u5e38\u306f\u6db2\u4f53\u306e\u5f62\u3067\u5b58\u5728\u3059\u308b\u3002\u4f5c\u7528\u306e\u767a\u73fe\u304c\u65e9\u304f\u3001\u4e00\u822c\u7684\u306bGBL\u3088\u308a\u3082\u5f37\u3044\u3002<\/li>\n<\/ul>\n\n\n\n<h3 class=\"wp-block-heading\"><span class=\"ez-toc-section\" id=\"3_Welche_Effekte_hat_der_Gebrauch_von_GHB\"><\/span><strong>3. GHB\u306e\u4f7f\u7528\u306f\u3069\u306e\u3088\u3046\u306a\u5f71\u97ff\u3092\u53ca\u307c\u3059\u306e\u304b\uff1f<\/strong><span class=\"ez-toc-section-end\"><\/span><\/h3>\n\n\n\n<figure class=\"wp-block-table\"><table><thead><tr><th>\u52b9\u679c<\/th><th>\u8a73\u7d30<\/th><\/tr><\/thead><tbody><tr><td>\u591a\u5e78\u611f\u3068\u30ea\u30e9\u30c3\u30af\u30b9<\/td><td>GHB\u306f\u591a\u5e78\u611f\u3092\u3082\u305f\u3089\u3057\u3001\u30ea\u30e9\u30c3\u30af\u30b9\u3057\u3001\u793e\u4ea4\u6027\u3092\u9ad8\u3081\u308b\u3002<\/td><\/tr><tr><td>\u93ae\u9759<\/td><td>\u93ae\u9759\u4f5c\u7528\u304c\u3042\u308a\u3001\u75b2\u308c\u3084\u7720\u6c17\u3092\u5f15\u304d\u8d77\u3053\u3059\u3053\u3068\u304c\u591a\u3044\u3002<\/td><\/tr><tr><td>\u8a18\u61b6\u55aa\u5931<\/td><td>GHB\u306e\u4f7f\u7528\u306f\u8a18\u61b6\u55aa\u5931\u3092\u5f15\u304d\u8d77\u3053\u3057\u3001\u51fa\u6765\u4e8b\u3092\u601d\u3044\u51fa\u3059\u3053\u3068\u3092\u56f0\u96e3\u306b\u3059\u308b\u3002<\/td><\/tr><\/tbody><\/table><\/figure>\n\n\n\n<h3 class=\"wp-block-heading\"><span class=\"ez-toc-section\" id=\"4_Welche_Risiken_sind_mit_dem_Gebrauch_von_GHB_verbunden\"><\/span><strong>4 GHB\u306e\u4f7f\u7528\u306b\u4f34\u3046\u30ea\u30b9\u30af\u306f\uff1f<\/strong><span class=\"ez-toc-section-end\"><\/span><\/h3>\n\n\n\n<figure class=\"wp-block-table\"><table><thead><tr><th>\u30ea\u30b9\u30af<\/th><th>\u8a73\u7d30<\/th><\/tr><\/thead><tbody><tr><td>\u547c\u5438\u6291\u5236<\/td><td>GHB\u306f\u547c\u5438\u6a5f\u80fd\u3092\u4f4e\u4e0b\u3055\u305b\u3001\u547c\u5438\u304c\u6d45\u304f\u306a\u3063\u305f\u308a\u660f\u7761\u72b6\u614b\u306b\u9665\u3063\u305f\u308a\u3059\u308b\u3053\u3068\u304c\u3042\u308b\u3002<\/td><\/tr><tr><td>\u904e\u5270\u6295\u4e0e<\/td><td>GHB\u306e\u904e\u5270\u6442\u53d6\u306f\u91cd\u7be4\u306a\u547c\u5438\u6291\u5236\u3092\u5f15\u304d\u8d77\u3053\u3057\u3001\u6b7b\u306b\u81f3\u308b\u53ef\u80fd\u6027\u304c\u3042\u308b\u3002<\/td><\/tr><tr><td>\u4e2d\u6bd2<\/td><td>GHB\u3092\u5e38\u7528\u3059\u308b\u3068\u3001\u4f9d\u5b58\u75c7\u3084\u4e2d\u6bd2\u306b\u306a\u308b\u53ef\u80fd\u6027\u304c\u3042\u308b\u3002<\/td><\/tr><\/tbody><\/table><\/figure>\n\n\n\n<h3 class=\"wp-block-heading\"><span class=\"ez-toc-section\" id=\"5_Ist_GHB_legal\"><\/span><strong>5. GHB\u306f\u5408\u6cd5\u304b\uff1f<\/strong><span class=\"ez-toc-section-end\"><\/span><\/h3>\n\n\n\n<ul class=\"wp-block-list\">\n<li>GBL\u3068\u540c\u69d8\u3001GHB\u3082\u4e71\u7528\u3084\u4f9d\u5b58\u306e\u53ef\u80fd\u6027\u304c\u3042\u308b\u305f\u3081\u3001\u898f\u5236\u3055\u308c\u305f\u308a\u7981\u6b62\u3055\u308c\u305f\u308a\u3059\u308b\u3053\u3068\u304c\u591a\u3044\u3002\u591a\u304f\u306e\u56fd\u3067\u898f\u5236\u85ac\u7269\u306b\u5206\u985e\u3055\u308c\u3066\u3044\u308b\u3002<\/li>\n<\/ul>\n\n\n\n<p>\u3053\u308c\u3089\u306eFAQ\u306f\u3001GBL\u3068GHB\u306b\u3064\u3044\u3066\u3001\u305d\u306e\u52b9\u679c\u3001\u5371\u967a\u6027\u3001\u6cd5\u7684\u5730\u4f4d\u306a\u3069\u3001\u5305\u62ec\u7684\u306a\u6982\u8981\u3092\u8aac\u660e\u3057\u3066\u3044\u307e\u3059\u3002\u3069\u3061\u3089\u306e\u7269\u8cea\u3082\u5371\u967a\u3067\u3042\u308a\u3001\u5408\u6cd5\u7684\u306a\u533b\u7642\u76ee\u7684\u3067\u51e6\u65b9\u3055\u308c\u305f\u5834\u5408\u306e\u307f\u3001\u533b\u7642\u5c02\u9580\u5bb6\u306e\u6307\u5c0e\u306e\u4e0b\u3067\u4f7f\u7528\u3055\u308c\u308b\u3079\u304d\u3082\u306e\u3067\u3042\u308b\u3053\u3068\u306b\u7559\u610f\u3059\u308b\u3053\u3068\u304c\u91cd\u8981\u3067\u3059\u3002<\/p>","protected":false},"excerpt":{"rendered":"<p>FAQs zu GBL und GHB FAQs zu GBL: 1. Was ist GBL? 2. Ist GBL dasselbe wie GHB? 3. Wie wird GBL im Freizeitgebrauch verwendet? 4. Welche Risiken sind mit dem Gebrauch von GBL verbunden? Risiken Details Sucht GBL kann stark s\u00fcchtig machen und bei regelm\u00e4\u00dfiger Anwendung zu Abh\u00e4ngigkeit f\u00fchren. \u00dcberdosierung Eine \u00dcberdosierung von GBL kann zu Atemdepression, Koma und sogar zum Tod f\u00fchren. Gesundheitskomplikationen Langzeitgebrauch von GBL kann zu verschiedenen Gesundheitsproblemen f\u00fchren, einschlie\u00dflich Lebersch\u00e4den und kognitiver Beeintr\u00e4chtigung. 5. Ist GBL legal? FAQs zu GHB: 1. Was ist GHB? 2. Wie unterscheidet sich GHB von GBL? 3. Welche Effekte hat der Gebrauch von GHB? Effekte Details Euphorie und Entspannung GHB [&hellip;]<\/p>\n","protected":false},"author":1,"featured_media":0,"parent":0,"menu_order":0,"comment_status":"closed","ping_status":"closed","template":"","meta":{"ocean_post_layout":"","ocean_both_sidebars_style":"","ocean_both_sidebars_content_width":0,"ocean_both_sidebars_sidebars_width":0,"ocean_sidebar":"","ocean_second_sidebar":"","ocean_disable_margins":"enable","ocean_add_body_class":"","ocean_shortcode_before_top_bar":"","ocean_shortcode_after_top_bar":"","ocean_shortcode_before_header":"","ocean_shortcode_after_header":"","ocean_has_shortcode":"","ocean_shortcode_after_title":"","ocean_shortcode_before_footer_widgets":"","ocean_shortcode_after_footer_widgets":"","ocean_shortcode_before_footer_bottom":"","ocean_shortcode_after_footer_bottom":"","ocean_display_top_bar":"default","ocean_display_header":"default","ocean_header_style":"","ocean_center_header_left_menu":"","ocean_custom_header_template":"","ocean_custom_logo":0,"ocean_custom_retina_logo":0,"ocean_custom_logo_max_width":0,"ocean_custom_logo_tablet_max_width":0,"ocean_custom_logo_mobile_max_width":0,"ocean_custom_logo_max_height":0,"ocean_custom_logo_tablet_max_height":0,"ocean_custom_logo_mobile_max_height":0,"ocean_header_custom_menu":"","ocean_menu_typo_font_family":"","ocean_menu_typo_font_subset":"","ocean_menu_typo_font_size":0,"ocean_menu_typo_font_size_tablet":0,"ocean_menu_typo_font_size_mobile":0,"ocean_menu_typo_font_size_unit":"px","ocean_menu_typo_font_weight":"","ocean_menu_typo_font_weight_tablet":"","ocean_menu_typo_font_weight_mobile":"","ocean_menu_typo_transform":"","ocean_menu_typo_transform_tablet":"","ocean_menu_typo_transform_mobile":"","ocean_menu_typo_line_height":0,"ocean_menu_typo_line_height_tablet":0,"ocean_menu_typo_line_height_mobile":0,"ocean_menu_typo_line_height_unit":"","ocean_menu_typo_spacing":0,"ocean_menu_typo_spacing_tablet":0,"ocean_menu_typo_spacing_mobile":0,"ocean_menu_typo_spacing_unit":"","ocean_menu_link_color":"","ocean_menu_link_color_hover":"","ocean_menu_link_color_active":"","ocean_menu_link_background":"","ocean_menu_link_hover_background":"","ocean_menu_link_active_background":"","ocean_menu_social_links_bg":"","ocean_menu_social_hover_links_bg":"","ocean_menu_social_links_color":"","ocean_menu_social_hover_links_color":"","ocean_disable_title":"default","ocean_disable_heading":"default","ocean_post_title":"","ocean_post_subheading":"","ocean_post_title_style":"","ocean_post_title_background_color":"","ocean_post_title_background":0,"ocean_post_title_bg_image_position":"","ocean_post_title_bg_image_attachment":"","ocean_post_title_bg_image_repeat":"","ocean_post_title_bg_image_size":"","ocean_post_title_height":0,"ocean_post_title_bg_overlay":0.5,"ocean_post_title_bg_overlay_color":"","ocean_disable_breadcrumbs":"default","ocean_breadcrumbs_color":"","ocean_breadcrumbs_separator_color":"","ocean_breadcrumbs_links_color":"","ocean_breadcrumbs_links_hover_color":"","ocean_display_footer_widgets":"default","ocean_display_footer_bottom":"default","ocean_custom_footer_template":"","footnotes":""},"class_list":["post-1272","page","type-page","status-publish","hentry","entry","owp-thumbs-layout-horizontal","owp-btn-normal","owp-tabs-layout-horizontal","has-no-thumbnails","has-product-nav"],"jetpack_sharing_enabled":true,"_links":{"self":[{"href":"https:\/\/gbl-eshop.net\/ja\/wp-json\/wp\/v2\/pages\/1272","targetHints":{"allow":["GET"]}}],"collection":[{"href":"https:\/\/gbl-eshop.net\/ja\/wp-json\/wp\/v2\/pages"}],"about":[{"href":"https:\/\/gbl-eshop.net\/ja\/wp-json\/wp\/v2\/types\/page"}],"author":[{"embeddable":true,"href":"https:\/\/gbl-eshop.net\/ja\/wp-json\/wp\/v2\/users\/1"}],"replies":[{"embeddable":true,"href":"https:\/\/gbl-eshop.net\/ja\/wp-json\/wp\/v2\/comments?post=1272"}],"version-history":[{"count":2,"href":"https:\/\/gbl-eshop.net\/ja\/wp-json\/wp\/v2\/pages\/1272\/revisions"}],"predecessor-version":[{"id":1274,"href":"https:\/\/gbl-eshop.net\/ja\/wp-json\/wp\/v2\/pages\/1272\/revisions\/1274"}],"wp:attachment":[{"href":"https:\/\/gbl-eshop.net\/ja\/wp-json\/wp\/v2\/media?parent=1272"}],"curies":[{"name":"wp","href":"https:\/\/api.w.org\/{rel}","templated":true}]}}