{"id":1264,"date":"2024-06-02T15:00:18","date_gmt":"2024-06-02T15:00:18","guid":{"rendered":"https:\/\/linen-vulture-703400.hostingersite.com\/?page_id=1264"},"modified":"2025-09-16T03:55:50","modified_gmt":"2025-09-16T03:55:50","slug":"schutz-gbl-und-ghb","status":"publish","type":"page","link":"https:\/\/gbl-eshop.net\/ja\/schutz-gbl-und-ghb\/","title":{"rendered":"\u4fdd\u8b77"},"content":{"rendered":"<div id=\"ez-toc-container\" class=\"ez-toc-v2_0_82_2 counter-hierarchy ez-toc-counter ez-toc-grey ez-toc-container-direction\">\n<div class=\"ez-toc-title-container\">\n<p class=\"ez-toc-title\" style=\"cursor:inherit\">\u76ee\u6b21<\/p>\n<span class=\"ez-toc-title-toggle\"><a href=\"#\" class=\"ez-toc-pull-right ez-toc-btn ez-toc-btn-xs ez-toc-btn-default ez-toc-toggle\" aria-label=\"\u30c8\u30b0\u30eb\u76ee\u6b21\"><span class=\"ez-toc-js-icon-con\"><span class=\"\"><span class=\"eztoc-hide\" style=\"display:none;\">\u30c8\u30b0\u30eb<\/span><span class=\"ez-toc-icon-toggle-span\"><svg style=\"fill: #999;color:#999\" xmlns=\"http:\/\/www.w3.org\/2000\/svg\" class=\"list-377408\" width=\"20px\" height=\"20px\" viewbox=\"0 0 24 24\" fill=\"none\"><path d=\"M6 6H4v2h2V6zm14 0H8v2h12V6zM4 11h2v2H4v-2zm16 0H8v2h12v-2zM4 16h2v2H4v-2zm16 0H8v2h12v-2z\" fill=\"currentColor\"><\/path><\/svg><svg style=\"fill: #999;color:#999\" class=\"arrow-unsorted-368013\" xmlns=\"http:\/\/www.w3.org\/2000\/svg\" width=\"10px\" height=\"10px\" viewbox=\"0 0 24 24\" version=\"1.2\" baseprofile=\"tiny\"><path d=\"M18.2 9.3l-6.2-6.3-6.2 6.3c-.2.2-.3.4-.3.7s.1.5.3.7c.2.2.4.3.7.3h11c.3 0 .5-.1.7-.3.2-.2.3-.5.3-.7s-.1-.5-.3-.7zM5.8 14.7l6.2 6.3 6.2-6.3c.2-.2.3-.5.3-.7s-.1-.5-.3-.7c-.2-.2-.4-.3-.7-.3h-11c-.3 0-.5.1-.7.3-.2.2-.3.5-.3.7s.1.5.3.7z\"\/><\/svg><\/span><\/span><\/span><\/a><\/span><\/div>\n<nav><ul class='ez-toc-list ez-toc-list-level-1' ><li class='ez-toc-page-1 ez-toc-heading-level-2'><a class=\"ez-toc-link ez-toc-heading-1\" href=\"https:\/\/gbl-eshop.net\/ja\/schutz-gbl-und-ghb\/#Sicherheits-_und_Sicherheitsleitfaden_fur_GBL_Gamma-Butyrolacton_und_GHB_Gamma-Hydroxybutyrat\" >GBL\uff08\u03b3-\u30d6\u30c1\u30ed\u30e9\u30af\u30c8\u30f3\uff09\u304a\u3088\u3073GHB\uff08\u03b3-\u30d2\u30c9\u30ed\u30ad\u30b7\u916a\u9178\uff09\u306e\u5b89\u5168\u6027\u30fb\u5b89\u5fc3\u30ac\u30a4\u30c9<\/a><ul class='ez-toc-list-level-3' ><li class='ez-toc-heading-level-3'><a class=\"ez-toc-link ez-toc-heading-2\" href=\"https:\/\/gbl-eshop.net\/ja\/schutz-gbl-und-ghb\/#Ubersicht\" >\u6982\u8981<\/a><\/li><li class='ez-toc-page-1 ez-toc-heading-level-3'><a class=\"ez-toc-link ez-toc-heading-3\" href=\"https:\/\/gbl-eshop.net\/ja\/schutz-gbl-und-ghb\/#Eigenschaften_und_Wirkungen\" >\u7279\u6027\u3068\u52b9\u679c<\/a><\/li><li class='ez-toc-page-1 ez-toc-heading-level-3'><a class=\"ez-toc-link ez-toc-heading-4\" href=\"https:\/\/gbl-eshop.net\/ja\/schutz-gbl-und-ghb\/#Rechtlicher_Status\" >\u6cd5\u7684\u5730\u4f4d<\/a><\/li><li class='ez-toc-page-1 ez-toc-heading-level-3'><a class=\"ez-toc-link ez-toc-heading-5\" href=\"https:\/\/gbl-eshop.net\/ja\/schutz-gbl-und-ghb\/#Sicherheitsrichtlinien\" >\u30bb\u30ad\u30e5\u30ea\u30c6\u30a3\u30fb\u30ac\u30a4\u30c9\u30e9\u30a4\u30f3<\/a><ul class='ez-toc-list-level-4' ><li class='ez-toc-heading-level-4'><a class=\"ez-toc-link ez-toc-heading-6\" href=\"https:\/\/gbl-eshop.net\/ja\/schutz-gbl-und-ghb\/#Dosierung\" >\u6295\u4e0e\u91cf<\/a><\/li><li class='ez-toc-page-1 ez-toc-heading-level-4'><a class=\"ez-toc-link ez-toc-heading-7\" href=\"https:\/\/gbl-eshop.net\/ja\/schutz-gbl-und-ghb\/#Risiken_einer_Uberdosierung\" >\u904e\u5270\u6442\u53d6\u306e\u30ea\u30b9\u30af<\/a><ul class='ez-toc-list-level-6' ><li class='ez-toc-heading-level-6'><ul class='ez-toc-list-level-6' ><li class='ez-toc-heading-level-6'><a class=\"ez-toc-link ez-toc-heading-8\" href=\"https:\/\/gbl-eshop.net\/ja\/schutz-gbl-und-ghb\/#Uberdosierungssymptome_umfassen\" >\u904e\u5270\u6442\u53d6\u306e\u75c7\u72b6\u306b\u306f\u4ee5\u4e0b\u304c\u542b\u307e\u308c\u308b\uff1a<\/a><\/li><li class='ez-toc-page-1 ez-toc-heading-level-6'><a class=\"ez-toc-link ez-toc-heading-9\" href=\"https:\/\/gbl-eshop.net\/ja\/schutz-gbl-und-ghb\/#Erste_Hilfe_bei_Uberdosierung\" >\u904e\u5270\u6442\u53d6\u6642\u306e\u5fdc\u6025\u51e6\u7f6e\uff1a<\/a><\/li><\/ul><\/li><\/ul><\/li><\/ul><\/li><li class='ez-toc-page-1 ez-toc-heading-level-3'><a class=\"ez-toc-link ez-toc-heading-10\" href=\"https:\/\/gbl-eshop.net\/ja\/schutz-gbl-und-ghb\/#Kombination_mit_anderen_Substanzen\" >\u4ed6\u306e\u7269\u8cea\u3068\u306e\u4f75\u7528<\/a><\/li><li class='ez-toc-page-1 ez-toc-heading-level-3'><a class=\"ez-toc-link ez-toc-heading-11\" href=\"https:\/\/gbl-eshop.net\/ja\/schutz-gbl-und-ghb\/#Schadensminderungsstrategien\" >\u640d\u5931\u6700\u5c0f\u5316\u6226\u7565<\/a><\/li><li class='ez-toc-page-1 ez-toc-heading-level-3'><a class=\"ez-toc-link ez-toc-heading-12\" href=\"https:\/\/gbl-eshop.net\/ja\/schutz-gbl-und-ghb\/#Lagerung_und_Handhabung\" >\u4fdd\u7ba1\u3068\u53d6\u308a\u6271\u3044<\/a><\/li><li class='ez-toc-page-1 ez-toc-heading-level-3'><a class=\"ez-toc-link ez-toc-heading-13\" href=\"https:\/\/gbl-eshop.net\/ja\/schutz-gbl-und-ghb\/#Sicherheitsbedenken\" >\u30bb\u30ad\u30e5\u30ea\u30c6\u30a3\u3078\u306e\u61f8\u5ff5<\/a><\/li><li class='ez-toc-page-1 ez-toc-heading-level-3'><a class=\"ez-toc-link ez-toc-heading-14\" href=\"https:\/\/gbl-eshop.net\/ja\/schutz-gbl-und-ghb\/#Medizinische_und_Psychologische_Uberlegungen\" >\u533b\u5b66\u7684\u304a\u3088\u3073\u5fc3\u7406\u5b66\u7684\u8003\u5bdf<\/a><\/li><li class='ez-toc-page-1 ez-toc-heading-level-3'><a class=\"ez-toc-link ez-toc-heading-15\" href=\"https:\/\/gbl-eshop.net\/ja\/schutz-gbl-und-ghb\/#Visuelle_Hilfsmittel\" >\u30d3\u30b8\u30e5\u30a2\u30eb\u30a8\u30a4\u30c9<\/a><ul class='ez-toc-list-level-4' ><li class='ez-toc-heading-level-4'><a class=\"ez-toc-link ez-toc-heading-16\" href=\"https:\/\/gbl-eshop.net\/ja\/schutz-gbl-und-ghb\/#Diagramm_der_stabilen_Seitenlage\" >\u5b89\u5b9a\u3057\u305f\u30e9\u30c6\u30e9\u30eb\u30dd\u30b8\u30b7\u30e7\u30f3\u306e\u56f3<\/a><\/li><li class='ez-toc-page-1 ez-toc-heading-level-4'><a class=\"ez-toc-link ez-toc-heading-17\" href=\"https:\/\/gbl-eshop.net\/ja\/schutz-gbl-und-ghb\/#Beispiel_fur_Dosismessung\" >\u7dda\u91cf\u6e2c\u5b9a\u4f8b<\/a><\/li><\/ul><\/li><li class='ez-toc-page-1 ez-toc-heading-level-3'><a class=\"ez-toc-link ez-toc-heading-18\" href=\"https:\/\/gbl-eshop.net\/ja\/schutz-gbl-und-ghb\/#Fazit\" >\u7d50\u8ad6<\/a><\/li><\/ul><\/li><\/ul><\/nav><\/div>\n<h2 class=\"wp-block-heading\"><span class=\"ez-toc-section\" id=\"Sicherheits-_und_Sicherheitsleitfaden_fur_GBL_Gamma-Butyrolacton_und_GHB_Gamma-Hydroxybutyrat\"><\/span><strong>GBL\uff08\u03b3-\u30d6\u30c1\u30ed\u30e9\u30af\u30c8\u30f3\uff09\u304a\u3088\u3073GHB\uff08\u03b3-\u30d2\u30c9\u30ed\u30ad\u30b7\u916a\u9178\uff09\u306e\u5b89\u5168\u6027\u30fb\u5b89\u5fc3\u30ac\u30a4\u30c9<\/strong><span class=\"ez-toc-section-end\"><\/span><\/h2>\n\n\n\n<h3 class=\"wp-block-heading\"><span class=\"ez-toc-section\" id=\"Ubersicht\"><\/span>\u6982\u8981<span class=\"ez-toc-section-end\"><\/span><\/h3>\n\n\n<div class=\"wp-block-image\">\n<figure class=\"aligncenter size-full\"><img fetchpriority=\"high\" decoding=\"async\" width=\"480\" height=\"480\" src=\"https:\/\/gbl-eshop.net\/wp-content\/uploads\/2024\/06\/77713561_n.jpg\" alt=\"\" class=\"wp-image-1269\" srcset=\"https:\/\/gbl-eshop.net\/wp-content\/uploads\/2024\/06\/77713561_n.jpg 480w, https:\/\/gbl-eshop.net\/wp-content\/uploads\/2024\/06\/77713561_n-100x100.jpg 100w, https:\/\/gbl-eshop.net\/wp-content\/uploads\/2024\/06\/77713561_n-300x300.jpg 300w, https:\/\/gbl-eshop.net\/wp-content\/uploads\/2024\/06\/77713561_n-150x150.jpg 150w\" sizes=\"(max-width: 480px) 100vw, 480px\" \/><\/figure>\n<\/div>\n\n\n<p><strong>GBL\uff08\u30ac\u30f3\u30de-\u30d6\u30c1\u30ed\u30e9\u30af\u30c8\u30f3\uff09<\/strong> \u305d\u3057\u3066 <strong>GHB (\u30ac\u30f3\u30de-\u30d2\u30c9\u30ed\u30ad\u30b7\u916a\u9178)<\/strong> \u306f\u3001\u7523\u696d\u7528\u3084\u533b\u7642\u7528\u306b\u5408\u6cd5\u7684\u306b\u4f7f\u7528\u3055\u308c\u308b\u7269\u8cea\u3067\u3042\u308b\u304c\u3001\u5a2f\u697d\u7528\u306b\u3082\u4f7f\u7528\u3055\u308c\u308b\u3002\u3044\u305a\u308c\u306e\u7269\u8cea\u3082\u4e71\u7528\u3055\u308c\u308b\u3068\u5371\u967a\u3067\u3042\u308a\u3001\u4f9d\u5b58\u75c7\u3084\u904e\u5270\u6442\u53d6\u3001\u6cd5\u7684\u7d50\u679c\u3092\u62db\u304f\u53ef\u80fd\u6027\u304c\u3042\u308b\u3002<\/p>\n\n\n\n<h3 class=\"wp-block-heading\"><span class=\"ez-toc-section\" id=\"Eigenschaften_und_Wirkungen\"><\/span>\u7279\u6027\u3068\u52b9\u679c<span class=\"ez-toc-section-end\"><\/span><\/h3>\n\n\n\n<figure class=\"wp-block-table\"><table><thead><tr><th>\u7279\u5fb4<\/th><th>\u30ae\u30ac\u30d0\u30a4\u30c8<\/th><th>GHB<\/th><\/tr><\/thead><tbody><tr><td>\u5316\u5b66\u5f0f<\/td><td>C\u2084H\u2086O\u2082<\/td><td>C\u2084H\u2088O\u2083<\/td><\/tr><tr><td>\u983b\u7e41\u306a\u30a2\u30d7\u30ea\u30b1\u30fc\u30b7\u30e7\u30f3<\/td><td>\u6eb6\u5264\u3001\u6d17\u6d44\u5264\u3001\u524d\u99c6\u4f53<\/td><td>\u533b\u7642\u7528\uff08\u30ca\u30eb\u30b3\u30ec\u30d7\u30b7\u30fc\u3001\u9ebb\u9154\uff09\u3001\u30ec\u30b8\u30e3\u30fc\u7528<\/td><\/tr><tr><td>\u4f5c\u7528\u306e\u767a\u73fe<\/td><td>10\uff5e60\u5206<\/td><td>15\uff5e30\u5206<\/td><\/tr><tr><td>\u52b9\u679c\u306e\u6301\u7d9a\u6642\u9593<\/td><td>1.5\uff5e4\u6642\u9593<\/td><td>1.5\uff5e4\u6642\u9593<\/td><\/tr><tr><td>\u52b9\u679c<\/td><td>\u591a\u5e78\u611f\u3001\u30ea\u30e9\u30c3\u30af\u30b9\u3001\u7720\u6c17<\/td><td>\u591a\u5e78\u611f\u3001\u30ea\u30e9\u30c3\u30af\u30b9\u3001\u7720\u6c17<\/td><\/tr><\/tbody><\/table><\/figure>\n\n\n\n<h3 class=\"wp-block-heading\"><span class=\"ez-toc-section\" id=\"Rechtlicher_Status\"><\/span>\u6cd5\u7684\u5730\u4f4d<span class=\"ez-toc-section-end\"><\/span><\/h3>\n\n\n\n<figure class=\"wp-block-table\"><table><thead><tr><th>\u56fd\/\u5730\u57df<\/th><th>\u30ae\u30ac\u30d0\u30a4\u30c8<\/th><th>GHB<\/th><\/tr><\/thead><tbody><tr><td>\u7c73\u56fd<\/td><td>\u9023\u90a6\u653f\u5e9c\u306b\u3088\u308b\u5206\u985e\u306f\u306a\u3044\u304c\u3001\u30a2\u30ca\u30ed\u30b0\u6cd5\u3067\u7ba1\u7406\u3055\u308c\u3066\u3044\u308b\u3002<\/td><td>\u30ea\u30b9\u30c8\u2160\uff08\u975e\u533b\u85ac\u54c1\u7528\uff09\u3001\u30ea\u30b9\u30c8\u2162\uff08\u30b6\u30a4\u30ec\u30e0\uff09<\/td><\/tr><tr><td>\u6b27\u5dde\u9023\u5408<\/td><td>\u591a\u304f\u306e\u56fd\u3067\u7ba1\u7406\u3055\u308c\u3066\u3044\u308b<\/td><td>\u898f\u5236\u7269\u8cea<\/td><\/tr><tr><td>\u30aa\u30fc\u30b9\u30c8\u30e9\u30ea\u30a2<\/td><td>\u7ba1\u7406\u3055\u308c\u305f\u4e88\u5099\u6bb5\u968e<\/td><td>\u30ea\u30b9\u30c8<\/td><\/tr><tr><td>\u30ab\u30ca\u30c0<\/td><td>\u30b3\u30f3\u30c8\u30ed\u30fc\u30eb<\/td><td>\u30b3\u30f3\u30c8\u30ed\u30fc\u30eb<\/td><\/tr><\/tbody><\/table><\/figure>\n\n\n\n<h3 class=\"wp-block-heading\"><span class=\"ez-toc-section\" id=\"Sicherheitsrichtlinien\"><\/span>\u30bb\u30ad\u30e5\u30ea\u30c6\u30a3\u30fb\u30ac\u30a4\u30c9\u30e9\u30a4\u30f3<span class=\"ez-toc-section-end\"><\/span><\/h3>\n\n\n\n<h4 class=\"wp-block-heading\"><span class=\"ez-toc-section\" id=\"Dosierung\"><\/span>\u6295\u4e0e\u91cf<span class=\"ez-toc-section-end\"><\/span><\/h4>\n\n\n\n<ul class=\"wp-block-list\">\n<li><strong>\u30ae\u30ac\u30d0\u30a4\u30c8<\/strong>\u4e00\u822c\u7684\u306a\u5a2f\u697d\u7528\u91cf\u306e\u7bc4\u56f2\u306f0.5\uff5e2.5ml\u3067\u3042\u308b\u3002\u670d\u7528\u91cf\u304c\u591a\u304f\u306a\u308b\u3068\u91cd\u7be4\u306a\u526f\u4f5c\u7528\u306e\u30ea\u30b9\u30af\u304c\u9ad8\u307e\u308b\u3002<\/li>\n\n\n\n<li><strong>GHB<\/strong>\u4e00\u822c\u7684\u306a\u7528\u91cf\u306f0.5\uff5e3\u30b0\u30e9\u30e0\u3067\u3042\u308b\u3002\u30ec\u30af\u30ea\u30a8\u30fc\u30b7\u30e7\u30f3\u7528\u3068\u904e\u5270\u6442\u53d6\u306e\u5dee\u304c\u5c0f\u3055\u3044\u305f\u3081\u3001\u904e\u5270\u6442\u53d6\u306e\u30ea\u30b9\u30af\u306f\u9ad8\u3044\u3002<\/li>\n<\/ul>\n\n\n\n<p><strong>\u6ce8\uff1a<\/strong> \u8010\u6027\u306b\u306f\u500b\u4eba\u5dee\u304c\u5927\u304d\u3044\u3002\u8010\u6027\u3092\u8a55\u4fa1\u3059\u308b\u305f\u3081\u3001\u5e38\u306b\u53ef\u80fd\u306a\u9650\u308a\u4f4e\u7528\u91cf\u304b\u3089\u958b\u59cb\u3059\u308b\u3002<\/p>\n\n\n\n<h4 class=\"wp-block-heading\"><span class=\"ez-toc-section\" id=\"Risiken_einer_Uberdosierung\"><\/span>\u904e\u5270\u6442\u53d6\u306e\u30ea\u30b9\u30af<span class=\"ez-toc-section-end\"><\/span><\/h4>\n\n\n\n<h6 class=\"wp-block-heading\"><span class=\"ez-toc-section\" id=\"Uberdosierungssymptome_umfassen\"><\/span>\u904e\u5270\u6442\u53d6\u306e\u75c7\u72b6\u306b\u306f\u4ee5\u4e0b\u304c\u542b\u307e\u308c\u308b\uff1a<span class=\"ez-toc-section-end\"><\/span><\/h6>\n\n\n\n<ul class=\"wp-block-list\">\n<li>\u7121\u610f\u8b58<\/li>\n\n\n\n<li>\u3051\u3044\u308c\u3093<\/li>\n\n\n\n<li>\u547c\u5438\u304c\u9045\u3044\u3001\u307e\u305f\u306f\u4e0d\u898f\u5247<\/li>\n\n\n\n<li>\u5614\u5410<\/li>\n\n\n\n<li>\u5354\u8abf\u6027\u306e\u55aa\u5931<\/li>\n<\/ul>\n\n\n\n<h6 class=\"wp-block-heading\"><span class=\"ez-toc-section\" id=\"Erste_Hilfe_bei_Uberdosierung\"><\/span><strong>\u904e\u5270\u6442\u53d6\u6642\u306e\u5fdc\u6025\u51e6\u7f6e\uff1a<\/strong><span class=\"ez-toc-section-end\"><\/span><\/h6>\n\n\n\n<ol class=\"wp-block-list\">\n<li><strong>\u76f4\u3061\u306b\u6551\u6025\u968a\u306b\u9023\u7d61\u3059\u308b\u3053\u3068\u3002<\/strong><\/li>\n\n\n\n<li><strong>\u56de\u5fa9\u4f53\u4f4d\u306b\u3059\u308b<\/strong>\u7a92\u606f\u3057\u306a\u3044\u3088\u3046\u306b\u3002<\/li>\n\n\n\n<li><strong>\u547c\u5438\u3092\u30e2\u30cb\u30bf\u30fc\u3059\u308b<\/strong> \u5fc5\u8981\u3067\u3042\u308c\u3070\u3001\u5fc3\u80ba\u8607\u751f\u3092\u884c\u3046\u6e96\u5099\u3092\u3057\u3066\u304a\u304f\u3053\u3068\u3002<\/li>\n\n\n\n<li><strong>\u305d\u306e\u4eba\u3092\u4e00\u4eba\u306b\u3057\u306a\u3044<\/strong>\u52a9\u3051\u304c\u6765\u308b\u307e\u3067\u3002<\/li>\n<\/ol>\n\n\n\n<h3 class=\"wp-block-heading\"><span class=\"ez-toc-section\" id=\"Kombination_mit_anderen_Substanzen\"><\/span>\u4ed6\u306e\u7269\u8cea\u3068\u306e\u4f75\u7528<span class=\"ez-toc-section-end\"><\/span><\/h3>\n\n\n\n<ul class=\"wp-block-list\">\n<li><strong>\u30a2\u30eb\u30b3\u30fc\u30eb<\/strong>\u904e\u5270\u6442\u53d6\u3068\u6b7b\u4ea1\u306e\u30ea\u30b9\u30af\u304c\u9ad8\u307e\u308b\u3002<\/li>\n\n\n\n<li><strong>\u30d9\u30f3\u30be\u30b8\u30a2\u30bc\u30d4\u30f3<\/strong>\u307e\u305f\u3001\u91cd\u7be4\u306a\u547c\u5438\u6291\u5236\u3084\u6b7b\u4ea1\u306e\u30ea\u30b9\u30af\u3082\u9ad8\u307e\u308b\u3002<\/li>\n\n\n\n<li><strong>\u899a\u305b\u3044\u5264\uff08\u30b3\u30ab\u30a4\u30f3\u3001\u30a2\u30f3\u30d5\u30a7\u30bf\u30df\u30f3\u306a\u3069\uff09<\/strong>\u6291\u3046\u3064\u4f5c\u7528\u3092\u8986\u3044\u96a0\u3057\u3001\u601d\u308f\u306c\u904e\u5270\u6442\u53d6\u306b\u3064\u306a\u304c\u308b\u53ef\u80fd\u6027\u304c\u3042\u308b\u3002<\/li>\n<\/ul>\n\n\n\n<h3 class=\"wp-block-heading\"><span class=\"ez-toc-section\" id=\"Schadensminderungsstrategien\"><\/span>\u640d\u5931\u6700\u5c0f\u5316\u6226\u7565<span class=\"ez-toc-section-end\"><\/span><\/h3>\n\n\n\n<ol class=\"wp-block-list\">\n<li><strong>\u5358\u72ec\u3067\u306f\u4f7f\u7528\u3057\u306a\u3044\u3053\u3068\u3002<\/strong> \u5e38\u306b\u3057\u3089\u3075\u306e\u4eba\u3092\u540c\u5e2d\u3055\u305b\u308b\u3002<\/li>\n\n\n\n<li><strong>\u4ed6\u306e\u6291\u3046\u3064\u5264\u3068\u306f\u4f75\u7528\u3057\u306a\u3044<\/strong> \u30a2\u30eb\u30b3\u30fc\u30eb\u3084\u30d9\u30f3\u30be\u30b8\u30a2\u30bc\u30d4\u30f3\u7cfb\u85ac\u5264\u306a\u3069\u3002<\/li>\n\n\n\n<li><strong>\u7f36\u3092\u6b63\u78ba\u306b\u6e2c\u308b<\/strong> \u3092\u6ce8\u5c04\u5668\u307e\u305f\u306f\u30d4\u30da\u30c3\u30c8\u3067\u6ce8\u5165\u3059\u308b\u3002<\/li>\n\n\n\n<li><strong>\u4f4e\u7528\u91cf\u304b\u3089\u59cb\u3081\u308b<\/strong>\u3042\u306a\u305f\u306e\u4f53\u306e\u53cd\u5fdc\u3092\u898b\u6975\u3081\u308b\u305f\u3081\u306b\u3002<\/li>\n\n\n\n<li><strong>\u6c34\u5206\u88dc\u7d66<\/strong>\u304c\u3001\u77ed\u6642\u9593\u306b\u5927\u91cf\u306e\u6c34\u3092\u98f2\u3080\u3053\u3068\u306f\u907f\u3051\u308b\u3002<\/li>\n\n\n\n<li><strong>\u7dca\u6025\u9023\u7d61\u5148\u3068\u60c5\u5831\u3092\u4fdd\u7ba1\u3057\u3066\u304a\u304f<\/strong> \u6e96\u5099\u306f\u3067\u304d\u3066\u3044\u308b\u3002<\/li>\n<\/ol>\n\n\n\n<h3 class=\"wp-block-heading\"><span class=\"ez-toc-section\" id=\"Lagerung_und_Handhabung\"><\/span>\u4fdd\u7ba1\u3068\u53d6\u308a\u6271\u3044<span class=\"ez-toc-section-end\"><\/span><\/h3>\n\n\n\n<ul class=\"wp-block-list\">\n<li><strong>\u6dbc\u3057\u304f\u4e7e\u71e5\u3057\u305f\u5834\u6240\u306b\u4fdd\u7ba1\u3059\u308b<\/strong>\u76f4\u5c04\u65e5\u5149\u3092\u907f\u3051\u3066\u304f\u3060\u3055\u3044\u3002<\/li>\n\n\n\n<li><strong>\u5b50\u4f9b\u3084\u30da\u30c3\u30c8\u306e\u624b\u306e\u5c4a\u304b\u306a\u3044\u3068\u3053\u308d\u306b\u4fdd\u7ba1\u3057\u3066\u304f\u3060\u3055\u3044\u3002<\/strong><\/li>\n\n\n\n<li><strong>\u5bb9\u5668\u306b\u30e9\u30d9\u30eb\u3092\u8cbc\u308b<\/strong>\u8aa4\u3063\u3066\u30ec\u30b7\u30fc\u30c8\u3092\u53d7\u3051\u53d6\u3089\u306a\u3044\u3088\u3046\u306b\u3059\u308b\u3002<\/li>\n\n\n\n<li><strong>\u9069\u5207\u306a\u4fdd\u8b77\u5177\u306e\u4f7f\u7528<\/strong> (GBL\u306f\u6eb6\u5264\u3067\u3042\u308b\u305f\u3081\u3001GBL\u3092\u53d6\u308a\u6271\u3046\u969b\u306f\u624b\u888b\u3001\u5b89\u5168\u30b4\u30fc\u30b0\u30eb\u3092\u7740\u7528\u3059\u308b\u3053\u3068\u3002<\/li>\n<\/ul>\n\n\n\n<h3 class=\"wp-block-heading\"><span class=\"ez-toc-section\" id=\"Sicherheitsbedenken\"><\/span>\u30bb\u30ad\u30e5\u30ea\u30c6\u30a3\u3078\u306e\u61f8\u5ff5<span class=\"ez-toc-section-end\"><\/span><\/h3>\n\n\n\n<ol class=\"wp-block-list\">\n<li><strong>\u5b89\u5168\u306a\u4fdd\u7ba1<\/strong>GBL\u3068GHB\u3092\u65bd\u9320\u3055\u308c\u305f\u5834\u6240\u306b\u4fdd\u7ba1\u3059\u308b\u3053\u3068\u3002<\/li>\n\n\n\n<li><strong>\u5229\u7528\u7387\u306e\u30e2\u30cb\u30bf\u30ea\u30f3\u30b0<\/strong>\u6570\u91cf\u3092\u8ffd\u8de1\u3057\u3001\u4e0d\u6b63\u4f7f\u7528\u3092\u691c\u77e5\u3059\u308b\u3002<\/li>\n\n\n\n<li><strong>\u6cd5\u7684\u898f\u5236\u306e\u9075\u5b88<\/strong>\u3053\u308c\u3089\u306e\u7269\u8cea\u306e\u8cfc\u5165\u3001\u4fdd\u7ba1\u3001\u4f7f\u7528\u306b\u95a2\u3059\u308b\u5730\u57df\u306e\u898f\u5236\u3092\u9075\u5b88\u3059\u308b\u3053\u3068\u3002<\/li>\n<\/ol>\n\n\n\n<h3 class=\"wp-block-heading\"><span class=\"ez-toc-section\" id=\"Medizinische_und_Psychologische_Uberlegungen\"><\/span>\u533b\u5b66\u7684\u304a\u3088\u3073\u5fc3\u7406\u5b66\u7684\u8003\u5bdf<span class=\"ez-toc-section-end\"><\/span><\/h3>\n\n\n\n<ul class=\"wp-block-list\">\n<li><strong>\u4f9d\u5b58\u3068\u96e2\u8131<\/strong>\u3069\u3061\u3089\u306e\u7269\u8cea\u306b\u3082\u4e2d\u6bd2\u6027\u304c\u3042\u308b\u3002\u96e2\u8131\u75c7\u72b6\u306b\u306f\u3001\u4e0d\u5b89\u3001\u9707\u3048\u3001\u4e0d\u7720\u3001\u3072\u3069\u3044\u5834\u5408\u306f\u75d9\u6523\u306a\u3069\u304c\u3042\u308b\u3002<\/li>\n\n\n\n<li><strong>\u5c02\u9580\u5bb6\u306e\u52a9\u3051\u3092\u6c42\u3081\u308b<\/strong>\u3082\u3057\u3042\u306a\u305f\u3084\u3042\u306a\u305f\u306e\u77e5\u4eba\u304c\u4f9d\u5b58\u75c7\u306b\u82e6\u3057\u3093\u3067\u3044\u308b\u306a\u3089\u3001\u533b\u5b66\u7684\u3001\u5fc3\u7406\u5b66\u7684\u306a\u52a9\u3051\u3092\u6c42\u3081\u3066\u304f\u3060\u3055\u3044\u3002<\/li>\n<\/ul>\n\n\n\n<h3 class=\"wp-block-heading\"><span class=\"ez-toc-section\" id=\"Visuelle_Hilfsmittel\"><\/span>\u30d3\u30b8\u30e5\u30a2\u30eb\u30a8\u30a4\u30c9<span class=\"ez-toc-section-end\"><\/span><\/h3>\n\n\n\n<h4 class=\"wp-block-heading\"><span class=\"ez-toc-section\" id=\"Diagramm_der_stabilen_Seitenlage\"><\/span>\u5b89\u5b9a\u3057\u305f\u30e9\u30c6\u30e9\u30eb\u30dd\u30b8\u30b7\u30e7\u30f3\u306e\u56f3<span class=\"ez-toc-section-end\"><\/span><\/h4>\n\n\n\n<figure class=\"wp-block-image\"><img decoding=\"async\" src=\"https:\/\/www.stjohn.org.nz\/assets\/First-Aid\/Recovery-position.jpg\" alt=\"Stabile Seitenlage\"\/><\/figure>\n\n\n\n<h4 class=\"wp-block-heading\"><span class=\"ez-toc-section\" id=\"Beispiel_fur_Dosismessung\"><\/span>\u7dda\u91cf\u6e2c\u5b9a\u4f8b<span class=\"ez-toc-section-end\"><\/span><\/h4>\n\n\n\n<figure class=\"wp-block-image\"><img decoding=\"async\" src=\"https:\/\/images-na.ssl-images-amazon.com\/images\/I\/61UogXBMy-L._AC_SL1500_.jpg\" alt=\"Dosismessung\"\/><\/figure>\n\n\n\n<h3 class=\"wp-block-heading\"><span class=\"ez-toc-section\" id=\"Fazit\"><\/span>\u7d50\u8ad6<span class=\"ez-toc-section-end\"><\/span><\/h3>\n\n\n\n<p>GBL\u3068GHB\u306f\u8aa4\u7528\u3059\u308b\u3068\u5371\u967a\u3067\u3059\u3002\u5371\u5bb3\u3092\u907f\u3051\u308b\u305f\u3081\u306b\u306f\u3001\u305d\u306e\u7279\u6027\u3001\u5371\u967a\u6027\u3001\u5b89\u5168\u5bfe\u7b56\u3092\u7406\u89e3\u3059\u308b\u3053\u3068\u304c\u6975\u3081\u3066\u91cd\u8981\u3067\u3059\u3002\u5e38\u306b\u5bb3\u3092\u6e1b\u3089\u3059\u7fd2\u6163\u3068\u6cd5\u7684\u8981\u4ef6\u306b\u5f93\u3063\u3066\u304f\u3060\u3055\u3044\u3002<\/p>\n\n\n\n<p>\u8a73\u7d30\u306b\u3064\u3044\u3066\u306f\u3001\u533b\u7642\u5c02\u9580\u5bb6\u3084\u85ac\u7269\u4f7f\u7528\u3068\u5bb3\u306e\u8efd\u6e1b\u306b\u95a2\u3059\u308b\u6a29\u5a01\u3042\u308b\u60c5\u5831\u6e90\u306b\u76f8\u8ac7\u3059\u308b\u3053\u3068\u3002<\/p>","protected":false},"excerpt":{"rendered":"<p>Sicherheits- und Sicherheitsleitfaden f\u00fcr GBL (Gamma-Butyrolacton) und GHB (Gamma-Hydroxybutyrat) \u00dcbersicht GBL (Gamma-Butyrolacton) und GHB (Gamma-Hydroxybutyrat) sind Substanzen, die legitime industrielle und medizinische Anwendungen haben, aber auch aus Freizeitgr\u00fcnden verwendet werden. Beide Substanzen k\u00f6nnen gef\u00e4hrlich sein, wenn sie missbraucht werden, und haben ein Potenzial f\u00fcr Abh\u00e4ngigkeit, \u00dcberdosierung und rechtliche Konsequenzen. Eigenschaften und Wirkungen Eigenschaft GBL GHB Chemische Formel C\u2084H\u2086O\u2082 C\u2084H\u2088O\u2083 H\u00e4ufige Anwendungen L\u00f6sungsmittel, Reinigungsmittel, Vorstufe Medizinische Verwendung (Narkolepsie, An\u00e4sthesie), Freizeit Wirkungseintritt 10-60 Minuten 15-30 Minuten Wirkungsdauer 1.5-4 Stunden 1.5-4 Stunden Wirkungen Euphorie, Entspannung, Schl\u00e4frigkeit Euphorie, Entspannung, Schl\u00e4frigkeit Rechtlicher Status Land\/Region GBL GHB Vereinigte Staaten Nicht f\u00f6deral klassifiziert, aber durch Analoggesetze kontrolliert Liste I (nicht-medizinische Verwendung), Liste III (Xyrem) Europ\u00e4ische Union In [&hellip;]<\/p>\n","protected":false},"author":1,"featured_media":0,"parent":0,"menu_order":0,"comment_status":"closed","ping_status":"closed","template":"","meta":{"ocean_post_layout":"","ocean_both_sidebars_style":"","ocean_both_sidebars_content_width":0,"ocean_both_sidebars_sidebars_width":0,"ocean_sidebar":"","ocean_second_sidebar":"","ocean_disable_margins":"enable","ocean_add_body_class":"","ocean_shortcode_before_top_bar":"","ocean_shortcode_after_top_bar":"","ocean_shortcode_before_header":"","ocean_shortcode_after_header":"","ocean_has_shortcode":"","ocean_shortcode_after_title":"","ocean_shortcode_before_footer_widgets":"","ocean_shortcode_after_footer_widgets":"","ocean_shortcode_before_footer_bottom":"","ocean_shortcode_after_footer_bottom":"","ocean_display_top_bar":"default","ocean_display_header":"default","ocean_header_style":"","ocean_center_header_left_menu":"","ocean_custom_header_template":"","ocean_custom_logo":0,"ocean_custom_retina_logo":0,"ocean_custom_logo_max_width":0,"ocean_custom_logo_tablet_max_width":0,"ocean_custom_logo_mobile_max_width":0,"ocean_custom_logo_max_height":0,"ocean_custom_logo_tablet_max_height":0,"ocean_custom_logo_mobile_max_height":0,"ocean_header_custom_menu":"","ocean_menu_typo_font_family":"","ocean_menu_typo_font_subset":"","ocean_menu_typo_font_size":0,"ocean_menu_typo_font_size_tablet":0,"ocean_menu_typo_font_size_mobile":0,"ocean_menu_typo_font_size_unit":"px","ocean_menu_typo_font_weight":"","ocean_menu_typo_font_weight_tablet":"","ocean_menu_typo_font_weight_mobile":"","ocean_menu_typo_transform":"","ocean_menu_typo_transform_tablet":"","ocean_menu_typo_transform_mobile":"","ocean_menu_typo_line_height":0,"ocean_menu_typo_line_height_tablet":0,"ocean_menu_typo_line_height_mobile":0,"ocean_menu_typo_line_height_unit":"","ocean_menu_typo_spacing":0,"ocean_menu_typo_spacing_tablet":0,"ocean_menu_typo_spacing_mobile":0,"ocean_menu_typo_spacing_unit":"","ocean_menu_link_color":"","ocean_menu_link_color_hover":"","ocean_menu_link_color_active":"","ocean_menu_link_background":"","ocean_menu_link_hover_background":"","ocean_menu_link_active_background":"","ocean_menu_social_links_bg":"","ocean_menu_social_hover_links_bg":"","ocean_menu_social_links_color":"","ocean_menu_social_hover_links_color":"","ocean_disable_title":"default","ocean_disable_heading":"default","ocean_post_title":"","ocean_post_subheading":"","ocean_post_title_style":"","ocean_post_title_background_color":"","ocean_post_title_background":0,"ocean_post_title_bg_image_position":"","ocean_post_title_bg_image_attachment":"","ocean_post_title_bg_image_repeat":"","ocean_post_title_bg_image_size":"","ocean_post_title_height":0,"ocean_post_title_bg_overlay":0.5,"ocean_post_title_bg_overlay_color":"","ocean_disable_breadcrumbs":"default","ocean_breadcrumbs_color":"","ocean_breadcrumbs_separator_color":"","ocean_breadcrumbs_links_color":"","ocean_breadcrumbs_links_hover_color":"","ocean_display_footer_widgets":"default","ocean_display_footer_bottom":"default","ocean_custom_footer_template":"","footnotes":""},"class_list":["post-1264","page","type-page","status-publish","hentry","entry","owp-thumbs-layout-horizontal","owp-btn-normal","owp-tabs-layout-horizontal","has-no-thumbnails","has-product-nav"],"jetpack_sharing_enabled":true,"_links":{"self":[{"href":"https:\/\/gbl-eshop.net\/ja\/wp-json\/wp\/v2\/pages\/1264","targetHints":{"allow":["GET"]}}],"collection":[{"href":"https:\/\/gbl-eshop.net\/ja\/wp-json\/wp\/v2\/pages"}],"about":[{"href":"https:\/\/gbl-eshop.net\/ja\/wp-json\/wp\/v2\/types\/page"}],"author":[{"embeddable":true,"href":"https:\/\/gbl-eshop.net\/ja\/wp-json\/wp\/v2\/users\/1"}],"replies":[{"embeddable":true,"href":"https:\/\/gbl-eshop.net\/ja\/wp-json\/wp\/v2\/comments?post=1264"}],"version-history":[{"count":4,"href":"https:\/\/gbl-eshop.net\/ja\/wp-json\/wp\/v2\/pages\/1264\/revisions"}],"predecessor-version":[{"id":2636,"href":"https:\/\/gbl-eshop.net\/ja\/wp-json\/wp\/v2\/pages\/1264\/revisions\/2636"}],"wp:attachment":[{"href":"https:\/\/gbl-eshop.net\/ja\/wp-json\/wp\/v2\/media?parent=1264"}],"curies":[{"name":"wp","href":"https:\/\/api.w.org\/{rel}","templated":true}]}}