{"id":1260,"date":"2024-06-02T14:40:59","date_gmt":"2024-06-02T14:40:59","guid":{"rendered":"https:\/\/linen-vulture-703400.hostingersite.com\/?page_id=1260"},"modified":"2024-06-02T14:41:01","modified_gmt":"2024-06-02T14:41:01","slug":"anwendungen","status":"publish","type":"page","link":"https:\/\/gbl-eshop.net\/ja\/anwendungen\/","title":{"rendered":"\u30a2\u30d7\u30ea\u30b1\u30fc\u30b7\u30e7\u30f3"},"content":{"rendered":"<p>\u78ba\u304b\u306b\uff01\u30c9\u30a4\u30c4\u8a9e\u306b\u7ffb\u8a33\u3055\u308c\u305fGBL\u3068GHB\u306e\u5b8c\u5168\u306a\u9069\u7528\u76ee\u7684\u306e\u8a73\u7d30\u306a\u8aac\u660e\u306f\u4ee5\u4e0b\u306e\u901a\u308a\uff1a<\/p>\n\n\n\n<hr class=\"wp-block-separator has-alpha-channel-opacity\"\/>\n\n\n\n<div id=\"ez-toc-container\" class=\"ez-toc-v2_0_82_2 counter-hierarchy ez-toc-counter ez-toc-grey ez-toc-container-direction\">\n<div class=\"ez-toc-title-container\">\n<p class=\"ez-toc-title\" style=\"cursor:inherit\">\u76ee\u6b21<\/p>\n<span class=\"ez-toc-title-toggle\"><a href=\"#\" class=\"ez-toc-pull-right ez-toc-btn ez-toc-btn-xs ez-toc-btn-default ez-toc-toggle\" aria-label=\"\u30c8\u30b0\u30eb\u76ee\u6b21\"><span class=\"ez-toc-js-icon-con\"><span class=\"\"><span class=\"eztoc-hide\" style=\"display:none;\">\u30c8\u30b0\u30eb<\/span><span class=\"ez-toc-icon-toggle-span\"><svg style=\"fill: #999;color:#999\" xmlns=\"http:\/\/www.w3.org\/2000\/svg\" class=\"list-377408\" width=\"20px\" height=\"20px\" viewbox=\"0 0 24 24\" fill=\"none\"><path d=\"M6 6H4v2h2V6zm14 0H8v2h12V6zM4 11h2v2H4v-2zm16 0H8v2h12v-2zM4 16h2v2H4v-2zm16 0H8v2h12v-2z\" fill=\"currentColor\"><\/path><\/svg><svg style=\"fill: #999;color:#999\" class=\"arrow-unsorted-368013\" xmlns=\"http:\/\/www.w3.org\/2000\/svg\" width=\"10px\" height=\"10px\" viewbox=\"0 0 24 24\" version=\"1.2\" baseprofile=\"tiny\"><path d=\"M18.2 9.3l-6.2-6.3-6.2 6.3c-.2.2-.3.4-.3.7s.1.5.3.7c.2.2.4.3.7.3h11c.3 0 .5-.1.7-.3.2-.2.3-.5.3-.7s-.1-.5-.3-.7zM5.8 14.7l6.2 6.3 6.2-6.3c.2-.2.3-.5.3-.7s-.1-.5-.3-.7c-.2-.2-.4-.3-.7-.3h-11c-.3 0-.5.1-.7.3-.2.2-.3.5-.3.7s.1.5.3.7z\"\/><\/svg><\/span><\/span><\/span><\/a><\/span><\/div>\n<nav><ul class='ez-toc-list ez-toc-list-level-1' ><li class='ez-toc-page-1 ez-toc-heading-level-2'><a class=\"ez-toc-link ez-toc-heading-1\" href=\"https:\/\/gbl-eshop.net\/ja\/anwendungen\/#Vollstandiger_Anwendungszweck_von_GBL_und_GHB\" >GBL\u3068GHB\u306e\u5b8c\u5168\u306a\u7533\u8acb\u76ee\u7684<\/a><ul class='ez-toc-list-level-3' ><li class='ez-toc-heading-level-3'><a class=\"ez-toc-link ez-toc-heading-2\" href=\"https:\/\/gbl-eshop.net\/ja\/anwendungen\/#Gamma-Butyrolacton_GBL\" >\u03b3-\u30d6\u30c1\u30ed\u30e9\u30af\u30c8\u30f3\uff08GBL\uff09<\/a><ul class='ez-toc-list-level-4' ><li class='ez-toc-heading-level-4'><a class=\"ez-toc-link ez-toc-heading-3\" href=\"https:\/\/gbl-eshop.net\/ja\/anwendungen\/#Anwendungen_von_GBL\" >GBL\u306e\u5fdc\u7528\uff1a<\/a><\/li><li class='ez-toc-page-1 ez-toc-heading-level-4'><a class=\"ez-toc-link ez-toc-heading-4\" href=\"https:\/\/gbl-eshop.net\/ja\/anwendungen\/#Sicherheit_und_Handhabung\" >\u5b89\u5168\u6027\u3068\u53d6\u308a\u6271\u3044\uff1a<\/a><\/li><\/ul><\/li><li class='ez-toc-page-1 ez-toc-heading-level-3'><a class=\"ez-toc-link ez-toc-heading-5\" href=\"https:\/\/gbl-eshop.net\/ja\/anwendungen\/#Gamma-Hydroxybutyrat_GHB\" >\u30ac\u30f3\u30de-\u30d2\u30c9\u30ed\u30ad\u30b7\u916a\u9178\uff08GHB\uff09<\/a><ul class='ez-toc-list-level-4' ><li class='ez-toc-heading-level-4'><a class=\"ez-toc-link ez-toc-heading-6\" href=\"https:\/\/gbl-eshop.net\/ja\/anwendungen\/#Anwendungen_von_GHB\" >GHB\u306e\u5fdc\u7528\uff1a<\/a><\/li><li class='ez-toc-page-1 ez-toc-heading-level-4'><a class=\"ez-toc-link ez-toc-heading-7\" href=\"https:\/\/gbl-eshop.net\/ja\/anwendungen\/#Sicherheit_und_Handhabung-2\" >\u5b89\u5168\u6027\u3068\u53d6\u308a\u6271\u3044\uff1a<\/a><\/li><\/ul><\/li><li class='ez-toc-page-1 ez-toc-heading-level-3'><a class=\"ez-toc-link ez-toc-heading-8\" href=\"https:\/\/gbl-eshop.net\/ja\/anwendungen\/#Vergleich_und_Kontext\" >\u6bd4\u8f03\u3068\u80cc\u666f<\/a><\/li><li class='ez-toc-page-1 ez-toc-heading-level-3'><a class=\"ez-toc-link ez-toc-heading-9\" href=\"https:\/\/gbl-eshop.net\/ja\/anwendungen\/#Zusammenfassung\" >\u6982\u8981<\/a><\/li><\/ul><\/li><\/ul><\/nav><\/div>\n<h2 class=\"wp-block-heading\"><span class=\"ez-toc-section\" id=\"Vollstandiger_Anwendungszweck_von_GBL_und_GHB\"><\/span>GBL\u3068GHB\u306e\u5b8c\u5168\u306a\u7533\u8acb\u76ee\u7684<span class=\"ez-toc-section-end\"><\/span><\/h2>\n\n\n\n<h3 class=\"wp-block-heading\"><span class=\"ez-toc-section\" id=\"Gamma-Butyrolacton_GBL\"><\/span>\u03b3-\u30d6\u30c1\u30ed\u30e9\u30af\u30c8\u30f3\uff08GBL\uff09<span class=\"ez-toc-section-end\"><\/span><\/h3>\n\n\n\n<p><strong>\u03b3-\u30d6\u30c1\u30ed\u30e9\u30af\u30c8\u30f3\uff08GBL\uff09<\/strong> \u306f\u3001\u69d8\u3005\u306a\u5de5\u696d\u7528\u9014\u3084\u5546\u696d\u7528\u9014\u306b\u4f7f\u7528\u3055\u308c\u308b\u6c4e\u7528\u6027\u306e\u9ad8\u3044\u5316\u5b66\u85ac\u54c1\u3067\u3042\u308b\u3002\u7121\u8272\u3067\u5438\u6e7f\u6027\u306e\u3042\u308b\u6db2\u4f53\u3067\u3001\u304b\u3059\u304b\u306a\u7279\u6709\u306e\u81ed\u3044\u304c\u3042\u308b\u3002<\/p>\n\n\n\n<h4 class=\"wp-block-heading\"><span class=\"ez-toc-section\" id=\"Anwendungen_von_GBL\"><\/span><strong>GBL\u306e\u5fdc\u7528\uff1a<\/strong><span class=\"ez-toc-section-end\"><\/span><\/h4>\n\n\n\n<ol class=\"wp-block-list\">\n<li><strong>\u5de5\u696d\u7528\u6eb6\u5264\uff1a<\/strong><\/li>\n<\/ol>\n\n\n\n<ul class=\"wp-block-list\">\n<li>GBL\u306f\u3055\u307e\u3056\u307e\u306a\u7269\u8cea\u3092\u6eb6\u304b\u3059\u80fd\u529b\u304c\u3042\u308b\u305f\u3081\u3001\u5de5\u696d\u7528\u6eb6\u5264\u3068\u3057\u3066\u3088\u304f\u4f7f\u308f\u308c\u308b\u3002<\/li>\n\n\n\n<li>\u7528\u9014\u3068\u3057\u3066\u306f\u3001\u5857\u6599\u3001\u30b3\u30fc\u30c6\u30a3\u30f3\u30b0\u5264\u3001\u63a5\u7740\u5264\u306e\u88fd\u9020\u304c\u6319\u3052\u3089\u308c\u308b\u3002<\/li>\n<\/ul>\n\n\n\n<ol class=\"wp-block-list\">\n<li><strong>\u5316\u5b66\u4e2d\u9593\u4f53\uff1a<\/strong><\/li>\n<\/ol>\n\n\n\n<ul class=\"wp-block-list\">\n<li>GBL\u306f\u30011,4-\u30d6\u30bf\u30f3\u30b8\u30aa\u30fc\u30eb\uff08BDO\uff09\u3084\u30d4\u30ed\u30ea\u30c9\u30f3\u306a\u3069\u3001\u4ed6\u306e\u5316\u5b66\u7269\u8cea\u3092\u5408\u6210\u3059\u308b\u969b\u306e\u524d\u99c6\u4f53\u3068\u3057\u3066\u6a5f\u80fd\u3059\u308b\u3002<\/li>\n\n\n\n<li>\u533b\u85ac\u54c1\u3084\u8fb2\u85ac\u306e\u88fd\u9020\u306b\u4f7f\u7528\u3055\u308c\u308b\u3002<\/li>\n<\/ul>\n\n\n\n<ol class=\"wp-block-list\">\n<li><strong>\u6d17\u6d44\u5264\uff1a<\/strong><\/li>\n<\/ol>\n\n\n\n<ul class=\"wp-block-list\">\n<li>\u7279\u6b8a\u306a\u6d17\u6d44\u5264\u3001\u7279\u306b\u96fb\u5b50\u6a5f\u5668\u3084\u5149\u5b66\u6a5f\u5668\u306b\u4f7f\u7528\u3055\u308c\u308b\u3002<\/li>\n\n\n\n<li>\u30da\u30f3\u30ad\u3001\u30a4\u30f3\u30af\u3001\u843d\u66f8\u304d\u306e\u9664\u53bb\u306b\u52b9\u679c\u7684\u3002<\/li>\n<\/ul>\n\n\n\n<ol class=\"wp-block-list\">\n<li><strong>\u30d0\u30c3\u30c6\u30ea\u30fc\u306e\u96fb\u89e3\u6db2\uff1a<\/strong><\/li>\n<\/ol>\n\n\n\n<ul class=\"wp-block-list\">\n<li>\u4e00\u90e8\u306e\u30ea\u30c1\u30a6\u30e0\u30a4\u30aa\u30f3\u96fb\u6c60\u306e\u96fb\u89e3\u6db2\u306e\u8abf\u5408\u306b\u4f7f\u7528\u3002<\/li>\n<\/ul>\n\n\n\n<ol class=\"wp-block-list\">\n<li><strong>\u30dd\u30ea\u30de\u30fc\u88fd\u9020\uff1a<\/strong><\/li>\n<\/ol>\n\n\n\n<ul class=\"wp-block-list\">\n<li>\u30dd\u30ea\u30a8\u30b9\u30c6\u30eb\u3084\u30dd\u30ea\u30a6\u30ec\u30bf\u30f3\u306a\u3069\u306e\u30dd\u30ea\u30de\u30fc\u306e\u88fd\u9020\u306b\u643a\u308f\u308b\u3002<\/li>\n<\/ul>\n\n\n\n<h4 class=\"wp-block-heading\"><span class=\"ez-toc-section\" id=\"Sicherheit_und_Handhabung\"><\/span><strong>\u5b89\u5168\u6027\u3068\u53d6\u308a\u6271\u3044\uff1a<\/strong><span class=\"ez-toc-section-end\"><\/span><\/h4>\n\n\n\n<ul class=\"wp-block-list\">\n<li>GBL\u306fGHB\u3092\u9055\u6cd5\u306b\u88fd\u9020\u3059\u308b\u53ef\u80fd\u6027\u304c\u3042\u308b\u305f\u3081\u3001\u591a\u304f\u306e\u56fd\u3067\u898f\u5236\u85ac\u7269\u3068\u306a\u3063\u3066\u3044\u308b\u3002<\/li>\n\n\n\n<li>\u9069\u5207\u306a\u500b\u4eba\u7528\u4fdd\u8b77\u5177\uff08PPE\uff09\u3092\u4f7f\u7528\u3057\u3001\u63db\u6c17\u306e\u826f\u3044\u5834\u6240\u3067\u614e\u91cd\u306b\u53d6\u308a\u6271\u3046\u5fc5\u8981\u304c\u3042\u308b\u3002<\/li>\n<\/ul>\n\n\n\n<figure class=\"wp-block-table\"><table><thead><tr><th><strong>\u7533\u3057\u8fbc\u307f<\/strong><\/th><th><strong>\u8a73\u7d30<\/strong><\/th><\/tr><\/thead><tbody><tr><td>\u5de5\u696d\u7528\u6eb6\u5264<\/td><td>\u5857\u6599\u3001\u30b3\u30fc\u30c6\u30a3\u30f3\u30b0\u5264\u3001\u63a5\u7740\u5264\u306b\u4f7f\u7528\u3055\u308c\u308b\u3002<\/td><\/tr><tr><td>\u5316\u5b66\u4e2d\u9593\u4f53<\/td><td>1,4-\u30d6\u30bf\u30f3\u30b8\u30aa\u30fc\u30eb\uff08BDO\uff09\u306e\u524d\u99c6\u4f53\u3001\u533b\u85ac\u3001\u8fb2\u85ac<\/td><\/tr><tr><td>\u6d17\u6d44\u5264<\/td><td>\u96fb\u5b50\u6a5f\u5668\u3084\u5149\u5b66\u6a5f\u5668\u306e\u30af\u30ea\u30fc\u30cb\u30f3\u30b0\u3001\u843d\u66f8\u304d\u9664\u53bb\u306b\u52b9\u679c\u7684<\/td><\/tr><tr><td>\u96fb\u89e3\u8cea<\/td><td>\u30ea\u30c1\u30a6\u30e0\u30a4\u30aa\u30f3\u96fb\u6c60\u7528\u96fb\u89e3\u6db2\u306b\u4f7f\u7528<\/td><\/tr><tr><td>\u30dd\u30ea\u30de\u30fc\u88fd\u9020<\/td><td>\u30dd\u30ea\u30a8\u30b9\u30c6\u30eb\u3068\u30dd\u30ea\u30a6\u30ec\u30bf\u30f3\u306e\u751f\u7523\u306b\u643a\u308f\u308b<\/td><\/tr><\/tbody><\/table><\/figure>\n\n\n\n<h3 class=\"wp-block-heading\"><span class=\"ez-toc-section\" id=\"Gamma-Hydroxybutyrat_GHB\"><\/span>\u30ac\u30f3\u30de-\u30d2\u30c9\u30ed\u30ad\u30b7\u916a\u9178\uff08GHB\uff09<span class=\"ez-toc-section-end\"><\/span><\/h3>\n\n\n\n<p><strong>\u30ac\u30f3\u30de-\u30d2\u30c9\u30ed\u30ad\u30b7\u916a\u9178\uff08GHB\uff09<\/strong> \u306f\u5929\u7136\u306b\u5b58\u5728\u3059\u308b\u7269\u8cea\u3067\u3042\u308a\u3001\u85ac\u7528\u3084\u5a2f\u697d\u76ee\u7684\u3067\u4f7f\u7528\u3055\u308c\u308b\u5408\u6210\u5316\u5b66\u7269\u8cea\u3067\u3042\u308b\u3002\u4e2d\u67a2\u795e\u7d4c\u6291\u5236\u4f5c\u7528\u304c\u3042\u308b\u3002<\/p>\n\n\n\n<h4 class=\"wp-block-heading\"><span class=\"ez-toc-section\" id=\"Anwendungen_von_GHB\"><\/span><strong>GHB\u306e\u5fdc\u7528\uff1a<\/strong><span class=\"ez-toc-section-end\"><\/span><\/h4>\n\n\n\n<ol class=\"wp-block-list\">\n<li><strong>\u533b\u7642\u7528\uff1a<\/strong><\/li>\n<\/ol>\n\n\n\n<ul class=\"wp-block-list\">\n<li>\u30ca\u30eb\u30b3\u30ec\u30d7\u30b7\u30fc\u3001\u7279\u306b\u30ab\u30bf\u30d7\u30ec\u30ad\u30b7\u30fc\uff08\u7a81\u7136\u306e\u7b4b\u529b\u4f4e\u4e0b\uff09\u306e\u6cbb\u7642\u85ac\u3068\u3057\u3066\u627f\u8a8d\u3055\u308c\u3066\u3044\u308b\u3002<\/li>\n\n\n\n<li>\u9ebb\u9154\u85ac\u3068\u3057\u3066\u4f7f\u308f\u308c\u308b\u3053\u3068\u3082\u3042\u3063\u305f\u304c\u3001\u73fe\u5728\u3067\u306f\u3042\u307e\u308a\u4f7f\u308f\u308c\u306a\u3044\u3002<\/li>\n<\/ul>\n\n\n\n<ol class=\"wp-block-list\">\n<li><strong>\u30ec\u30af\u30ea\u30a8\u30fc\u30b7\u30e7\u30f3\u7528\uff1a<\/strong><\/li>\n<\/ol>\n\n\n\n<ul class=\"wp-block-list\">\n<li>\u591a\u5e78\u611f\u3068\u93ae\u9759\u4f5c\u7528\u3067\u77e5\u3089\u308c\u308b\u3002<\/li>\n\n\n\n<li>\u30d1\u30fc\u30c6\u30a3\u30fc\u30fb\u30c9\u30e9\u30c3\u30b0\u300d\u3084\u300c\u30c7\u30fc\u30c8\u30fb\u30ec\u30a4\u30d7\u30fb\u30c9\u30e9\u30c3\u30b0\u300d\u3068\u3057\u3066\u9055\u6cd5\u306b\u4f7f\u7528\u3055\u308c\u308b\u3002<\/li>\n<\/ul>\n\n\n\n<ol class=\"wp-block-list\">\n<li><strong>\u7814\u7a76\u3060\uff1a<\/strong><\/li>\n<\/ol>\n\n\n\n<ul class=\"wp-block-list\">\n<li>\u7761\u7720\u3001\u795e\u7d4c\u75c7\u72b6\u3001\u6cbb\u7642\u3078\u306e\u5fdc\u7528\u306e\u53ef\u80fd\u6027\u306b\u3064\u3044\u3066\u7814\u7a76\u4e2d\u3002<\/li>\n<\/ul>\n\n\n\n<h4 class=\"wp-block-heading\"><span class=\"ez-toc-section\" id=\"Sicherheit_und_Handhabung-2\"><\/span><strong>\u5b89\u5168\u6027\u3068\u53d6\u308a\u6271\u3044\uff1a<\/strong><span class=\"ez-toc-section-end\"><\/span><\/h4>\n\n\n\n<ul class=\"wp-block-list\">\n<li>GHB\u306f\u4e71\u7528\u3068\u4f9d\u5b58\u306e\u53ef\u80fd\u6027\u304c\u9ad8\u3044\u3002<\/li>\n\n\n\n<li>\u591a\u304f\u306e\u56fd\u3067\u53b3\u3057\u304f\u898f\u5236\u3055\u308c\u3066\u304a\u308a\u3001\u898f\u5236\u85ac\u7269\u306b\u5206\u985e\u3055\u308c\u3066\u3044\u308b\u3002<\/li>\n\n\n\n<li>\u904e\u5270\u6442\u53d6\u3084\u526f\u4f5c\u7528\u3092\u907f\u3051\u308b\u305f\u3081\u306b\u306f\u3001\u9069\u5207\u306a\u670d\u7528\u3068\u533b\u5e2b\u306e\u6307\u5c0e\u304c\u4e0d\u53ef\u6b20\u3067\u3042\u308b\u3002<\/li>\n<\/ul>\n\n\n\n<figure class=\"wp-block-table\"><table><thead><tr><th><strong>\u7533\u3057\u8fbc\u307f<\/strong><\/th><th><strong>\u8a73\u7d30<\/strong><\/th><\/tr><\/thead><tbody><tr><td>\u533b\u7642\u7528<\/td><td>\u30ca\u30eb\u30b3\u30ec\u30d7\u30b7\u30fc\u306e\u6cbb\u7642\u3001\u30ab\u30bf\u30d7\u30ec\u30ad\u30b7\u30fc\u306e\u7ba1\u7406\u3001\u9ebb\u9154\u306e\u81e8\u6642\u4f7f\u7528<\/td><\/tr><tr><td>\u30ec\u30af\u30ea\u30a8\u30fc\u30b7\u30e7\u30f3<\/td><td>\u591a\u5e78\u611f\u3068\u93ae\u9759\u4f5c\u7528\u3067\u77e5\u3089\u308c\u3001\"\u30d1\u30fc\u30c6\u30a3\u30fc\u30fb\u30c9\u30e9\u30c3\u30b0 \"\u3068\u3057\u3066\u9055\u6cd5\u306b\u4f7f\u7528\u3055\u308c\u308b\u3002<\/td><\/tr><tr><td>\u30ea\u30b5\u30fc\u30c1<\/td><td>\u7761\u7720\u969c\u5bb3\u3001\u795e\u7d4c\u75c7\u72b6\u3001\u6cbb\u7642\u3078\u306e\u5fdc\u7528\u306e\u53ef\u80fd\u6027\u3092\u691c\u8a0e\u4e2d<\/td><\/tr><\/tbody><\/table><\/figure>\n\n\n\n<h3 class=\"wp-block-heading\"><span class=\"ez-toc-section\" id=\"Vergleich_und_Kontext\"><\/span>\u6bd4\u8f03\u3068\u80cc\u666f<span class=\"ez-toc-section-end\"><\/span><\/h3>\n\n\n\n<figure class=\"wp-block-table\"><table><thead><tr><th><strong>\u30a2\u30b9\u30da\u30af\u30c8<\/strong><\/th><th><strong>\u30ae\u30ac\u30d0\u30a4\u30c8<\/strong><\/th><th><strong>GHB<\/strong><\/th><\/tr><\/thead><tbody><tr><td><strong>\u5316\u5b66\u5f0f<\/strong><\/td><td>C4H6O2<\/td><td>C4H8O3<\/td><\/tr><tr><td><strong>\u5916\u89b3<\/strong><\/td><td>\u7121\u8272\u306e\u6db2\u4f53<\/td><td>\u7121\u8272\u306e\u6db2\u4f53<\/td><\/tr><tr><td><strong>\u4e3b\u306a\u7528\u9014<\/strong><\/td><td>\u5de5\u696d\u7528\u6eb6\u5264\u3001\u5316\u5b66\u4e2d\u9593\u4f53<\/td><td>\u30ca\u30eb\u30b3\u30ec\u30d7\u30b7\u30fc\u306e\u533b\u5b66\u7684\u6cbb\u7642\u3001\u5a2f\u697d\u7528\u85ac\u7269<\/td><\/tr><tr><td><strong>\u898f\u5236<\/strong><\/td><td>GHB\u7523\u751f\u306e\u53ef\u80fd\u6027\u304c\u3042\u308b\u305f\u3081\u3001\u898f\u5236\u3055\u308c\u3066\u3044\u308b<\/td><td>\u4e71\u7528\u306e\u53ef\u80fd\u6027\u304c\u9ad8\u3044\u305f\u3081\u3001\u53b3\u3057\u304f\u898f\u5236\u3055\u308c\u3066\u3044\u308b<\/td><\/tr><tr><td><strong>\u30bb\u30ad\u30e5\u30ea\u30c6\u30a3\u3078\u306e\u61f8\u5ff5<\/strong><\/td><td>PPE\u3001\u63db\u6c17\u304c\u5fc5\u8981<\/td><td>\u904e\u91cf\u6295\u4e0e\u3001\u4f9d\u5b58\u75c7\u306e\u30ea\u30b9\u30af\u304c\u3042\u308a\u3001\u533b\u5e2b\u306e\u76e3\u8996\u304c\u5fc5\u8981\u3067\u3042\u308b\u3002<\/td><\/tr><tr><td><strong>\u305d\u306e\u4ed6\u306e\u30a2\u30d7\u30ea\u30b1\u30fc\u30b7\u30e7\u30f3<\/strong><\/td><td>\u6d17\u6d44\u5264\u3001\u30d0\u30c3\u30c6\u30ea\u30fc\u96fb\u89e3\u6db2\u3001\u30dd\u30ea\u30de\u30fc<\/td><td>\u7814\u7a76\u76ee\u7684<\/td><\/tr><\/tbody><\/table><\/figure>\n\n\n\n<h3 class=\"wp-block-heading\"><span class=\"ez-toc-section\" id=\"Zusammenfassung\"><\/span>\u6982\u8981<span class=\"ez-toc-section-end\"><\/span><\/h3>\n\n\n\n<p>GBL\u3082GHB\u3082\u3001\u3055\u307e\u3056\u307e\u306a\u7523\u696d\u3067\u91cd\u8981\u304b\u3064\u591a\u69d8\u306a\u7528\u9014\u304c\u3042\u308b\u3002GBL\u306f\u4e3b\u306b\u5de5\u696d\u3084\u88fd\u9020\u696d\u3067\u4f7f\u7528\u3055\u308c\u3001GHB\u306f\u4e3b\u306b\u533b\u7642\u76ee\u7684\u3067\u4f7f\u7528\u3055\u308c\u308b\u304c\u3001\u4e71\u7528\u306e\u53ef\u80fd\u6027\u304c\u61f8\u5ff5\u3055\u308c\u3066\u3044\u308b\u3002\u5b89\u5168\u6027\u3068\u30b3\u30f3\u30d7\u30e9\u30a4\u30a2\u30f3\u30b9\u3092\u78ba\u4fdd\u3059\u308b\u305f\u3081\u306b\u306f\u3001\u4e21\u7269\u8cea\u3068\u3082\u9069\u5207\u306a\u53d6\u308a\u6271\u3044\u3068\u898f\u5236\u30ac\u30a4\u30c9\u30e9\u30a4\u30f3\u306e\u9075\u5b88\u304c\u4e0d\u53ef\u6b20\u3067\u3042\u308b\u3002<\/p>\n\n\n\n<hr class=\"wp-block-separator has-alpha-channel-opacity\"\/>\n\n\n\n<p><\/p>","protected":false},"excerpt":{"rendered":"<p>Certainly! Here is the detailed description of the full application purposes of GBL and GHB translated into German: Vollst\u00e4ndiger Anwendungszweck von GBL und GHB Gamma-Butyrolacton (GBL) Gamma-Butyrolacton (GBL) ist eine vielseitige Chemikalie mit verschiedenen industriellen und kommerziellen Anwendungen. Es ist eine farblose, hygroskopische Fl\u00fcssigkeit mit einem schwachen charakteristischen Geruch. Anwendungen von GBL: Sicherheit und Handhabung: Anwendung Details Industrielles L\u00f6sungsmittel Wird in Farben, Beschichtungen, Klebstoffen verwendet Chemisches Zwischenprodukt Vorl\u00e4ufer f\u00fcr 1,4-Butandiol (BDO), Arzneimittel, Agrochemikalien Reinigungsmittel Effektiv bei der Reinigung elektronischer und optischer Ger\u00e4te, Entfernen von Graffiti Elektrolyt Wird in Elektrolytl\u00f6sungen f\u00fcr Lithium-Ionen-Batterien verwendet Polymerproduktion Beteiligt an der Herstellung von Polyester und Polyurethan Gamma-Hydroxybutyrat (GHB) Gamma-Hydroxybutyrat (GHB) ist eine nat\u00fcrlich vorkommende Substanz [&hellip;]<\/p>\n","protected":false},"author":1,"featured_media":0,"parent":0,"menu_order":0,"comment_status":"closed","ping_status":"closed","template":"","meta":{"ocean_post_layout":"","ocean_both_sidebars_style":"","ocean_both_sidebars_content_width":0,"ocean_both_sidebars_sidebars_width":0,"ocean_sidebar":"","ocean_second_sidebar":"","ocean_disable_margins":"enable","ocean_add_body_class":"","ocean_shortcode_before_top_bar":"","ocean_shortcode_after_top_bar":"","ocean_shortcode_before_header":"","ocean_shortcode_after_header":"","ocean_has_shortcode":"","ocean_shortcode_after_title":"","ocean_shortcode_before_footer_widgets":"","ocean_shortcode_after_footer_widgets":"","ocean_shortcode_before_footer_bottom":"","ocean_shortcode_after_footer_bottom":"","ocean_display_top_bar":"default","ocean_display_header":"default","ocean_header_style":"","ocean_center_header_left_menu":"","ocean_custom_header_template":"","ocean_custom_logo":0,"ocean_custom_retina_logo":0,"ocean_custom_logo_max_width":0,"ocean_custom_logo_tablet_max_width":0,"ocean_custom_logo_mobile_max_width":0,"ocean_custom_logo_max_height":0,"ocean_custom_logo_tablet_max_height":0,"ocean_custom_logo_mobile_max_height":0,"ocean_header_custom_menu":"","ocean_menu_typo_font_family":"","ocean_menu_typo_font_subset":"","ocean_menu_typo_font_size":0,"ocean_menu_typo_font_size_tablet":0,"ocean_menu_typo_font_size_mobile":0,"ocean_menu_typo_font_size_unit":"px","ocean_menu_typo_font_weight":"","ocean_menu_typo_font_weight_tablet":"","ocean_menu_typo_font_weight_mobile":"","ocean_menu_typo_transform":"","ocean_menu_typo_transform_tablet":"","ocean_menu_typo_transform_mobile":"","ocean_menu_typo_line_height":0,"ocean_menu_typo_line_height_tablet":0,"ocean_menu_typo_line_height_mobile":0,"ocean_menu_typo_line_height_unit":"","ocean_menu_typo_spacing":0,"ocean_menu_typo_spacing_tablet":0,"ocean_menu_typo_spacing_mobile":0,"ocean_menu_typo_spacing_unit":"","ocean_menu_link_color":"","ocean_menu_link_color_hover":"","ocean_menu_link_color_active":"","ocean_menu_link_background":"","ocean_menu_link_hover_background":"","ocean_menu_link_active_background":"","ocean_menu_social_links_bg":"","ocean_menu_social_hover_links_bg":"","ocean_menu_social_links_color":"","ocean_menu_social_hover_links_color":"","ocean_disable_title":"default","ocean_disable_heading":"default","ocean_post_title":"","ocean_post_subheading":"","ocean_post_title_style":"","ocean_post_title_background_color":"","ocean_post_title_background":0,"ocean_post_title_bg_image_position":"","ocean_post_title_bg_image_attachment":"","ocean_post_title_bg_image_repeat":"","ocean_post_title_bg_image_size":"","ocean_post_title_height":0,"ocean_post_title_bg_overlay":0.5,"ocean_post_title_bg_overlay_color":"","ocean_disable_breadcrumbs":"default","ocean_breadcrumbs_color":"","ocean_breadcrumbs_separator_color":"","ocean_breadcrumbs_links_color":"","ocean_breadcrumbs_links_hover_color":"","ocean_display_footer_widgets":"default","ocean_display_footer_bottom":"default","ocean_custom_footer_template":"","footnotes":""},"class_list":["post-1260","page","type-page","status-publish","hentry","entry","owp-thumbs-layout-horizontal","owp-btn-normal","owp-tabs-layout-horizontal","has-no-thumbnails","has-product-nav"],"jetpack_sharing_enabled":true,"_links":{"self":[{"href":"https:\/\/gbl-eshop.net\/ja\/wp-json\/wp\/v2\/pages\/1260","targetHints":{"allow":["GET"]}}],"collection":[{"href":"https:\/\/gbl-eshop.net\/ja\/wp-json\/wp\/v2\/pages"}],"about":[{"href":"https:\/\/gbl-eshop.net\/ja\/wp-json\/wp\/v2\/types\/page"}],"author":[{"embeddable":true,"href":"https:\/\/gbl-eshop.net\/ja\/wp-json\/wp\/v2\/users\/1"}],"replies":[{"embeddable":true,"href":"https:\/\/gbl-eshop.net\/ja\/wp-json\/wp\/v2\/comments?post=1260"}],"version-history":[{"count":2,"href":"https:\/\/gbl-eshop.net\/ja\/wp-json\/wp\/v2\/pages\/1260\/revisions"}],"predecessor-version":[{"id":1262,"href":"https:\/\/gbl-eshop.net\/ja\/wp-json\/wp\/v2\/pages\/1260\/revisions\/1262"}],"wp:attachment":[{"href":"https:\/\/gbl-eshop.net\/ja\/wp-json\/wp\/v2\/media?parent=1260"}],"curies":[{"name":"wp","href":"https:\/\/api.w.org\/{rel}","templated":true}]}}