{"id":1293,"date":"2024-06-02T19:18:01","date_gmt":"2024-06-02T19:18:01","guid":{"rendered":"https:\/\/linen-vulture-703400.hostingersite.com\/?post_type=product&#038;p=1293"},"modified":"2026-03-08T11:08:29","modified_gmt":"2026-03-08T11:08:29","slug":"gamma-butyrolacton-kaufen","status":"publish","type":"product","link":"https:\/\/gbl-eshop.net\/fr\/product\/gamma-butyrolacton-kaufen\/","title":{"rendered":"Acheter de la gamma-butyrolactone"},"content":{"rendered":"<h2>GBL (gamma-butyrolactone) : Solvants de qualit\u00e9 sup\u00e9rieure pour de multiples applications industrielles<\/h2>\n<p><strong data-start=\"422\" data-end=\"510\">Gamma-Butyrolacton kaufen (GBL) \u2013 Hochreines L\u00f6sungsmittel f\u00fcr Industrie &amp; Forschung<\/strong><br data-start=\"510\" data-end=\"513\" \/>Gamma-Butyrolacton (GBL) ist ein <strong data-start=\"546\" data-end=\"595\">leistungsstarkes und hochreines L\u00f6sungsmittel<\/strong>, das in Deutschland 2025 besonders gefragt ist. Dank seiner <strong data-start=\"656\" data-end=\"689\">au\u00dfergew\u00f6hnlichen Wirksamkeit<\/strong> findet es breite Anwendung in der <strong data-start=\"724\" data-end=\"796\">chemischen Synthese von Arzneimitteln, Agrochemikalien und Polymeren<\/strong>. Ebenso \u00fcberzeugt GBL als <strong data-start=\"823\" data-end=\"908\">zuverl\u00e4ssiger Bestandteil in Reinigungsmitteln, Farbentfernern und Beschichtungen<\/strong>. Wer <strong data-start=\"914\" data-end=\"943\">Acheter de la gamma-butyrolactone<\/strong> m\u00f6chte, erh\u00e4lt eine <strong data-start=\"964\" data-end=\"1088\">vielseitige L\u00f6sung f\u00fcr industrielle Anforderungen \u2013 mit gepr\u00fcfter Qualit\u00e4t, sicherem Versand und attraktiven Konditionen<\/strong>.<\/p>\n<h3>Pourquoi voter GBL ?<\/h3>\n<p>&#8211;<\/p>\n<ul data-start=\"297\" data-end=\"875\">\n<li data-start=\"297\" data-end=\"497\">\n<p data-start=\"299\" data-end=\"497\"><strong data-start=\"299\" data-end=\"338\">Hervorragende L\u00f6sungseigenschaften:<\/strong> GBL \u00fcberzeugt durch seine F\u00e4higkeit, <strong data-start=\"376\" data-end=\"445\">polare und unpolare Substanzen gleicherma\u00dfen zuverl\u00e4ssig zu l\u00f6sen<\/strong> \u2013 ideal f\u00fcr vielf\u00e4ltige industrielle Anwendungen.<\/p>\n<\/li>\n<li data-start=\"498\" data-end=\"690\">\n<p data-start=\"500\" data-end=\"690\"><strong data-start=\"500\" data-end=\"527\">Zertifizierte Reinheit:<\/strong> Notre <strong data-start=\"534\" data-end=\"567\">hochreines Gamma-Butyrolacton<\/strong> wird nach strengsten Industriestandards hergestellt und garantiert <strong data-start=\"635\" data-end=\"687\">maximale Qualit\u00e4t und Konsistenz in jeder Charge<\/strong>.<\/p>\n<\/li>\n<li data-start=\"691\" data-end=\"875\">\n<p data-start=\"693\" data-end=\"875\"><strong data-start=\"693\" data-end=\"721\">Maximale Vielseitigkeit:<\/strong> Ob <strong data-start=\"725\" data-end=\"779\">Pharmaindustrie, Chemie, Reinigung oder Elektronik<\/strong> \u2013 GBL ist ein <strong data-start=\"794\" data-end=\"827\">unverzichtbares L\u00f6sungsmittel<\/strong> f\u00fcr unterschiedlichste industrielle Prozesse.<\/p>\n<\/li>\n<\/ul>\n<p data-start=\"877\" data-end=\"1003\">\ud83d\udc49 Jetzt <strong data-start=\"886\" data-end=\"915\">Acheter de la gamma-butyrolactone<\/strong> und von gepr\u00fcfter Qualit\u00e4t, sicherem Versand und attraktiven Konditionen profitieren.<\/p>\n<h3>Applications de GBL<\/h3>\n<p>1. **Pharmaceutiques:** Le GBL sert d'interm\u00e9diaire important dans la synth\u00e8se de nombreux compos\u00e9s pharmaceutiques et contribue \u00e0 une production efficace de m\u00e9dicaments.<br \/>\n2. **Agrochimie:** Elle joue un r\u00f4le important dans la fabrication de pesticides et d'herbicides et offre des solutions fiables pour une protection efficace des cultures.<br \/>\n3. **Polym\u00e8res et plastiques:** Le GBL est essentiel pour la production de polym\u00e8res haute performance et contribue \u00e0 augmenter la durabilit\u00e9 et la fonctionnalit\u00e9 des produits en plastique.<br \/>\n4. **D\u00e9tergents:** Ses fortes propri\u00e9t\u00e9s de dissolution rendent le GBL tr\u00e8s efficace dans les d\u00e9tergents industriels et assurent un nettoyage en profondeur et efficace sur diff\u00e9rentes surfaces.<br \/>\n5. **D\u00e9capants de peinture et rev\u00eatements:** GBL fait partie int\u00e9grante de la formulation des d\u00e9capants de peinture et des rev\u00eatements et donne d'excellents r\u00e9sultats pour la pr\u00e9paration et la finition des surfaces. <a href=\"https:\/\/gbl-eshop.net\/fr\/product\/gamma-butyrolacton-kaufen\/\">Acheter Gamma-butyrolactone<\/a><\/p>\n<h3>Qualit\u00e9 et s\u00e9curit\u00e9<\/h3>\n<p>Notre GBL est produit sous des contr\u00f4les de qualit\u00e9 stricts afin de garantir qu'il r\u00e9pond \u00e0 toutes les normes r\u00e9glementaires. Nous accordons une grande importance \u00e0 la s\u00e9curit\u00e9 et \u00e0 la conformit\u00e9 en fournissant des fiches de donn\u00e9es de s\u00e9curit\u00e9 (FDS) d\u00e9taill\u00e9es et un \u00e9tiquetage appropri\u00e9 afin de garantir une manipulation et une utilisation en toute s\u00e9curit\u00e9. Notre engagement en faveur de la qualit\u00e9 garantit que vous recevrez un produit qui r\u00e9pond \u00e0 vos attentes les plus \u00e9lev\u00e9es. Acheter de la gamma-butyrolactone<\/p>\n<h3>Avantages de l'achat de GBL chez nous (<span class=\"___SText_lyret-ko_\" data-ui-name=\"Link.Text\">acheter de la gamma-butyrolactone)<\/span><\/h3>\n<p>- **Prix comp\u00e9titifs:** Nous proposons GBL \u00e0 des prix comp\u00e9titifs sans compromettre la qualit\u00e9, ce qui vous permet d'obtenir le meilleur rapport qualit\u00e9-prix.<br \/>\n- **Cha\u00eene d'approvisionnement fiable:** Notre robuste cha\u00eene d'approvisionnement garantit une livraison en temps voulu et une disponibilit\u00e9 constante de GBL afin de minimiser les temps d'arr\u00eat dans vos op\u00e9rations.<br \/>\n- **Assistance sp\u00e9cialis\u00e9e:** Notre \u00e9quipe exp\u00e9riment\u00e9e est pr\u00eate \u00e0 fournir une assistance technique et \u00e0 r\u00e9pondre \u00e0 toutes vos questions sur GBL, afin que vous puissiez tirer le meilleur parti de notre produit.<\/p>\n<h3>Am\u00e9lioration des processus industriels<\/h3>\n<p>L'investissement dans notre mat\u00e9riel de haute qualit\u00e9 <a href=\"https:\/\/en.wikipedia.org\/wiki\/Gamma-Butyrolactone\" target=\"_blank\" rel=\"noopener\">GBL<\/a> peut consid\u00e9rablement am\u00e9liorer l'efficacit\u00e9 et l'efficience de vos processus industriels. Que vous soyez dans l'industrie pharmaceutique, l'agriculture, l'\u00e9lectronique ou tout autre secteur, notre GBL offre la fiabilit\u00e9 et les performances dont vous avez besoin pour r\u00e9ussir.<\/p>\n<h3>\u00a0Contactez-nous<\/h3>\n<p>Am\u00e9liorez vos capacit\u00e9s industrielles gr\u00e2ce \u00e0 notre solvant de qualit\u00e9 sup\u00e9rieure. Contactez-nous d\u00e8s aujourd'hui pour en savoir plus sur notre gamme de produits et d\u00e9couvrir comment GBL peut profiter \u00e0 votre entreprise. Avec notre GBL, vous choisissez un produit qui offre des performances exceptionnelles, une qualit\u00e9 constante et une fiabilit\u00e9 in\u00e9gal\u00e9e pour une grande vari\u00e9t\u00e9 d'applications industrielles. Acheter la gamma-butyrolactone<\/p>\n<p>En choisissant notre GBL, vous r\u00e9alisez un investissement strat\u00e9gique dans un produit qui soutient la croissance et l'excellence op\u00e9rationnelle de votre entreprise dans diff\u00e9rents secteurs. Acheter la gamma-butyrolactone<\/p>\n<p>Acheter<b><em>Gamma-butyrolactone<\/em><\/b> (<b><em>GBL<\/em><\/b>) 1,0 mg\/ml dans l'ac\u00e9tonitrile Etalons de r\u00e9f\u00e9rence de Reference Materials for GHB and Related Compounds.<\/p>\n<p>acheter des gbl. Bienvenue chez <b><em>GBL E <\/em><\/b>Puret\u00e9 du magasin premi\u00e8re 99,99% <b><em>Acheter GBL<\/em><\/b> legal de Gamma Butyrolactone Shipped from Germany. <b><em>Acheter GBL<\/em><\/b> Allemagne<\/p>\n<p>Nous sommes des fournisseurs certifi\u00e9s de <b><em>Produits GBL<\/em><\/b> pour des applications industrielles telles que le nettoyage et le d\u00e9graissage. Chaque lot de notre <b><em>GBLs<\/em><\/b> est test\u00e9 selon les normes industrielles<\/p>","protected":false},"excerpt":{"rendered":"<p>La gamma-butyrolactone (GBL) est un solvant polyvalent de grande puret\u00e9, id\u00e9al pour les applications industrielles, les produits de nettoyage et la synth\u00e8se chimique. Qualit\u00e9 sup\u00e9rieure et livraison s\u00fbre.<\/p>","protected":false},"featured_media":1294,"comment_status":"open","ping_status":"closed","template":"","meta":{"ocean_post_layout":"","ocean_both_sidebars_style":"","ocean_both_sidebars_content_width":0,"ocean_both_sidebars_sidebars_width":0,"ocean_sidebar":"0","ocean_second_sidebar":"0","ocean_disable_margins":"enable","ocean_add_body_class":"","ocean_shortcode_before_top_bar":"","ocean_shortcode_after_top_bar":"","ocean_shortcode_before_header":"","ocean_shortcode_after_header":"","ocean_has_shortcode":"","ocean_shortcode_after_title":"","ocean_shortcode_before_footer_widgets":"","ocean_shortcode_after_footer_widgets":"","ocean_shortcode_before_footer_bottom":"","ocean_shortcode_after_footer_bottom":"","ocean_display_top_bar":"default","ocean_display_header":"default","ocean_header_style":"","ocean_center_header_left_menu":"0","ocean_custom_header_template":"0","ocean_custom_logo":0,"ocean_custom_retina_logo":0,"ocean_custom_logo_max_width":0,"ocean_custom_logo_tablet_max_width":0,"ocean_custom_logo_mobile_max_width":0,"ocean_custom_logo_max_height":0,"ocean_custom_logo_tablet_max_height":0,"ocean_custom_logo_mobile_max_height":0,"ocean_header_custom_menu":"0","ocean_menu_typo_font_family":"0","ocean_menu_typo_font_subset":"","ocean_menu_typo_font_size":0,"ocean_menu_typo_font_size_tablet":0,"ocean_menu_typo_font_size_mobile":0,"ocean_menu_typo_font_size_unit":"px","ocean_menu_typo_font_weight":"","ocean_menu_typo_font_weight_tablet":"","ocean_menu_typo_font_weight_mobile":"","ocean_menu_typo_transform":"","ocean_menu_typo_transform_tablet":"","ocean_menu_typo_transform_mobile":"","ocean_menu_typo_line_height":0,"ocean_menu_typo_line_height_tablet":0,"ocean_menu_typo_line_height_mobile":0,"ocean_menu_typo_line_height_unit":"","ocean_menu_typo_spacing":0,"ocean_menu_typo_spacing_tablet":0,"ocean_menu_typo_spacing_mobile":0,"ocean_menu_typo_spacing_unit":"","ocean_menu_link_color":"","ocean_menu_link_color_hover":"","ocean_menu_link_color_active":"","ocean_menu_link_background":"","ocean_menu_link_hover_background":"","ocean_menu_link_active_background":"","ocean_menu_social_links_bg":"","ocean_menu_social_hover_links_bg":"","ocean_menu_social_links_color":"","ocean_menu_social_hover_links_color":"","ocean_disable_title":"default","ocean_disable_heading":"default","ocean_post_title":"","ocean_post_subheading":"","ocean_post_title_style":"","ocean_post_title_background_color":"","ocean_post_title_background":0,"ocean_post_title_bg_image_position":"","ocean_post_title_bg_image_attachment":"","ocean_post_title_bg_image_repeat":"","ocean_post_title_bg_image_size":"","ocean_post_title_height":0,"ocean_post_title_bg_overlay":0.5,"ocean_post_title_bg_overlay_color":"","ocean_disable_breadcrumbs":"default","ocean_breadcrumbs_color":"","ocean_breadcrumbs_separator_color":"","ocean_breadcrumbs_links_color":"","ocean_breadcrumbs_links_hover_color":"","ocean_display_footer_widgets":"default","ocean_display_footer_bottom":"default","ocean_custom_footer_template":"0"},"product_brand":[],"product_cat":[62],"product_tag":[65,216,77,78],"class_list":{"0":"post-1293","1":"product","2":"type-product","3":"status-publish","4":"has-post-thumbnail","6":"product_cat-gblgamma-butyrolactone","7":"product_tag-gamma-butyrolacton-kaufen","8":"product_tag-gamma-butyrolacton-kaufen-2025","9":"product_tag-gamma-butyrolacton-reiniger","10":"product_tag-gbl-gamma-butyrolactone-99-99-reiniger-losungsmittel","12":"entry","13":"has-media","15":"first","16":"instock","17":"sale","18":"featured","19":"shipping-taxable","20":"purchasable","21":"product-type-variable","22":"has-rating","23":"has-product-nav","24":"col","25":"span_1_of_3","26":"owp-content-center","27":"owp-thumbs-layout-horizontal","28":"owp-btn-normal","29":"owp-tabs-layout-horizontal"},"jetpack_sharing_enabled":true,"_links":{"self":[{"href":"https:\/\/gbl-eshop.net\/fr\/wp-json\/wp\/v2\/product\/1293","targetHints":{"allow":["GET"]}}],"collection":[{"href":"https:\/\/gbl-eshop.net\/fr\/wp-json\/wp\/v2\/product"}],"about":[{"href":"https:\/\/gbl-eshop.net\/fr\/wp-json\/wp\/v2\/types\/product"}],"replies":[{"embeddable":true,"href":"https:\/\/gbl-eshop.net\/fr\/wp-json\/wp\/v2\/comments?post=1293"}],"wp:featuredmedia":[{"embeddable":true,"href":"https:\/\/gbl-eshop.net\/fr\/wp-json\/wp\/v2\/media\/1294"}],"wp:attachment":[{"href":"https:\/\/gbl-eshop.net\/fr\/wp-json\/wp\/v2\/media?parent=1293"}],"wp:term":[{"taxonomy":"product_brand","embeddable":true,"href":"https:\/\/gbl-eshop.net\/fr\/wp-json\/wp\/v2\/product_brand?post=1293"},{"taxonomy":"product_cat","embeddable":true,"href":"https:\/\/gbl-eshop.net\/fr\/wp-json\/wp\/v2\/product_cat?post=1293"},{"taxonomy":"product_tag","embeddable":true,"href":"https:\/\/gbl-eshop.net\/fr\/wp-json\/wp\/v2\/product_tag?post=1293"}],"curies":[{"name":"wp","href":"https:\/\/api.w.org\/{rel}","templated":true}]}}