{"id":1264,"date":"2024-06-02T15:00:18","date_gmt":"2024-06-02T15:00:18","guid":{"rendered":"https:\/\/linen-vulture-703400.hostingersite.com\/?page_id=1264"},"modified":"2025-09-16T03:55:50","modified_gmt":"2025-09-16T03:55:50","slug":"schutz-gbl-und-ghb","status":"publish","type":"page","link":"https:\/\/gbl-eshop.net\/fr\/schutz-gbl-und-ghb\/","title":{"rendered":"Protection"},"content":{"rendered":"<div id=\"ez-toc-container\" class=\"ez-toc-v2_0_82_2 counter-hierarchy ez-toc-counter ez-toc-grey ez-toc-container-direction\">\n<div class=\"ez-toc-title-container\">\n<p class=\"ez-toc-title\" style=\"cursor:inherit\">Table des mati\u00e8res<\/p>\n<span class=\"ez-toc-title-toggle\"><a href=\"#\" class=\"ez-toc-pull-right ez-toc-btn ez-toc-btn-xs ez-toc-btn-default ez-toc-toggle\" aria-label=\"Toggle Table of Content\"><span class=\"ez-toc-js-icon-con\"><span class=\"\"><span class=\"eztoc-hide\" style=\"display:none;\">Toggle<\/span><span class=\"ez-toc-icon-toggle-span\"><svg style=\"fill: #999;color:#999\" xmlns=\"http:\/\/www.w3.org\/2000\/svg\" class=\"list-377408\" width=\"20px\" height=\"20px\" viewbox=\"0 0 24 24\" fill=\"none\"><path d=\"M6 6H4v2h2V6zm14 0H8v2h12V6zM4 11h2v2H4v-2zm16 0H8v2h12v-2zM4 16h2v2H4v-2zm16 0H8v2h12v-2z\" fill=\"currentColor\"><\/path><\/svg><svg style=\"fill: #999;color:#999\" class=\"arrow-unsorted-368013\" xmlns=\"http:\/\/www.w3.org\/2000\/svg\" width=\"10px\" height=\"10px\" viewbox=\"0 0 24 24\" version=\"1.2\" baseprofile=\"tiny\"><path d=\"M18.2 9.3l-6.2-6.3-6.2 6.3c-.2.2-.3.4-.3.7s.1.5.3.7c.2.2.4.3.7.3h11c.3 0 .5-.1.7-.3.2-.2.3-.5.3-.7s-.1-.5-.3-.7zM5.8 14.7l6.2 6.3 6.2-6.3c.2-.2.3-.5.3-.7s-.1-.5-.3-.7c-.2-.2-.4-.3-.7-.3h-11c-.3 0-.5.1-.7.3-.2.2-.3.5-.3.7s.1.5.3.7z\"\/><\/svg><\/span><\/span><\/span><\/a><\/span><\/div>\n<nav><ul class='ez-toc-list ez-toc-list-level-1' ><li class='ez-toc-page-1 ez-toc-heading-level-2'><a class=\"ez-toc-link ez-toc-heading-1\" href=\"https:\/\/gbl-eshop.net\/fr\/schutz-gbl-und-ghb\/#Sicherheits-_und_Sicherheitsleitfaden_fur_GBL_Gamma-Butyrolacton_und_GHB_Gamma-Hydroxybutyrat\" >Guide de s\u00e9curit\u00e9 et de s\u00fbret\u00e9 pour le GBL (gamma-butyrolactone) et le GHB (gamma-hydroxybutyrate)<\/a><ul class='ez-toc-list-level-3' ><li class='ez-toc-heading-level-3'><a class=\"ez-toc-link ez-toc-heading-2\" href=\"https:\/\/gbl-eshop.net\/fr\/schutz-gbl-und-ghb\/#Ubersicht\" >Aper\u00e7u<\/a><\/li><li class='ez-toc-page-1 ez-toc-heading-level-3'><a class=\"ez-toc-link ez-toc-heading-3\" href=\"https:\/\/gbl-eshop.net\/fr\/schutz-gbl-und-ghb\/#Eigenschaften_und_Wirkungen\" >Propri\u00e9t\u00e9s et effets<\/a><\/li><li class='ez-toc-page-1 ez-toc-heading-level-3'><a class=\"ez-toc-link ez-toc-heading-4\" href=\"https:\/\/gbl-eshop.net\/fr\/schutz-gbl-und-ghb\/#Rechtlicher_Status\" >Statut juridique<\/a><\/li><li class='ez-toc-page-1 ez-toc-heading-level-3'><a class=\"ez-toc-link ez-toc-heading-5\" href=\"https:\/\/gbl-eshop.net\/fr\/schutz-gbl-und-ghb\/#Sicherheitsrichtlinien\" >Directives de s\u00e9curit\u00e9<\/a><ul class='ez-toc-list-level-4' ><li class='ez-toc-heading-level-4'><a class=\"ez-toc-link ez-toc-heading-6\" href=\"https:\/\/gbl-eshop.net\/fr\/schutz-gbl-und-ghb\/#Dosierung\" >Dosage<\/a><\/li><li class='ez-toc-page-1 ez-toc-heading-level-4'><a class=\"ez-toc-link ez-toc-heading-7\" href=\"https:\/\/gbl-eshop.net\/fr\/schutz-gbl-und-ghb\/#Risiken_einer_Uberdosierung\" >Risques de surdosage<\/a><ul class='ez-toc-list-level-6' ><li class='ez-toc-heading-level-6'><ul class='ez-toc-list-level-6' ><li class='ez-toc-heading-level-6'><a class=\"ez-toc-link ez-toc-heading-8\" href=\"https:\/\/gbl-eshop.net\/fr\/schutz-gbl-und-ghb\/#Uberdosierungssymptome_umfassen\" >Les sympt\u00f4mes de surdosage comprennent<\/a><\/li><li class='ez-toc-page-1 ez-toc-heading-level-6'><a class=\"ez-toc-link ez-toc-heading-9\" href=\"https:\/\/gbl-eshop.net\/fr\/schutz-gbl-und-ghb\/#Erste_Hilfe_bei_Uberdosierung\" >Premiers secours en cas de surdosage :<\/a><\/li><\/ul><\/li><\/ul><\/li><\/ul><\/li><li class='ez-toc-page-1 ez-toc-heading-level-3'><a class=\"ez-toc-link ez-toc-heading-10\" href=\"https:\/\/gbl-eshop.net\/fr\/schutz-gbl-und-ghb\/#Kombination_mit_anderen_Substanzen\" >Combinaison avec d'autres substances<\/a><\/li><li class='ez-toc-page-1 ez-toc-heading-level-3'><a class=\"ez-toc-link ez-toc-heading-11\" href=\"https:\/\/gbl-eshop.net\/fr\/schutz-gbl-und-ghb\/#Schadensminderungsstrategien\" >Strat\u00e9gies de r\u00e9duction des risques<\/a><\/li><li class='ez-toc-page-1 ez-toc-heading-level-3'><a class=\"ez-toc-link ez-toc-heading-12\" href=\"https:\/\/gbl-eshop.net\/fr\/schutz-gbl-und-ghb\/#Lagerung_und_Handhabung\" >Stockage et manipulation<\/a><\/li><li class='ez-toc-page-1 ez-toc-heading-level-3'><a class=\"ez-toc-link ez-toc-heading-13\" href=\"https:\/\/gbl-eshop.net\/fr\/schutz-gbl-und-ghb\/#Sicherheitsbedenken\" >Probl\u00e8mes de s\u00e9curit\u00e9<\/a><\/li><li class='ez-toc-page-1 ez-toc-heading-level-3'><a class=\"ez-toc-link ez-toc-heading-14\" href=\"https:\/\/gbl-eshop.net\/fr\/schutz-gbl-und-ghb\/#Medizinische_und_Psychologische_Uberlegungen\" >Consid\u00e9rations m\u00e9dicales et psychologiques<\/a><\/li><li class='ez-toc-page-1 ez-toc-heading-level-3'><a class=\"ez-toc-link ez-toc-heading-15\" href=\"https:\/\/gbl-eshop.net\/fr\/schutz-gbl-und-ghb\/#Visuelle_Hilfsmittel\" >Outils visuels<\/a><ul class='ez-toc-list-level-4' ><li class='ez-toc-heading-level-4'><a class=\"ez-toc-link ez-toc-heading-16\" href=\"https:\/\/gbl-eshop.net\/fr\/schutz-gbl-und-ghb\/#Diagramm_der_stabilen_Seitenlage\" >Diagramme de la position lat\u00e9rale stable<\/a><\/li><li class='ez-toc-page-1 ez-toc-heading-level-4'><a class=\"ez-toc-link ez-toc-heading-17\" href=\"https:\/\/gbl-eshop.net\/fr\/schutz-gbl-und-ghb\/#Beispiel_fur_Dosismessung\" >Exemple de mesure de dose<\/a><\/li><\/ul><\/li><li class='ez-toc-page-1 ez-toc-heading-level-3'><a class=\"ez-toc-link ez-toc-heading-18\" href=\"https:\/\/gbl-eshop.net\/fr\/schutz-gbl-und-ghb\/#Fazit\" >Conclusion<\/a><\/li><\/ul><\/li><\/ul><\/nav><\/div>\n<h2 class=\"wp-block-heading\"><span class=\"ez-toc-section\" id=\"Sicherheits-_und_Sicherheitsleitfaden_fur_GBL_Gamma-Butyrolacton_und_GHB_Gamma-Hydroxybutyrat\"><\/span><strong>Guide de s\u00e9curit\u00e9 et de s\u00fbret\u00e9 pour le GBL (gamma-butyrolactone) et le GHB (gamma-hydroxybutyrate)<\/strong><span class=\"ez-toc-section-end\"><\/span><\/h2>\n\n\n\n<h3 class=\"wp-block-heading\"><span class=\"ez-toc-section\" id=\"Ubersicht\"><\/span>Aper\u00e7u<span class=\"ez-toc-section-end\"><\/span><\/h3>\n\n\n<div class=\"wp-block-image\">\n<figure class=\"aligncenter size-full\"><img fetchpriority=\"high\" decoding=\"async\" width=\"480\" height=\"480\" src=\"https:\/\/gbl-eshop.net\/wp-content\/uploads\/2024\/06\/77713561_n.jpg\" alt=\"\" class=\"wp-image-1269\" srcset=\"https:\/\/gbl-eshop.net\/wp-content\/uploads\/2024\/06\/77713561_n.jpg 480w, https:\/\/gbl-eshop.net\/wp-content\/uploads\/2024\/06\/77713561_n-100x100.jpg 100w, https:\/\/gbl-eshop.net\/wp-content\/uploads\/2024\/06\/77713561_n-300x300.jpg 300w, https:\/\/gbl-eshop.net\/wp-content\/uploads\/2024\/06\/77713561_n-150x150.jpg 150w\" sizes=\"(max-width: 480px) 100vw, 480px\" \/><\/figure>\n<\/div>\n\n\n<p><strong>GBL (gamma-butyrolactone)<\/strong> et <strong>GHB (gamma-hydroxybutyrate)<\/strong> sont des substances qui ont des applications industrielles et m\u00e9dicales l\u00e9gitimes, mais qui sont \u00e9galement utilis\u00e9es \u00e0 des fins r\u00e9cr\u00e9atives. Ces deux substances peuvent \u00eatre dangereuses si elles sont utilis\u00e9es de mani\u00e8re abusive et pr\u00e9sentent un potentiel de d\u00e9pendance, de surdose et de cons\u00e9quences juridiques.<\/p>\n\n\n\n<h3 class=\"wp-block-heading\"><span class=\"ez-toc-section\" id=\"Eigenschaften_und_Wirkungen\"><\/span>Propri\u00e9t\u00e9s et effets<span class=\"ez-toc-section-end\"><\/span><\/h3>\n\n\n\n<figure class=\"wp-block-table\"><table><thead><tr><th>Propri\u00e9t\u00e9<\/th><th>GBL<\/th><th>GHB<\/th><\/tr><\/thead><tbody><tr><td>Formule chimique<\/td><td>C\u2084H\u2086O\u2082<\/td><td>C\u2084H\u2088O\u2083<\/td><\/tr><tr><td>Applications fr\u00e9quentes<\/td><td>Solvants, d\u00e9tergents, pr\u00e9curseurs<\/td><td>Utilisation m\u00e9dicale (narcolepsie, anesth\u00e9sie), loisirs<\/td><\/tr><tr><td>D\u00e9but de l'effet<\/td><td>10-60 minutes<\/td><td>15-30 minutes<\/td><\/tr><tr><td>Dur\u00e9e d'action<\/td><td>1.5-4 heures<\/td><td>1.5-4 heures<\/td><\/tr><tr><td>Effets<\/td><td>euphorie, relaxation, somnolence<\/td><td>euphorie, relaxation, somnolence<\/td><\/tr><\/tbody><\/table><\/figure>\n\n\n\n<h3 class=\"wp-block-heading\"><span class=\"ez-toc-section\" id=\"Rechtlicher_Status\"><\/span>Statut juridique<span class=\"ez-toc-section-end\"><\/span><\/h3>\n\n\n\n<figure class=\"wp-block-table\"><table><thead><tr><th>Pays\/R\u00e9gion<\/th><th>GBL<\/th><th>GHB<\/th><\/tr><\/thead><tbody><tr><td>\u00c9tats-Unis<\/td><td>Non class\u00e9 au niveau f\u00e9d\u00e9ral, mais contr\u00f4l\u00e9 par des lois analogues<\/td><td>Liste I (usage non m\u00e9dical), Liste III (Xyrem)<\/td><\/tr><tr><td>Union europ\u00e9enne<\/td><td>Dans de nombreux pays, les<\/td><td>Substance contr\u00f4l\u00e9e<\/td><\/tr><tr><td>Australie<\/td><td>Pr\u00e9curseur contr\u00f4l\u00e9<\/td><td>Liste I<\/td><\/tr><tr><td>Canada<\/td><td>Contr\u00f4l\u00e9<\/td><td>Contr\u00f4l\u00e9<\/td><\/tr><\/tbody><\/table><\/figure>\n\n\n\n<h3 class=\"wp-block-heading\"><span class=\"ez-toc-section\" id=\"Sicherheitsrichtlinien\"><\/span>Directives de s\u00e9curit\u00e9<span class=\"ez-toc-section-end\"><\/span><\/h3>\n\n\n\n<h4 class=\"wp-block-heading\"><span class=\"ez-toc-section\" id=\"Dosierung\"><\/span>Dosage<span class=\"ez-toc-section-end\"><\/span><\/h4>\n\n\n\n<ul class=\"wp-block-list\">\n<li><strong>GBL<\/strong>Doses : Les doses r\u00e9cr\u00e9atives typiques vont de 0,5 \u00e0 2,5 ml. Des doses plus \u00e9lev\u00e9es augmentent le risque d'effets secondaires graves.<\/li>\n\n\n\n<li><strong>GHB<\/strong>Les doses typiques vont de 0,5 \u00e0 3 grammes. Le risque de surdosage est \u00e9lev\u00e9 en raison de la faible diff\u00e9rence entre une dose r\u00e9cr\u00e9ative et un surdosage.<\/li>\n<\/ul>\n\n\n\n<p><strong>Remarque :<\/strong> La tol\u00e9rance individuelle varie fortement. Commencez toujours par la dose la plus faible possible pour \u00e9valuer la tol\u00e9rance.<\/p>\n\n\n\n<h4 class=\"wp-block-heading\"><span class=\"ez-toc-section\" id=\"Risiken_einer_Uberdosierung\"><\/span>Risques de surdosage<span class=\"ez-toc-section-end\"><\/span><\/h4>\n\n\n\n<h6 class=\"wp-block-heading\"><span class=\"ez-toc-section\" id=\"Uberdosierungssymptome_umfassen\"><\/span>Les sympt\u00f4mes de surdosage comprennent<span class=\"ez-toc-section-end\"><\/span><\/h6>\n\n\n\n<ul class=\"wp-block-list\">\n<li>Perte de conscience<\/li>\n\n\n\n<li>Crampes<\/li>\n\n\n\n<li>Respiration lente ou irr\u00e9guli\u00e8re<\/li>\n\n\n\n<li>Vomissements<\/li>\n\n\n\n<li>Perte de coordination<\/li>\n<\/ul>\n\n\n\n<h6 class=\"wp-block-heading\"><span class=\"ez-toc-section\" id=\"Erste_Hilfe_bei_Uberdosierung\"><\/span><strong>Premiers secours en cas de surdosage :<\/strong><span class=\"ez-toc-section-end\"><\/span><\/h6>\n\n\n\n<ol class=\"wp-block-list\">\n<li><strong>Appelez imm\u00e9diatement les secours.<\/strong><\/li>\n\n\n\n<li><strong>Placez la personne en position lat\u00e9rale de s\u00e9curit\u00e9<\/strong>Le syst\u00e8me d'alarme est con\u00e7u pour emp\u00eacher l'asphyxie.<\/li>\n\n\n\n<li><strong>Surveiller la respiration<\/strong> et soyez pr\u00eat \u00e0 pratiquer une r\u00e9animation cardio-pulmonaire si n\u00e9cessaire.<\/li>\n\n\n\n<li><strong>Ne laissez pas la personne seule<\/strong>jusqu'\u00e0 l'arriv\u00e9e des secours.<\/li>\n<\/ol>\n\n\n\n<h3 class=\"wp-block-heading\"><span class=\"ez-toc-section\" id=\"Kombination_mit_anderen_Substanzen\"><\/span>Combinaison avec d'autres substances<span class=\"ez-toc-section-end\"><\/span><\/h3>\n\n\n\n<ul class=\"wp-block-list\">\n<li><strong>Alcool<\/strong>: Augmente fortement le risque de surdosage et de d\u00e9c\u00e8s.<\/li>\n\n\n\n<li><strong>Benzodiaz\u00e9pines<\/strong>: Augmente \u00e9galement le risque de d\u00e9pression respiratoire grave et de d\u00e9c\u00e8s.<\/li>\n\n\n\n<li><strong>Stimulants (par ex. coca\u00efne, amph\u00e9tamines)<\/strong>: Peuvent masquer les effets d\u00e9presseurs, ce qui peut conduire \u00e0 un surdosage inattendu.<\/li>\n<\/ul>\n\n\n\n<h3 class=\"wp-block-heading\"><span class=\"ez-toc-section\" id=\"Schadensminderungsstrategien\"><\/span>Strat\u00e9gies de r\u00e9duction des risques<span class=\"ez-toc-section-end\"><\/span><\/h3>\n\n\n\n<ol class=\"wp-block-list\">\n<li><strong>Ne pas utiliser seul.<\/strong> Toujours avoir une personne sobre \u00e0 ses c\u00f4t\u00e9s.<\/li>\n\n\n\n<li><strong>Pas avec d'autres d\u00e9presseurs<\/strong> comme l'alcool ou les benzodiaz\u00e9pines.<\/li>\n\n\n\n<li><strong>Mesurez les doses avec pr\u00e9cision<\/strong> \u00e0 l'aide d'une seringue ou d'une pipette.<\/li>\n\n\n\n<li><strong>Commencer par une faible dose<\/strong>pour \u00e9valuer la r\u00e9action de votre corps.<\/li>\n\n\n\n<li><strong>Restez hydrat\u00e9<\/strong>Si vous avez besoin d'eau, \u00e9vitez de boire de grandes quantit\u00e9s d'eau en peu de temps.<\/li>\n\n\n\n<li><strong>Gardez les contacts d'urgence et les informations<\/strong> pr\u00eat.<\/li>\n<\/ol>\n\n\n\n<h3 class=\"wp-block-heading\"><span class=\"ez-toc-section\" id=\"Lagerung_und_Handhabung\"><\/span>Stockage et manipulation<span class=\"ez-toc-section-end\"><\/span><\/h3>\n\n\n\n<ul class=\"wp-block-list\">\n<li><strong>Conserver dans un endroit frais et sec<\/strong>Loin de la lumi\u00e8re directe du soleil.<\/li>\n\n\n\n<li><strong>Tenir hors de port\u00e9e des enfants et des animaux domestiques.<\/strong><\/li>\n\n\n\n<li><strong>Identifier clairement les r\u00e9cipients<\/strong>Pour \u00e9viter les recettes accidentelles, il est conseill\u00e9 d'utiliser la fonction \"Recettes\".<\/li>\n\n\n\n<li><strong>Utilisez un \u00e9quipement de protection appropri\u00e9<\/strong> (gants, lunettes de protection) lors de la manipulation du GBL en raison de ses propri\u00e9t\u00e9s de solvant.<\/li>\n<\/ul>\n\n\n\n<h3 class=\"wp-block-heading\"><span class=\"ez-toc-section\" id=\"Sicherheitsbedenken\"><\/span>Probl\u00e8mes de s\u00e9curit\u00e9<span class=\"ez-toc-section-end\"><\/span><\/h3>\n\n\n\n<ol class=\"wp-block-list\">\n<li><strong>Stockage s\u00fbr<\/strong>: Assurez-vous que le GBL et le GHB sont conserv\u00e9s dans un endroit ferm\u00e9 \u00e0 cl\u00e9.<\/li>\n\n\n\n<li><strong>Surveillance de l'utilisation<\/strong>: suivre les quantit\u00e9s pour d\u00e9tecter les utilisations non autoris\u00e9es.<\/li>\n\n\n\n<li><strong>Respect de la l\u00e9gislation<\/strong>Respecter les r\u00e9glementations locales concernant l'achat, le stockage et l'utilisation de ces substances.<\/li>\n<\/ol>\n\n\n\n<h3 class=\"wp-block-heading\"><span class=\"ez-toc-section\" id=\"Medizinische_und_Psychologische_Uberlegungen\"><\/span>Consid\u00e9rations m\u00e9dicales et psychologiques<span class=\"ez-toc-section-end\"><\/span><\/h3>\n\n\n\n<ul class=\"wp-block-list\">\n<li><strong>D\u00e9pendance et sevrage<\/strong>Les deux substances peuvent entra\u00eener une d\u00e9pendance. Les sympt\u00f4mes de sevrage peuvent inclure l'anxi\u00e9t\u00e9, les tremblements, l'insomnie et, dans les cas graves, des convulsions.<\/li>\n\n\n\n<li><strong>Chercher une aide professionnelle<\/strong>Si vous ou quelqu'un que vous connaissez est confront\u00e9 \u00e0 la d\u00e9pendance, cherchez une aide m\u00e9dicale et psychologique.<\/li>\n<\/ul>\n\n\n\n<h3 class=\"wp-block-heading\"><span class=\"ez-toc-section\" id=\"Visuelle_Hilfsmittel\"><\/span>Outils visuels<span class=\"ez-toc-section-end\"><\/span><\/h3>\n\n\n\n<h4 class=\"wp-block-heading\"><span class=\"ez-toc-section\" id=\"Diagramm_der_stabilen_Seitenlage\"><\/span>Diagramme de la position lat\u00e9rale stable<span class=\"ez-toc-section-end\"><\/span><\/h4>\n\n\n\n<figure class=\"wp-block-image\"><img decoding=\"async\" src=\"https:\/\/www.stjohn.org.nz\/assets\/First-Aid\/Recovery-position.jpg\" alt=\"Stabile Seitenlage\"\/><\/figure>\n\n\n\n<h4 class=\"wp-block-heading\"><span class=\"ez-toc-section\" id=\"Beispiel_fur_Dosismessung\"><\/span>Exemple de mesure de dose<span class=\"ez-toc-section-end\"><\/span><\/h4>\n\n\n\n<figure class=\"wp-block-image\"><img decoding=\"async\" src=\"https:\/\/images-na.ssl-images-amazon.com\/images\/I\/61UogXBMy-L._AC_SL1500_.jpg\" alt=\"Dosismessung\"\/><\/figure>\n\n\n\n<h3 class=\"wp-block-heading\"><span class=\"ez-toc-section\" id=\"Fazit\"><\/span>Conclusion<span class=\"ez-toc-section-end\"><\/span><\/h3>\n\n\n\n<p>Le GBL et le GHB peuvent \u00eatre dangereux s'ils sont utilis\u00e9s \u00e0 mauvais escient. La compr\u00e9hension des propri\u00e9t\u00e9s, des risques et des mesures de s\u00e9curit\u00e9 est essentielle pour \u00e9viter les dommages. Respectez toujours les pratiques de r\u00e9duction des risques et les exigences l\u00e9gales.<\/p>\n\n\n\n<p>Pour plus d'informations, consultez des professionnels de la sant\u00e9 et des sources faisant autorit\u00e9 en mati\u00e8re d'usage de substances et de r\u00e9duction des risques.<\/p>","protected":false},"excerpt":{"rendered":"<p>Sicherheits- und Sicherheitsleitfaden f\u00fcr GBL (Gamma-Butyrolacton) und GHB (Gamma-Hydroxybutyrat) \u00dcbersicht GBL (Gamma-Butyrolacton) und GHB (Gamma-Hydroxybutyrat) sind Substanzen, die legitime industrielle und medizinische Anwendungen haben, aber auch aus Freizeitgr\u00fcnden verwendet werden. Beide Substanzen k\u00f6nnen gef\u00e4hrlich sein, wenn sie missbraucht werden, und haben ein Potenzial f\u00fcr Abh\u00e4ngigkeit, \u00dcberdosierung und rechtliche Konsequenzen. Eigenschaften und Wirkungen Eigenschaft GBL GHB [&hellip;]<\/p>\n","protected":false},"author":1,"featured_media":0,"parent":0,"menu_order":0,"comment_status":"closed","ping_status":"closed","template":"","meta":{"ocean_post_layout":"","ocean_both_sidebars_style":"","ocean_both_sidebars_content_width":0,"ocean_both_sidebars_sidebars_width":0,"ocean_sidebar":"","ocean_second_sidebar":"","ocean_disable_margins":"enable","ocean_add_body_class":"","ocean_shortcode_before_top_bar":"","ocean_shortcode_after_top_bar":"","ocean_shortcode_before_header":"","ocean_shortcode_after_header":"","ocean_has_shortcode":"","ocean_shortcode_after_title":"","ocean_shortcode_before_footer_widgets":"","ocean_shortcode_after_footer_widgets":"","ocean_shortcode_before_footer_bottom":"","ocean_shortcode_after_footer_bottom":"","ocean_display_top_bar":"default","ocean_display_header":"default","ocean_header_style":"","ocean_center_header_left_menu":"","ocean_custom_header_template":"","ocean_custom_logo":0,"ocean_custom_retina_logo":0,"ocean_custom_logo_max_width":0,"ocean_custom_logo_tablet_max_width":0,"ocean_custom_logo_mobile_max_width":0,"ocean_custom_logo_max_height":0,"ocean_custom_logo_tablet_max_height":0,"ocean_custom_logo_mobile_max_height":0,"ocean_header_custom_menu":"","ocean_menu_typo_font_family":"","ocean_menu_typo_font_subset":"","ocean_menu_typo_font_size":0,"ocean_menu_typo_font_size_tablet":0,"ocean_menu_typo_font_size_mobile":0,"ocean_menu_typo_font_size_unit":"px","ocean_menu_typo_font_weight":"","ocean_menu_typo_font_weight_tablet":"","ocean_menu_typo_font_weight_mobile":"","ocean_menu_typo_transform":"","ocean_menu_typo_transform_tablet":"","ocean_menu_typo_transform_mobile":"","ocean_menu_typo_line_height":0,"ocean_menu_typo_line_height_tablet":0,"ocean_menu_typo_line_height_mobile":0,"ocean_menu_typo_line_height_unit":"","ocean_menu_typo_spacing":0,"ocean_menu_typo_spacing_tablet":0,"ocean_menu_typo_spacing_mobile":0,"ocean_menu_typo_spacing_unit":"","ocean_menu_link_color":"","ocean_menu_link_color_hover":"","ocean_menu_link_color_active":"","ocean_menu_link_background":"","ocean_menu_link_hover_background":"","ocean_menu_link_active_background":"","ocean_menu_social_links_bg":"","ocean_menu_social_hover_links_bg":"","ocean_menu_social_links_color":"","ocean_menu_social_hover_links_color":"","ocean_disable_title":"default","ocean_disable_heading":"default","ocean_post_title":"","ocean_post_subheading":"","ocean_post_title_style":"","ocean_post_title_background_color":"","ocean_post_title_background":0,"ocean_post_title_bg_image_position":"","ocean_post_title_bg_image_attachment":"","ocean_post_title_bg_image_repeat":"","ocean_post_title_bg_image_size":"","ocean_post_title_height":0,"ocean_post_title_bg_overlay":0.5,"ocean_post_title_bg_overlay_color":"","ocean_disable_breadcrumbs":"default","ocean_breadcrumbs_color":"","ocean_breadcrumbs_separator_color":"","ocean_breadcrumbs_links_color":"","ocean_breadcrumbs_links_hover_color":"","ocean_display_footer_widgets":"default","ocean_display_footer_bottom":"default","ocean_custom_footer_template":"","footnotes":""},"class_list":["post-1264","page","type-page","status-publish","hentry","entry","owp-thumbs-layout-horizontal","owp-btn-normal","owp-tabs-layout-horizontal","has-no-thumbnails","has-product-nav"],"jetpack_sharing_enabled":true,"_links":{"self":[{"href":"https:\/\/gbl-eshop.net\/fr\/wp-json\/wp\/v2\/pages\/1264","targetHints":{"allow":["GET"]}}],"collection":[{"href":"https:\/\/gbl-eshop.net\/fr\/wp-json\/wp\/v2\/pages"}],"about":[{"href":"https:\/\/gbl-eshop.net\/fr\/wp-json\/wp\/v2\/types\/page"}],"author":[{"embeddable":true,"href":"https:\/\/gbl-eshop.net\/fr\/wp-json\/wp\/v2\/users\/1"}],"replies":[{"embeddable":true,"href":"https:\/\/gbl-eshop.net\/fr\/wp-json\/wp\/v2\/comments?post=1264"}],"version-history":[{"count":4,"href":"https:\/\/gbl-eshop.net\/fr\/wp-json\/wp\/v2\/pages\/1264\/revisions"}],"predecessor-version":[{"id":2636,"href":"https:\/\/gbl-eshop.net\/fr\/wp-json\/wp\/v2\/pages\/1264\/revisions\/2636"}],"wp:attachment":[{"href":"https:\/\/gbl-eshop.net\/fr\/wp-json\/wp\/v2\/media?parent=1264"}],"curies":[{"name":"wp","href":"https:\/\/api.w.org\/{rel}","templated":true}]}}