{"id":1035,"date":"2016-04-07T14:29:04","date_gmt":"2016-04-07T14:29:04","guid":{"rendered":"https:\/\/oceanwp.org\/store\/shop\/"},"modified":"2026-01-13T10:13:45","modified_gmt":"2026-01-13T10:13:45","slug":"shop-2","status":"publish","type":"page","link":"https:\/\/gbl-eshop.net\/es\/shop-2\/","title":{"rendered":"Tienda"},"content":{"rendered":"<p>Bienvenido a nuestra principal fuente de gamma-butirolactona (GBL) y gamma-hidroxibutirato (GHB). Estamos orgullosos de ofrecer compuestos de alta calidad de proveedores de confianza, garantizando la pureza y la potencia con cada compra.<\/p>\n\n\n\n<p>Unser umfangreiches Sortiment umfasst <a href=\"https:\/\/gbl-eshop.net\/es\/\">GBL- und GHB-<\/a>Formulierungen, die auf verschiedene industrielle, pharmazeutische und Forschungsanforderungen zugeschnitten sind. Ganz gleich, ob Sie L\u00f6sungsmittel f\u00fcr die chemische Synthese, Reinigungsmittel f\u00fcr industrielle Anwendungen oder pharmazeutische Verbindungen f\u00fcr Forschungszwecke suchen, bei uns werden Sie f\u00fcndig.<\/p>\n\n\n\n<p>En nuestro negocio, la satisfacci\u00f3n del cliente es nuestra m\u00e1xima prioridad. Proporcionamos informaci\u00f3n completa sobre los productos, incluidas fichas de datos de seguridad y directrices de uso, para ayudarle a tomar decisiones de compra con conocimiento de causa. Adem\u00e1s, nuestro equipo de atenci\u00f3n al cliente est\u00e1 a su disposici\u00f3n para responder a sus preguntas y ayudarle con su compra.<\/p>\n\n\n\n<p>Conv\u00e9nzase de la fiabilidad y calidad de nuestros productos GBL y GHB. Compre con confianza y descubra la diferencia que la calidad puede marcar en sus proyectos y procesos.<\/p>\n\n\n\n<p><\/p>","protected":false},"excerpt":{"rendered":"<p>Willkommen bei unserer ersten Adresse f\u00fcr Gamma-Butyrolacton (GBL) und Gamma-Hydroxybutyrat (GHB) Produkte. Wir sind stolz darauf, qualitativ hochwertige Verbindungen von vertrauensw\u00fcrdigen Lieferanten anbieten zu k\u00f6nnen, die Reinheit und Wirksamkeit bei jedem Kauf gew\u00e4hrleisten. Unser umfangreiches Sortiment umfasst GBL- und GHB-Formulierungen, die auf verschiedene industrielle, pharmazeutische und Forschungsanforderungen zugeschnitten sind. Ganz gleich, ob Sie L\u00f6sungsmittel f\u00fcr [&hellip;]<\/p>\n","protected":false},"author":1,"featured_media":0,"parent":0,"menu_order":0,"comment_status":"closed","ping_status":"closed","template":"","meta":{"ocean_post_layout":"","ocean_both_sidebars_style":"","ocean_both_sidebars_content_width":0,"ocean_both_sidebars_sidebars_width":0,"ocean_sidebar":"","ocean_second_sidebar":"","ocean_disable_margins":"enable","ocean_add_body_class":"","ocean_shortcode_before_top_bar":"","ocean_shortcode_after_top_bar":"","ocean_shortcode_before_header":"","ocean_shortcode_after_header":"","ocean_has_shortcode":"","ocean_shortcode_after_title":"","ocean_shortcode_before_footer_widgets":"","ocean_shortcode_after_footer_widgets":"","ocean_shortcode_before_footer_bottom":"","ocean_shortcode_after_footer_bottom":"","ocean_display_top_bar":"default","ocean_display_header":"default","ocean_header_style":"","ocean_center_header_left_menu":"","ocean_custom_header_template":"","ocean_custom_logo":0,"ocean_custom_retina_logo":0,"ocean_custom_logo_max_width":0,"ocean_custom_logo_tablet_max_width":0,"ocean_custom_logo_mobile_max_width":0,"ocean_custom_logo_max_height":0,"ocean_custom_logo_tablet_max_height":0,"ocean_custom_logo_mobile_max_height":0,"ocean_header_custom_menu":"","ocean_menu_typo_font_family":"","ocean_menu_typo_font_subset":"","ocean_menu_typo_font_size":0,"ocean_menu_typo_font_size_tablet":0,"ocean_menu_typo_font_size_mobile":0,"ocean_menu_typo_font_size_unit":"px","ocean_menu_typo_font_weight":"","ocean_menu_typo_font_weight_tablet":"","ocean_menu_typo_font_weight_mobile":"","ocean_menu_typo_transform":"","ocean_menu_typo_transform_tablet":"","ocean_menu_typo_transform_mobile":"","ocean_menu_typo_line_height":0,"ocean_menu_typo_line_height_tablet":0,"ocean_menu_typo_line_height_mobile":0,"ocean_menu_typo_line_height_unit":"","ocean_menu_typo_spacing":0,"ocean_menu_typo_spacing_tablet":0,"ocean_menu_typo_spacing_mobile":0,"ocean_menu_typo_spacing_unit":"","ocean_menu_link_color":"","ocean_menu_link_color_hover":"","ocean_menu_link_color_active":"","ocean_menu_link_background":"","ocean_menu_link_hover_background":"","ocean_menu_link_active_background":"","ocean_menu_social_links_bg":"","ocean_menu_social_hover_links_bg":"","ocean_menu_social_links_color":"","ocean_menu_social_hover_links_color":"","ocean_disable_title":"default","ocean_disable_heading":"default","ocean_post_title":"","ocean_post_subheading":"","ocean_post_title_style":"","ocean_post_title_background_color":"","ocean_post_title_background":0,"ocean_post_title_bg_image_position":"","ocean_post_title_bg_image_attachment":"","ocean_post_title_bg_image_repeat":"","ocean_post_title_bg_image_size":"","ocean_post_title_height":0,"ocean_post_title_bg_overlay":0.5,"ocean_post_title_bg_overlay_color":"","ocean_disable_breadcrumbs":"default","ocean_breadcrumbs_color":"","ocean_breadcrumbs_separator_color":"","ocean_breadcrumbs_links_color":"","ocean_breadcrumbs_links_hover_color":"","ocean_display_footer_widgets":"default","ocean_display_footer_bottom":"default","ocean_custom_footer_template":"","footnotes":""},"class_list":["post-1035","page","type-page","status-publish","hentry","entry","owp-thumbs-layout-horizontal","owp-btn-normal","owp-tabs-layout-horizontal","has-no-thumbnails","has-product-nav"],"jetpack_sharing_enabled":true,"_links":{"self":[{"href":"https:\/\/gbl-eshop.net\/es\/wp-json\/wp\/v2\/pages\/1035","targetHints":{"allow":["GET"]}}],"collection":[{"href":"https:\/\/gbl-eshop.net\/es\/wp-json\/wp\/v2\/pages"}],"about":[{"href":"https:\/\/gbl-eshop.net\/es\/wp-json\/wp\/v2\/types\/page"}],"author":[{"embeddable":true,"href":"https:\/\/gbl-eshop.net\/es\/wp-json\/wp\/v2\/users\/1"}],"replies":[{"embeddable":true,"href":"https:\/\/gbl-eshop.net\/es\/wp-json\/wp\/v2\/comments?post=1035"}],"version-history":[{"count":4,"href":"https:\/\/gbl-eshop.net\/es\/wp-json\/wp\/v2\/pages\/1035\/revisions"}],"predecessor-version":[{"id":2666,"href":"https:\/\/gbl-eshop.net\/es\/wp-json\/wp\/v2\/pages\/1035\/revisions\/2666"}],"wp:attachment":[{"href":"https:\/\/gbl-eshop.net\/es\/wp-json\/wp\/v2\/media?parent=1035"}],"curies":[{"name":"wp","href":"https:\/\/api.w.org\/{rel}","templated":true}]}}