{"id":1264,"date":"2024-06-02T15:00:18","date_gmt":"2024-06-02T15:00:18","guid":{"rendered":"https:\/\/linen-vulture-703400.hostingersite.com\/?page_id=1264"},"modified":"2025-09-16T03:55:50","modified_gmt":"2025-09-16T03:55:50","slug":"schutz-gbl-und-ghb","status":"publish","type":"page","link":"https:\/\/gbl-eshop.net\/en\/schutz-gbl-und-ghb\/","title":{"rendered":"Protection"},"content":{"rendered":"<div id=\"ez-toc-container\" class=\"ez-toc-v2_0_82_2 counter-hierarchy ez-toc-counter ez-toc-grey ez-toc-container-direction\">\n<div class=\"ez-toc-title-container\">\n<p class=\"ez-toc-title\" style=\"cursor:inherit\">Table of Contents<\/p>\n<span class=\"ez-toc-title-toggle\"><a href=\"#\" class=\"ez-toc-pull-right ez-toc-btn ez-toc-btn-xs ez-toc-btn-default ez-toc-toggle\" aria-label=\"Toggle Table of Content\"><span class=\"ez-toc-js-icon-con\"><span class=\"\"><span class=\"eztoc-hide\" style=\"display:none;\">Toggle<\/span><span class=\"ez-toc-icon-toggle-span\"><svg style=\"fill: #999;color:#999\" xmlns=\"http:\/\/www.w3.org\/2000\/svg\" class=\"list-377408\" width=\"20px\" height=\"20px\" viewbox=\"0 0 24 24\" fill=\"none\"><path d=\"M6 6H4v2h2V6zm14 0H8v2h12V6zM4 11h2v2H4v-2zm16 0H8v2h12v-2zM4 16h2v2H4v-2zm16 0H8v2h12v-2z\" fill=\"currentColor\"><\/path><\/svg><svg style=\"fill: #999;color:#999\" class=\"arrow-unsorted-368013\" xmlns=\"http:\/\/www.w3.org\/2000\/svg\" width=\"10px\" height=\"10px\" viewbox=\"0 0 24 24\" version=\"1.2\" baseprofile=\"tiny\"><path d=\"M18.2 9.3l-6.2-6.3-6.2 6.3c-.2.2-.3.4-.3.7s.1.5.3.7c.2.2.4.3.7.3h11c.3 0 .5-.1.7-.3.2-.2.3-.5.3-.7s-.1-.5-.3-.7zM5.8 14.7l6.2 6.3 6.2-6.3c.2-.2.3-.5.3-.7s-.1-.5-.3-.7c-.2-.2-.4-.3-.7-.3h-11c-.3 0-.5.1-.7.3-.2.2-.3.5-.3.7s.1.5.3.7z\"\/><\/svg><\/span><\/span><\/span><\/a><\/span><\/div>\n<nav><ul class='ez-toc-list ez-toc-list-level-1' ><li class='ez-toc-page-1 ez-toc-heading-level-2'><a class=\"ez-toc-link ez-toc-heading-1\" href=\"https:\/\/gbl-eshop.net\/en\/schutz-gbl-und-ghb\/#Sicherheits-_und_Sicherheitsleitfaden_fur_GBL_Gamma-Butyrolacton_und_GHB_Gamma-Hydroxybutyrat\" >Safety and safety guide for GBL (gamma-butyrolactone) and GHB (gamma-hydroxybutyrate)<\/a><ul class='ez-toc-list-level-3' ><li class='ez-toc-heading-level-3'><a class=\"ez-toc-link ez-toc-heading-2\" href=\"https:\/\/gbl-eshop.net\/en\/schutz-gbl-und-ghb\/#Ubersicht\" >Overview<\/a><\/li><li class='ez-toc-page-1 ez-toc-heading-level-3'><a class=\"ez-toc-link ez-toc-heading-3\" href=\"https:\/\/gbl-eshop.net\/en\/schutz-gbl-und-ghb\/#Eigenschaften_und_Wirkungen\" >Properties and effects<\/a><\/li><li class='ez-toc-page-1 ez-toc-heading-level-3'><a class=\"ez-toc-link ez-toc-heading-4\" href=\"https:\/\/gbl-eshop.net\/en\/schutz-gbl-und-ghb\/#Rechtlicher_Status\" >Legal status<\/a><\/li><li class='ez-toc-page-1 ez-toc-heading-level-3'><a class=\"ez-toc-link ez-toc-heading-5\" href=\"https:\/\/gbl-eshop.net\/en\/schutz-gbl-und-ghb\/#Sicherheitsrichtlinien\" >Security guidelines<\/a><ul class='ez-toc-list-level-4' ><li class='ez-toc-heading-level-4'><a class=\"ez-toc-link ez-toc-heading-6\" href=\"https:\/\/gbl-eshop.net\/en\/schutz-gbl-und-ghb\/#Dosierung\" >Dosage<\/a><\/li><li class='ez-toc-page-1 ez-toc-heading-level-4'><a class=\"ez-toc-link ez-toc-heading-7\" href=\"https:\/\/gbl-eshop.net\/en\/schutz-gbl-und-ghb\/#Risiken_einer_Uberdosierung\" >Risks of an overdose<\/a><ul class='ez-toc-list-level-6' ><li class='ez-toc-heading-level-6'><ul class='ez-toc-list-level-6' ><li class='ez-toc-heading-level-6'><a class=\"ez-toc-link ez-toc-heading-8\" href=\"https:\/\/gbl-eshop.net\/en\/schutz-gbl-und-ghb\/#Uberdosierungssymptome_umfassen\" >Overdose symptoms include:<\/a><\/li><li class='ez-toc-page-1 ez-toc-heading-level-6'><a class=\"ez-toc-link ez-toc-heading-9\" href=\"https:\/\/gbl-eshop.net\/en\/schutz-gbl-und-ghb\/#Erste_Hilfe_bei_Uberdosierung\" >First aid in case of overdose:<\/a><\/li><\/ul><\/li><\/ul><\/li><\/ul><\/li><li class='ez-toc-page-1 ez-toc-heading-level-3'><a class=\"ez-toc-link ez-toc-heading-10\" href=\"https:\/\/gbl-eshop.net\/en\/schutz-gbl-und-ghb\/#Kombination_mit_anderen_Substanzen\" >Combination with other substances<\/a><\/li><li class='ez-toc-page-1 ez-toc-heading-level-3'><a class=\"ez-toc-link ez-toc-heading-11\" href=\"https:\/\/gbl-eshop.net\/en\/schutz-gbl-und-ghb\/#Schadensminderungsstrategien\" >Loss minimization strategies<\/a><\/li><li class='ez-toc-page-1 ez-toc-heading-level-3'><a class=\"ez-toc-link ez-toc-heading-12\" href=\"https:\/\/gbl-eshop.net\/en\/schutz-gbl-und-ghb\/#Lagerung_und_Handhabung\" >Storage and handling<\/a><\/li><li class='ez-toc-page-1 ez-toc-heading-level-3'><a class=\"ez-toc-link ez-toc-heading-13\" href=\"https:\/\/gbl-eshop.net\/en\/schutz-gbl-und-ghb\/#Sicherheitsbedenken\" >Security concerns<\/a><\/li><li class='ez-toc-page-1 ez-toc-heading-level-3'><a class=\"ez-toc-link ez-toc-heading-14\" href=\"https:\/\/gbl-eshop.net\/en\/schutz-gbl-und-ghb\/#Medizinische_und_Psychologische_Uberlegungen\" >Medical and psychological considerations<\/a><\/li><li class='ez-toc-page-1 ez-toc-heading-level-3'><a class=\"ez-toc-link ez-toc-heading-15\" href=\"https:\/\/gbl-eshop.net\/en\/schutz-gbl-und-ghb\/#Visuelle_Hilfsmittel\" >Visual aids<\/a><ul class='ez-toc-list-level-4' ><li class='ez-toc-heading-level-4'><a class=\"ez-toc-link ez-toc-heading-16\" href=\"https:\/\/gbl-eshop.net\/en\/schutz-gbl-und-ghb\/#Diagramm_der_stabilen_Seitenlage\" >Diagram of the stable lateral position<\/a><\/li><li class='ez-toc-page-1 ez-toc-heading-level-4'><a class=\"ez-toc-link ez-toc-heading-17\" href=\"https:\/\/gbl-eshop.net\/en\/schutz-gbl-und-ghb\/#Beispiel_fur_Dosismessung\" >Example of dose measurement<\/a><\/li><\/ul><\/li><li class='ez-toc-page-1 ez-toc-heading-level-3'><a class=\"ez-toc-link ez-toc-heading-18\" href=\"https:\/\/gbl-eshop.net\/en\/schutz-gbl-und-ghb\/#Fazit\" >Conclusion<\/a><\/li><\/ul><\/li><\/ul><\/nav><\/div>\n<h2 class=\"wp-block-heading\"><span class=\"ez-toc-section\" id=\"Sicherheits-_und_Sicherheitsleitfaden_fur_GBL_Gamma-Butyrolacton_und_GHB_Gamma-Hydroxybutyrat\"><\/span><strong>Safety and safety guide for GBL (gamma-butyrolactone) and GHB (gamma-hydroxybutyrate)<\/strong><span class=\"ez-toc-section-end\"><\/span><\/h2>\n\n\n\n<h3 class=\"wp-block-heading\"><span class=\"ez-toc-section\" id=\"Ubersicht\"><\/span>Overview<span class=\"ez-toc-section-end\"><\/span><\/h3>\n\n\n<div class=\"wp-block-image\">\n<figure class=\"aligncenter size-full\"><img fetchpriority=\"high\" decoding=\"async\" width=\"480\" height=\"480\" src=\"https:\/\/gbl-eshop.net\/wp-content\/uploads\/2024\/06\/77713561_n.jpg\" alt=\"\" class=\"wp-image-1269\" srcset=\"https:\/\/gbl-eshop.net\/wp-content\/uploads\/2024\/06\/77713561_n.jpg 480w, https:\/\/gbl-eshop.net\/wp-content\/uploads\/2024\/06\/77713561_n-100x100.jpg 100w, https:\/\/gbl-eshop.net\/wp-content\/uploads\/2024\/06\/77713561_n-300x300.jpg 300w, https:\/\/gbl-eshop.net\/wp-content\/uploads\/2024\/06\/77713561_n-150x150.jpg 150w\" sizes=\"(max-width: 480px) 100vw, 480px\" \/><\/figure>\n<\/div>\n\n\n<p><strong>GBL (gamma-butyrolactone)<\/strong> and <strong>GHB (gamma-hydroxybutyrate)<\/strong> are substances that have legitimate industrial and medical uses, but are also used recreationally. Both substances can be dangerous if abused and have a potential for dependence, overdose and legal consequences.<\/p>\n\n\n\n<h3 class=\"wp-block-heading\"><span class=\"ez-toc-section\" id=\"Eigenschaften_und_Wirkungen\"><\/span>Properties and effects<span class=\"ez-toc-section-end\"><\/span><\/h3>\n\n\n\n<figure class=\"wp-block-table\"><table><thead><tr><th>Feature<\/th><th>GBL<\/th><th>GHB<\/th><\/tr><\/thead><tbody><tr><td>Chemical formula<\/td><td>C\u2084H\u2086O\u2082<\/td><td>C\u2084H\u2088O\u2083<\/td><\/tr><tr><td>Frequent applications<\/td><td>Solvent, cleaning agent, precursor<\/td><td>Medical use (narcolepsy, anesthesia), leisure<\/td><\/tr><tr><td>Onset of action<\/td><td>10-60 minutes<\/td><td>15-30 minutes<\/td><\/tr><tr><td>Duration of effect<\/td><td>1.5-4 hours<\/td><td>1.5-4 hours<\/td><\/tr><tr><td>Effects<\/td><td>Euphoria, relaxation, drowsiness<\/td><td>Euphoria, relaxation, drowsiness<\/td><\/tr><\/tbody><\/table><\/figure>\n\n\n\n<h3 class=\"wp-block-heading\"><span class=\"ez-toc-section\" id=\"Rechtlicher_Status\"><\/span>Legal status<span class=\"ez-toc-section-end\"><\/span><\/h3>\n\n\n\n<figure class=\"wp-block-table\"><table><thead><tr><th>Country\/Region<\/th><th>GBL<\/th><th>GHB<\/th><\/tr><\/thead><tbody><tr><td>United States<\/td><td>Not federally classified, but controlled by analog laws<\/td><td>List I (non-medical use), List III (Xyrem)<\/td><\/tr><tr><td>European Union<\/td><td>Controlled in many countries<\/td><td>Controlled substance<\/td><\/tr><tr><td>Australia<\/td><td>Controlled preliminary stage<\/td><td>List I<\/td><\/tr><tr><td>Canada<\/td><td>Controlled<\/td><td>Controlled<\/td><\/tr><\/tbody><\/table><\/figure>\n\n\n\n<h3 class=\"wp-block-heading\"><span class=\"ez-toc-section\" id=\"Sicherheitsrichtlinien\"><\/span>Security guidelines<span class=\"ez-toc-section-end\"><\/span><\/h3>\n\n\n\n<h4 class=\"wp-block-heading\"><span class=\"ez-toc-section\" id=\"Dosierung\"><\/span>Dosage<span class=\"ez-toc-section-end\"><\/span><\/h4>\n\n\n\n<ul class=\"wp-block-list\">\n<li><strong>GBL<\/strong>Typical recreational doses range from 0.5 to 2.5 ml. Higher doses increase the risk of severe side effects.<\/li>\n\n\n\n<li><strong>GHB<\/strong>Typical doses range from 0.5 to 3 grams. The risk of overdose is high due to the small difference between a recreational dose and an overdose.<\/li>\n<\/ul>\n\n\n\n<p><strong>Note:<\/strong> The individual tolerance varies greatly. Always start with the lowest possible dose to assess tolerance.<\/p>\n\n\n\n<h4 class=\"wp-block-heading\"><span class=\"ez-toc-section\" id=\"Risiken_einer_Uberdosierung\"><\/span>Risks of an overdose<span class=\"ez-toc-section-end\"><\/span><\/h4>\n\n\n\n<h6 class=\"wp-block-heading\"><span class=\"ez-toc-section\" id=\"Uberdosierungssymptome_umfassen\"><\/span>Overdose symptoms include:<span class=\"ez-toc-section-end\"><\/span><\/h6>\n\n\n\n<ul class=\"wp-block-list\">\n<li>Unconsciousness<\/li>\n\n\n\n<li>Cramps<\/li>\n\n\n\n<li>Slow or irregular breathing<\/li>\n\n\n\n<li>Vomiting<\/li>\n\n\n\n<li>Loss of coordination<\/li>\n<\/ul>\n\n\n\n<h6 class=\"wp-block-heading\"><span class=\"ez-toc-section\" id=\"Erste_Hilfe_bei_Uberdosierung\"><\/span><strong>First aid in case of overdose:<\/strong><span class=\"ez-toc-section-end\"><\/span><\/h6>\n\n\n\n<ol class=\"wp-block-list\">\n<li><strong>Call the emergency services immediately.<\/strong><\/li>\n\n\n\n<li><strong>Place the person in the recovery position<\/strong>to prevent suffocation.<\/li>\n\n\n\n<li><strong>Monitor your breathing<\/strong> and be prepared to perform cardiopulmonary resuscitation if necessary.<\/li>\n\n\n\n<li><strong>Do not leave the person alone<\/strong>until help arrives.<\/li>\n<\/ol>\n\n\n\n<h3 class=\"wp-block-heading\"><span class=\"ez-toc-section\" id=\"Kombination_mit_anderen_Substanzen\"><\/span>Combination with other substances<span class=\"ez-toc-section-end\"><\/span><\/h3>\n\n\n\n<ul class=\"wp-block-list\">\n<li><strong>Alcohol<\/strong>: Greatly increases the risk of overdose and death.<\/li>\n\n\n\n<li><strong>Benzodiazepines<\/strong>Also increases the risk of severe respiratory depression and death.<\/li>\n\n\n\n<li><strong>Stimulants (e.g. cocaine, amphetamines)<\/strong>May mask the depressant effects, which can lead to unexpected overdose.<\/li>\n<\/ul>\n\n\n\n<h3 class=\"wp-block-heading\"><span class=\"ez-toc-section\" id=\"Schadensminderungsstrategien\"><\/span>Loss minimization strategies<span class=\"ez-toc-section-end\"><\/span><\/h3>\n\n\n\n<ol class=\"wp-block-list\">\n<li><strong>Do not use alone.<\/strong> Always have a sober person present.<\/li>\n\n\n\n<li><strong>Not with other depressants<\/strong> such as alcohol or benzodiazepines.<\/li>\n\n\n\n<li><strong>Measure the cans accurately<\/strong> with a syringe or pipette.<\/li>\n\n\n\n<li><strong>Start with a low dose<\/strong>to evaluate the reaction of your body.<\/li>\n\n\n\n<li><strong>Stay hydrated<\/strong>but avoid drinking large amounts of water in a short period of time.<\/li>\n\n\n\n<li><strong>Keep emergency contacts and information<\/strong> ready.<\/li>\n<\/ol>\n\n\n\n<h3 class=\"wp-block-heading\"><span class=\"ez-toc-section\" id=\"Lagerung_und_Handhabung\"><\/span>Storage and handling<span class=\"ez-toc-section-end\"><\/span><\/h3>\n\n\n\n<ul class=\"wp-block-list\">\n<li><strong>Store in a cool, dry place<\/strong>away from direct sunlight.<\/li>\n\n\n\n<li><strong>Keep out of the reach of children and pets.<\/strong><\/li>\n\n\n\n<li><strong>Mark containers clearly<\/strong>to avoid inadvertent receipts.<\/li>\n\n\n\n<li><strong>Use suitable protective equipment<\/strong> (gloves, safety goggles) when handling GBL due to its solvent properties.<\/li>\n<\/ul>\n\n\n\n<h3 class=\"wp-block-heading\"><span class=\"ez-toc-section\" id=\"Sicherheitsbedenken\"><\/span>Security concerns<span class=\"ez-toc-section-end\"><\/span><\/h3>\n\n\n\n<ol class=\"wp-block-list\">\n<li><strong>Safe storage<\/strong>Ensure that GBL and GHB are stored in a locked area.<\/li>\n\n\n\n<li><strong>Monitoring usage<\/strong>Track volumes to detect unauthorized use.<\/li>\n\n\n\n<li><strong>Compliance with legal regulations<\/strong>Observe local regulations regarding the purchase, storage and use of these substances.<\/li>\n<\/ol>\n\n\n\n<h3 class=\"wp-block-heading\"><span class=\"ez-toc-section\" id=\"Medizinische_und_Psychologische_Uberlegungen\"><\/span>Medical and psychological considerations<span class=\"ez-toc-section-end\"><\/span><\/h3>\n\n\n\n<ul class=\"wp-block-list\">\n<li><strong>Dependence and withdrawal<\/strong>Both substances can be addictive. Withdrawal symptoms can include anxiety, tremors, insomnia and, in severe cases, convulsions.<\/li>\n\n\n\n<li><strong>Seek professional help<\/strong>If you or someone you know is struggling with addiction, seek medical and psychological help.<\/li>\n<\/ul>\n\n\n\n<h3 class=\"wp-block-heading\"><span class=\"ez-toc-section\" id=\"Visuelle_Hilfsmittel\"><\/span>Visual aids<span class=\"ez-toc-section-end\"><\/span><\/h3>\n\n\n\n<h4 class=\"wp-block-heading\"><span class=\"ez-toc-section\" id=\"Diagramm_der_stabilen_Seitenlage\"><\/span>Diagram of the stable lateral position<span class=\"ez-toc-section-end\"><\/span><\/h4>\n\n\n\n<figure class=\"wp-block-image\"><img decoding=\"async\" src=\"https:\/\/www.stjohn.org.nz\/assets\/First-Aid\/Recovery-position.jpg\" alt=\"Stabile Seitenlage\"\/><\/figure>\n\n\n\n<h4 class=\"wp-block-heading\"><span class=\"ez-toc-section\" id=\"Beispiel_fur_Dosismessung\"><\/span>Example of dose measurement<span class=\"ez-toc-section-end\"><\/span><\/h4>\n\n\n\n<figure class=\"wp-block-image\"><img decoding=\"async\" src=\"https:\/\/images-na.ssl-images-amazon.com\/images\/I\/61UogXBMy-L._AC_SL1500_.jpg\" alt=\"Dosismessung\"\/><\/figure>\n\n\n\n<h3 class=\"wp-block-heading\"><span class=\"ez-toc-section\" id=\"Fazit\"><\/span>Conclusion<span class=\"ez-toc-section-end\"><\/span><\/h3>\n\n\n\n<p>GBL and GHB can be dangerous if misused. Understanding the properties, risks and safety measures is crucial to avoid harm. Always follow harm reduction practices and legal requirements.<\/p>\n\n\n\n<p>For more information, consult healthcare professionals and authoritative sources on substance use and harm reduction.<\/p>","protected":false},"excerpt":{"rendered":"<p>Sicherheits- und Sicherheitsleitfaden f\u00fcr GBL (Gamma-Butyrolacton) und GHB (Gamma-Hydroxybutyrat) \u00dcbersicht GBL (Gamma-Butyrolacton) und GHB (Gamma-Hydroxybutyrat) sind Substanzen, die legitime industrielle und medizinische Anwendungen haben, aber auch aus Freizeitgr\u00fcnden verwendet werden. Beide Substanzen k\u00f6nnen gef\u00e4hrlich sein, wenn sie missbraucht werden, und haben ein Potenzial f\u00fcr Abh\u00e4ngigkeit, \u00dcberdosierung und rechtliche Konsequenzen. Eigenschaften und Wirkungen Eigenschaft GBL GHB [&hellip;]<\/p>\n","protected":false},"author":1,"featured_media":0,"parent":0,"menu_order":0,"comment_status":"closed","ping_status":"closed","template":"","meta":{"ocean_post_layout":"","ocean_both_sidebars_style":"","ocean_both_sidebars_content_width":0,"ocean_both_sidebars_sidebars_width":0,"ocean_sidebar":"","ocean_second_sidebar":"","ocean_disable_margins":"enable","ocean_add_body_class":"","ocean_shortcode_before_top_bar":"","ocean_shortcode_after_top_bar":"","ocean_shortcode_before_header":"","ocean_shortcode_after_header":"","ocean_has_shortcode":"","ocean_shortcode_after_title":"","ocean_shortcode_before_footer_widgets":"","ocean_shortcode_after_footer_widgets":"","ocean_shortcode_before_footer_bottom":"","ocean_shortcode_after_footer_bottom":"","ocean_display_top_bar":"default","ocean_display_header":"default","ocean_header_style":"","ocean_center_header_left_menu":"","ocean_custom_header_template":"","ocean_custom_logo":0,"ocean_custom_retina_logo":0,"ocean_custom_logo_max_width":0,"ocean_custom_logo_tablet_max_width":0,"ocean_custom_logo_mobile_max_width":0,"ocean_custom_logo_max_height":0,"ocean_custom_logo_tablet_max_height":0,"ocean_custom_logo_mobile_max_height":0,"ocean_header_custom_menu":"","ocean_menu_typo_font_family":"","ocean_menu_typo_font_subset":"","ocean_menu_typo_font_size":0,"ocean_menu_typo_font_size_tablet":0,"ocean_menu_typo_font_size_mobile":0,"ocean_menu_typo_font_size_unit":"px","ocean_menu_typo_font_weight":"","ocean_menu_typo_font_weight_tablet":"","ocean_menu_typo_font_weight_mobile":"","ocean_menu_typo_transform":"","ocean_menu_typo_transform_tablet":"","ocean_menu_typo_transform_mobile":"","ocean_menu_typo_line_height":0,"ocean_menu_typo_line_height_tablet":0,"ocean_menu_typo_line_height_mobile":0,"ocean_menu_typo_line_height_unit":"","ocean_menu_typo_spacing":0,"ocean_menu_typo_spacing_tablet":0,"ocean_menu_typo_spacing_mobile":0,"ocean_menu_typo_spacing_unit":"","ocean_menu_link_color":"","ocean_menu_link_color_hover":"","ocean_menu_link_color_active":"","ocean_menu_link_background":"","ocean_menu_link_hover_background":"","ocean_menu_link_active_background":"","ocean_menu_social_links_bg":"","ocean_menu_social_hover_links_bg":"","ocean_menu_social_links_color":"","ocean_menu_social_hover_links_color":"","ocean_disable_title":"default","ocean_disable_heading":"default","ocean_post_title":"","ocean_post_subheading":"","ocean_post_title_style":"","ocean_post_title_background_color":"","ocean_post_title_background":0,"ocean_post_title_bg_image_position":"","ocean_post_title_bg_image_attachment":"","ocean_post_title_bg_image_repeat":"","ocean_post_title_bg_image_size":"","ocean_post_title_height":0,"ocean_post_title_bg_overlay":0.5,"ocean_post_title_bg_overlay_color":"","ocean_disable_breadcrumbs":"default","ocean_breadcrumbs_color":"","ocean_breadcrumbs_separator_color":"","ocean_breadcrumbs_links_color":"","ocean_breadcrumbs_links_hover_color":"","ocean_display_footer_widgets":"default","ocean_display_footer_bottom":"default","ocean_custom_footer_template":"","footnotes":""},"class_list":["post-1264","page","type-page","status-publish","hentry","entry","owp-thumbs-layout-horizontal","owp-btn-normal","owp-tabs-layout-horizontal","has-no-thumbnails","has-product-nav"],"jetpack_sharing_enabled":true,"_links":{"self":[{"href":"https:\/\/gbl-eshop.net\/en\/wp-json\/wp\/v2\/pages\/1264","targetHints":{"allow":["GET"]}}],"collection":[{"href":"https:\/\/gbl-eshop.net\/en\/wp-json\/wp\/v2\/pages"}],"about":[{"href":"https:\/\/gbl-eshop.net\/en\/wp-json\/wp\/v2\/types\/page"}],"author":[{"embeddable":true,"href":"https:\/\/gbl-eshop.net\/en\/wp-json\/wp\/v2\/users\/1"}],"replies":[{"embeddable":true,"href":"https:\/\/gbl-eshop.net\/en\/wp-json\/wp\/v2\/comments?post=1264"}],"version-history":[{"count":4,"href":"https:\/\/gbl-eshop.net\/en\/wp-json\/wp\/v2\/pages\/1264\/revisions"}],"predecessor-version":[{"id":2636,"href":"https:\/\/gbl-eshop.net\/en\/wp-json\/wp\/v2\/pages\/1264\/revisions\/2636"}],"wp:attachment":[{"href":"https:\/\/gbl-eshop.net\/en\/wp-json\/wp\/v2\/media?parent=1264"}],"curies":[{"name":"wp","href":"https:\/\/api.w.org\/{rel}","templated":true}]}}