{"id":1304,"date":"2024-06-02T20:09:32","date_gmt":"2024-06-02T20:09:32","guid":{"rendered":"https:\/\/linen-vulture-703400.hostingersite.com\/?post_type=product&#038;p=1304"},"modified":"2026-03-08T11:05:10","modified_gmt":"2026-03-08T11:05:10","slug":"gamma-hydroxybutyrat","status":"publish","type":"product","link":"https:\/\/gbl-eshop.net\/cs\/product\/gamma-hydroxybutyrat\/","title":{"rendered":"Gama-hydroxybutyr\u00e1t (GHB)"},"content":{"rendered":"<h2>GHB (gama-hydroxybutyr\u00e1t): Vysoce kvalitn\u00ed slou\u010denina pro \u0161irokou \u0161k\u00e1lu pr\u016fmyslov\u00fdch a farmaceutick\u00fdch aplikac\u00ed.<\/h2>\n<p><span class=\"___SText_lyret-ko_\" data-ui-name=\"Link.Text\">Gama hydroxybutyr\u00e1t<\/span> (GHB) je univerz\u00e1ln\u00ed, vysoce \u010dist\u00e1 slou\u010denina, kter\u00e1 se hojn\u011b pou\u017e\u00edv\u00e1 v r\u016fzn\u00fdch pr\u016fmyslov\u00fdch a farmaceutick\u00fdch oborech. GHB je zn\u00e1m\u00fd svou \u00fa\u010dinnost\u00ed a spolehlivost\u00ed a je nezbytn\u00fd pro v\u00fdrobu l\u00e9\u010div, v\u00fdzkumn\u00fdch slou\u010denin a dal\u0161\u00edch specializovan\u00fdch aplikac\u00ed. D\u00edky sv\u00fdm jedine\u010dn\u00fdm vlastnostem je cenn\u00fd tak\u00e9 p\u0159i synt\u00e9ze mnoha chemick\u00fdch slou\u010denin, co\u017e p\u0159isp\u00edv\u00e1 k pokroku v mnoha odv\u011btv\u00edch. G<span class=\"___SText_lyret-ko_\" data-ui-name=\"Link.Text\">amma hydroxybutyr\u00e1t<\/span><\/p>\n<h3>Pro\u010d si vybrat GHB?<\/h3>\n<p>- Vynikaj\u00edc\u00ed kvalita: Na\u0161e <a href=\"https:\/\/en.wikipedia.org\/wiki\/Gamma-Hydroxybutyric_acid\" target=\"_blank\" rel=\"noopener\">GHB<\/a> je vyr\u00e1b\u011bn podle nejvy\u0161\u0161\u00edch standard\u016f a zaji\u0161\u0165uje st\u00e1lou kvalitu a \u010distotu ka\u017ed\u00e9 \u0161ar\u017ee.<br \/>\n- V\u0161estrannost: \u0160irok\u00e1 \u0161k\u00e1la pou\u017eit\u00ed GHB z n\u011bj \u010din\u00ed nepostradatelnou slou\u010deninu ve farmaceutick\u00e9m pr\u016fmyslu, v\u00fdzkumu a dal\u0161\u00edch pr\u016fmyslov\u00fdch odv\u011btv\u00edch.<br \/>\n- Spolehlivost: GHB (gama-hydroxybutyr\u00e1t), kter\u00fd je oce\u0148ov\u00e1n profesion\u00e1ly, poskytuje konzistentn\u00ed v\u00fdkon, a proto je preferovanou volbou pro r\u016fzn\u00e9 aplikace. Gama-hydroxybutyr\u00e1t<\/p>\n<h3>Aplikace GHB (gama hydroxybutyr\u00e1tu)<\/h3>\n<p>1. farmaceutick\u00e9 v\u00fdrobky: GHB je d\u016fle\u017eit\u00fdm meziproduktem p\u0159i synt\u00e9ze n\u011bkolika farmaceutick\u00fdch slou\u010denin a podporuje v\u00fdvoj \u00fa\u010dinn\u00fdch l\u00e9\u010div.<br \/>\n2. v\u00fdzkum a v\u00fdvoj: D\u00edky sv\u00fdm jedine\u010dn\u00fdm chemick\u00fdm vlastnostem je GHB (gama-hydroxybutyr\u00e1t) cenn\u00fd ve v\u011bdeck\u00e9m v\u00fdzkumu a podporuje pr\u016flomov\u00e9 objevy v r\u016fzn\u00fdch oblastech studia.<br \/>\n3 **Chemick\u00e1 synt\u00e9za: GHB se pou\u017e\u00edv\u00e1 p\u0159i v\u00fdrob\u011b \u0159ady chemick\u00fdch l\u00e1tek a zvy\u0161uje \u00fa\u010dinnost a efektivitu synt\u00e9zn\u00edch proces\u016f.<br \/>\n4 **Pr\u016fmyslov\u00e9 aplikace: D\u00edky sv\u00fdm rozpou\u0161t\u011bc\u00edm vlastnostem je GHB u\u017eite\u010dn\u00fd v n\u011bkter\u00fdch pr\u016fmyslov\u00fdch procesech a p\u0159isp\u00edv\u00e1 k lep\u0161\u00edm v\u00fdsledk\u016fm a vy\u0161\u0161\u00ed kvalit\u011b v\u00fdrobk\u016f.<\/p>\n<h3>Kvalita a bezpe\u010dnost<\/h3>\n<p>N\u00e1\u0161 GHB se vyr\u00e1b\u00ed pod p\u0159\u00edsnou kontrolou kvality, aby spl\u0148oval v\u0161echny regula\u010dn\u00ed normy. Klademe velk\u00fd d\u016fraz na bezpe\u010dnost a dodr\u017eov\u00e1n\u00ed p\u0159edpis\u016f t\u00edm, \u017ee poskytujeme podrobn\u00e9 bezpe\u010dnostn\u00ed listy (SDS) a \u0159\u00e1dn\u00e9 zna\u010den\u00ed, abychom zajistili bezpe\u010dn\u00e9 zach\u00e1zen\u00ed a pou\u017e\u00edv\u00e1n\u00ed. N\u00e1\u0161 z\u00e1vazek ke kvalit\u011b zaru\u010duje, \u017ee obdr\u017e\u00edte v\u00fdrobek, kter\u00fd spl\u0148uje va\u0161e nejvy\u0161\u0161\u00ed o\u010dek\u00e1v\u00e1n\u00ed. G<span class=\"___SText_lyret-ko_\" data-ui-name=\"Link.Text\">amma hydroxybutyr\u00e1t<\/span><\/p>\n<h3>V\u00fdhody n\u00e1kupu GHB u n\u00e1s<\/h3>\n<p>- Konkuren\u010dn\u00ed ceny: Nab\u00edz\u00edme GHB za konkurenceschopn\u00e9 ceny, kter\u00e9 zaji\u0161\u0165uj\u00ed vynikaj\u00edc\u00ed hodnotu bez kompromis\u016f v kvalit\u011b.<br \/>\n- Spolehliv\u00fd dodavatelsk\u00fd \u0159et\u011bzec: N\u00e1\u0161 robustn\u00ed dodavatelsk\u00fd \u0159et\u011bzec zaru\u010duje v\u010dasn\u00e9 dod\u00e1vky a st\u00e1lou dostupnost GHB, \u010d\u00edm\u017e minimalizuje naru\u0161en\u00ed provozu.<br \/>\n- Odborn\u00e1 podpora: N\u00e1\u0161 zku\u0161en\u00fd t\u00fdm je p\u0159ipraven poskytnout v\u00e1m technickou podporu a zodpov\u011bd\u011bt ve\u0161ker\u00e9 dotazy t\u00fdkaj\u00edc\u00ed se GHB, abyste z n\u011bj mohli vyt\u011b\u017eit maximum. G<span class=\"___SText_lyret-ko_\" data-ui-name=\"Link.Text\">amma hydroxybutyr\u00e1t<\/span><\/p>\n<h3>\u00a0Zlep\u0161en\u00ed pr\u016fmyslov\u00fdch a farmaceutick\u00fdch proces\u016f<\/h3>\n<p>Investice do na\u0161ich vysoce kvalitn\u00edch GHB m\u016f\u017ee v\u00fdrazn\u011b zlep\u0161it efektivitu a \u00fa\u010dinnost va\u0161ich proces\u016f. A\u0165 u\u017e se jedn\u00e1 o farmaceutick\u00fd pr\u016fmysl, v\u00fdzkum nebo chemickou synt\u00e9zu, na\u0161e GHB nab\u00edz\u00ed spolehlivost a v\u00fdkon, kter\u00e9 pot\u0159ebujete k \u00fasp\u011bchu. Gama hydroxybutyr\u00e1t<\/p>\n<h3>\u00a0Spojte se s n\u00e1mi<\/h3>\n<p>Zlep\u0161ete sv\u00e9 schopnosti pomoc\u00ed na\u0161eho rozpou\u0161t\u011bdla prvot\u0159\u00eddn\u00ed kvality. Kontaktujte n\u00e1s je\u0161t\u011b dnes, abyste se dozv\u011bd\u011bli v\u00edce o na\u0161\u00ed nab\u00eddce produkt\u016f a zjistili, jak m\u016f\u017ee GHB prosp\u011bt va\u0161emu provozu. S na\u0161\u00edm GHB si vyb\u00edr\u00e1te produkt, kter\u00fd nab\u00edz\u00ed v\u00fdjime\u010dn\u00fd v\u00fdkon, konzistentn\u00ed kvalitu a bezkonkuren\u010dn\u00ed spolehlivost pro \u0161irokou \u0161k\u00e1lu aplikac\u00ed. <a href=\"https:\/\/gbl-eshop.net\/cs\/product\/gamma-hydroxybutyrat-ghb\/\">Koupit gama-hydroxybutyr\u00e1t online<\/a><\/p>\n<p>V\u00fdb\u011brem na\u0161eho GHB realizujete strategickou investici do produktu, kter\u00fd podporuje r\u016fst a provozn\u00ed dokonalost va\u0161\u00ed spole\u010dnosti v r\u016fzn\u00fdch odv\u011btv\u00edch. G<span class=\"___SText_lyret-ko_\" data-ui-name=\"Link.Text\">amma hydroxybutyr\u00e1t<\/span><\/p>\n<h3>V\u00fdhody GHB (gama-hydroxybutyr\u00e1tu)<\/h3>\n<p>1. farmaceutick\u00e9 aplikace: GHB je cenn\u00fdm meziproduktem p\u0159i synt\u00e9ze r\u016fzn\u00fdch l\u00e9\u010div pou\u017e\u00edvan\u00fdch k l\u00e9\u010db\u011b poruch sp\u00e1nku, narkolepsie a z\u00e1vislosti na alkoholu.<br \/>\n2. v\u00fdzkum a v\u00fdvoj: D\u00edky sv\u00fdm jedine\u010dn\u00fdm chemick\u00fdm vlastnostem <a href=\"https:\/\/www.youtube.com\/watch?v=kMfwq41lYa8\" target=\"_blank\" rel=\"noopener\">GHB<\/a> d\u016fle\u017eit\u00fdm n\u00e1strojem ve v\u011bdeck\u00e9m v\u00fdzkumu, kter\u00fd p\u0159isp\u011bl k pr\u016flomov\u00fdm objev\u016fm v neurov\u011bd\u00e1ch a dal\u0161\u00edch oborech. G<span class=\"___SText_lyret-ko_\" data-ui-name=\"Link.Text\">amma hydroxybutyr\u00e1t<\/span><br \/>\n3. chemick\u00e1 synt\u00e9za: GHB se pou\u017e\u00edv\u00e1 p\u0159i v\u00fdrob\u011b mnoha chemick\u00fdch slou\u010denin, co\u017e zvy\u0161uje \u00fa\u010dinnost a efektivitu synt\u00e9zn\u00edch proces\u016f.<br \/>\n4. pr\u016fmyslov\u00e9 aplikace: D\u00edky sv\u00fdm rozpou\u0161t\u011bc\u00edm vlastnostem je GHB u\u017eite\u010dn\u00fd v n\u011bkter\u00fdch pr\u016fmyslov\u00fdch procesech, nap\u0159. p\u0159i v\u00fdrob\u011b detergent\u016f a rozpou\u0161t\u011bdel.<br \/>\n5. Bezpe\u010dn\u00e9 zach\u00e1zen\u00ed: P\u0159i spr\u00e1vn\u00e9m pou\u017e\u00edv\u00e1n\u00ed a v souladu s bezpe\u010dnostn\u00edmi pokyny je GHB bezpe\u010dn\u00fdm a spolehliv\u00fdm n\u00e1strojem pro r\u016fzn\u00e9 aplikace. Gama hydroxybutyr\u00e1t<span class=\"___SText_lyret-ko_\" data-ui-name=\"Link.Text\">\u00a0koupit<\/span><\/p>\n<p><a href=\"https:\/\/gbl-eshop.net\/cs\/\">Kontakt pro dal\u0161\u00ed informace a dotazy<\/a><\/p>","protected":false},"excerpt":{"rendered":"<p>Gama-hydroxybutyr\u00e1t (GHB) je univerz\u00e1ln\u00ed, vysoce \u010dist\u00e1 slou\u010denina, ide\u00e1ln\u00ed pro farmaceutick\u00e9, pr\u016fmyslov\u00e9 a v\u00fdzkumn\u00e9 aplikace. Nejvy\u0161\u0161\u00ed kvalita a bezpe\u010dn\u00e9 dod\u00e1n\u00ed zaru\u010deny.<\/p>","protected":false},"featured_media":1305,"comment_status":"open","ping_status":"closed","template":"","meta":{"ocean_post_layout":"","ocean_both_sidebars_style":"","ocean_both_sidebars_content_width":0,"ocean_both_sidebars_sidebars_width":0,"ocean_sidebar":"0","ocean_second_sidebar":"0","ocean_disable_margins":"enable","ocean_add_body_class":"","ocean_shortcode_before_top_bar":"","ocean_shortcode_after_top_bar":"","ocean_shortcode_before_header":"","ocean_shortcode_after_header":"","ocean_has_shortcode":"","ocean_shortcode_after_title":"","ocean_shortcode_before_footer_widgets":"","ocean_shortcode_after_footer_widgets":"","ocean_shortcode_before_footer_bottom":"","ocean_shortcode_after_footer_bottom":"","ocean_display_top_bar":"default","ocean_display_header":"default","ocean_header_style":"","ocean_center_header_left_menu":"0","ocean_custom_header_template":"0","ocean_custom_logo":0,"ocean_custom_retina_logo":0,"ocean_custom_logo_max_width":0,"ocean_custom_logo_tablet_max_width":0,"ocean_custom_logo_mobile_max_width":0,"ocean_custom_logo_max_height":0,"ocean_custom_logo_tablet_max_height":0,"ocean_custom_logo_mobile_max_height":0,"ocean_header_custom_menu":"0","ocean_menu_typo_font_family":"0","ocean_menu_typo_font_subset":"","ocean_menu_typo_font_size":0,"ocean_menu_typo_font_size_tablet":0,"ocean_menu_typo_font_size_mobile":0,"ocean_menu_typo_font_size_unit":"px","ocean_menu_typo_font_weight":"","ocean_menu_typo_font_weight_tablet":"","ocean_menu_typo_font_weight_mobile":"","ocean_menu_typo_transform":"","ocean_menu_typo_transform_tablet":"","ocean_menu_typo_transform_mobile":"","ocean_menu_typo_line_height":0,"ocean_menu_typo_line_height_tablet":0,"ocean_menu_typo_line_height_mobile":0,"ocean_menu_typo_line_height_unit":"","ocean_menu_typo_spacing":0,"ocean_menu_typo_spacing_tablet":0,"ocean_menu_typo_spacing_mobile":0,"ocean_menu_typo_spacing_unit":"","ocean_menu_link_color":"","ocean_menu_link_color_hover":"","ocean_menu_link_color_active":"","ocean_menu_link_background":"","ocean_menu_link_hover_background":"","ocean_menu_link_active_background":"","ocean_menu_social_links_bg":"","ocean_menu_social_hover_links_bg":"","ocean_menu_social_links_color":"","ocean_menu_social_hover_links_color":"","ocean_disable_title":"default","ocean_disable_heading":"default","ocean_post_title":"","ocean_post_subheading":"","ocean_post_title_style":"","ocean_post_title_background_color":"","ocean_post_title_background":0,"ocean_post_title_bg_image_position":"","ocean_post_title_bg_image_attachment":"","ocean_post_title_bg_image_repeat":"","ocean_post_title_bg_image_size":"","ocean_post_title_height":0,"ocean_post_title_bg_overlay":0.5,"ocean_post_title_bg_overlay_color":"","ocean_disable_breadcrumbs":"default","ocean_breadcrumbs_color":"","ocean_breadcrumbs_separator_color":"","ocean_breadcrumbs_links_color":"","ocean_breadcrumbs_links_hover_color":"","ocean_display_footer_widgets":"default","ocean_display_footer_bottom":"default","ocean_custom_footer_template":"0"},"product_brand":[],"product_cat":[63],"product_tag":[79,81,80],"class_list":{"0":"post-1304","1":"product","2":"type-product","3":"status-publish","4":"has-post-thumbnail","6":"product_cat-ghb-gamma-hydroxybutyrate","7":"product_tag-gamma-hydroxybutyrat","8":"product_tag-gamma-hydroxybutyrat-hitze","9":"product_tag-gamma-hydroxybutyrat-kaufen","11":"entry","12":"has-media","14":"first","15":"instock","16":"sale","17":"featured","18":"shipping-taxable","19":"purchasable","20":"product-type-variable","21":"has-rating","22":"has-product-nav","23":"col","24":"span_1_of_3","25":"owp-content-center","26":"owp-thumbs-layout-horizontal","27":"owp-btn-normal","28":"owp-tabs-layout-horizontal"},"jetpack_sharing_enabled":true,"_links":{"self":[{"href":"https:\/\/gbl-eshop.net\/cs\/wp-json\/wp\/v2\/product\/1304","targetHints":{"allow":["GET"]}}],"collection":[{"href":"https:\/\/gbl-eshop.net\/cs\/wp-json\/wp\/v2\/product"}],"about":[{"href":"https:\/\/gbl-eshop.net\/cs\/wp-json\/wp\/v2\/types\/product"}],"replies":[{"embeddable":true,"href":"https:\/\/gbl-eshop.net\/cs\/wp-json\/wp\/v2\/comments?post=1304"}],"wp:featuredmedia":[{"embeddable":true,"href":"https:\/\/gbl-eshop.net\/cs\/wp-json\/wp\/v2\/media\/1305"}],"wp:attachment":[{"href":"https:\/\/gbl-eshop.net\/cs\/wp-json\/wp\/v2\/media?parent=1304"}],"wp:term":[{"taxonomy":"product_brand","embeddable":true,"href":"https:\/\/gbl-eshop.net\/cs\/wp-json\/wp\/v2\/product_brand?post=1304"},{"taxonomy":"product_cat","embeddable":true,"href":"https:\/\/gbl-eshop.net\/cs\/wp-json\/wp\/v2\/product_cat?post=1304"},{"taxonomy":"product_tag","embeddable":true,"href":"https:\/\/gbl-eshop.net\/cs\/wp-json\/wp\/v2\/product_tag?post=1304"}],"curies":[{"name":"wp","href":"https:\/\/api.w.org\/{rel}","templated":true}]}}