{"id":1272,"date":"2024-06-02T16:00:11","date_gmt":"2024-06-02T16:00:11","guid":{"rendered":"https:\/\/linen-vulture-703400.hostingersite.com\/?page_id=1272"},"modified":"2024-06-02T16:00:12","modified_gmt":"2024-06-02T16:00:12","slug":"faqs","status":"publish","type":"page","link":"https:\/\/gbl-eshop.net\/cs\/faqs\/","title":{"rendered":"Nej\u010dast\u011bj\u0161\u00ed dotazy"},"content":{"rendered":"<div id=\"ez-toc-container\" class=\"ez-toc-v2_0_82_2 counter-hierarchy ez-toc-counter ez-toc-grey ez-toc-container-direction\">\n<div class=\"ez-toc-title-container\">\n<p class=\"ez-toc-title\" style=\"cursor:inherit\">Obsah<\/p>\n<span class=\"ez-toc-title-toggle\"><a href=\"#\" class=\"ez-toc-pull-right ez-toc-btn ez-toc-btn-xs ez-toc-btn-default ez-toc-toggle\" aria-label=\"P\u0159epnut\u00ed tabulky obsahu\"><span class=\"ez-toc-js-icon-con\"><span class=\"\"><span class=\"eztoc-hide\" style=\"display:none;\">P\u0159ep\u00edna\u010d<\/span><span class=\"ez-toc-icon-toggle-span\"><svg style=\"fill: #999;color:#999\" xmlns=\"http:\/\/www.w3.org\/2000\/svg\" class=\"list-377408\" width=\"20px\" height=\"20px\" viewbox=\"0 0 24 24\" fill=\"none\"><path d=\"M6 6H4v2h2V6zm14 0H8v2h12V6zM4 11h2v2H4v-2zm16 0H8v2h12v-2zM4 16h2v2H4v-2zm16 0H8v2h12v-2z\" fill=\"currentColor\"><\/path><\/svg><svg style=\"fill: #999;color:#999\" class=\"arrow-unsorted-368013\" xmlns=\"http:\/\/www.w3.org\/2000\/svg\" width=\"10px\" height=\"10px\" viewbox=\"0 0 24 24\" version=\"1.2\" baseprofile=\"tiny\"><path d=\"M18.2 9.3l-6.2-6.3-6.2 6.3c-.2.2-.3.4-.3.7s.1.5.3.7c.2.2.4.3.7.3h11c.3 0 .5-.1.7-.3.2-.2.3-.5.3-.7s-.1-.5-.3-.7zM5.8 14.7l6.2 6.3 6.2-6.3c.2-.2.3-.5.3-.7s-.1-.5-.3-.7c-.2-.2-.4-.3-.7-.3h-11c-.3 0-.5.1-.7.3-.2.2-.3.5-.3.7s.1.5.3.7z\"\/><\/svg><\/span><\/span><\/span><\/a><\/span><\/div>\n<nav><ul class='ez-toc-list ez-toc-list-level-1' ><li class='ez-toc-page-1 ez-toc-heading-level-1'><a class=\"ez-toc-link ez-toc-heading-1\" href=\"https:\/\/gbl-eshop.net\/cs\/faqs\/#FAQs_zu_GBL_und_GHB\" >\u010casto kladen\u00e9 ot\u00e1zky t\u00fdkaj\u00edc\u00ed se GBL a GHB<\/a><ul class='ez-toc-list-level-2' ><li class='ez-toc-heading-level-2'><a class=\"ez-toc-link ez-toc-heading-2\" href=\"https:\/\/gbl-eshop.net\/cs\/faqs\/#FAQs_zu_GBL\" >\u010casto kladen\u00e9 ot\u00e1zky o GBL:<\/a><ul class='ez-toc-list-level-3' ><li class='ez-toc-heading-level-3'><a class=\"ez-toc-link ez-toc-heading-3\" href=\"https:\/\/gbl-eshop.net\/cs\/faqs\/#1_Was_ist_GBL\" >1. co je GBL?<\/a><\/li><li class='ez-toc-page-1 ez-toc-heading-level-3'><a class=\"ez-toc-link ez-toc-heading-4\" href=\"https:\/\/gbl-eshop.net\/cs\/faqs\/#2_Ist_GBL_dasselbe_wie_GHB\" >2. je GBL tot\u00e9\u017e co GHB?<\/a><\/li><li class='ez-toc-page-1 ez-toc-heading-level-3'><a class=\"ez-toc-link ez-toc-heading-5\" href=\"https:\/\/gbl-eshop.net\/cs\/faqs\/#3_Wie_wird_GBL_im_Freizeitgebrauch_verwendet\" >3. jak se GBL vyu\u017e\u00edv\u00e1 ve voln\u00e9m \u010dase?<\/a><\/li><li class='ez-toc-page-1 ez-toc-heading-level-3'><a class=\"ez-toc-link ez-toc-heading-6\" href=\"https:\/\/gbl-eshop.net\/cs\/faqs\/#4_Welche_Risiken_sind_mit_dem_Gebrauch_von_GBL_verbunden\" >4 Jak\u00e1 jsou rizika spojen\u00e1 s u\u017e\u00edv\u00e1n\u00edm GBL?<\/a><\/li><li class='ez-toc-page-1 ez-toc-heading-level-3'><a class=\"ez-toc-link ez-toc-heading-7\" href=\"https:\/\/gbl-eshop.net\/cs\/faqs\/#5_Ist_GBL_legal\" >5. je GBL leg\u00e1ln\u00ed?<\/a><\/li><\/ul><\/li><li class='ez-toc-page-1 ez-toc-heading-level-2'><a class=\"ez-toc-link ez-toc-heading-8\" href=\"https:\/\/gbl-eshop.net\/cs\/faqs\/#FAQs_zu_GHB\" >\u010casto kladen\u00e9 ot\u00e1zky t\u00fdkaj\u00edc\u00ed se GHB:<\/a><ul class='ez-toc-list-level-3' ><li class='ez-toc-heading-level-3'><a class=\"ez-toc-link ez-toc-heading-9\" href=\"https:\/\/gbl-eshop.net\/cs\/faqs\/#1_Was_ist_GHB\" >1. co je GHB?<\/a><\/li><li class='ez-toc-page-1 ez-toc-heading-level-3'><a class=\"ez-toc-link ez-toc-heading-10\" href=\"https:\/\/gbl-eshop.net\/cs\/faqs\/#2_Wie_unterscheidet_sich_GHB_von_GBL\" >2. \u010d\u00edm se GHB li\u0161\u00ed od GBL?<\/a><\/li><li class='ez-toc-page-1 ez-toc-heading-level-3'><a class=\"ez-toc-link ez-toc-heading-11\" href=\"https:\/\/gbl-eshop.net\/cs\/faqs\/#3_Welche_Effekte_hat_der_Gebrauch_von_GHB\" >3. jak\u00e9 \u00fa\u010dinky m\u00e1 u\u017e\u00edv\u00e1n\u00ed GHB?<\/a><\/li><li class='ez-toc-page-1 ez-toc-heading-level-3'><a class=\"ez-toc-link ez-toc-heading-12\" href=\"https:\/\/gbl-eshop.net\/cs\/faqs\/#4_Welche_Risiken_sind_mit_dem_Gebrauch_von_GHB_verbunden\" >4 Jak\u00e1 jsou rizika spojen\u00e1 s u\u017e\u00edv\u00e1n\u00edm GHB?<\/a><\/li><li class='ez-toc-page-1 ez-toc-heading-level-3'><a class=\"ez-toc-link ez-toc-heading-13\" href=\"https:\/\/gbl-eshop.net\/cs\/faqs\/#5_Ist_GHB_legal\" >5. je GHB leg\u00e1ln\u00ed?<\/a><\/li><\/ul><\/li><\/ul><\/li><\/ul><\/nav><\/div>\n<h1 class=\"wp-block-heading\"><span class=\"ez-toc-section\" id=\"FAQs_zu_GBL_und_GHB\"><\/span> \u010casto kladen\u00e9 ot\u00e1zky t\u00fdkaj\u00edc\u00ed se GBL a GHB <span class=\"ez-toc-section-end\"><\/span><\/h1>\n\n\n\n<h2 class=\"wp-block-heading\"><span class=\"ez-toc-section\" id=\"FAQs_zu_GBL\"><\/span>\u010casto kladen\u00e9 ot\u00e1zky o GBL:<span class=\"ez-toc-section-end\"><\/span><\/h2>\n\n\n\n<h3 class=\"wp-block-heading\"><span class=\"ez-toc-section\" id=\"1_Was_ist_GBL\"><\/span><strong>1. co je GBL?<\/strong><span class=\"ez-toc-section-end\"><\/span><\/h3>\n\n\n\n<ul class=\"wp-block-list\">\n<li>GBL neboli gama-butyrolakton je chemick\u00e1 slou\u010denina pou\u017e\u00edvan\u00e1 pro r\u016fzn\u00e9 pr\u016fmyslov\u00e9 aplikace, mimo jin\u00e9 jako rozpou\u0161t\u011bdlo, \u010distic\u00ed prost\u0159edek a prekurzor p\u0159i v\u00fdrob\u011b n\u011bkter\u00fdch plast\u016f a l\u00e9\u010div.<\/li>\n<\/ul>\n\n\n\n<h3 class=\"wp-block-heading\"><span class=\"ez-toc-section\" id=\"2_Ist_GBL_dasselbe_wie_GHB\"><\/span><strong>2. je GBL tot\u00e9\u017e co GHB?<\/strong><span class=\"ez-toc-section-end\"><\/span><\/h3>\n\n\n\n<ul class=\"wp-block-list\">\n<li>GBL se po po\u017eit\u00ed v t\u011ble p\u0159em\u011b\u0148uje na GHB (gama-hydroxybutyr\u00e1t). Ob\u011b l\u00e1tky jsou l\u00e1tky tlum\u00edc\u00ed centr\u00e1ln\u00ed nervov\u00fd syst\u00e9m a maj\u00ed podobn\u00e9 \u00fa\u010dinky, i kdy\u017e GHB m\u00e1 obecn\u011b siln\u011bj\u0161\u00ed \u00fa\u010dinek.<\/li>\n<\/ul>\n\n\n\n<h3 class=\"wp-block-heading\"><span class=\"ez-toc-section\" id=\"3_Wie_wird_GBL_im_Freizeitgebrauch_verwendet\"><\/span><strong>3. jak se GBL vyu\u017e\u00edv\u00e1 ve voln\u00e9m \u010dase?<\/strong><span class=\"ez-toc-section-end\"><\/span><\/h3>\n\n\n\n<ul class=\"wp-block-list\">\n<li>N\u011bkte\u0159\u00ed lid\u00e9 zneu\u017e\u00edvaj\u00ed GBL jako rekrea\u010dn\u00ed drogu kv\u016fli jeho euforizuj\u00edc\u00edm a sedativn\u00edm \u00fa\u010dink\u016fm. \u010casto se u\u017e\u00edv\u00e1 peror\u00e1ln\u011b, a to bu\u010f v \u010dist\u00e9 form\u011b, nebo z\u0159ed\u011bn\u00fd v n\u00e1poji. To je v\u0161ak velmi nebezpe\u010dn\u00e9 kv\u016fli jeho nep\u0159edv\u00eddateln\u00e9 s\u00edle a mo\u017enosti p\u0159ed\u00e1vkov\u00e1n\u00ed.<\/li>\n<\/ul>\n\n\n\n<h3 class=\"wp-block-heading\"><span class=\"ez-toc-section\" id=\"4_Welche_Risiken_sind_mit_dem_Gebrauch_von_GBL_verbunden\"><\/span><strong>4 Jak\u00e1 jsou rizika spojen\u00e1 s u\u017e\u00edv\u00e1n\u00edm GBL?<\/strong><span class=\"ez-toc-section-end\"><\/span><\/h3>\n\n\n\n<figure class=\"wp-block-table\"><table><thead><tr><th>Rizika<\/th><th>podrobnosti<\/th><\/tr><\/thead><tbody><tr><td>Z\u00e1vislost<\/td><td>GBL m\u016f\u017ee b\u00fdt vysoce n\u00e1vykov\u00fd a p\u0159i pravideln\u00e9m u\u017e\u00edv\u00e1n\u00ed m\u016f\u017ee v\u00e9st k z\u00e1vislosti.<\/td><\/tr><tr><td>P\u0159ed\u00e1vkov\u00e1n\u00ed<\/td><td>P\u0159ed\u00e1vkov\u00e1n\u00ed GBL m\u016f\u017ee v\u00e9st k dechov\u00e9 depresi, k\u00f3matu a dokonce ke smrti.<\/td><\/tr><tr><td>Zdravotn\u00ed komplikace<\/td><td>Dlouhodob\u00e9 u\u017e\u00edv\u00e1n\u00ed GBL m\u016f\u017ee v\u00e9st k r\u016fzn\u00fdm zdravotn\u00edm probl\u00e9m\u016fm, v\u010detn\u011b po\u0161kozen\u00ed jater a kognitivn\u00edch funkc\u00ed.<\/td><\/tr><\/tbody><\/table><\/figure>\n\n\n\n<h3 class=\"wp-block-heading\"><span class=\"ez-toc-section\" id=\"5_Ist_GBL_legal\"><\/span><strong>5. je GBL leg\u00e1ln\u00ed?<\/strong><span class=\"ez-toc-section-end\"><\/span><\/h3>\n\n\n\n<ul class=\"wp-block-list\">\n<li>V mnoha zem\u00edch je GBL za\u0159azen do kategorie kontrolovan\u00fdch l\u00e1tek kv\u016fli mo\u017enosti zneu\u017eit\u00ed a z\u00e1vislosti. Jej\u00ed pr\u00e1vn\u00ed status se ve sv\u011bt\u011b li\u0161\u00ed, ale \u010dasto je regulov\u00e1na nebo zak\u00e1z\u00e1na.<\/li>\n<\/ul>\n\n\n\n<h2 class=\"wp-block-heading\"><span class=\"ez-toc-section\" id=\"FAQs_zu_GHB\"><\/span>\u010casto kladen\u00e9 ot\u00e1zky t\u00fdkaj\u00edc\u00ed se GHB:<span class=\"ez-toc-section-end\"><\/span><\/h2>\n\n\n\n<h3 class=\"wp-block-heading\"><span class=\"ez-toc-section\" id=\"1_Was_ist_GHB\"><\/span><strong>1. co je GHB?<\/strong><span class=\"ez-toc-section-end\"><\/span><\/h3>\n\n\n\n<ul class=\"wp-block-list\">\n<li>GHB neboli gama-hydroxybutyr\u00e1t je l\u00e1tka tlum\u00edc\u00ed centr\u00e1ln\u00ed nervov\u00fd syst\u00e9m, kter\u00e1 se n\u011bkdy u\u017e\u00edv\u00e1 jako rekrea\u010dn\u00ed droga pro sv\u00e9 euforizuj\u00edc\u00ed a sedativn\u00ed \u00fa\u010dinky.<\/li>\n<\/ul>\n\n\n\n<h3 class=\"wp-block-heading\"><span class=\"ez-toc-section\" id=\"2_Wie_unterscheidet_sich_GHB_von_GBL\"><\/span><strong>2. \u010d\u00edm se GHB li\u0161\u00ed od GBL?<\/strong><span class=\"ez-toc-section-end\"><\/span><\/h3>\n\n\n\n<ul class=\"wp-block-list\">\n<li>GHB je chemicky podobn\u00fd GBL, ale obvykle se vyskytuje v kapaln\u00e9 form\u011b. M\u00e1 rychlej\u0161\u00ed n\u00e1stup \u00fa\u010dinku a je obecn\u011b siln\u011bj\u0161\u00ed ne\u017e GBL.<\/li>\n<\/ul>\n\n\n\n<h3 class=\"wp-block-heading\"><span class=\"ez-toc-section\" id=\"3_Welche_Effekte_hat_der_Gebrauch_von_GHB\"><\/span><strong>3. jak\u00e9 \u00fa\u010dinky m\u00e1 u\u017e\u00edv\u00e1n\u00ed GHB?<\/strong><span class=\"ez-toc-section-end\"><\/span><\/h3>\n\n\n\n<figure class=\"wp-block-table\"><table><thead><tr><th>\u00da\u010dinky<\/th><th>podrobnosti<\/th><\/tr><\/thead><tbody><tr><td>Euforie a relaxace<\/td><td>GHB m\u016f\u017ee vyvolat pocit euforie, uvoln\u011bn\u00ed a zv\u00fd\u0161en\u00e9 spole\u010denskosti.<\/td><\/tr><tr><td>Sedace<\/td><td>M\u00e1 sedativn\u00ed \u00fa\u010dinky, kter\u00e9 \u010dasto vedou k \u00fanav\u011b a ospalosti.<\/td><\/tr><tr><td>Ztr\u00e1ta pam\u011bti<\/td><td>U\u017e\u00edv\u00e1n\u00ed GHB m\u016f\u017ee zp\u016fsobit ztr\u00e1tu pam\u011bti, co\u017e zt\u011b\u017euje zapamatov\u00e1n\u00ed si ud\u00e1lost\u00ed.<\/td><\/tr><\/tbody><\/table><\/figure>\n\n\n\n<h3 class=\"wp-block-heading\"><span class=\"ez-toc-section\" id=\"4_Welche_Risiken_sind_mit_dem_Gebrauch_von_GHB_verbunden\"><\/span><strong>4 Jak\u00e1 jsou rizika spojen\u00e1 s u\u017e\u00edv\u00e1n\u00edm GHB?<\/strong><span class=\"ez-toc-section-end\"><\/span><\/h3>\n\n\n\n<figure class=\"wp-block-table\"><table><thead><tr><th>Rizika<\/th><th>podrobnosti<\/th><\/tr><\/thead><tbody><tr><td>Respira\u010dn\u00ed deprese<\/td><td>GHB m\u016f\u017ee naru\u0161it d\u00fdchac\u00ed funkce, co\u017e m\u016f\u017ee v\u00e9st k m\u011blk\u00e9mu d\u00fdch\u00e1n\u00ed nebo k\u00f3matu.<\/td><\/tr><tr><td>P\u0159ed\u00e1vkov\u00e1n\u00ed<\/td><td>P\u0159ed\u00e1vkov\u00e1n\u00ed GHB m\u016f\u017ee v\u00e9st k t\u011b\u017ek\u00e9 dechov\u00e9 depresi a smrti.<\/td><\/tr><tr><td>Z\u00e1vislost<\/td><td>Pravideln\u00e9 u\u017e\u00edv\u00e1n\u00ed GHB m\u016f\u017ee v\u00e9st k z\u00e1vislosti a n\u00e1vyku.<\/td><\/tr><\/tbody><\/table><\/figure>\n\n\n\n<h3 class=\"wp-block-heading\"><span class=\"ez-toc-section\" id=\"5_Ist_GHB_legal\"><\/span><strong>5. je GHB leg\u00e1ln\u00ed?<\/strong><span class=\"ez-toc-section-end\"><\/span><\/h3>\n\n\n\n<ul class=\"wp-block-list\">\n<li>Stejn\u011b jako GBL je i GHB \u010dasto regulov\u00e1n nebo zak\u00e1z\u00e1n kv\u016fli mo\u017enosti zneu\u017eit\u00ed a z\u00e1vislosti. V mnoha zem\u00edch je za\u0159azen mezi kontrolovan\u00e9 l\u00e1tky.<\/li>\n<\/ul>\n\n\n\n<p>Tyto \u010dasto kladen\u00e9 ot\u00e1zky poskytuj\u00ed ucelen\u00fd p\u0159ehled o GBL a GHB, v\u010detn\u011b jejich \u00fa\u010dink\u016f, rizik a pr\u00e1vn\u00edho statusu. Je d\u016fle\u017eit\u00e9 si uv\u011bdomit, \u017ee ob\u011b l\u00e1tky mohou b\u00fdt nebezpe\u010dn\u00e9 a m\u011bly by b\u00fdt u\u017e\u00edv\u00e1ny pouze pod veden\u00edm zdravotnick\u00e9ho pracovn\u00edka, pokud jsou p\u0159edeps\u00e1ny pro legitimn\u00ed l\u00e9ka\u0159sk\u00e9 \u00fa\u010dely.<\/p>","protected":false},"excerpt":{"rendered":"<p>FAQs zu GBL und GHB FAQs zu GBL: 1. Was ist GBL? 2. Ist GBL dasselbe wie GHB? 3. Wie wird GBL im Freizeitgebrauch verwendet? 4. Welche Risiken sind mit dem Gebrauch von GBL verbunden? Risiken Details Sucht GBL kann stark s\u00fcchtig machen und bei regelm\u00e4\u00dfiger Anwendung zu Abh\u00e4ngigkeit f\u00fchren. \u00dcberdosierung Eine \u00dcberdosierung von GBL [&hellip;]<\/p>\n","protected":false},"author":1,"featured_media":0,"parent":0,"menu_order":0,"comment_status":"closed","ping_status":"closed","template":"","meta":{"ocean_post_layout":"","ocean_both_sidebars_style":"","ocean_both_sidebars_content_width":0,"ocean_both_sidebars_sidebars_width":0,"ocean_sidebar":"","ocean_second_sidebar":"","ocean_disable_margins":"enable","ocean_add_body_class":"","ocean_shortcode_before_top_bar":"","ocean_shortcode_after_top_bar":"","ocean_shortcode_before_header":"","ocean_shortcode_after_header":"","ocean_has_shortcode":"","ocean_shortcode_after_title":"","ocean_shortcode_before_footer_widgets":"","ocean_shortcode_after_footer_widgets":"","ocean_shortcode_before_footer_bottom":"","ocean_shortcode_after_footer_bottom":"","ocean_display_top_bar":"default","ocean_display_header":"default","ocean_header_style":"","ocean_center_header_left_menu":"","ocean_custom_header_template":"","ocean_custom_logo":0,"ocean_custom_retina_logo":0,"ocean_custom_logo_max_width":0,"ocean_custom_logo_tablet_max_width":0,"ocean_custom_logo_mobile_max_width":0,"ocean_custom_logo_max_height":0,"ocean_custom_logo_tablet_max_height":0,"ocean_custom_logo_mobile_max_height":0,"ocean_header_custom_menu":"","ocean_menu_typo_font_family":"","ocean_menu_typo_font_subset":"","ocean_menu_typo_font_size":0,"ocean_menu_typo_font_size_tablet":0,"ocean_menu_typo_font_size_mobile":0,"ocean_menu_typo_font_size_unit":"px","ocean_menu_typo_font_weight":"","ocean_menu_typo_font_weight_tablet":"","ocean_menu_typo_font_weight_mobile":"","ocean_menu_typo_transform":"","ocean_menu_typo_transform_tablet":"","ocean_menu_typo_transform_mobile":"","ocean_menu_typo_line_height":0,"ocean_menu_typo_line_height_tablet":0,"ocean_menu_typo_line_height_mobile":0,"ocean_menu_typo_line_height_unit":"","ocean_menu_typo_spacing":0,"ocean_menu_typo_spacing_tablet":0,"ocean_menu_typo_spacing_mobile":0,"ocean_menu_typo_spacing_unit":"","ocean_menu_link_color":"","ocean_menu_link_color_hover":"","ocean_menu_link_color_active":"","ocean_menu_link_background":"","ocean_menu_link_hover_background":"","ocean_menu_link_active_background":"","ocean_menu_social_links_bg":"","ocean_menu_social_hover_links_bg":"","ocean_menu_social_links_color":"","ocean_menu_social_hover_links_color":"","ocean_disable_title":"default","ocean_disable_heading":"default","ocean_post_title":"","ocean_post_subheading":"","ocean_post_title_style":"","ocean_post_title_background_color":"","ocean_post_title_background":0,"ocean_post_title_bg_image_position":"","ocean_post_title_bg_image_attachment":"","ocean_post_title_bg_image_repeat":"","ocean_post_title_bg_image_size":"","ocean_post_title_height":0,"ocean_post_title_bg_overlay":0.5,"ocean_post_title_bg_overlay_color":"","ocean_disable_breadcrumbs":"default","ocean_breadcrumbs_color":"","ocean_breadcrumbs_separator_color":"","ocean_breadcrumbs_links_color":"","ocean_breadcrumbs_links_hover_color":"","ocean_display_footer_widgets":"default","ocean_display_footer_bottom":"default","ocean_custom_footer_template":"","footnotes":""},"class_list":["post-1272","page","type-page","status-publish","hentry","entry","owp-thumbs-layout-horizontal","owp-btn-normal","owp-tabs-layout-horizontal","has-no-thumbnails","has-product-nav"],"jetpack_sharing_enabled":true,"_links":{"self":[{"href":"https:\/\/gbl-eshop.net\/cs\/wp-json\/wp\/v2\/pages\/1272","targetHints":{"allow":["GET"]}}],"collection":[{"href":"https:\/\/gbl-eshop.net\/cs\/wp-json\/wp\/v2\/pages"}],"about":[{"href":"https:\/\/gbl-eshop.net\/cs\/wp-json\/wp\/v2\/types\/page"}],"author":[{"embeddable":true,"href":"https:\/\/gbl-eshop.net\/cs\/wp-json\/wp\/v2\/users\/1"}],"replies":[{"embeddable":true,"href":"https:\/\/gbl-eshop.net\/cs\/wp-json\/wp\/v2\/comments?post=1272"}],"version-history":[{"count":2,"href":"https:\/\/gbl-eshop.net\/cs\/wp-json\/wp\/v2\/pages\/1272\/revisions"}],"predecessor-version":[{"id":1274,"href":"https:\/\/gbl-eshop.net\/cs\/wp-json\/wp\/v2\/pages\/1272\/revisions\/1274"}],"wp:attachment":[{"href":"https:\/\/gbl-eshop.net\/cs\/wp-json\/wp\/v2\/media?parent=1272"}],"curies":[{"name":"wp","href":"https:\/\/api.w.org\/{rel}","templated":true}]}}