{"id":1264,"date":"2024-06-02T15:00:18","date_gmt":"2024-06-02T15:00:18","guid":{"rendered":"https:\/\/linen-vulture-703400.hostingersite.com\/?page_id=1264"},"modified":"2025-09-16T03:55:50","modified_gmt":"2025-09-16T03:55:50","slug":"schutz-gbl-und-ghb","status":"publish","type":"page","link":"https:\/\/gbl-eshop.net\/cs\/schutz-gbl-und-ghb\/","title":{"rendered":"Ochrana"},"content":{"rendered":"<div id=\"ez-toc-container\" class=\"ez-toc-v2_0_82_2 counter-hierarchy ez-toc-counter ez-toc-grey ez-toc-container-direction\">\n<div class=\"ez-toc-title-container\">\n<p class=\"ez-toc-title\" style=\"cursor:inherit\">Obsah<\/p>\n<span class=\"ez-toc-title-toggle\"><a href=\"#\" class=\"ez-toc-pull-right ez-toc-btn ez-toc-btn-xs ez-toc-btn-default ez-toc-toggle\" aria-label=\"P\u0159epnut\u00ed tabulky obsahu\"><span class=\"ez-toc-js-icon-con\"><span class=\"\"><span class=\"eztoc-hide\" style=\"display:none;\">P\u0159ep\u00edna\u010d<\/span><span class=\"ez-toc-icon-toggle-span\"><svg style=\"fill: #999;color:#999\" xmlns=\"http:\/\/www.w3.org\/2000\/svg\" class=\"list-377408\" width=\"20px\" height=\"20px\" viewbox=\"0 0 24 24\" fill=\"none\"><path d=\"M6 6H4v2h2V6zm14 0H8v2h12V6zM4 11h2v2H4v-2zm16 0H8v2h12v-2zM4 16h2v2H4v-2zm16 0H8v2h12v-2z\" fill=\"currentColor\"><\/path><\/svg><svg style=\"fill: #999;color:#999\" class=\"arrow-unsorted-368013\" xmlns=\"http:\/\/www.w3.org\/2000\/svg\" width=\"10px\" height=\"10px\" viewbox=\"0 0 24 24\" version=\"1.2\" baseprofile=\"tiny\"><path d=\"M18.2 9.3l-6.2-6.3-6.2 6.3c-.2.2-.3.4-.3.7s.1.5.3.7c.2.2.4.3.7.3h11c.3 0 .5-.1.7-.3.2-.2.3-.5.3-.7s-.1-.5-.3-.7zM5.8 14.7l6.2 6.3 6.2-6.3c.2-.2.3-.5.3-.7s-.1-.5-.3-.7c-.2-.2-.4-.3-.7-.3h-11c-.3 0-.5.1-.7.3-.2.2-.3.5-.3.7s.1.5.3.7z\"\/><\/svg><\/span><\/span><\/span><\/a><\/span><\/div>\n<nav><ul class='ez-toc-list ez-toc-list-level-1' ><li class='ez-toc-page-1 ez-toc-heading-level-2'><a class=\"ez-toc-link ez-toc-heading-1\" href=\"https:\/\/gbl-eshop.net\/cs\/schutz-gbl-und-ghb\/#Sicherheits-_und_Sicherheitsleitfaden_fur_GBL_Gamma-Butyrolacton_und_GHB_Gamma-Hydroxybutyrat\" >Pr\u016fvodce bezpe\u010dnost\u00ed GBL (gama-butyrolakton) a GHB (gama-hydroxybutyr\u00e1t)<\/a><ul class='ez-toc-list-level-3' ><li class='ez-toc-heading-level-3'><a class=\"ez-toc-link ez-toc-heading-2\" href=\"https:\/\/gbl-eshop.net\/cs\/schutz-gbl-und-ghb\/#Ubersicht\" >P\u0159ehled<\/a><\/li><li class='ez-toc-page-1 ez-toc-heading-level-3'><a class=\"ez-toc-link ez-toc-heading-3\" href=\"https:\/\/gbl-eshop.net\/cs\/schutz-gbl-und-ghb\/#Eigenschaften_und_Wirkungen\" >Vlastnosti a \u00fa\u010dinky<\/a><\/li><li class='ez-toc-page-1 ez-toc-heading-level-3'><a class=\"ez-toc-link ez-toc-heading-4\" href=\"https:\/\/gbl-eshop.net\/cs\/schutz-gbl-und-ghb\/#Rechtlicher_Status\" >Pr\u00e1vn\u00ed postaven\u00ed<\/a><\/li><li class='ez-toc-page-1 ez-toc-heading-level-3'><a class=\"ez-toc-link ez-toc-heading-5\" href=\"https:\/\/gbl-eshop.net\/cs\/schutz-gbl-und-ghb\/#Sicherheitsrichtlinien\" >Bezpe\u010dnostn\u00ed pokyny<\/a><ul class='ez-toc-list-level-4' ><li class='ez-toc-heading-level-4'><a class=\"ez-toc-link ez-toc-heading-6\" href=\"https:\/\/gbl-eshop.net\/cs\/schutz-gbl-und-ghb\/#Dosierung\" >D\u00e1vkov\u00e1n\u00ed<\/a><\/li><li class='ez-toc-page-1 ez-toc-heading-level-4'><a class=\"ez-toc-link ez-toc-heading-7\" href=\"https:\/\/gbl-eshop.net\/cs\/schutz-gbl-und-ghb\/#Risiken_einer_Uberdosierung\" >Rizika p\u0159ed\u00e1vkov\u00e1n\u00ed<\/a><ul class='ez-toc-list-level-6' ><li class='ez-toc-heading-level-6'><ul class='ez-toc-list-level-6' ><li class='ez-toc-heading-level-6'><a class=\"ez-toc-link ez-toc-heading-8\" href=\"https:\/\/gbl-eshop.net\/cs\/schutz-gbl-und-ghb\/#Uberdosierungssymptome_umfassen\" >Mezi p\u0159\u00edznaky p\u0159ed\u00e1vkov\u00e1n\u00ed pat\u0159\u00ed:<\/a><\/li><li class='ez-toc-page-1 ez-toc-heading-level-6'><a class=\"ez-toc-link ez-toc-heading-9\" href=\"https:\/\/gbl-eshop.net\/cs\/schutz-gbl-und-ghb\/#Erste_Hilfe_bei_Uberdosierung\" >Prvn\u00ed pomoc p\u0159i p\u0159ed\u00e1vkov\u00e1n\u00ed:<\/a><\/li><\/ul><\/li><\/ul><\/li><\/ul><\/li><li class='ez-toc-page-1 ez-toc-heading-level-3'><a class=\"ez-toc-link ez-toc-heading-10\" href=\"https:\/\/gbl-eshop.net\/cs\/schutz-gbl-und-ghb\/#Kombination_mit_anderen_Substanzen\" >Kombinace s jin\u00fdmi l\u00e1tkami<\/a><\/li><li class='ez-toc-page-1 ez-toc-heading-level-3'><a class=\"ez-toc-link ez-toc-heading-11\" href=\"https:\/\/gbl-eshop.net\/cs\/schutz-gbl-und-ghb\/#Schadensminderungsstrategien\" >Strategie minimalizace ztr\u00e1t<\/a><\/li><li class='ez-toc-page-1 ez-toc-heading-level-3'><a class=\"ez-toc-link ez-toc-heading-12\" href=\"https:\/\/gbl-eshop.net\/cs\/schutz-gbl-und-ghb\/#Lagerung_und_Handhabung\" >Skladov\u00e1n\u00ed a manipulace<\/a><\/li><li class='ez-toc-page-1 ez-toc-heading-level-3'><a class=\"ez-toc-link ez-toc-heading-13\" href=\"https:\/\/gbl-eshop.net\/cs\/schutz-gbl-und-ghb\/#Sicherheitsbedenken\" >Obavy o bezpe\u010dnost<\/a><\/li><li class='ez-toc-page-1 ez-toc-heading-level-3'><a class=\"ez-toc-link ez-toc-heading-14\" href=\"https:\/\/gbl-eshop.net\/cs\/schutz-gbl-und-ghb\/#Medizinische_und_Psychologische_Uberlegungen\" >L\u00e9ka\u0159sk\u00e9 a psychologick\u00e9 aspekty<\/a><\/li><li class='ez-toc-page-1 ez-toc-heading-level-3'><a class=\"ez-toc-link ez-toc-heading-15\" href=\"https:\/\/gbl-eshop.net\/cs\/schutz-gbl-und-ghb\/#Visuelle_Hilfsmittel\" >Vizu\u00e1ln\u00ed pom\u016fcky<\/a><ul class='ez-toc-list-level-4' ><li class='ez-toc-heading-level-4'><a class=\"ez-toc-link ez-toc-heading-16\" href=\"https:\/\/gbl-eshop.net\/cs\/schutz-gbl-und-ghb\/#Diagramm_der_stabilen_Seitenlage\" >Sch\u00e9ma stabiln\u00ed bo\u010dn\u00ed polohy<\/a><\/li><li class='ez-toc-page-1 ez-toc-heading-level-4'><a class=\"ez-toc-link ez-toc-heading-17\" href=\"https:\/\/gbl-eshop.net\/cs\/schutz-gbl-und-ghb\/#Beispiel_fur_Dosismessung\" >P\u0159\u00edklad m\u011b\u0159en\u00ed d\u00e1vky<\/a><\/li><\/ul><\/li><li class='ez-toc-page-1 ez-toc-heading-level-3'><a class=\"ez-toc-link ez-toc-heading-18\" href=\"https:\/\/gbl-eshop.net\/cs\/schutz-gbl-und-ghb\/#Fazit\" >Z\u00e1v\u011br<\/a><\/li><\/ul><\/li><\/ul><\/nav><\/div>\n<h2 class=\"wp-block-heading\"><span class=\"ez-toc-section\" id=\"Sicherheits-_und_Sicherheitsleitfaden_fur_GBL_Gamma-Butyrolacton_und_GHB_Gamma-Hydroxybutyrat\"><\/span><strong>Pr\u016fvodce bezpe\u010dnost\u00ed GBL (gama-butyrolakton) a GHB (gama-hydroxybutyr\u00e1t)<\/strong><span class=\"ez-toc-section-end\"><\/span><\/h2>\n\n\n\n<h3 class=\"wp-block-heading\"><span class=\"ez-toc-section\" id=\"Ubersicht\"><\/span>P\u0159ehled<span class=\"ez-toc-section-end\"><\/span><\/h3>\n\n\n<div class=\"wp-block-image\">\n<figure class=\"aligncenter size-full\"><img fetchpriority=\"high\" decoding=\"async\" width=\"480\" height=\"480\" src=\"https:\/\/gbl-eshop.net\/wp-content\/uploads\/2024\/06\/77713561_n.jpg\" alt=\"\" class=\"wp-image-1269\" srcset=\"https:\/\/gbl-eshop.net\/wp-content\/uploads\/2024\/06\/77713561_n.jpg 480w, https:\/\/gbl-eshop.net\/wp-content\/uploads\/2024\/06\/77713561_n-100x100.jpg 100w, https:\/\/gbl-eshop.net\/wp-content\/uploads\/2024\/06\/77713561_n-300x300.jpg 300w, https:\/\/gbl-eshop.net\/wp-content\/uploads\/2024\/06\/77713561_n-150x150.jpg 150w\" sizes=\"(max-width: 480px) 100vw, 480px\" \/><\/figure>\n<\/div>\n\n\n<p><strong>GBL (gama-butyrolakton)<\/strong> a <strong>GHB (gama-hydroxybutyr\u00e1t)<\/strong> jsou l\u00e1tky, kter\u00e9 maj\u00ed legitimn\u00ed pr\u016fmyslov\u00e9 a l\u00e9ka\u0159sk\u00e9 vyu\u017eit\u00ed, ale pou\u017e\u00edvaj\u00ed se i rekrea\u010dn\u011b. Ob\u011b l\u00e1tky mohou b\u00fdt p\u0159i zneu\u017e\u00edv\u00e1n\u00ed nebezpe\u010dn\u00e9 a mohou v\u00e9st k z\u00e1vislosti, p\u0159ed\u00e1vkov\u00e1n\u00ed a pr\u00e1vn\u00edm d\u016fsledk\u016fm.<\/p>\n\n\n\n<h3 class=\"wp-block-heading\"><span class=\"ez-toc-section\" id=\"Eigenschaften_und_Wirkungen\"><\/span>Vlastnosti a \u00fa\u010dinky<span class=\"ez-toc-section-end\"><\/span><\/h3>\n\n\n\n<figure class=\"wp-block-table\"><table><thead><tr><th>Funkce<\/th><th>GBL<\/th><th>GHB<\/th><\/tr><\/thead><tbody><tr><td>Chemick\u00fd vzorec<\/td><td>C\u2084H\u2086O\u2082<\/td><td>C\u2084H\u2088O\u2083<\/td><\/tr><tr><td>\u010cast\u00e9 aplikace<\/td><td>Rozpou\u0161t\u011bdlo, \u010distic\u00ed prost\u0159edek, prekurzor<\/td><td>L\u00e9ka\u0159sk\u00e9 pou\u017eit\u00ed (narkolepsie, anestezie), voln\u00fd \u010das<\/td><\/tr><tr><td>N\u00e1stup \u00fa\u010dinku<\/td><td>10-60 minut<\/td><td>15-30 minut<\/td><\/tr><tr><td>Doba trv\u00e1n\u00ed \u00fa\u010dinku<\/td><td>1,5-4 hodiny<\/td><td>1,5-4 hodiny<\/td><\/tr><tr><td>\u00da\u010dinky<\/td><td>Euforie, relaxace, ospalost<\/td><td>Euforie, relaxace, ospalost<\/td><\/tr><\/tbody><\/table><\/figure>\n\n\n\n<h3 class=\"wp-block-heading\"><span class=\"ez-toc-section\" id=\"Rechtlicher_Status\"><\/span>Pr\u00e1vn\u00ed postaven\u00ed<span class=\"ez-toc-section-end\"><\/span><\/h3>\n\n\n\n<figure class=\"wp-block-table\"><table><thead><tr><th>Zem\u011b\/oblast<\/th><th>GBL<\/th><th>GHB<\/th><\/tr><\/thead><tbody><tr><td>Spojen\u00e9 st\u00e1ty americk\u00e9<\/td><td>Nen\u00ed feder\u00e1ln\u011b klasifikov\u00e1no, ale \u0159\u00edd\u00ed se analogick\u00fdmi z\u00e1kony.<\/td><td>Seznam I (nel\u00e9ka\u0159sk\u00e9 pou\u017eit\u00ed), Seznam III (Xyrem)<\/td><\/tr><tr><td>Evropsk\u00e1 unie<\/td><td>Kontrolov\u00e1no v mnoha zem\u00edch<\/td><td>Kontrolovan\u00e1 l\u00e1tka<\/td><\/tr><tr><td>Austr\u00e1lie<\/td><td>Kontrolovan\u00e1 p\u0159edb\u011b\u017en\u00e1 f\u00e1ze<\/td><td>Seznam I<\/td><\/tr><tr><td>Kanada<\/td><td>\u0158\u00edzen\u00e9<\/td><td>\u0158\u00edzen\u00e9<\/td><\/tr><\/tbody><\/table><\/figure>\n\n\n\n<h3 class=\"wp-block-heading\"><span class=\"ez-toc-section\" id=\"Sicherheitsrichtlinien\"><\/span>Bezpe\u010dnostn\u00ed pokyny<span class=\"ez-toc-section-end\"><\/span><\/h3>\n\n\n\n<h4 class=\"wp-block-heading\"><span class=\"ez-toc-section\" id=\"Dosierung\"><\/span>D\u00e1vkov\u00e1n\u00ed<span class=\"ez-toc-section-end\"><\/span><\/h4>\n\n\n\n<ul class=\"wp-block-list\">\n<li><strong>GBL<\/strong>Typick\u00e9 rekrea\u010dn\u00ed d\u00e1vky se pohybuj\u00ed od 0,5 do 2,5 ml. Vy\u0161\u0161\u00ed d\u00e1vky zvy\u0161uj\u00ed riziko z\u00e1va\u017en\u00fdch ne\u017e\u00e1douc\u00edch \u00fa\u010dink\u016f.<\/li>\n\n\n\n<li><strong>GHB<\/strong>Obvykl\u00e9 d\u00e1vky se pohybuj\u00ed od 0,5 do 3 gram\u016f. Riziko p\u0159ed\u00e1vkov\u00e1n\u00ed je vysok\u00e9 vzhledem k mal\u00e9mu rozd\u00edlu mezi rekrea\u010dn\u00ed d\u00e1vkou a p\u0159ed\u00e1vkov\u00e1n\u00edm.<\/li>\n<\/ul>\n\n\n\n<p><strong>Pozn\u00e1mka:<\/strong> Individu\u00e1ln\u00ed tolerance se zna\u010dn\u011b li\u0161\u00ed. Pro posouzen\u00ed tolerance v\u017edy za\u010dn\u011bte s nejni\u017e\u0161\u00ed mo\u017enou d\u00e1vkou.<\/p>\n\n\n\n<h4 class=\"wp-block-heading\"><span class=\"ez-toc-section\" id=\"Risiken_einer_Uberdosierung\"><\/span>Rizika p\u0159ed\u00e1vkov\u00e1n\u00ed<span class=\"ez-toc-section-end\"><\/span><\/h4>\n\n\n\n<h6 class=\"wp-block-heading\"><span class=\"ez-toc-section\" id=\"Uberdosierungssymptome_umfassen\"><\/span>Mezi p\u0159\u00edznaky p\u0159ed\u00e1vkov\u00e1n\u00ed pat\u0159\u00ed:<span class=\"ez-toc-section-end\"><\/span><\/h6>\n\n\n\n<ul class=\"wp-block-list\">\n<li>Nev\u011bdom\u00ed<\/li>\n\n\n\n<li>K\u0159e\u010de<\/li>\n\n\n\n<li>Pomal\u00e9 nebo nepravideln\u00e9 d\u00fdch\u00e1n\u00ed<\/li>\n\n\n\n<li>Zvracen\u00ed<\/li>\n\n\n\n<li>Ztr\u00e1ta koordinace<\/li>\n<\/ul>\n\n\n\n<h6 class=\"wp-block-heading\"><span class=\"ez-toc-section\" id=\"Erste_Hilfe_bei_Uberdosierung\"><\/span><strong>Prvn\u00ed pomoc p\u0159i p\u0159ed\u00e1vkov\u00e1n\u00ed:<\/strong><span class=\"ez-toc-section-end\"><\/span><\/h6>\n\n\n\n<ol class=\"wp-block-list\">\n<li><strong>Okam\u017eit\u011b zavolejte z\u00e1chrannou slu\u017ebu.<\/strong><\/li>\n\n\n\n<li><strong>Ulo\u017ete osobu do polohy pro zotaven\u00ed<\/strong>aby se zabr\u00e1nilo udu\u0161en\u00ed.<\/li>\n\n\n\n<li><strong>Sledujte sv\u00e9 d\u00fdch\u00e1n\u00ed<\/strong> a b\u00fdt p\u0159ipraven v p\u0159\u00edpad\u011b pot\u0159eby prov\u00e9st kardiopulmon\u00e1ln\u00ed resuscitaci.<\/li>\n\n\n\n<li><strong>Nenech\u00e1vejte osobu o samot\u011b<\/strong>dokud nep\u0159ijede pomoc.<\/li>\n<\/ol>\n\n\n\n<h3 class=\"wp-block-heading\"><span class=\"ez-toc-section\" id=\"Kombination_mit_anderen_Substanzen\"><\/span>Kombinace s jin\u00fdmi l\u00e1tkami<span class=\"ez-toc-section-end\"><\/span><\/h3>\n\n\n\n<ul class=\"wp-block-list\">\n<li><strong>Alkohol<\/strong>Zvy\u0161uje riziko p\u0159ed\u00e1vkov\u00e1n\u00ed a \u00famrt\u00ed.<\/li>\n\n\n\n<li><strong>Benzodiazepiny<\/strong>Zvy\u0161uje tak\u00e9 riziko t\u011b\u017ek\u00e9 respira\u010dn\u00ed deprese a smrti.<\/li>\n\n\n\n<li><strong>Stimulanty (nap\u0159. kokain, amfetaminy).<\/strong>M\u016f\u017ee maskovat tlumiv\u00e9 \u00fa\u010dinky, co\u017e m\u016f\u017ee v\u00e9st k neo\u010dek\u00e1van\u00e9mu p\u0159ed\u00e1vkov\u00e1n\u00ed.<\/li>\n<\/ul>\n\n\n\n<h3 class=\"wp-block-heading\"><span class=\"ez-toc-section\" id=\"Schadensminderungsstrategien\"><\/span>Strategie minimalizace ztr\u00e1t<span class=\"ez-toc-section-end\"><\/span><\/h3>\n\n\n\n<ol class=\"wp-block-list\">\n<li><strong>Nepou\u017e\u00edvejte samostatn\u011b.<\/strong> V\u017edy m\u011bjte k dispozici st\u0159\u00edzlivou osobu.<\/li>\n\n\n\n<li><strong>Ne s jin\u00fdmi depresivy<\/strong> jako je alkohol nebo benzodiazepiny.<\/li>\n\n\n\n<li><strong>P\u0159esn\u00e9 m\u011b\u0159en\u00ed plechovek<\/strong> injek\u010dn\u00ed st\u0159\u00edka\u010dkou nebo pipetou.<\/li>\n\n\n\n<li><strong>Za\u010dn\u011bte s n\u00edzkou d\u00e1vkou<\/strong>vyhodnotit reakci va\u0161eho t\u011bla.<\/li>\n\n\n\n<li><strong>Z\u016fsta\u0148te hydratovan\u00ed<\/strong>ale vyvarujte se vypit\u00ed velk\u00e9ho mno\u017estv\u00ed vody v kr\u00e1tk\u00e9m \u010dasov\u00e9m \u00faseku.<\/li>\n\n\n\n<li><strong>Uchov\u00e1vejte kontakty a informace pro p\u0159\u00edpad nouze<\/strong> p\u0159ipraven.<\/li>\n<\/ol>\n\n\n\n<h3 class=\"wp-block-heading\"><span class=\"ez-toc-section\" id=\"Lagerung_und_Handhabung\"><\/span>Skladov\u00e1n\u00ed a manipulace<span class=\"ez-toc-section-end\"><\/span><\/h3>\n\n\n\n<ul class=\"wp-block-list\">\n<li><strong>Skladujte na chladn\u00e9m a such\u00e9m m\u00edst\u011b<\/strong>mimo dosah p\u0159\u00edm\u00e9ho slune\u010dn\u00edho sv\u011btla.<\/li>\n\n\n\n<li><strong>Uchov\u00e1vejte mimo dosah d\u011bt\u00ed a dom\u00e1c\u00edch zv\u00ed\u0159at.<\/strong><\/li>\n\n\n\n<li><strong>Z\u0159eteln\u00e9 ozna\u010den\u00ed kontejner\u016f<\/strong>abyste se vyhnuli n\u00e1hodn\u00fdm p\u0159\u00edjm\u016fm.<\/li>\n\n\n\n<li><strong>Pou\u017e\u00edvejte vhodn\u00e9 ochrann\u00e9 pom\u016fcky<\/strong> (rukavice, ochrann\u00e9 br\u00fdle) p\u0159i manipulaci s GBL vzhledem k jeho vlastnostem rozpou\u0161t\u011bdla.<\/li>\n<\/ul>\n\n\n\n<h3 class=\"wp-block-heading\"><span class=\"ez-toc-section\" id=\"Sicherheitsbedenken\"><\/span>Obavy o bezpe\u010dnost<span class=\"ez-toc-section-end\"><\/span><\/h3>\n\n\n\n<ol class=\"wp-block-list\">\n<li><strong>Bezpe\u010dn\u00e9 skladov\u00e1n\u00ed<\/strong>Zajist\u011bte, aby GBL a GHB byly ulo\u017eeny v uzam\u010den\u00e9m prostoru.<\/li>\n\n\n\n<li><strong>Sledov\u00e1n\u00ed vyu\u017eit\u00ed<\/strong>Sledov\u00e1n\u00ed mno\u017estv\u00ed pro odhalen\u00ed neopr\u00e1vn\u011bn\u00e9ho pou\u017eit\u00ed.<\/li>\n\n\n\n<li><strong>Dodr\u017eov\u00e1n\u00ed pr\u00e1vn\u00edch p\u0159edpis\u016f<\/strong>Dodr\u017eujte m\u00edstn\u00ed p\u0159edpisy t\u00fdkaj\u00edc\u00ed se n\u00e1kupu, skladov\u00e1n\u00ed a pou\u017e\u00edv\u00e1n\u00ed t\u011bchto l\u00e1tek.<\/li>\n<\/ol>\n\n\n\n<h3 class=\"wp-block-heading\"><span class=\"ez-toc-section\" id=\"Medizinische_und_Psychologische_Uberlegungen\"><\/span>L\u00e9ka\u0159sk\u00e9 a psychologick\u00e9 aspekty<span class=\"ez-toc-section-end\"><\/span><\/h3>\n\n\n\n<ul class=\"wp-block-list\">\n<li><strong>Z\u00e1vislost a odvyk\u00e1n\u00ed<\/strong>Ob\u011b l\u00e1tky mohou b\u00fdt n\u00e1vykov\u00e9. Abstinen\u010dn\u00ed p\u0159\u00edznaky mohou zahrnovat \u00fazkost, t\u0159es, nespavost a v z\u00e1va\u017en\u00fdch p\u0159\u00edpadech k\u0159e\u010de.<\/li>\n\n\n\n<li><strong>Vyhledejte odbornou pomoc<\/strong>Pokud se vy nebo n\u011bkdo z va\u0161ich zn\u00e1m\u00fdch pot\u00fdk\u00e1 se z\u00e1vislost\u00ed, vyhledejte l\u00e9ka\u0159skou a psychologickou pomoc.<\/li>\n<\/ul>\n\n\n\n<h3 class=\"wp-block-heading\"><span class=\"ez-toc-section\" id=\"Visuelle_Hilfsmittel\"><\/span>Vizu\u00e1ln\u00ed pom\u016fcky<span class=\"ez-toc-section-end\"><\/span><\/h3>\n\n\n\n<h4 class=\"wp-block-heading\"><span class=\"ez-toc-section\" id=\"Diagramm_der_stabilen_Seitenlage\"><\/span>Sch\u00e9ma stabiln\u00ed bo\u010dn\u00ed polohy<span class=\"ez-toc-section-end\"><\/span><\/h4>\n\n\n\n<figure class=\"wp-block-image\"><img decoding=\"async\" src=\"https:\/\/www.stjohn.org.nz\/assets\/First-Aid\/Recovery-position.jpg\" alt=\"Stabile Seitenlage\"\/><\/figure>\n\n\n\n<h4 class=\"wp-block-heading\"><span class=\"ez-toc-section\" id=\"Beispiel_fur_Dosismessung\"><\/span>P\u0159\u00edklad m\u011b\u0159en\u00ed d\u00e1vky<span class=\"ez-toc-section-end\"><\/span><\/h4>\n\n\n\n<figure class=\"wp-block-image\"><img decoding=\"async\" src=\"https:\/\/images-na.ssl-images-amazon.com\/images\/I\/61UogXBMy-L._AC_SL1500_.jpg\" alt=\"Dosismessung\"\/><\/figure>\n\n\n\n<h3 class=\"wp-block-heading\"><span class=\"ez-toc-section\" id=\"Fazit\"><\/span>Z\u00e1v\u011br<span class=\"ez-toc-section-end\"><\/span><\/h3>\n\n\n\n<p>GBL a GHB mohou b\u00fdt p\u0159i zneu\u017eit\u00ed nebezpe\u010dn\u00e9. Pochopen\u00ed vlastnost\u00ed, rizik a bezpe\u010dnostn\u00edch opat\u0159en\u00ed je z\u00e1sadn\u00ed pro p\u0159edch\u00e1zen\u00ed \u0161kod\u00e1m. V\u017edy dodr\u017eujte postupy sni\u017eov\u00e1n\u00ed \u0161kod a z\u00e1konn\u00e9 po\u017eadavky.<\/p>\n\n\n\n<p>Dal\u0161\u00ed informace z\u00edsk\u00e1te od zdravotn\u00edk\u016f a z autoritativn\u00edch zdroj\u016f o u\u017e\u00edv\u00e1n\u00ed n\u00e1vykov\u00fdch l\u00e1tek a sni\u017eov\u00e1n\u00ed \u0161kod.<\/p>","protected":false},"excerpt":{"rendered":"<p>Sicherheits- und Sicherheitsleitfaden f\u00fcr GBL (Gamma-Butyrolacton) und GHB (Gamma-Hydroxybutyrat) \u00dcbersicht GBL (Gamma-Butyrolacton) und GHB (Gamma-Hydroxybutyrat) sind Substanzen, die legitime industrielle und medizinische Anwendungen haben, aber auch aus Freizeitgr\u00fcnden verwendet werden. Beide Substanzen k\u00f6nnen gef\u00e4hrlich sein, wenn sie missbraucht werden, und haben ein Potenzial f\u00fcr Abh\u00e4ngigkeit, \u00dcberdosierung und rechtliche Konsequenzen. Eigenschaften und Wirkungen Eigenschaft GBL GHB [&hellip;]<\/p>\n","protected":false},"author":1,"featured_media":0,"parent":0,"menu_order":0,"comment_status":"closed","ping_status":"closed","template":"","meta":{"ocean_post_layout":"","ocean_both_sidebars_style":"","ocean_both_sidebars_content_width":0,"ocean_both_sidebars_sidebars_width":0,"ocean_sidebar":"","ocean_second_sidebar":"","ocean_disable_margins":"enable","ocean_add_body_class":"","ocean_shortcode_before_top_bar":"","ocean_shortcode_after_top_bar":"","ocean_shortcode_before_header":"","ocean_shortcode_after_header":"","ocean_has_shortcode":"","ocean_shortcode_after_title":"","ocean_shortcode_before_footer_widgets":"","ocean_shortcode_after_footer_widgets":"","ocean_shortcode_before_footer_bottom":"","ocean_shortcode_after_footer_bottom":"","ocean_display_top_bar":"default","ocean_display_header":"default","ocean_header_style":"","ocean_center_header_left_menu":"","ocean_custom_header_template":"","ocean_custom_logo":0,"ocean_custom_retina_logo":0,"ocean_custom_logo_max_width":0,"ocean_custom_logo_tablet_max_width":0,"ocean_custom_logo_mobile_max_width":0,"ocean_custom_logo_max_height":0,"ocean_custom_logo_tablet_max_height":0,"ocean_custom_logo_mobile_max_height":0,"ocean_header_custom_menu":"","ocean_menu_typo_font_family":"","ocean_menu_typo_font_subset":"","ocean_menu_typo_font_size":0,"ocean_menu_typo_font_size_tablet":0,"ocean_menu_typo_font_size_mobile":0,"ocean_menu_typo_font_size_unit":"px","ocean_menu_typo_font_weight":"","ocean_menu_typo_font_weight_tablet":"","ocean_menu_typo_font_weight_mobile":"","ocean_menu_typo_transform":"","ocean_menu_typo_transform_tablet":"","ocean_menu_typo_transform_mobile":"","ocean_menu_typo_line_height":0,"ocean_menu_typo_line_height_tablet":0,"ocean_menu_typo_line_height_mobile":0,"ocean_menu_typo_line_height_unit":"","ocean_menu_typo_spacing":0,"ocean_menu_typo_spacing_tablet":0,"ocean_menu_typo_spacing_mobile":0,"ocean_menu_typo_spacing_unit":"","ocean_menu_link_color":"","ocean_menu_link_color_hover":"","ocean_menu_link_color_active":"","ocean_menu_link_background":"","ocean_menu_link_hover_background":"","ocean_menu_link_active_background":"","ocean_menu_social_links_bg":"","ocean_menu_social_hover_links_bg":"","ocean_menu_social_links_color":"","ocean_menu_social_hover_links_color":"","ocean_disable_title":"default","ocean_disable_heading":"default","ocean_post_title":"","ocean_post_subheading":"","ocean_post_title_style":"","ocean_post_title_background_color":"","ocean_post_title_background":0,"ocean_post_title_bg_image_position":"","ocean_post_title_bg_image_attachment":"","ocean_post_title_bg_image_repeat":"","ocean_post_title_bg_image_size":"","ocean_post_title_height":0,"ocean_post_title_bg_overlay":0.5,"ocean_post_title_bg_overlay_color":"","ocean_disable_breadcrumbs":"default","ocean_breadcrumbs_color":"","ocean_breadcrumbs_separator_color":"","ocean_breadcrumbs_links_color":"","ocean_breadcrumbs_links_hover_color":"","ocean_display_footer_widgets":"default","ocean_display_footer_bottom":"default","ocean_custom_footer_template":"","footnotes":""},"class_list":["post-1264","page","type-page","status-publish","hentry","entry","owp-thumbs-layout-horizontal","owp-btn-normal","owp-tabs-layout-horizontal","has-no-thumbnails","has-product-nav"],"jetpack_sharing_enabled":true,"_links":{"self":[{"href":"https:\/\/gbl-eshop.net\/cs\/wp-json\/wp\/v2\/pages\/1264","targetHints":{"allow":["GET"]}}],"collection":[{"href":"https:\/\/gbl-eshop.net\/cs\/wp-json\/wp\/v2\/pages"}],"about":[{"href":"https:\/\/gbl-eshop.net\/cs\/wp-json\/wp\/v2\/types\/page"}],"author":[{"embeddable":true,"href":"https:\/\/gbl-eshop.net\/cs\/wp-json\/wp\/v2\/users\/1"}],"replies":[{"embeddable":true,"href":"https:\/\/gbl-eshop.net\/cs\/wp-json\/wp\/v2\/comments?post=1264"}],"version-history":[{"count":4,"href":"https:\/\/gbl-eshop.net\/cs\/wp-json\/wp\/v2\/pages\/1264\/revisions"}],"predecessor-version":[{"id":2636,"href":"https:\/\/gbl-eshop.net\/cs\/wp-json\/wp\/v2\/pages\/1264\/revisions\/2636"}],"wp:attachment":[{"href":"https:\/\/gbl-eshop.net\/cs\/wp-json\/wp\/v2\/media?parent=1264"}],"curies":[{"name":"wp","href":"https:\/\/api.w.org\/{rel}","templated":true}]}}