{"id":1293,"date":"2024-06-02T19:18:01","date_gmt":"2024-06-02T19:18:01","guid":{"rendered":"https:\/\/linen-vulture-703400.hostingersite.com\/?post_type=product&#038;p=1293"},"modified":"2026-03-08T11:08:29","modified_gmt":"2026-03-08T11:08:29","slug":"gamma-butyrolacton-kaufen","status":"publish","type":"product","link":"https:\/\/gbl-eshop.net\/ar\/product\/gamma-butyrolacton-kaufen\/","title":{"rendered":"\u0627\u0634\u062a\u0631 \u062c\u0627\u0645\u0627-\u0628\u0648\u062a\u064a\u0631\u0648\u0644\u0627\u0643\u062a\u0648\u0646"},"content":{"rendered":"<h2>GBL (\u062c\u0627\u0645\u0627 \u0628\u0648\u062a\u064a\u0631\u0648\u0644\u0627\u0643\u062a\u0648\u0646 \u062c\u0627\u0645\u0627): \u0645\u0630\u064a\u0628 \u0639\u0627\u0644\u064a \u0627\u0644\u062c\u0648\u062f\u0629 \u0644\u0645\u062c\u0645\u0648\u0639\u0629 \u0648\u0627\u0633\u0639\u0629 \u0645\u0646 \u0627\u0644\u062a\u0637\u0628\u064a\u0642\u0627\u062a \u0627\u0644\u0635\u0646\u0627\u0639\u064a\u0629<\/h2>\n<p><strong data-start=\"422\" data-end=\"510\">Gamma-Butyrolacton kaufen (GBL) \u2013 Hochreines L\u00f6sungsmittel f\u00fcr Industrie &amp; Forschung<\/strong><br data-start=\"510\" data-end=\"513\" \/>Gamma-Butyrolacton (GBL) ist ein <strong data-start=\"546\" data-end=\"595\">leistungsstarkes und hochreines L\u00f6sungsmittel<\/strong>, das in Deutschland 2025 besonders gefragt ist. Dank seiner <strong data-start=\"656\" data-end=\"689\">au\u00dfergew\u00f6hnlichen Wirksamkeit<\/strong> findet es breite Anwendung in der <strong data-start=\"724\" data-end=\"796\">chemischen Synthese von Arzneimitteln, Agrochemikalien und Polymeren<\/strong>. Ebenso \u00fcberzeugt GBL als <strong data-start=\"823\" data-end=\"908\">zuverl\u00e4ssiger Bestandteil in Reinigungsmitteln, Farbentfernern und Beschichtungen<\/strong>. Wer <strong data-start=\"914\" data-end=\"943\">\u0627\u0634\u062a\u0631 \u062c\u0627\u0645\u0627-\u0628\u0648\u062a\u064a\u0631\u0648\u0644\u0627\u0643\u062a\u0648\u0646<\/strong> m\u00f6chte, erh\u00e4lt eine <strong data-start=\"964\" data-end=\"1088\">vielseitige L\u00f6sung f\u00fcr industrielle Anforderungen \u2013 mit gepr\u00fcfter Qualit\u00e4t, sicherem Versand und attraktiven Konditionen<\/strong>.<\/p>\n<h3>\u0644\u0645\u0627\u0630\u0627 \u062a\u062e\u062a\u0627\u0631 GBL\u061f<\/h3>\n<p>&#8211;<\/p>\n<ul data-start=\"297\" data-end=\"875\">\n<li data-start=\"297\" data-end=\"497\">\n<p data-start=\"299\" data-end=\"497\"><strong data-start=\"299\" data-end=\"338\">Hervorragende L\u00f6sungseigenschaften:<\/strong> GBL \u00fcberzeugt durch seine F\u00e4higkeit, <strong data-start=\"376\" data-end=\"445\">polare und unpolare Substanzen gleicherma\u00dfen zuverl\u00e4ssig zu l\u00f6sen<\/strong> \u2013 ideal f\u00fcr vielf\u00e4ltige industrielle Anwendungen.<\/p>\n<\/li>\n<li data-start=\"498\" data-end=\"690\">\n<p data-start=\"500\" data-end=\"690\"><strong data-start=\"500\" data-end=\"527\">Zertifizierte Reinheit:<\/strong> \u0644\u062f\u064a\u0646\u0627 <strong data-start=\"534\" data-end=\"567\">hochreines Gamma-Butyrolacton<\/strong> wird nach strengsten Industriestandards hergestellt und garantiert <strong data-start=\"635\" data-end=\"687\">maximale Qualit\u00e4t und Konsistenz in jeder Charge<\/strong>.<\/p>\n<\/li>\n<li data-start=\"691\" data-end=\"875\">\n<p data-start=\"693\" data-end=\"875\"><strong data-start=\"693\" data-end=\"721\">Maximale Vielseitigkeit:<\/strong> Ob <strong data-start=\"725\" data-end=\"779\">Pharmaindustrie, Chemie, Reinigung oder Elektronik<\/strong> \u2013 GBL ist ein <strong data-start=\"794\" data-end=\"827\">unverzichtbares L\u00f6sungsmittel<\/strong> f\u00fcr unterschiedlichste industrielle Prozesse.<\/p>\n<\/li>\n<\/ul>\n<p data-start=\"877\" data-end=\"1003\">\ud83d\udc49 Jetzt <strong data-start=\"886\" data-end=\"915\">\u0627\u0634\u062a\u0631 \u062c\u0627\u0645\u0627-\u0628\u0648\u062a\u064a\u0631\u0648\u0644\u0627\u0643\u062a\u0648\u0646<\/strong> und von gepr\u00fcfter Qualit\u00e4t, sicherem Versand und attraktiven Konditionen profitieren.<\/p>\n<h3>\u062a\u0637\u0628\u064a\u0642\u0627\u062a GBL<\/h3>\n<p>1 **\u0627\u0644\u0645\u0633\u062a\u062d\u0636\u0631\u0627\u062a \u0627\u0644\u0635\u064a\u062f\u0644\u0627\u0646\u064a\u0629:** \u064a\u064f\u0633\u062a\u062e\u062f\u0645 GBL \u0643\u0645\u0627\u062f\u0629 \u0648\u0633\u064a\u0637\u0629 \u0645\u0647\u0645\u0629 \u0641\u064a \u062a\u0631\u0643\u064a\u0628 \u0627\u0644\u0639\u062f\u064a\u062f \u0645\u0646 \u0627\u0644\u0645\u0631\u0643\u0628\u0627\u062a \u0627\u0644\u0635\u064a\u062f\u0644\u0627\u0646\u064a\u0629 \u0648\u064a\u0633\u0627\u0647\u0645 \u0641\u064a \u0625\u0646\u062a\u0627\u062c \u0627\u0644\u0639\u0642\u0627\u0642\u064a\u0631 \u0628\u0643\u0641\u0627\u0621\u0629.<br \/>\n2 **\u0627\u0644\u0643\u064a\u0645\u0627\u0648\u064a\u0627\u062a \u0627\u0644\u0632\u0631\u0627\u0639\u064a\u0629:** \u062a\u0644\u0639\u0628 \u062f\u0648\u0631\u064b\u0627 \u0645\u0647\u0645\u064b\u0627 \u0641\u064a \u0625\u0646\u062a\u0627\u062c \u0627\u0644\u0645\u0628\u064a\u062f\u0627\u062a \u0627\u0644\u062d\u0634\u0631\u064a\u0629 \u0648\u0645\u0628\u064a\u062f\u0627\u062a \u0627\u0644\u0623\u0639\u0634\u0627\u0628 \u0648\u062a\u0648\u0641\u0631 \u062d\u0644\u0648\u0644\u0627\u064b \u0645\u0648\u062b\u0648\u0642\u0629 \u0644\u062d\u0645\u0627\u064a\u0629 \u0627\u0644\u0645\u062d\u0627\u0635\u064a\u0644 \u0628\u0634\u0643\u0644 \u0641\u0639\u0627\u0644.<br \/>\n3 **\u0627\u0644\u0628\u0648\u0644\u064a\u0645\u0631\u0627\u062a \u0648\u0627\u0644\u0628\u0644\u0627\u0633\u062a\u064a\u0643: ** \u064a\u0639\u062a\u0628\u0631 GBL \u0636\u0631\u0648\u0631\u064a\u064b\u0627 \u0644\u0625\u0646\u062a\u0627\u062c \u0627\u0644\u0628\u0648\u0644\u064a\u0645\u0631\u0627\u062a \u0639\u0627\u0644\u064a\u0629 \u0627\u0644\u0623\u062f\u0627\u0621 \u0648\u064a\u0633\u0627\u0647\u0645 \u0641\u064a \u0632\u064a\u0627\u062f\u0629 \u0645\u062a\u0627\u0646\u0629 \u0627\u0644\u0645\u0646\u062a\u062c\u0627\u062a \u0627\u0644\u0628\u0644\u0627\u0633\u062a\u064a\u0643\u064a\u0629 \u0648\u0648\u0638\u0627\u0626\u0641\u0647\u0627.<br \/>\n4- \u0645\u0648\u0627\u062f \u0627\u0644\u062a\u0646\u0638\u064a\u0641:** \u062e\u0648\u0627\u0635\u0647 \u0627\u0644\u0645\u0630\u064a\u0628\u0629 \u0627\u0644\u0642\u0648\u064a\u0629 \u062a\u062c\u0639\u0644 GBL \u0641\u0639\u0627\u0644\u0627\u064b \u0644\u0644\u063a\u0627\u064a\u0629 \u0641\u064a \u0645\u0648\u0627\u062f \u0627\u0644\u062a\u0646\u0638\u064a\u0641 \u0627\u0644\u0635\u0646\u0627\u0639\u064a\u0629 \u0648\u064a\u0636\u0645\u0646 \u062a\u0646\u0638\u064a\u0641\u0627\u064b \u0634\u0627\u0645\u0644\u0627\u064b \u0648\u0641\u0639\u0627\u0644\u0627\u064b \u0639\u0644\u0649 \u0645\u062e\u062a\u0644\u0641 \u0627\u0644\u0623\u0633\u0637\u062d.<br \/>\n5 **\u0645\u0632\u064a\u0644\u0627\u062a \u0627\u0644\u0637\u0644\u0627\u0621 \u0648\u0627\u0644\u0637\u0644\u0627\u0621\u0627\u062a**: ** \u064a\u0639\u062a\u0628\u0631 GBL \u0645\u0643\u0648\u0646\u064b\u0627 \u0623\u0633\u0627\u0633\u064a\u064b\u0627 \u0641\u064a \u062a\u0631\u0643\u064a\u0628 \u0645\u0632\u064a\u0644\u0627\u062a \u0627\u0644\u0637\u0644\u0627\u0621 \u0648\u0627\u0644\u0637\u0644\u0627\u0621\u0627\u062a \u0648\u064a\u0648\u0641\u0631 \u0646\u062a\u0627\u0626\u062c \u0645\u0645\u062a\u0627\u0632\u0629 \u0641\u064a \u062a\u062d\u0636\u064a\u0631 \u0627\u0644\u0623\u0633\u0637\u062d \u0648\u0627\u0644\u062a\u0634\u0637\u064a\u0628. <a href=\"https:\/\/gbl-eshop.net\/ar\/product\/gamma-butyrolacton-kaufen\/\">\u0627\u0634\u062a\u0631 \u062c\u0627\u0645\u0627-\u0628\u0648\u062a\u064a\u0631\u0648\u0644\u0627\u0643\u062a\u0648\u0646<\/a><\/p>\n<h3>\u0627\u0644\u062c\u0648\u062f\u0629 \u0648\u0627\u0644\u0633\u0644\u0627\u0645\u0629<\/h3>\n<p>\u064a\u062a\u0645 \u062a\u0635\u0646\u064a\u0639 GBL \u0627\u0644\u062e\u0627\u0635 \u0628\u0646\u0627 \u062a\u062d\u062a \u0636\u0648\u0627\u0628\u0637 \u062c\u0648\u062f\u0629 \u0635\u0627\u0631\u0645\u0629 \u0644\u0636\u0645\u0627\u0646 \u0627\u0633\u062a\u064a\u0641\u0627\u0626\u0647 \u0644\u062c\u0645\u064a\u0639 \u0627\u0644\u0645\u0639\u0627\u064a\u064a\u0631 \u0627\u0644\u062a\u0646\u0638\u064a\u0645\u064a\u0629. \u0646\u062d\u0646 \u0646\u0631\u0643\u0632 \u0628\u0634\u0643\u0644 \u0643\u0628\u064a\u0631 \u0639\u0644\u0649 \u0627\u0644\u0633\u0644\u0627\u0645\u0629 \u0648\u0627\u0644\u0627\u0645\u062a\u062b\u0627\u0644 \u0645\u0646 \u062e\u0644\u0627\u0644 \u062a\u0648\u0641\u064a\u0631 \u0635\u062d\u0627\u0626\u0641 \u0628\u064a\u0627\u0646\u0627\u062a \u0627\u0644\u0633\u0644\u0627\u0645\u0629 \u0627\u0644\u0645\u0641\u0635\u0644\u0629 (SDS) \u0648\u0648\u0636\u0639 \u0627\u0644\u0645\u0644\u0635\u0642\u0627\u062a \u0627\u0644\u0645\u0646\u0627\u0633\u0628\u0629 \u0644\u0636\u0645\u0627\u0646 \u0627\u0644\u062a\u0639\u0627\u0645\u0644 \u0648\u0627\u0644\u0627\u0633\u062a\u062e\u062f\u0627\u0645 \u0627\u0644\u0622\u0645\u0646. \u064a\u0636\u0645\u0646 \u0627\u0644\u062a\u0632\u0627\u0645\u0646\u0627 \u0628\u0627\u0644\u062c\u0648\u062f\u0629 \u062d\u0635\u0648\u0644\u0643 \u0639\u0644\u0649 \u0645\u0646\u062a\u062c \u064a\u0644\u0628\u064a \u0623\u0639\u0644\u0649 \u062a\u0648\u0642\u0639\u0627\u062a\u0643. \u0627\u0634\u062a\u0631 \u062c\u0627\u0645\u0627-\u0628\u0648\u062a\u064a\u0631\u0648\u0644\u0627\u0643\u062a\u0648\u0646<\/p>\n<h3>\u0645\u0632\u0627\u064a\u0627 \u0634\u0631\u0627\u0621 GBL \u0645\u0646\u0627 (<span class=\"___SText_lyret-ko_\" data-ui-name=\"Link.Text\">\u0634\u0631\u0627\u0621 \u062c\u0627\u0645\u0627-\u0628\u0648\u062a\u064a\u0631\u0648\u0644\u0627\u0643\u062a\u0648\u0646 \u062c\u0627\u0645\u0627-\u0628\u0648\u062a\u064a\u0631\u0648\u0644\u0627\u0643\u062a\u0648\u0646)<\/span><\/h3>\n<p>- \u0623\u0633\u0639\u0627\u0631 \u062a\u0646\u0627\u0641\u0633\u064a\u0629:** \u0646\u062d\u0646 \u0646\u0642\u062f\u0645 GBL \u0628\u0623\u0633\u0639\u0627\u0631 \u062a\u0646\u0627\u0641\u0633\u064a\u0629 \u062f\u0648\u0646 \u0627\u0644\u0645\u0633\u0627\u0648\u0645\u0629 \u0639\u0644\u0649 \u0627\u0644\u062c\u0648\u062f\u0629\u060c \u0648\u0628\u0630\u0644\u0643 \u062a\u062d\u0635\u0644 \u0639\u0644\u0649 \u0623\u0641\u0636\u0644 \u0642\u064a\u0645\u0629 \u0645\u0642\u0627\u0628\u0644 \u0627\u0644\u0645\u0627\u0644.<br \/>\n- \u0633\u0644\u0633\u0644\u0629 \u062a\u0648\u0631\u064a\u062f \u0645\u0648\u062b\u0648\u0642 \u0628\u0647\u0627:** \u062a\u0636\u0645\u0646 \u0633\u0644\u0633\u0644\u0629 \u0627\u0644\u062a\u0648\u0631\u064a\u062f \u0627\u0644\u0642\u0648\u064a\u0629 \u0644\u062f\u064a\u0646\u0627 \u062a\u0633\u0644\u064a\u0645 \u0633\u0627\u0626\u0644 \u0627\u0644\u062c\u0644\u0627\u064a\u0633\u064a\u062a\u0631\u0648\u0644 GBL \u0641\u064a \u0627\u0644\u0648\u0642\u062a \u0627\u0644\u0645\u0646\u0627\u0633\u0628 \u0648\u062a\u0648\u0627\u0641\u0631\u0647 \u0628\u0627\u0633\u062a\u0645\u0631\u0627\u0631 \u0644\u062a\u0642\u0644\u064a\u0644 \u0648\u0642\u062a \u0627\u0644\u062a\u0648\u0642\u0641 \u0639\u0646 \u0627\u0644\u0639\u0645\u0644 \u0641\u064a \u0639\u0645\u0644\u064a\u0627\u062a\u0643.<br \/>\n- \u062f\u0639\u0645 \u0627\u0644\u062e\u0628\u0631\u0627\u0621:** \u0641\u0631\u064a\u0642\u0646\u0627 \u0627\u0644\u0645\u062a\u0645\u0631\u0633 \u0639\u0644\u0649 \u0627\u0633\u062a\u0639\u062f\u0627\u062f \u0644\u062a\u0642\u062f\u064a\u0645 \u0627\u0644\u062f\u0639\u0645 \u0627\u0644\u0641\u0646\u064a \u0648\u0627\u0644\u0625\u062c\u0627\u0628\u0629 \u0639\u0646 \u0623\u064a \u0623\u0633\u0626\u0644\u0629 \u0642\u062f \u062a\u0643\u0648\u0646 \u0644\u062f\u064a\u0643 \u062d\u0648\u0644 GBL \u0644\u0645\u0633\u0627\u0639\u062f\u062a\u0643 \u0641\u064a \u062a\u062d\u0642\u064a\u0642 \u0623\u0642\u0635\u0649 \u0627\u0633\u062a\u0641\u0627\u062f\u0629 \u0645\u0646 \u0645\u0646\u062a\u062c\u0646\u0627.<\/p>\n<h3>\u062a\u062d\u0633\u064a\u0646 \u0627\u0644\u0639\u0645\u0644\u064a\u0627\u062a \u0627\u0644\u0635\u0646\u0627\u0639\u064a\u0629<\/h3>\n<p>\u0627\u0644\u0627\u0633\u062a\u062b\u0645\u0627\u0631 \u0641\u064a \u0645\u0646\u062a\u062c\u0627\u062a\u0646\u0627 \u0639\u0627\u0644\u064a\u0629 \u0627\u0644\u062c\u0648\u062f\u0629 <a href=\"https:\/\/en.wikipedia.org\/wiki\/Gamma-Butyrolactone\" target=\"_blank\" rel=\"noopener\">GBL<\/a> \u062a\u062d\u0633\u064a\u0646 \u0643\u0641\u0627\u0621\u0629 \u0648\u0641\u0639\u0627\u0644\u064a\u0629 \u0639\u0645\u0644\u064a\u0627\u062a\u0643 \u0627\u0644\u0635\u0646\u0627\u0639\u064a\u0629 \u0628\u0634\u0643\u0644 \u0643\u0628\u064a\u0631. \u0633\u0648\u0627\u0621\u064b \u0643\u0646\u062a \u062a\u0639\u0645\u0644 \u0641\u064a \u0635\u0646\u0627\u0639\u0629 \u0627\u0644\u0623\u062f\u0648\u064a\u0629 \u0623\u0648 \u0627\u0644\u0632\u0631\u0627\u0639\u0629 \u0623\u0648 \u0627\u0644\u0625\u0644\u0643\u062a\u0631\u0648\u0646\u064a\u0627\u062a \u0623\u0648 \u0623\u064a \u0642\u0637\u0627\u0639 \u0622\u062e\u0631\u060c \u0641\u0625\u0646 \u0627\u0644 GBL \u0644\u062f\u064a\u0646\u0627 \u064a\u0648\u0641\u0631 \u0644\u0643 \u0627\u0644\u0645\u0648\u062b\u0648\u0642\u064a\u0629 \u0648\u0627\u0644\u0623\u062f\u0627\u0621 \u0627\u0644\u0630\u064a \u062a\u062d\u062a\u0627\u062c\u0647 \u0644\u062a\u062d\u0642\u064a\u0642 \u0627\u0644\u0646\u062c\u0627\u062d.<\/p>\n<h3>\u00a0\u062a\u0648\u0627\u0635\u0644 \u0645\u0639\u0646\u0627<\/h3>\n<p>\u062d\u0633\u0650\u0651\u0646 \u0642\u062f\u0631\u0627\u062a\u0643 \u0627\u0644\u0635\u0646\u0627\u0639\u064a\u0629 \u0628\u0627\u0633\u062a\u062e\u062f\u0627\u0645 \u0645\u0630\u064a\u0628\u0646\u0627 \u0639\u0627\u0644\u064a \u0627\u0644\u062c\u0648\u062f\u0629. \u0627\u062a\u0635\u0644 \u0628\u0646\u0627 \u0627\u0644\u064a\u0648\u0645 \u0644\u0645\u0639\u0631\u0641\u0629 \u0627\u0644\u0645\u0632\u064a\u062f \u0639\u0646 \u0639\u0631\u0648\u0636 \u0645\u0646\u062a\u062c\u0627\u062a\u0646\u0627 \u0648\u0627\u0643\u062a\u0634\u0641 \u0643\u064a\u0641 \u064a\u0645\u0643\u0646 \u0623\u0646 \u064a\u0641\u064a\u062f GBL \u0639\u0645\u0644\u064a\u0627\u062a\u0643. \u0645\u0639 GBL \u0644\u062f\u064a\u0646\u0627\u060c \u0641\u0625\u0646\u0643 \u062a\u062e\u062a\u0627\u0631 \u0645\u0646\u062a\u062c\u064b\u0627 \u064a\u0648\u0641\u0631 \u0623\u062f\u0627\u0621\u064b \u0627\u0633\u062a\u062b\u0646\u0627\u0626\u064a\u064b\u0627 \u0648\u062c\u0648\u062f\u0629 \u062b\u0627\u0628\u062a\u0629 \u0648\u0645\u0648\u062b\u0648\u0642\u064a\u0629 \u0644\u0627 \u0645\u062b\u064a\u0644 \u0644\u0647\u0627 \u0644\u0645\u062c\u0645\u0648\u0639\u0629 \u0645\u062a\u0646\u0648\u0639\u0629 \u0645\u0646 \u0627\u0644\u062a\u0637\u0628\u064a\u0642\u0627\u062a \u0627\u0644\u0635\u0646\u0627\u0639\u064a\u0629. \u0634\u0631\u0627\u0621 \u062c\u0627\u0645\u0627 \u0628\u0648\u062a\u064a\u0631\u0648\u0644\u0627\u0643\u062a\u0648\u0646 \u062c\u0627\u0645\u0627<\/p>\n<p>\u0628\u0627\u062e\u062a\u064a\u0627\u0631\u0643 \u0644\u0645\u0627\u062f\u0629 GBL \u0627\u0644\u062e\u0627\u0635\u0629 \u0628\u0646\u0627\u060c \u0641\u0625\u0646\u0643 \u062a\u0642\u0648\u0645 \u0628\u0627\u0633\u062a\u062b\u0645\u0627\u0631 \u0627\u0633\u062a\u0631\u0627\u062a\u064a\u062c\u064a \u0641\u064a \u0645\u0646\u062a\u062c \u064a\u062f\u0639\u0645 \u0627\u0644\u0646\u0645\u0648 \u0648\u0627\u0644\u062a\u0645\u064a\u0632 \u0627\u0644\u062a\u0634\u063a\u064a\u0644\u064a \u0644\u0634\u0631\u0643\u062a\u0643 \u0641\u064a \u0645\u062e\u062a\u0644\u0641 \u0627\u0644\u0635\u0646\u0627\u0639\u0627\u062a. \u0627\u0634\u062a\u0631\u0650 \u062c\u0627\u0645\u0627 \u0628\u0648\u062a\u064a\u0631\u0648\u0644\u0627\u0643\u062a\u0648\u0646<\/p>\n<p>\u0627\u0634\u062a\u0631\u0650<b><em>\u062c\u0627\u0645\u0627-\u0628\u0648\u062a\u064a\u0631\u0648\u0644\u0627\u0643\u062a\u0648\u0646<\/em><\/b> (<b><em>GBL<\/em><\/b>) 1.0 \u0645\u062c\u0645\/\u0645\u0644 \u0641\u064a \u0627\u0644\u0645\u0639\u0627\u064a\u064a\u0631 \u0627\u0644\u0645\u0631\u062c\u0639\u064a\u0629 \u0644\u0644\u0623\u0633\u064a\u062a\u0648\u0646\u064a\u062a\u0631\u064a\u0644 \u0645\u0646 \u0627\u0644\u0645\u0648\u0627\u062f \u0627\u0644\u0645\u0631\u062c\u0639\u064a\u0629 \u0644\u0640 GHB \u0648\u0627\u0644\u0645\u0631\u0643\u0628\u0627\u062a \u0630\u0627\u062a \u0627\u0644\u0635\u0644\u0629.<\/p>\n<p>\u0627\u0634\u062a\u0631\u064a gbl \u0645\u0631\u062d\u0628\u064b\u0627 \u0628\u0643 \u0641\u064a <b><em>GBL E <\/em><\/b>\u0645\u062a\u062c\u0631 \u0627\u0644\u0646\u0642\u0627\u0621 \u0623\u0648\u0644\u0627\u064b 99.99% <b><em>\u0627\u0634\u062a\u0631 GBL<\/em><\/b> \u0642\u0627\u0646\u0648\u0646\u064a \u0645\u0646 \u062c\u0627\u0645\u0627 \u0628\u0648\u062a\u064a\u0631\u0648\u0644\u0627\u0643\u062a\u0648\u0646 \u062c\u0627\u0645\u0627 \u0628\u0648\u062a\u064a\u0631\u0648\u0644\u0627\u0643\u062a\u0648\u0646 \u0645\u0634\u062d\u0648\u0646 \u0645\u0646 \u0623\u0644\u0645\u0627\u0646\u064a\u0627. <b><em>\u0627\u0634\u062a\u0631 GBL<\/em><\/b> \u0623\u0644\u0645\u0627\u0646\u064a\u0627<\/p>\n<p>\u0646\u062d\u0646 \u0645\u0648\u0631\u062f\u0648\u0646 \u0645\u0639\u062a\u0645\u062f\u0648\u0646 \u0644\u0640 <b><em>\u0645\u0646\u062a\u062c\u0627\u062a GBL<\/em><\/b> \u0644\u0644\u062a\u0637\u0628\u064a\u0642\u0627\u062a \u0627\u0644\u0635\u0646\u0627\u0639\u064a\u0629 \u0645\u062b\u0644 \u0627\u0644\u062a\u0646\u0638\u064a\u0641 \u0648\u0625\u0632\u0627\u0644\u0629 \u0627\u0644\u0634\u062d\u0648\u0645. \u0643\u0644 \u062f\u0641\u0639\u0629 \u0645\u0646 <b><em>GBLs<\/em><\/b> \u062a\u0645 \u0627\u062e\u062a\u0628\u0627\u0631\u0647 \u0648\u0641\u0642\u064b\u0627 \u0644\u0645\u0639\u0627\u064a\u064a\u0631 \u0627\u0644\u0635\u0646\u0627\u0639\u0629<\/p>","protected":false},"excerpt":{"rendered":"<p>\u063a\u0627\u0645\u0627-\u0628\u0648\u062a\u064a\u0631\u0648\u0644\u0627\u0643\u062a\u0648\u0646 (GBL) \u0647\u0648 \u0645\u0630\u064a\u0628 \u0645\u062a\u0639\u062f\u062f \u0627\u0644\u0627\u0633\u062a\u062e\u062f\u0627\u0645\u0627\u062a \u0648\u0639\u0627\u0644\u064a \u0627\u0644\u0646\u0642\u0627\u0621\u060c \u0645\u062b\u0627\u0644\u064a \u0644\u0644\u062a\u0637\u0628\u064a\u0642\u0627\u062a \u0627\u0644\u0635\u0646\u0627\u0639\u064a\u0629 \u0648\u0645\u0648\u0627\u062f \u0627\u0644\u062a\u0646\u0638\u064a\u0641 \u0648\u0627\u0644\u062a\u0631\u0643\u064a\u0628\u0627\u062a \u0627\u0644\u0643\u064a\u0645\u064a\u0627\u0626\u064a\u0629. \u0623\u0639\u0644\u0649 \u0645\u0633\u062a\u0648\u064a\u0627\u062a \u0627\u0644\u062c\u0648\u062f\u0629 \u0648\u0627\u0644\u062a\u0633\u0644\u064a\u0645 \u0627\u0644\u0622\u0645\u0646.<\/p>","protected":false},"featured_media":1294,"comment_status":"open","ping_status":"closed","template":"","meta":{"ocean_post_layout":"","ocean_both_sidebars_style":"","ocean_both_sidebars_content_width":0,"ocean_both_sidebars_sidebars_width":0,"ocean_sidebar":"0","ocean_second_sidebar":"0","ocean_disable_margins":"enable","ocean_add_body_class":"","ocean_shortcode_before_top_bar":"","ocean_shortcode_after_top_bar":"","ocean_shortcode_before_header":"","ocean_shortcode_after_header":"","ocean_has_shortcode":"","ocean_shortcode_after_title":"","ocean_shortcode_before_footer_widgets":"","ocean_shortcode_after_footer_widgets":"","ocean_shortcode_before_footer_bottom":"","ocean_shortcode_after_footer_bottom":"","ocean_display_top_bar":"default","ocean_display_header":"default","ocean_header_style":"","ocean_center_header_left_menu":"0","ocean_custom_header_template":"0","ocean_custom_logo":0,"ocean_custom_retina_logo":0,"ocean_custom_logo_max_width":0,"ocean_custom_logo_tablet_max_width":0,"ocean_custom_logo_mobile_max_width":0,"ocean_custom_logo_max_height":0,"ocean_custom_logo_tablet_max_height":0,"ocean_custom_logo_mobile_max_height":0,"ocean_header_custom_menu":"0","ocean_menu_typo_font_family":"0","ocean_menu_typo_font_subset":"","ocean_menu_typo_font_size":0,"ocean_menu_typo_font_size_tablet":0,"ocean_menu_typo_font_size_mobile":0,"ocean_menu_typo_font_size_unit":"px","ocean_menu_typo_font_weight":"","ocean_menu_typo_font_weight_tablet":"","ocean_menu_typo_font_weight_mobile":"","ocean_menu_typo_transform":"","ocean_menu_typo_transform_tablet":"","ocean_menu_typo_transform_mobile":"","ocean_menu_typo_line_height":0,"ocean_menu_typo_line_height_tablet":0,"ocean_menu_typo_line_height_mobile":0,"ocean_menu_typo_line_height_unit":"","ocean_menu_typo_spacing":0,"ocean_menu_typo_spacing_tablet":0,"ocean_menu_typo_spacing_mobile":0,"ocean_menu_typo_spacing_unit":"","ocean_menu_link_color":"","ocean_menu_link_color_hover":"","ocean_menu_link_color_active":"","ocean_menu_link_background":"","ocean_menu_link_hover_background":"","ocean_menu_link_active_background":"","ocean_menu_social_links_bg":"","ocean_menu_social_hover_links_bg":"","ocean_menu_social_links_color":"","ocean_menu_social_hover_links_color":"","ocean_disable_title":"default","ocean_disable_heading":"default","ocean_post_title":"","ocean_post_subheading":"","ocean_post_title_style":"","ocean_post_title_background_color":"","ocean_post_title_background":0,"ocean_post_title_bg_image_position":"","ocean_post_title_bg_image_attachment":"","ocean_post_title_bg_image_repeat":"","ocean_post_title_bg_image_size":"","ocean_post_title_height":0,"ocean_post_title_bg_overlay":0.5,"ocean_post_title_bg_overlay_color":"","ocean_disable_breadcrumbs":"default","ocean_breadcrumbs_color":"","ocean_breadcrumbs_separator_color":"","ocean_breadcrumbs_links_color":"","ocean_breadcrumbs_links_hover_color":"","ocean_display_footer_widgets":"default","ocean_display_footer_bottom":"default","ocean_custom_footer_template":"0"},"product_brand":[],"product_cat":[62],"product_tag":[65,216,77,78],"class_list":{"0":"post-1293","1":"product","2":"type-product","3":"status-publish","4":"has-post-thumbnail","6":"product_cat-gblgamma-butyrolactone","7":"product_tag-gamma-butyrolacton-kaufen","8":"product_tag-gamma-butyrolacton-kaufen-2025","9":"product_tag-gamma-butyrolacton-reiniger","10":"product_tag-gbl-gamma-butyrolactone-99-99-reiniger-losungsmittel","12":"entry","13":"has-media","15":"first","16":"instock","17":"sale","18":"featured","19":"shipping-taxable","20":"purchasable","21":"product-type-variable","22":"has-rating","23":"has-product-nav","24":"col","25":"span_1_of_3","26":"owp-content-center","27":"owp-thumbs-layout-horizontal","28":"owp-btn-normal","29":"owp-tabs-layout-horizontal"},"jetpack_sharing_enabled":true,"_links":{"self":[{"href":"https:\/\/gbl-eshop.net\/ar\/wp-json\/wp\/v2\/product\/1293","targetHints":{"allow":["GET"]}}],"collection":[{"href":"https:\/\/gbl-eshop.net\/ar\/wp-json\/wp\/v2\/product"}],"about":[{"href":"https:\/\/gbl-eshop.net\/ar\/wp-json\/wp\/v2\/types\/product"}],"replies":[{"embeddable":true,"href":"https:\/\/gbl-eshop.net\/ar\/wp-json\/wp\/v2\/comments?post=1293"}],"wp:featuredmedia":[{"embeddable":true,"href":"https:\/\/gbl-eshop.net\/ar\/wp-json\/wp\/v2\/media\/1294"}],"wp:attachment":[{"href":"https:\/\/gbl-eshop.net\/ar\/wp-json\/wp\/v2\/media?parent=1293"}],"wp:term":[{"taxonomy":"product_brand","embeddable":true,"href":"https:\/\/gbl-eshop.net\/ar\/wp-json\/wp\/v2\/product_brand?post=1293"},{"taxonomy":"product_cat","embeddable":true,"href":"https:\/\/gbl-eshop.net\/ar\/wp-json\/wp\/v2\/product_cat?post=1293"},{"taxonomy":"product_tag","embeddable":true,"href":"https:\/\/gbl-eshop.net\/ar\/wp-json\/wp\/v2\/product_tag?post=1293"}],"curies":[{"name":"wp","href":"https:\/\/api.w.org\/{rel}","templated":true}]}}